{"id":2805,"date":"2025-06-08T15:30:31","date_gmt":"2025-06-08T15:30:31","guid":{"rendered":"https:\/\/ee.mlfmonde.org\/comilog\/?page_id=2805"},"modified":"2025-06-08T16:14:13","modified_gmt":"2025-06-08T16:14:13","slug":"%f0%9f%93%9a-lecture-interactive-le-doudou-de-syabo","status":"publish","type":"page","link":"https:\/\/ee.mlfmonde.org\/comilog\/%f0%9f%93%9a-lecture-interactive-le-doudou-de-syabo\/","title":{"rendered":"\ud83d\udcda Lecture interactive : Le doudou de Syabo"},"content":{"rendered":"\n<div class=\"wp-block-media-text is-stacked-on-mobile\" style=\"grid-template-columns:31% auto\"><figure class=\"wp-block-media-text__media\"><img fetchpriority=\"high\" decoding=\"async\" width=\"365\" height=\"500\" src=\"http:\/\/ee.mlfmonde.org\/comilog\/wp-content\/uploads\/sites\/28\/2025\/06\/getimage.png\" alt=\"\" class=\"wp-image-2815 size-full\" srcset=\"https:\/\/ee.mlfmonde.org\/comilog\/wp-content\/uploads\/sites\/28\/2025\/06\/getimage.png 365w, https:\/\/ee.mlfmonde.org\/comilog\/wp-content\/uploads\/sites\/28\/2025\/06\/getimage-219x300.png 219w\" sizes=\"(max-width: 365px) 100vw, 365px\" \/><\/figure><div class=\"wp-block-media-text__content\">\n<p class=\"has-medium-font-size\">Dans le cadre d\u2019un atelier de lecture, les \u00e9l\u00e8ves ont d\u00e9couvert l\u2019histoire intitul\u00e9e <strong><em>Le doudou de Syabou<\/em><\/strong>, projet\u00e9e \u00e0 l\u2019\u00e9cran pour une meilleure immersion collective.<\/p>\n<\/div><\/div>\n\n\n\n<p class=\"has-medium-font-size\">Lors de cette activit\u00e9, une histoire a \u00e9t\u00e9 projet\u00e9e \u00e0 l\u2019\u00e9cran, permettant \u00e0 tous les enfants de la d\u00e9couvrir ensemble, dans un format visuel et immersif.<\/p>\n\n\n\n<figure class=\"wp-block-gallery has-nested-images columns-default is-cropped wp-block-gallery-1 is-layout-flex wp-block-gallery-is-layout-flex\">\n<figure class=\"wp-block-image size-large\"><img decoding=\"async\" width=\"1024\" height=\"683\" data-id=\"2810\" src=\"https:\/\/ee.mlfmonde.org\/comilog\/wp-content\/uploads\/sites\/28\/2025\/06\/IMG_6369-1024x683.jpg\" alt=\"\" class=\"wp-image-2810\" srcset=\"https:\/\/ee.mlfmonde.org\/comilog\/wp-content\/uploads\/sites\/28\/2025\/06\/IMG_6369-1024x683.jpg 1024w, https:\/\/ee.mlfmonde.org\/comilog\/wp-content\/uploads\/sites\/28\/2025\/06\/IMG_6369-300x200.jpg 300w, https:\/\/ee.mlfmonde.org\/comilog\/wp-content\/uploads\/sites\/28\/2025\/06\/IMG_6369-768x512.jpg 768w, https:\/\/ee.mlfmonde.org\/comilog\/wp-content\/uploads\/sites\/28\/2025\/06\/IMG_6369-1536x1024.jpg 1536w, https:\/\/ee.mlfmonde.org\/comilog\/wp-content\/uploads\/sites\/28\/2025\/06\/IMG_6369-2048x1365.jpg 2048w, https:\/\/ee.mlfmonde.org\/comilog\/wp-content\/uploads\/sites\/28\/2025\/06\/IMG_6369-570x380.jpg 570w\" sizes=\"(max-width: 1024px) 100vw, 1024px\" \/><\/figure>\n\n\n\n<figure class=\"wp-block-image size-large\"><img decoding=\"async\" width=\"1024\" height=\"683\" data-id=\"2812\" src=\"http:\/\/ee.mlfmonde.org\/comilog\/wp-content\/uploads\/sites\/28\/2025\/06\/IMG_6376-1024x683.jpg\" alt=\"\" class=\"wp-image-2812\" srcset=\"https:\/\/ee.mlfmonde.org\/comilog\/wp-content\/uploads\/sites\/28\/2025\/06\/IMG_6376-1024x683.jpg 1024w, https:\/\/ee.mlfmonde.org\/comilog\/wp-content\/uploads\/sites\/28\/2025\/06\/IMG_6376-300x200.jpg 300w, https:\/\/ee.mlfmonde.org\/comilog\/wp-content\/uploads\/sites\/28\/2025\/06\/IMG_6376-768x512.jpg 768w, https:\/\/ee.mlfmonde.org\/comilog\/wp-content\/uploads\/sites\/28\/2025\/06\/IMG_6376-1536x1024.jpg 1536w, https:\/\/ee.mlfmonde.org\/comilog\/wp-content\/uploads\/sites\/28\/2025\/06\/IMG_6376-2048x1365.jpg 2048w, https:\/\/ee.mlfmonde.org\/comilog\/wp-content\/uploads\/sites\/28\/2025\/06\/IMG_6376-570x380.jpg 570w\" sizes=\"(max-width: 1024px) 100vw, 1024px\" \/><\/figure>\n<\/figure>\n\n\n\n<p class=\"has-medium-font-size\"><\/p>\n\n\n\n<p class=\"has-medium-font-size\">Apr\u00e8s la lecture, plusieurs questions ont \u00e9t\u00e9 pos\u00e9es pour stimuler la compr\u00e9hension, l\u2019\u00e9change et l\u2019expression orale des \u00e9l\u00e8ves. Les enfants ont activement particip\u00e9, en reformulant les passages, en donnant leur avis, et en r\u00e9pondant aux questions avec enthousiasme.<\/p>\n\n\n\n<p class=\"has-medium-font-size\">Cet atelier allie lecture plaisir, \u00e9coute attentive et interaction collective, dans une ambiance \u00e0 la fois studieuse et conviviale.<\/p>\n","protected":false},"excerpt":{"rendered":"<p>Dans le cadre d\u2019un atelier de lecture, les \u00e9l\u00e8ves ont d\u00e9couvert l\u2019histoire intitul\u00e9e Le doudou de Syabou, projet\u00e9e \u00e0 l\u2019\u00e9cran pour une meilleure immersion collective. Lors de cette activit\u00e9, une histoire a \u00e9t\u00e9 projet\u00e9e \u00e0 l\u2019\u00e9cran, permettant \u00e0 tous les enfants de la d\u00e9couvrir ensemble, dans un format visuel et immersif. Apr\u00e8s la lecture, plusieurs [&hellip;]<\/p>\n","protected":false},"author":166,"featured_media":2807,"parent":0,"menu_order":0,"comment_status":"closed","ping_status":"closed","template":"","meta":{"_acf_changed":false,"footnotes":""},"class_list":["post-2805","page","type-page","status-publish","has-post-thumbnail","czr-hentry"],"acf":[],"_links":{"self":[{"href":"https:\/\/ee.mlfmonde.org\/comilog\/wp-json\/wp\/v2\/pages\/2805","targetHints":{"allow":["GET"]}}],"collection":[{"href":"https:\/\/ee.mlfmonde.org\/comilog\/wp-json\/wp\/v2\/pages"}],"about":[{"href":"https:\/\/ee.mlfmonde.org\/comilog\/wp-json\/wp\/v2\/types\/page"}],"author":[{"embeddable":true,"href":"https:\/\/ee.mlfmonde.org\/comilog\/wp-json\/wp\/v2\/users\/166"}],"replies":[{"embeddable":true,"href":"https:\/\/ee.mlfmonde.org\/comilog\/wp-json\/wp\/v2\/comments?post=2805"}],"version-history":[{"count":4,"href":"https:\/\/ee.mlfmonde.org\/comilog\/wp-json\/wp\/v2\/pages\/2805\/revisions"}],"predecessor-version":[{"id":2817,"href":"https:\/\/ee.mlfmonde.org\/comilog\/wp-json\/wp\/v2\/pages\/2805\/revisions\/2817"}],"wp:featuredmedia":[{"embeddable":true,"href":"https:\/\/ee.mlfmonde.org\/comilog\/wp-json\/wp\/v2\/media\/2807"}],"wp:attachment":[{"href":"https:\/\/ee.mlfmonde.org\/comilog\/wp-json\/wp\/v2\/media?parent=2805"}],"curies":[{"name":"wp","href":"https:\/\/api.w.org\/{rel}","templated":true}]}}