{"id":2670,"date":"2025-05-19T09:06:33","date_gmt":"2025-05-19T09:06:33","guid":{"rendered":"https:\/\/ee.mlfmonde.org\/comilog\/?page_id=2670"},"modified":"2025-05-19T16:35:13","modified_gmt":"2025-05-19T16:35:13","slug":"2670-2","status":"publish","type":"page","link":"https:\/\/ee.mlfmonde.org\/comilog\/2670-2\/","title":{"rendered":""},"content":{"rendered":"\n<p><\/p>\n\n\n<section style=\"background-color: #f5f7fa;padding: 40px;border-left: 6px solid #1a237e;border-radius: 8px;font-family: 'Georgia', serif;color: #2c3e50;max-width: 800px;margin: auto\">\n<h2 style=\"color: #1a237e;font-size: 1.8rem;margin-bottom: 20px\">Mot du Directeur<\/h2>\n<p style=\"font-size: 1rem;line-height: 1.7\">\n    En 1974, la soci\u00e9t\u00e9 <strong>ERAMET \u2013 COMILOG<\/strong> a confi\u00e9 la gestion de son \u00e9tablissement \u00e0 la <strong>Mission La\u00efque Fran\u00e7aise<\/strong>. Depuis, notre \u00e9cole fait partie du r\u00e9seau des \u00e9coles d\u2019entreprise de l\u2019Enseignement Fran\u00e7ais \u00e0 l\u2019\u00c9tranger.<\/p>\n<p>    Homologu\u00e9e par le Minist\u00e8re de l\u2019\u00c9ducation Nationale fran\u00e7aise, de la PS au CM2, notre \u00e9cole offre un cadre propice \u00e0 l\u2019apprentissage, o\u00f9 rigueur, ouverture et accompagnement vont de pair.\n  <\/p>\n<div style=\"margin-top: 30px\">\n    <a href=\"https:\/\/ee.mlfmonde.org\/comilog\/mot-du-directeur\/\" style=\"padding: 10px 20px;background-color: #1a237e;color: white;text-decoration: none;border-radius: 4px;font-weight: bold\"><br \/>\n       Lire la suite<br \/>\n    <\/a>\n  <\/div>\n<\/section>\n\n\n<p><\/p>\n","protected":false},"excerpt":{"rendered":"<p>Mot du Directeur En 1974, la soci\u00e9t\u00e9 ERAMET \u2013 COMILOG a confi\u00e9 la gestion de son \u00e9tablissement \u00e0 la Mission La\u00efque Fran\u00e7aise. Depuis, notre \u00e9cole fait partie du r\u00e9seau des \u00e9coles d\u2019entreprise de l\u2019Enseignement Fran\u00e7ais \u00e0 l\u2019\u00c9tranger. Homologu\u00e9e par le Minist\u00e8re de l\u2019\u00c9ducation Nationale fran\u00e7aise, de la PS au CM2, notre \u00e9cole offre un cadre [&hellip;]<\/p>\n","protected":false},"author":166,"featured_media":0,"parent":0,"menu_order":0,"comment_status":"closed","ping_status":"closed","template":"","meta":{"_acf_changed":false,"footnotes":""},"class_list":["post-2670","page","type-page","status-publish","czr-hentry"],"acf":[],"_links":{"self":[{"href":"https:\/\/ee.mlfmonde.org\/comilog\/wp-json\/wp\/v2\/pages\/2670","targetHints":{"allow":["GET"]}}],"collection":[{"href":"https:\/\/ee.mlfmonde.org\/comilog\/wp-json\/wp\/v2\/pages"}],"about":[{"href":"https:\/\/ee.mlfmonde.org\/comilog\/wp-json\/wp\/v2\/types\/page"}],"author":[{"embeddable":true,"href":"https:\/\/ee.mlfmonde.org\/comilog\/wp-json\/wp\/v2\/users\/166"}],"replies":[{"embeddable":true,"href":"https:\/\/ee.mlfmonde.org\/comilog\/wp-json\/wp\/v2\/comments?post=2670"}],"version-history":[{"count":14,"href":"https:\/\/ee.mlfmonde.org\/comilog\/wp-json\/wp\/v2\/pages\/2670\/revisions"}],"predecessor-version":[{"id":2754,"href":"https:\/\/ee.mlfmonde.org\/comilog\/wp-json\/wp\/v2\/pages\/2670\/revisions\/2754"}],"wp:attachment":[{"href":"https:\/\/ee.mlfmonde.org\/comilog\/wp-json\/wp\/v2\/media?parent=2670"}],"curies":[{"name":"wp","href":"https:\/\/api.w.org\/{rel}","templated":true}]}}