{"id":2662,"date":"2025-05-19T08:53:30","date_gmt":"2025-05-19T08:53:30","guid":{"rendered":"https:\/\/ee.mlfmonde.org\/comilog\/?page_id=2662"},"modified":"2025-05-19T08:53:31","modified_gmt":"2025-05-19T08:53:31","slug":"%f0%9f%92%bb-le-numerique-et-la-technologie-au-service-des-apprentissages","status":"publish","type":"page","link":"https:\/\/ee.mlfmonde.org\/comilog\/%f0%9f%92%bb-le-numerique-et-la-technologie-au-service-des-apprentissages\/","title":{"rendered":"\ud83d\udcbb Le num\u00e9rique et la technologie au service des apprentissages."},"content":{"rendered":"\n<p class=\"has-medium-font-size\">D\u00e8s le plus jeune \u00e2ge, les \u00e9l\u00e8ves sont initi\u00e9s aux outils num\u00e9riques de mani\u00e8re progressive, r\u00e9fl\u00e9chie et encadr\u00e9e.<\/p>\n\n\n\n<div class=\"wp-block-media-text is-stacked-on-mobile\" style=\"grid-template-columns:54% auto\"><figure class=\"wp-block-media-text__media\"><video controls src=\"http:\/\/ee.mlfmonde.org\/comilog\/wp-content\/uploads\/sites\/28\/2025\/03\/MVI_5661.mp4\"><\/video><\/figure><div class=\"wp-block-media-text__content\">\n<p class=\"has-medium-font-size\">L\u2019usage de l\u2019application<strong> <\/strong>Calculatrice pour d\u00e9velopper les comp\u00e9tences en calcul mental et en r\u00e9solution de probl\u00e8mes simples<\/p>\n<\/div><\/div>\n\n\n\n<p><\/p>\n\n\n\n<p class=\"has-medium-font-size\">L\u2019approche va encore plus loin avec les <strong>ateliers robotiques <em>LEGO Education<\/em><\/strong>. Les \u00e9l\u00e8ves assemblent des mod\u00e8les (v\u00e9hicules, bras articul\u00e9s, etc.) \u00e0 l\u2019aide de briques LEGO, ils les <strong>programment ensuite avec Scratch<\/strong> pour les faire bouger, r\u00e9agir ou accomplir des actions.<\/p>\n\n\n\n<p class=\"has-medium-font-size\"><\/p>\n\n\n<div class=\"wp-block-image\">\n<figure class=\"aligncenter size-large is-resized\"><img fetchpriority=\"high\" decoding=\"async\" width=\"1024\" height=\"683\" src=\"http:\/\/ee.mlfmonde.org\/comilog\/wp-content\/uploads\/sites\/28\/2025\/03\/IMG_5729-1024x683.jpg\" alt=\"\" class=\"wp-image-1987\" style=\"width:529px;height:auto\" srcset=\"https:\/\/ee.mlfmonde.org\/comilog\/wp-content\/uploads\/sites\/28\/2025\/03\/IMG_5729-1024x683.jpg 1024w, https:\/\/ee.mlfmonde.org\/comilog\/wp-content\/uploads\/sites\/28\/2025\/03\/IMG_5729-300x200.jpg 300w, https:\/\/ee.mlfmonde.org\/comilog\/wp-content\/uploads\/sites\/28\/2025\/03\/IMG_5729-768x512.jpg 768w, https:\/\/ee.mlfmonde.org\/comilog\/wp-content\/uploads\/sites\/28\/2025\/03\/IMG_5729-1536x1024.jpg 1536w, https:\/\/ee.mlfmonde.org\/comilog\/wp-content\/uploads\/sites\/28\/2025\/03\/IMG_5729-2048x1365.jpg 2048w, https:\/\/ee.mlfmonde.org\/comilog\/wp-content\/uploads\/sites\/28\/2025\/03\/IMG_5729-570x380.jpg 570w\" sizes=\"(max-width: 1024px) 100vw, 1024px\" \/><\/figure><\/div>\n\n\n<p class=\"has-medium-font-size\">Ces projets permettent un <strong>apprentissage concret du codage et de la m\u00e9canique<\/strong>, tout en stimulant la cr\u00e9ativit\u00e9 et la r\u00e9solution de probl\u00e8mes.<\/p>\n\n\n\n<figure class=\"wp-block-embed is-type-video is-provider-vimeo wp-block-embed-vimeo wp-embed-aspect-16-9 wp-has-aspect-ratio\"><div class=\"wp-block-embed__wrapper\">\n<iframe title=\"enregistrer pour reproduire\" src=\"https:\/\/player.vimeo.com\/video\/1083948589?dnt=1&amp;app_id=122963\" width=\"1140\" height=\"641\" frameborder=\"0\" allow=\"autoplay; fullscreen; picture-in-picture; clipboard-write; encrypted-media\"><\/iframe>\n<\/div><\/figure>\n\n\n\n<p><\/p>\n\n\n\n<p class=\"has-medium-font-size\">Des outils \u00e0 disposition des \u00e9l\u00e8ves, pour permettre une p\u00e9dagogique tourn\u00e9e vers leur avenir..<\/p>\n\n\n\n<div class=\"wp-block-columns is-layout-flex wp-container-core-columns-is-layout-9d6595d7 wp-block-columns-is-layout-flex\">\n<div class=\"wp-block-column is-layout-flow wp-block-column-is-layout-flow\">\n<div class=\"wp-block-media-text is-stacked-on-mobile has-white-background-color has-background\" style=\"grid-template-columns:57% auto\"><figure class=\"wp-block-media-text__media\"><img decoding=\"async\" width=\"1024\" height=\"683\" src=\"http:\/\/ee.mlfmonde.org\/comilog\/wp-content\/uploads\/sites\/28\/2025\/03\/IMG_3883-1024x683.jpg\" alt=\"\" class=\"wp-image-357 size-full\" srcset=\"https:\/\/ee.mlfmonde.org\/comilog\/wp-content\/uploads\/sites\/28\/2025\/03\/IMG_3883-1024x683.jpg 1024w, https:\/\/ee.mlfmonde.org\/comilog\/wp-content\/uploads\/sites\/28\/2025\/03\/IMG_3883-300x200.jpg 300w, https:\/\/ee.mlfmonde.org\/comilog\/wp-content\/uploads\/sites\/28\/2025\/03\/IMG_3883-768x512.jpg 768w, https:\/\/ee.mlfmonde.org\/comilog\/wp-content\/uploads\/sites\/28\/2025\/03\/IMG_3883-1536x1024.jpg 1536w, https:\/\/ee.mlfmonde.org\/comilog\/wp-content\/uploads\/sites\/28\/2025\/03\/IMG_3883-2048x1365.jpg 2048w, https:\/\/ee.mlfmonde.org\/comilog\/wp-content\/uploads\/sites\/28\/2025\/03\/IMG_3883-570x380.jpg 570w\" sizes=\"(max-width: 1024px) 100vw, 1024px\" \/><\/figure><div class=\"wp-block-media-text__content\">\n<div class=\"wp-block-group is-vertical is-layout-flex wp-container-core-group-is-layout-8cf370e7 wp-block-group-is-layout-flex\">\n<p style=\"font-size:20px\">Les Tableaux Blancs Interactifs (TBI) d\u00e9multiplient les possibilit\u00e9s d&#8217;enseignement. Leur utilisation permet des apprentissages <strong>plus interactifs et dynamiques<\/strong>, encourageant l\u2019implication active des \u00e9l\u00e8ves.<\/p>\n\n\n\n<p class=\"has-medium-font-size\">Ils favorisent un <strong>apprentissage progressif et adapt\u00e9 aux comp\u00e9tences num\u00e9riques<\/strong><\/p>\n<\/div>\n<\/div><\/div>\n<\/div>\n<\/div>\n","protected":false},"excerpt":{"rendered":"<p>D\u00e8s le plus jeune \u00e2ge, les \u00e9l\u00e8ves sont initi\u00e9s aux outils num\u00e9riques de mani\u00e8re progressive, r\u00e9fl\u00e9chie et encadr\u00e9e. L\u2019usage de l\u2019application Calculatrice pour d\u00e9velopper les comp\u00e9tences en calcul mental et en r\u00e9solution de probl\u00e8mes simples L\u2019approche va encore plus loin avec les ateliers robotiques LEGO Education. Les \u00e9l\u00e8ves assemblent des mod\u00e8les (v\u00e9hicules, bras articul\u00e9s, etc.) [&hellip;]<\/p>\n","protected":false},"author":166,"featured_media":0,"parent":0,"menu_order":0,"comment_status":"closed","ping_status":"closed","template":"","meta":{"_acf_changed":false,"footnotes":""},"class_list":["post-2662","page","type-page","status-publish","czr-hentry"],"acf":[],"_links":{"self":[{"href":"https:\/\/ee.mlfmonde.org\/comilog\/wp-json\/wp\/v2\/pages\/2662","targetHints":{"allow":["GET"]}}],"collection":[{"href":"https:\/\/ee.mlfmonde.org\/comilog\/wp-json\/wp\/v2\/pages"}],"about":[{"href":"https:\/\/ee.mlfmonde.org\/comilog\/wp-json\/wp\/v2\/types\/page"}],"author":[{"embeddable":true,"href":"https:\/\/ee.mlfmonde.org\/comilog\/wp-json\/wp\/v2\/users\/166"}],"replies":[{"embeddable":true,"href":"https:\/\/ee.mlfmonde.org\/comilog\/wp-json\/wp\/v2\/comments?post=2662"}],"version-history":[{"count":1,"href":"https:\/\/ee.mlfmonde.org\/comilog\/wp-json\/wp\/v2\/pages\/2662\/revisions"}],"predecessor-version":[{"id":2664,"href":"https:\/\/ee.mlfmonde.org\/comilog\/wp-json\/wp\/v2\/pages\/2662\/revisions\/2664"}],"wp:attachment":[{"href":"https:\/\/ee.mlfmonde.org\/comilog\/wp-json\/wp\/v2\/media?parent=2662"}],"curies":[{"name":"wp","href":"https:\/\/api.w.org\/{rel}","templated":true}]}}