{"id":2653,"date":"2025-05-19T08:05:36","date_gmt":"2025-05-19T08:05:36","guid":{"rendered":"https:\/\/ee.mlfmonde.org\/comilog\/?page_id=2653"},"modified":"2025-05-19T08:05:37","modified_gmt":"2025-05-19T08:05:37","slug":"%f0%9f%8f%89-initiation-au-rugby-a-lecole","status":"publish","type":"page","link":"https:\/\/ee.mlfmonde.org\/comilog\/%f0%9f%8f%89-initiation-au-rugby-a-lecole\/","title":{"rendered":"\ud83c\udfc9 Initiation au rugby \u00e0 l\u2019\u00e9cole"},"content":{"rendered":"\n<p class=\"has-medium-font-size\">les \u00e9l\u00e8ves de l\u2019\u00e9cole primaire Comilog ont eu la chance de participer \u00e0 une s\u00e9ance d\u2019initiation au rugby, encadr\u00e9e par des intervenants passionn\u00e9s et bienveillants.<\/p>\n\n\n\n<p class=\"has-medium-font-size\">Au programme : d\u00e9couverte des r\u00e8gles du jeu, exercices de motricit\u00e9, passes en \u00e9quipe et petits jeux de coop\u00e9ration. Les enfants, ravis, ont pu s\u2019initier \u00e0 un sport collectif o\u00f9 l\u2019entraide, le respect et le d\u00e9passement de soi sont au c\u0153ur de la pratique.<\/p>\n\n\n\n<p class=\"has-medium-font-size\">Cette activit\u00e9 s\u2019inscrit dans notre volont\u00e9 de diversifier les exp\u00e9riences sportives propos\u00e9es aux \u00e9l\u00e8ves, en lien avec les objectifs du programme de l\u2019\u00c9ducation nationale<\/p>\n\n\n\n<figure class=\"wp-block-gallery has-nested-images columns-default is-cropped wp-block-gallery-1 is-layout-flex wp-block-gallery-is-layout-flex\">\n<figure class=\"wp-block-image size-large\"><img fetchpriority=\"high\" decoding=\"async\" width=\"1024\" height=\"512\" data-id=\"2196\" src=\"https:\/\/ee.mlfmonde.org\/comilog\/wp-content\/uploads\/sites\/28\/2025\/05\/Opening-Soon-21-1024x512.png\" alt=\"\" class=\"wp-image-2196\" srcset=\"https:\/\/ee.mlfmonde.org\/comilog\/wp-content\/uploads\/sites\/28\/2025\/05\/Opening-Soon-21-1024x512.png 1024w, https:\/\/ee.mlfmonde.org\/comilog\/wp-content\/uploads\/sites\/28\/2025\/05\/Opening-Soon-21-300x150.png 300w, https:\/\/ee.mlfmonde.org\/comilog\/wp-content\/uploads\/sites\/28\/2025\/05\/Opening-Soon-21-768x384.png 768w, https:\/\/ee.mlfmonde.org\/comilog\/wp-content\/uploads\/sites\/28\/2025\/05\/Opening-Soon-21-1536x768.png 1536w, https:\/\/ee.mlfmonde.org\/comilog\/wp-content\/uploads\/sites\/28\/2025\/05\/Opening-Soon-21-2048x1024.png 2048w, https:\/\/ee.mlfmonde.org\/comilog\/wp-content\/uploads\/sites\/28\/2025\/05\/Opening-Soon-21-570x285.png 570w\" sizes=\"(max-width: 1024px) 100vw, 1024px\" \/><\/figure>\n\n\n\n<figure class=\"wp-block-image size-large\"><img decoding=\"async\" width=\"1024\" height=\"512\" data-id=\"2195\" src=\"https:\/\/ee.mlfmonde.org\/comilog\/wp-content\/uploads\/sites\/28\/2025\/05\/Opening-Soon-22-1024x512.png\" alt=\"\" class=\"wp-image-2195\" srcset=\"https:\/\/ee.mlfmonde.org\/comilog\/wp-content\/uploads\/sites\/28\/2025\/05\/Opening-Soon-22-1024x512.png 1024w, https:\/\/ee.mlfmonde.org\/comilog\/wp-content\/uploads\/sites\/28\/2025\/05\/Opening-Soon-22-300x150.png 300w, https:\/\/ee.mlfmonde.org\/comilog\/wp-content\/uploads\/sites\/28\/2025\/05\/Opening-Soon-22-768x384.png 768w, https:\/\/ee.mlfmonde.org\/comilog\/wp-content\/uploads\/sites\/28\/2025\/05\/Opening-Soon-22-1536x768.png 1536w, https:\/\/ee.mlfmonde.org\/comilog\/wp-content\/uploads\/sites\/28\/2025\/05\/Opening-Soon-22-2048x1024.png 2048w, https:\/\/ee.mlfmonde.org\/comilog\/wp-content\/uploads\/sites\/28\/2025\/05\/Opening-Soon-22-570x285.png 570w\" sizes=\"(max-width: 1024px) 100vw, 1024px\" \/><\/figure>\n<\/figure>\n","protected":false},"excerpt":{"rendered":"<p>les \u00e9l\u00e8ves de l\u2019\u00e9cole primaire Comilog ont eu la chance de participer \u00e0 une s\u00e9ance d\u2019initiation au rugby, encadr\u00e9e par des intervenants passionn\u00e9s et bienveillants. Au programme : d\u00e9couverte des r\u00e8gles du jeu, exercices de motricit\u00e9, passes en \u00e9quipe et petits jeux de coop\u00e9ration. Les enfants, ravis, ont pu s\u2019initier \u00e0 un sport collectif o\u00f9 [&hellip;]<\/p>\n","protected":false},"author":166,"featured_media":2206,"parent":0,"menu_order":0,"comment_status":"closed","ping_status":"closed","template":"","meta":{"_acf_changed":false,"footnotes":""},"class_list":["post-2653","page","type-page","status-publish","has-post-thumbnail","czr-hentry"],"acf":[],"_links":{"self":[{"href":"https:\/\/ee.mlfmonde.org\/comilog\/wp-json\/wp\/v2\/pages\/2653","targetHints":{"allow":["GET"]}}],"collection":[{"href":"https:\/\/ee.mlfmonde.org\/comilog\/wp-json\/wp\/v2\/pages"}],"about":[{"href":"https:\/\/ee.mlfmonde.org\/comilog\/wp-json\/wp\/v2\/types\/page"}],"author":[{"embeddable":true,"href":"https:\/\/ee.mlfmonde.org\/comilog\/wp-json\/wp\/v2\/users\/166"}],"replies":[{"embeddable":true,"href":"https:\/\/ee.mlfmonde.org\/comilog\/wp-json\/wp\/v2\/comments?post=2653"}],"version-history":[{"count":1,"href":"https:\/\/ee.mlfmonde.org\/comilog\/wp-json\/wp\/v2\/pages\/2653\/revisions"}],"predecessor-version":[{"id":2655,"href":"https:\/\/ee.mlfmonde.org\/comilog\/wp-json\/wp\/v2\/pages\/2653\/revisions\/2655"}],"wp:featuredmedia":[{"embeddable":true,"href":"https:\/\/ee.mlfmonde.org\/comilog\/wp-json\/wp\/v2\/media\/2206"}],"wp:attachment":[{"href":"https:\/\/ee.mlfmonde.org\/comilog\/wp-json\/wp\/v2\/media?parent=2653"}],"curies":[{"name":"wp","href":"https:\/\/api.w.org\/{rel}","templated":true}]}}