{"id":2630,"date":"2025-05-19T06:37:11","date_gmt":"2025-05-19T06:37:11","guid":{"rendered":"https:\/\/ee.mlfmonde.org\/comilog\/?page_id=2630"},"modified":"2025-05-19T08:38:19","modified_gmt":"2025-05-19T08:38:19","slug":"%f0%9f%97%b3%ef%b8%8f-graines-de-citoyens","status":"publish","type":"page","link":"https:\/\/ee.mlfmonde.org\/comilog\/%f0%9f%97%b3%ef%b8%8f-graines-de-citoyens\/","title":{"rendered":"\ud83d\uddf3\ufe0f Graines de citoyens"},"content":{"rendered":"\n<p class=\"has-black-color has-text-color has-link-color has-medium-font-size wp-elements-5c0baea2e0585dc8509727d76442fba0\">Chaque ann\u00e9es la <strong>voix des \u00e9l\u00e8ves compte<\/strong> ! Chaque ann\u00e9e, des <strong>d\u00e9l\u00e9gu\u00e9s de classe<\/strong> sont choisis par leurs camarades \u00e0 travers un <strong>vote d\u00e9mocratique<\/strong>. Ce processus permet aux \u00e9l\u00e8ves de s\u2019impliquer activement dans la vie de l\u2019\u00e9cole et d\u2019exercer leur r\u00f4le de citoyens en herbe.<\/p>\n\n\n\n<h4 class=\"wp-block-heading has-medium-font-size\"><strong>Un R\u00f4le Important<\/strong><\/h4>\n\n\n\n<p class=\"has-medium-font-size\">Les d\u00e9l\u00e9gu\u00e9s ont pour mission principale de <strong>remonter les pr\u00e9occupations et suggestions des \u00e9l\u00e8ves<\/strong> aupr\u00e8s de la direction de l\u2019\u00e9cole, repr\u00e9sent\u00e9e par le directeur. Ils sont les porte-paroles de leurs camarades et participent \u00e0 l\u2019am\u00e9lioration du cadre scolaire en proposant des id\u00e9es et des solutions.<\/p>\n\n\n\n<figure class=\"wp-block-image size-large is-resized\"><img fetchpriority=\"high\" decoding=\"async\" width=\"1024\" height=\"512\" src=\"http:\/\/ee.mlfmonde.org\/comilog\/wp-content\/uploads\/sites\/28\/2025\/04\/Opening-Soon-8-1024x512.jpg\" alt=\"\" class=\"wp-image-2054\" style=\"width:698px;height:auto\" srcset=\"https:\/\/ee.mlfmonde.org\/comilog\/wp-content\/uploads\/sites\/28\/2025\/04\/Opening-Soon-8-1024x512.jpg 1024w, https:\/\/ee.mlfmonde.org\/comilog\/wp-content\/uploads\/sites\/28\/2025\/04\/Opening-Soon-8-300x150.jpg 300w, https:\/\/ee.mlfmonde.org\/comilog\/wp-content\/uploads\/sites\/28\/2025\/04\/Opening-Soon-8-768x384.jpg 768w, https:\/\/ee.mlfmonde.org\/comilog\/wp-content\/uploads\/sites\/28\/2025\/04\/Opening-Soon-8-1536x768.jpg 1536w, https:\/\/ee.mlfmonde.org\/comilog\/wp-content\/uploads\/sites\/28\/2025\/04\/Opening-Soon-8-2048x1024.jpg 2048w, https:\/\/ee.mlfmonde.org\/comilog\/wp-content\/uploads\/sites\/28\/2025\/04\/Opening-Soon-8-570x285.jpg 570w\" sizes=\"(max-width: 1024px) 100vw, 1024px\" \/><\/figure>\n\n\n\n<p><\/p>\n\n\n\n<p class=\"has-medium-font-size\"><strong>Une Campagne Engag\u00e9e<\/strong><\/p>\n\n\n\n<p class=\"has-medium-font-size\">Les \u00e9l\u00e8ves qui souhaitent devenir d\u00e9l\u00e9gu\u00e9s doivent mener une <strong>campagne \u00e9lectorale<\/strong>. Ils pr\u00e9sentent leur projet, expliquent leurs id\u00e9es pour l\u2019\u00e9cole et convainquent leurs camarades de voter pour eux. C\u2019est un moment fort qui permet aux enfants d\u2019apprendre \u00e0 exprimer leurs opinions, \u00e0 d\u00e9battre et \u00e0 comprendre les principes de la d\u00e9mocratie.<\/p>\n\n\n\n<h4 class=\"wp-block-heading has-medium-font-size\"><strong>Une \u00c9lection Juste et Transparente<\/strong><\/h4>\n\n\n\n<p class=\"has-medium-font-size\">Le jour du vote, chaque \u00e9l\u00e8ve d\u00e9pose son bulletin dans une urne, comme dans une v\u00e9ritable \u00e9lection. Le d\u00e9pouillement est fait avec transparence, et les d\u00e9l\u00e9gu\u00e9s \u00e9lus prennent leur r\u00f4le tr\u00e8s au s\u00e9rieux.<\/p>\n\n\n\n<figure class=\"wp-block-image size-large\"><img decoding=\"async\" width=\"1024\" height=\"512\" src=\"http:\/\/ee.mlfmonde.org\/comilog\/wp-content\/uploads\/sites\/28\/2025\/04\/Opening-Soon-7-1024x512.jpg\" alt=\"\" class=\"wp-image-2046\" srcset=\"https:\/\/ee.mlfmonde.org\/comilog\/wp-content\/uploads\/sites\/28\/2025\/04\/Opening-Soon-7-1024x512.jpg 1024w, https:\/\/ee.mlfmonde.org\/comilog\/wp-content\/uploads\/sites\/28\/2025\/04\/Opening-Soon-7-300x150.jpg 300w, https:\/\/ee.mlfmonde.org\/comilog\/wp-content\/uploads\/sites\/28\/2025\/04\/Opening-Soon-7-768x384.jpg 768w, https:\/\/ee.mlfmonde.org\/comilog\/wp-content\/uploads\/sites\/28\/2025\/04\/Opening-Soon-7-1536x768.jpg 1536w, https:\/\/ee.mlfmonde.org\/comilog\/wp-content\/uploads\/sites\/28\/2025\/04\/Opening-Soon-7-2048x1024.jpg 2048w, https:\/\/ee.mlfmonde.org\/comilog\/wp-content\/uploads\/sites\/28\/2025\/04\/Opening-Soon-7-570x285.jpg 570w\" sizes=\"(max-width: 1024px) 100vw, 1024px\" \/><figcaption class=\"wp-element-caption\"><strong>\u00e9lections d\u00e9l\u00e9gu\u00e9s de class 2025<\/strong><\/figcaption><\/figure>\n\n\n\n<p><\/p>\n\n\n\n<p class=\"has-medium-font-size\">Gr\u00e2ce \u00e0 ce syst\u00e8me, les \u00e9l\u00e8ves apprennent d\u00e8s leur plus jeune \u00e2ge les valeurs de la <strong>responsabilit\u00e9, de la participation citoyenne et du respect des opinions<\/strong>. Un bel exemple d\u2019\u00e9ducation \u00e0 la d\u00e9mocratie au sein de l\u2019\u00e9cole !<\/p>\n\n\n<div class=\"wp-block-image\">\n<figure class=\"aligncenter size-large\"><img decoding=\"async\" width=\"1024\" height=\"512\" src=\"http:\/\/ee.mlfmonde.org\/comilog\/wp-content\/uploads\/sites\/28\/2025\/02\/Opening-Soon-9-1024x512.jpg\" alt=\"\" class=\"wp-image-2068\" srcset=\"https:\/\/ee.mlfmonde.org\/comilog\/wp-content\/uploads\/sites\/28\/2025\/02\/Opening-Soon-9-1024x512.jpg 1024w, https:\/\/ee.mlfmonde.org\/comilog\/wp-content\/uploads\/sites\/28\/2025\/02\/Opening-Soon-9-300x150.jpg 300w, https:\/\/ee.mlfmonde.org\/comilog\/wp-content\/uploads\/sites\/28\/2025\/02\/Opening-Soon-9-768x384.jpg 768w, https:\/\/ee.mlfmonde.org\/comilog\/wp-content\/uploads\/sites\/28\/2025\/02\/Opening-Soon-9-1536x768.jpg 1536w, https:\/\/ee.mlfmonde.org\/comilog\/wp-content\/uploads\/sites\/28\/2025\/02\/Opening-Soon-9-2048x1024.jpg 2048w, https:\/\/ee.mlfmonde.org\/comilog\/wp-content\/uploads\/sites\/28\/2025\/02\/Opening-Soon-9-570x285.jpg 570w\" sizes=\"(max-width: 1024px) 100vw, 1024px\" \/><figcaption class=\"wp-element-caption\"><strong>Proclamations des r\u00e9sultats <\/strong><\/figcaption><\/figure><\/div>","protected":false},"excerpt":{"rendered":"<p>Chaque ann\u00e9es la voix des \u00e9l\u00e8ves compte ! Chaque ann\u00e9e, des d\u00e9l\u00e9gu\u00e9s de classe sont choisis par leurs camarades \u00e0 travers un vote d\u00e9mocratique. Ce processus permet aux \u00e9l\u00e8ves de s\u2019impliquer activement dans la vie de l\u2019\u00e9cole et d\u2019exercer leur r\u00f4le de citoyens en herbe. Un R\u00f4le Important Les d\u00e9l\u00e9gu\u00e9s ont pour mission principale de [&hellip;]<\/p>\n","protected":false},"author":166,"featured_media":2072,"parent":0,"menu_order":0,"comment_status":"closed","ping_status":"closed","template":"","meta":{"_acf_changed":false,"footnotes":""},"class_list":["post-2630","page","type-page","status-publish","has-post-thumbnail","czr-hentry"],"acf":[],"_links":{"self":[{"href":"https:\/\/ee.mlfmonde.org\/comilog\/wp-json\/wp\/v2\/pages\/2630","targetHints":{"allow":["GET"]}}],"collection":[{"href":"https:\/\/ee.mlfmonde.org\/comilog\/wp-json\/wp\/v2\/pages"}],"about":[{"href":"https:\/\/ee.mlfmonde.org\/comilog\/wp-json\/wp\/v2\/types\/page"}],"author":[{"embeddable":true,"href":"https:\/\/ee.mlfmonde.org\/comilog\/wp-json\/wp\/v2\/users\/166"}],"replies":[{"embeddable":true,"href":"https:\/\/ee.mlfmonde.org\/comilog\/wp-json\/wp\/v2\/comments?post=2630"}],"version-history":[{"count":1,"href":"https:\/\/ee.mlfmonde.org\/comilog\/wp-json\/wp\/v2\/pages\/2630\/revisions"}],"predecessor-version":[{"id":2632,"href":"https:\/\/ee.mlfmonde.org\/comilog\/wp-json\/wp\/v2\/pages\/2630\/revisions\/2632"}],"wp:featuredmedia":[{"embeddable":true,"href":"https:\/\/ee.mlfmonde.org\/comilog\/wp-json\/wp\/v2\/media\/2072"}],"wp:attachment":[{"href":"https:\/\/ee.mlfmonde.org\/comilog\/wp-json\/wp\/v2\/media?parent=2630"}],"curies":[{"name":"wp","href":"https:\/\/api.w.org\/{rel}","templated":true}]}}