{"id":2625,"date":"2025-05-19T06:26:07","date_gmt":"2025-05-19T06:26:07","guid":{"rendered":"https:\/\/ee.mlfmonde.org\/comilog\/?page_id=2625"},"modified":"2025-05-20T07:53:02","modified_gmt":"2025-05-20T07:53:02","slug":"%f0%9f%8c%9f-une-journee-a-lecole","status":"publish","type":"page","link":"https:\/\/ee.mlfmonde.org\/comilog\/%f0%9f%8c%9f-une-journee-a-lecole\/","title":{"rendered":"\ud83c\udf1f Une journ\u00e9e \u00e0 l\u2019\u00e9cole."},"content":{"rendered":"\n<p><\/p>\n\n\n\n<figure class=\"wp-block-image size-large\"><img decoding=\"async\" src=\"https:\/\/ee.mlfmonde.org\/comilog\/wp-content\/uploads\/sites\/28\/2025\/03\/Opening-Soon-13-1024x512.png\" alt=\"\" class=\"wp-image-1487\" \/><\/figure>\n\n\n\n<p><\/p>\n\n\n\n<p class=\"has-medium-font-size\">La vie scolaire est rythm\u00e9e par un environnement dynamique, structur\u00e9 et enrichissant, offrant \u00e0 chaque \u00e9l\u00e8ve un cadre id\u00e9al pour apprendre et s\u2019\u00e9panouir pleinement. Les journ\u00e9es sont organis\u00e9es de mani\u00e8re \u00e0 alterner entre temps d\u2019apprentissages, moments de d\u00e9tente. Le jeu est aussi un support d&#8217;apprentissage. Une journ\u00e9e scolaire doit \u00eatre \u00e9quilibr\u00e9e.<\/p>\n\n\n\n<p><\/p>\n\n\n\n<figure class=\"wp-block-video aligncenter\"><video autoplay loop muted src=\"https:\/\/ee.mlfmonde.org\/comilog\/wp-content\/uploads\/sites\/28\/2025\/03\/Opening-Soon-8.mp4\"><\/video><figcaption class=\"wp-element-caption\"><strong>Les r\u00e9cr\u00e9ations doivent \u00eatre des moments de d\u00e9tente.<\/strong><\/figcaption><\/figure>\n\n\n\n<p><\/p>\n\n\n\n<p class=\"has-medium-font-size\">Chaque journ\u00e9e scolaire est pens\u00e9e pour favoriser le bien-\u00eatre des \u00e9l\u00e8ves et leur offrir un cadre propice \u00e0 l\u2019apprentissage, \u00e0 la curiosit\u00e9 et \u00e0 l\u2019\u00e9panouissement :<\/p>\n\n\n\n<p class=\"has-medium-font-size\">\ud83e\uddd1\u200d\ud83c\udfeb <strong>En classe ou en ext\u00e9rieur<\/strong>: des cours dynamiques adapt\u00e9s \u00e0 chaque niveau, un enseignement structur\u00e9 selon les programmes de l\u2019\u00c9ducation Nationale Fran\u00e7aise. <\/p>\n\n\n\n<p class=\"has-medium-font-size\">\ud83e\udde9 <strong>Moments de socialisation<\/strong> : Vivre ensemble, \u00e9couter les autres, prendre la parole, travailler en groupe, prendre des responsabilit\u00e9s, s&#8217;engager dans un projet collaboratif&#8230; Ces apprentissages permettent aussi de tisser des liens entre camarades.<\/p>\n\n\n\n<figure class=\"wp-block-gallery has-nested-images columns-default is-cropped wp-block-gallery-1 is-layout-flex wp-block-gallery-is-layout-flex\">\n<figure class=\"wp-block-image size-large\"><img fetchpriority=\"high\" decoding=\"async\" width=\"1024\" height=\"484\" data-id=\"1524\" src=\"https:\/\/ee.mlfmonde.org\/comilog\/wp-content\/uploads\/sites\/28\/2025\/04\/IMG-20250328-WA0041-1024x484.jpg\" alt=\"\" class=\"wp-image-1524\" srcset=\"https:\/\/ee.mlfmonde.org\/comilog\/wp-content\/uploads\/sites\/28\/2025\/04\/IMG-20250328-WA0041-1024x484.jpg 1024w, https:\/\/ee.mlfmonde.org\/comilog\/wp-content\/uploads\/sites\/28\/2025\/04\/IMG-20250328-WA0041-300x142.jpg 300w, https:\/\/ee.mlfmonde.org\/comilog\/wp-content\/uploads\/sites\/28\/2025\/04\/IMG-20250328-WA0041-768x363.jpg 768w, https:\/\/ee.mlfmonde.org\/comilog\/wp-content\/uploads\/sites\/28\/2025\/04\/IMG-20250328-WA0041-1536x727.jpg 1536w, https:\/\/ee.mlfmonde.org\/comilog\/wp-content\/uploads\/sites\/28\/2025\/04\/IMG-20250328-WA0041-2048x969.jpg 2048w, https:\/\/ee.mlfmonde.org\/comilog\/wp-content\/uploads\/sites\/28\/2025\/04\/IMG-20250328-WA0041-570x270.jpg 570w\" sizes=\"(max-width: 1024px) 100vw, 1024px\" \/><figcaption class=\"wp-element-caption\"><strong>Jouer pour r\u00e9fl\u00e9chir<\/strong><\/figcaption><\/figure>\n\n\n\n<figure class=\"wp-block-image size-large\"><img decoding=\"async\" width=\"1024\" height=\"683\" data-id=\"1521\" src=\"https:\/\/ee.mlfmonde.org\/comilog\/wp-content\/uploads\/sites\/28\/2025\/03\/IMG_3496-1024x683.jpg\" alt=\"\" class=\"wp-image-1521\" srcset=\"https:\/\/ee.mlfmonde.org\/comilog\/wp-content\/uploads\/sites\/28\/2025\/03\/IMG_3496-1024x683.jpg 1024w, https:\/\/ee.mlfmonde.org\/comilog\/wp-content\/uploads\/sites\/28\/2025\/03\/IMG_3496-300x200.jpg 300w, https:\/\/ee.mlfmonde.org\/comilog\/wp-content\/uploads\/sites\/28\/2025\/03\/IMG_3496-768x512.jpg 768w, https:\/\/ee.mlfmonde.org\/comilog\/wp-content\/uploads\/sites\/28\/2025\/03\/IMG_3496-1536x1024.jpg 1536w, https:\/\/ee.mlfmonde.org\/comilog\/wp-content\/uploads\/sites\/28\/2025\/03\/IMG_3496-2048x1365.jpg 2048w, https:\/\/ee.mlfmonde.org\/comilog\/wp-content\/uploads\/sites\/28\/2025\/03\/IMG_3496-570x380.jpg 570w\" sizes=\"(max-width: 1024px) 100vw, 1024px\" \/><figcaption class=\"wp-element-caption\"><strong>Carnaval<\/strong><\/figcaption><\/figure>\n\n\n\n<figure class=\"wp-block-image size-large\"><img decoding=\"async\" width=\"1024\" height=\"683\" data-id=\"1517\" src=\"https:\/\/ee.mlfmonde.org\/comilog\/wp-content\/uploads\/sites\/28\/2025\/03\/IMG_3882-1024x683.jpg\" alt=\"\" class=\"wp-image-1517\" srcset=\"https:\/\/ee.mlfmonde.org\/comilog\/wp-content\/uploads\/sites\/28\/2025\/03\/IMG_3882-1024x683.jpg 1024w, https:\/\/ee.mlfmonde.org\/comilog\/wp-content\/uploads\/sites\/28\/2025\/03\/IMG_3882-300x200.jpg 300w, https:\/\/ee.mlfmonde.org\/comilog\/wp-content\/uploads\/sites\/28\/2025\/03\/IMG_3882-768x512.jpg 768w, https:\/\/ee.mlfmonde.org\/comilog\/wp-content\/uploads\/sites\/28\/2025\/03\/IMG_3882-1536x1024.jpg 1536w, https:\/\/ee.mlfmonde.org\/comilog\/wp-content\/uploads\/sites\/28\/2025\/03\/IMG_3882-2048x1365.jpg 2048w, https:\/\/ee.mlfmonde.org\/comilog\/wp-content\/uploads\/sites\/28\/2025\/03\/IMG_3882-570x380.jpg 570w\" sizes=\"(max-width: 1024px) 100vw, 1024px\" \/><figcaption class=\"wp-element-caption\"><strong>En classe<\/strong> en groupe r\u00e9duit<\/figcaption><\/figure>\n\n\n\n<figure class=\"wp-block-image size-large\"><img loading=\"lazy\" decoding=\"async\" width=\"1024\" height=\"683\" data-id=\"1911\" src=\"https:\/\/ee.mlfmonde.org\/comilog\/wp-content\/uploads\/sites\/28\/2025\/03\/IMG_5488-1024x683.jpg\" alt=\"\" class=\"wp-image-1911\" srcset=\"https:\/\/ee.mlfmonde.org\/comilog\/wp-content\/uploads\/sites\/28\/2025\/03\/IMG_5488-1024x683.jpg 1024w, https:\/\/ee.mlfmonde.org\/comilog\/wp-content\/uploads\/sites\/28\/2025\/03\/IMG_5488-300x200.jpg 300w, https:\/\/ee.mlfmonde.org\/comilog\/wp-content\/uploads\/sites\/28\/2025\/03\/IMG_5488-768x512.jpg 768w, https:\/\/ee.mlfmonde.org\/comilog\/wp-content\/uploads\/sites\/28\/2025\/03\/IMG_5488-1536x1024.jpg 1536w, https:\/\/ee.mlfmonde.org\/comilog\/wp-content\/uploads\/sites\/28\/2025\/03\/IMG_5488-2048x1365.jpg 2048w, https:\/\/ee.mlfmonde.org\/comilog\/wp-content\/uploads\/sites\/28\/2025\/03\/IMG_5488-570x380.jpg 570w\" sizes=\"(max-width: 1024px) 100vw, 1024px\" \/><figcaption class=\"wp-element-caption\"><strong>Avec le num\u00e9rique <\/strong><\/figcaption><\/figure>\n\n\n\n<figure class=\"wp-block-image size-large\"><img loading=\"lazy\" decoding=\"async\" width=\"1024\" height=\"683\" data-id=\"1515\" src=\"https:\/\/ee.mlfmonde.org\/comilog\/wp-content\/uploads\/sites\/28\/2025\/03\/IMG_3868-1-1024x683.jpg\" alt=\"\" class=\"wp-image-1515\" srcset=\"https:\/\/ee.mlfmonde.org\/comilog\/wp-content\/uploads\/sites\/28\/2025\/03\/IMG_3868-1-1024x683.jpg 1024w, https:\/\/ee.mlfmonde.org\/comilog\/wp-content\/uploads\/sites\/28\/2025\/03\/IMG_3868-1-300x200.jpg 300w, https:\/\/ee.mlfmonde.org\/comilog\/wp-content\/uploads\/sites\/28\/2025\/03\/IMG_3868-1-768x512.jpg 768w, https:\/\/ee.mlfmonde.org\/comilog\/wp-content\/uploads\/sites\/28\/2025\/03\/IMG_3868-1-1536x1024.jpg 1536w, https:\/\/ee.mlfmonde.org\/comilog\/wp-content\/uploads\/sites\/28\/2025\/03\/IMG_3868-1-2048x1365.jpg 2048w, https:\/\/ee.mlfmonde.org\/comilog\/wp-content\/uploads\/sites\/28\/2025\/03\/IMG_3868-1-570x380.jpg 570w\" sizes=\"(max-width: 1024px) 100vw, 1024px\" \/><figcaption class=\"wp-element-caption\"><strong>Le conseil des \u00e9l\u00e8ves <\/strong><\/figcaption><\/figure>\n\n\n\n<figure class=\"wp-block-image size-large\"><img loading=\"lazy\" decoding=\"async\" width=\"1024\" height=\"576\" data-id=\"1276\" src=\"https:\/\/ee.mlfmonde.org\/comilog\/wp-content\/uploads\/sites\/28\/2025\/03\/Untitled-design-33-1024x576.png\" alt=\"\" class=\"wp-image-1276\" srcset=\"https:\/\/ee.mlfmonde.org\/comilog\/wp-content\/uploads\/sites\/28\/2025\/03\/Untitled-design-33-1024x576.png 1024w, https:\/\/ee.mlfmonde.org\/comilog\/wp-content\/uploads\/sites\/28\/2025\/03\/Untitled-design-33-300x169.png 300w, https:\/\/ee.mlfmonde.org\/comilog\/wp-content\/uploads\/sites\/28\/2025\/03\/Untitled-design-33-768x432.png 768w, https:\/\/ee.mlfmonde.org\/comilog\/wp-content\/uploads\/sites\/28\/2025\/03\/Untitled-design-33-570x321.png 570w, https:\/\/ee.mlfmonde.org\/comilog\/wp-content\/uploads\/sites\/28\/2025\/03\/Untitled-design-33-1110x624.png 1110w, https:\/\/ee.mlfmonde.org\/comilog\/wp-content\/uploads\/sites\/28\/2025\/03\/Untitled-design-33-528x297.png 528w, https:\/\/ee.mlfmonde.org\/comilog\/wp-content\/uploads\/sites\/28\/2025\/03\/Untitled-design-33.png 1280w\" sizes=\"(max-width: 1024px) 100vw, 1024px\" \/><figcaption class=\"wp-element-caption\">Des projets artistiques<\/figcaption><\/figure>\n\n\n\n<figure class=\"wp-block-image size-large\"><img decoding=\"async\" data-id=\"1324\" src=\"https:\/\/ee.mlfmonde.org\/comilog\/wp-content\/uploads\/sites\/28\/2025\/03\/IMG_5249-1024x683.jpg\" alt=\"\" class=\"wp-image-1324\" \/><figcaption class=\"wp-element-caption\">Le <strong>lever du drapeau<\/strong><\/figcaption><\/figure>\n\n\n\n<figure class=\"wp-block-image size-large\"><img loading=\"lazy\" decoding=\"async\" width=\"1024\" height=\"683\" data-id=\"1906\" src=\"https:\/\/ee.mlfmonde.org\/comilog\/wp-content\/uploads\/sites\/28\/2025\/03\/IMG_5498-1024x683.jpg\" alt=\"\" class=\"wp-image-1906\" srcset=\"https:\/\/ee.mlfmonde.org\/comilog\/wp-content\/uploads\/sites\/28\/2025\/03\/IMG_5498-1024x683.jpg 1024w, https:\/\/ee.mlfmonde.org\/comilog\/wp-content\/uploads\/sites\/28\/2025\/03\/IMG_5498-300x200.jpg 300w, https:\/\/ee.mlfmonde.org\/comilog\/wp-content\/uploads\/sites\/28\/2025\/03\/IMG_5498-768x512.jpg 768w, https:\/\/ee.mlfmonde.org\/comilog\/wp-content\/uploads\/sites\/28\/2025\/03\/IMG_5498-1536x1024.jpg 1536w, https:\/\/ee.mlfmonde.org\/comilog\/wp-content\/uploads\/sites\/28\/2025\/03\/IMG_5498-2048x1365.jpg 2048w, https:\/\/ee.mlfmonde.org\/comilog\/wp-content\/uploads\/sites\/28\/2025\/03\/IMG_5498-570x380.jpg 570w\" sizes=\"(max-width: 1024px) 100vw, 1024px\" \/><figcaption class=\"wp-element-caption\"><strong>Notre jardin<\/strong><\/figcaption><\/figure>\n\n\n\n<figure class=\"wp-block-image size-large\"><img loading=\"lazy\" decoding=\"async\" width=\"1024\" height=\"683\" data-id=\"762\" src=\"https:\/\/ee.mlfmonde.org\/comilog\/wp-content\/uploads\/sites\/28\/2025\/03\/IMG_4431-1024x683.jpg\" alt=\"\" class=\"wp-image-762\" srcset=\"https:\/\/ee.mlfmonde.org\/comilog\/wp-content\/uploads\/sites\/28\/2025\/03\/IMG_4431-1024x683.jpg 1024w, https:\/\/ee.mlfmonde.org\/comilog\/wp-content\/uploads\/sites\/28\/2025\/03\/IMG_4431-300x200.jpg 300w, https:\/\/ee.mlfmonde.org\/comilog\/wp-content\/uploads\/sites\/28\/2025\/03\/IMG_4431-768x512.jpg 768w, https:\/\/ee.mlfmonde.org\/comilog\/wp-content\/uploads\/sites\/28\/2025\/03\/IMG_4431-1536x1024.jpg 1536w, https:\/\/ee.mlfmonde.org\/comilog\/wp-content\/uploads\/sites\/28\/2025\/03\/IMG_4431-2048x1365.jpg 2048w, https:\/\/ee.mlfmonde.org\/comilog\/wp-content\/uploads\/sites\/28\/2025\/03\/IMG_4431-570x380.jpg 570w\" sizes=\"(max-width: 1024px) 100vw, 1024px\" \/><figcaption class=\"wp-element-caption\">Le plaisir de choisir un nouveau livre.<\/figcaption><\/figure>\n\n\n\n<figure class=\"wp-block-image size-large\"><img loading=\"lazy\" decoding=\"async\" width=\"1024\" height=\"512\" data-id=\"2075\" src=\"http:\/\/ee.mlfmonde.org\/comilog\/wp-content\/uploads\/sites\/28\/2025\/05\/91-1024x512.jpg\" alt=\"\" class=\"wp-image-2075\" srcset=\"https:\/\/ee.mlfmonde.org\/comilog\/wp-content\/uploads\/sites\/28\/2025\/05\/91-1024x512.jpg 1024w, https:\/\/ee.mlfmonde.org\/comilog\/wp-content\/uploads\/sites\/28\/2025\/05\/91-300x150.jpg 300w, https:\/\/ee.mlfmonde.org\/comilog\/wp-content\/uploads\/sites\/28\/2025\/05\/91-768x384.jpg 768w, https:\/\/ee.mlfmonde.org\/comilog\/wp-content\/uploads\/sites\/28\/2025\/05\/91-1536x768.jpg 1536w, https:\/\/ee.mlfmonde.org\/comilog\/wp-content\/uploads\/sites\/28\/2025\/05\/91-2048x1024.jpg 2048w, https:\/\/ee.mlfmonde.org\/comilog\/wp-content\/uploads\/sites\/28\/2025\/05\/91-570x285.jpg 570w\" sizes=\"(max-width: 1024px) 100vw, 1024px\" \/><figcaption class=\"wp-element-caption\">Une sortie p\u00e9dagogique en deiors de l&#8217;\u00e9cole.<\/figcaption><\/figure>\n\n\n\n<figure class=\"wp-block-image size-large\"><img loading=\"lazy\" decoding=\"async\" width=\"1024\" height=\"683\" data-id=\"649\" src=\"https:\/\/ee.mlfmonde.org\/comilog\/wp-content\/uploads\/sites\/28\/2025\/03\/IMG_4191-1024x683.jpg\" alt=\"\" class=\"wp-image-649\" srcset=\"https:\/\/ee.mlfmonde.org\/comilog\/wp-content\/uploads\/sites\/28\/2025\/03\/IMG_4191-1024x683.jpg 1024w, https:\/\/ee.mlfmonde.org\/comilog\/wp-content\/uploads\/sites\/28\/2025\/03\/IMG_4191-300x200.jpg 300w, https:\/\/ee.mlfmonde.org\/comilog\/wp-content\/uploads\/sites\/28\/2025\/03\/IMG_4191-768x512.jpg 768w, https:\/\/ee.mlfmonde.org\/comilog\/wp-content\/uploads\/sites\/28\/2025\/03\/IMG_4191-1536x1024.jpg 1536w, https:\/\/ee.mlfmonde.org\/comilog\/wp-content\/uploads\/sites\/28\/2025\/03\/IMG_4191-2048x1365.jpg 2048w, https:\/\/ee.mlfmonde.org\/comilog\/wp-content\/uploads\/sites\/28\/2025\/03\/IMG_4191-570x380.jpg 570w\" sizes=\"(max-width: 1024px) 100vw, 1024px\" \/><figcaption class=\"wp-element-caption\">Une activit\u00e9 <strong>th\u00e9\u00e2tre<\/strong><\/figcaption><\/figure>\n\n\n\n<figure class=\"wp-block-image size-large\"><img decoding=\"async\" data-id=\"328\" src=\"https:\/\/ee.mlfmonde.org\/comilog\/wp-content\/uploads\/sites\/28\/2025\/03\/IMG_3833-1024x683.jpg\" alt=\"\" class=\"wp-image-328\" \/><figcaption class=\"wp-element-caption\"><strong>La recr\u00e9ation<\/strong><\/figcaption><\/figure>\n\n\n\n<figure class=\"wp-block-image size-large\"><img loading=\"lazy\" decoding=\"async\" width=\"1024\" height=\"768\" data-id=\"112\" src=\"https:\/\/ee.mlfmonde.org\/comilog\/wp-content\/uploads\/sites\/28\/2025\/02\/IMG_0157-1024x768.jpeg\" alt=\"\" class=\"wp-image-112\" srcset=\"https:\/\/ee.mlfmonde.org\/comilog\/wp-content\/uploads\/sites\/28\/2025\/02\/IMG_0157-1024x768.jpeg 1024w, https:\/\/ee.mlfmonde.org\/comilog\/wp-content\/uploads\/sites\/28\/2025\/02\/IMG_0157-300x225.jpeg 300w, https:\/\/ee.mlfmonde.org\/comilog\/wp-content\/uploads\/sites\/28\/2025\/02\/IMG_0157-768x576.jpeg 768w, https:\/\/ee.mlfmonde.org\/comilog\/wp-content\/uploads\/sites\/28\/2025\/02\/IMG_0157-1536x1152.jpeg 1536w, https:\/\/ee.mlfmonde.org\/comilog\/wp-content\/uploads\/sites\/28\/2025\/02\/IMG_0157-2048x1536.jpeg 2048w, https:\/\/ee.mlfmonde.org\/comilog\/wp-content\/uploads\/sites\/28\/2025\/02\/IMG_0157-570x428.jpeg 570w\" sizes=\"(max-width: 1024px) 100vw, 1024px\" \/><figcaption class=\"wp-element-caption\"><strong>Je trace, je mesure<\/strong><\/figcaption><\/figure>\n\n\n\n<figure class=\"wp-block-image size-large\"><img loading=\"lazy\" decoding=\"async\" width=\"1024\" height=\"768\" data-id=\"114\" src=\"https:\/\/ee.mlfmonde.org\/comilog\/wp-content\/uploads\/sites\/28\/2025\/02\/IMG_0284-1024x768.jpeg\" alt=\"\" class=\"wp-image-114\" srcset=\"https:\/\/ee.mlfmonde.org\/comilog\/wp-content\/uploads\/sites\/28\/2025\/02\/IMG_0284-1024x768.jpeg 1024w, https:\/\/ee.mlfmonde.org\/comilog\/wp-content\/uploads\/sites\/28\/2025\/02\/IMG_0284-300x225.jpeg 300w, https:\/\/ee.mlfmonde.org\/comilog\/wp-content\/uploads\/sites\/28\/2025\/02\/IMG_0284-768x576.jpeg 768w, https:\/\/ee.mlfmonde.org\/comilog\/wp-content\/uploads\/sites\/28\/2025\/02\/IMG_0284-1536x1152.jpeg 1536w, https:\/\/ee.mlfmonde.org\/comilog\/wp-content\/uploads\/sites\/28\/2025\/02\/IMG_0284-2048x1536.jpeg 2048w, https:\/\/ee.mlfmonde.org\/comilog\/wp-content\/uploads\/sites\/28\/2025\/02\/IMG_0284-570x428.jpeg 570w\" sizes=\"(max-width: 1024px) 100vw, 1024px\" \/><figcaption class=\"wp-element-caption\"><strong>Jouer et r\u00e9fl\u00e9chir <\/strong><\/figcaption><\/figure>\n\n\n\n<figure class=\"wp-block-image size-large\"><img loading=\"lazy\" decoding=\"async\" width=\"1024\" height=\"768\" data-id=\"113\" src=\"https:\/\/ee.mlfmonde.org\/comilog\/wp-content\/uploads\/sites\/28\/2025\/02\/IMG_0233-1024x768.jpeg\" alt=\"\" class=\"wp-image-113\" srcset=\"https:\/\/ee.mlfmonde.org\/comilog\/wp-content\/uploads\/sites\/28\/2025\/02\/IMG_0233-1024x768.jpeg 1024w, https:\/\/ee.mlfmonde.org\/comilog\/wp-content\/uploads\/sites\/28\/2025\/02\/IMG_0233-300x225.jpeg 300w, https:\/\/ee.mlfmonde.org\/comilog\/wp-content\/uploads\/sites\/28\/2025\/02\/IMG_0233-768x576.jpeg 768w, https:\/\/ee.mlfmonde.org\/comilog\/wp-content\/uploads\/sites\/28\/2025\/02\/IMG_0233-1536x1152.jpeg 1536w, https:\/\/ee.mlfmonde.org\/comilog\/wp-content\/uploads\/sites\/28\/2025\/02\/IMG_0233-2048x1536.jpeg 2048w, https:\/\/ee.mlfmonde.org\/comilog\/wp-content\/uploads\/sites\/28\/2025\/02\/IMG_0233-570x428.jpeg 570w\" sizes=\"(max-width: 1024px) 100vw, 1024px\" \/><figcaption class=\"wp-element-caption\"><strong>Les architectes de l\u2019Imaginaire<\/strong><\/figcaption><\/figure>\n<\/figure>\n\n\n\n<figure class=\"wp-block-gallery has-nested-images columns-default is-cropped wp-block-gallery-2 is-layout-flex wp-block-gallery-is-layout-flex\">\n<figure class=\"wp-block-image size-large\"><img loading=\"lazy\" decoding=\"async\" width=\"1024\" height=\"683\" data-id=\"1537\" src=\"https:\/\/ee.mlfmonde.org\/comilog\/wp-content\/uploads\/sites\/28\/2025\/04\/IMG_4131-1024x683.jpg\" alt=\"\" class=\"wp-image-1537\" srcset=\"https:\/\/ee.mlfmonde.org\/comilog\/wp-content\/uploads\/sites\/28\/2025\/04\/IMG_4131-1024x683.jpg 1024w, https:\/\/ee.mlfmonde.org\/comilog\/wp-content\/uploads\/sites\/28\/2025\/04\/IMG_4131-300x200.jpg 300w, https:\/\/ee.mlfmonde.org\/comilog\/wp-content\/uploads\/sites\/28\/2025\/04\/IMG_4131-768x512.jpg 768w, https:\/\/ee.mlfmonde.org\/comilog\/wp-content\/uploads\/sites\/28\/2025\/04\/IMG_4131-1536x1024.jpg 1536w, https:\/\/ee.mlfmonde.org\/comilog\/wp-content\/uploads\/sites\/28\/2025\/04\/IMG_4131-2048x1365.jpg 2048w, https:\/\/ee.mlfmonde.org\/comilog\/wp-content\/uploads\/sites\/28\/2025\/04\/IMG_4131-570x380.jpg 570w\" sizes=\"(max-width: 1024px) 100vw, 1024px\" \/><figcaption class=\"wp-element-caption\"><strong>Allong\u00e9s, mais l\u2019esprit en \u00e9veil<\/strong><\/figcaption><\/figure>\n\n\n\n<figure class=\"wp-block-image size-large\"><img loading=\"lazy\" decoding=\"async\" width=\"1024\" height=\"683\" data-id=\"1518\" src=\"https:\/\/ee.mlfmonde.org\/comilog\/wp-content\/uploads\/sites\/28\/2025\/03\/IMG_3905-1-1024x683.jpg\" alt=\"\" class=\"wp-image-1518\" srcset=\"https:\/\/ee.mlfmonde.org\/comilog\/wp-content\/uploads\/sites\/28\/2025\/03\/IMG_3905-1-1024x683.jpg 1024w, https:\/\/ee.mlfmonde.org\/comilog\/wp-content\/uploads\/sites\/28\/2025\/03\/IMG_3905-1-300x200.jpg 300w, https:\/\/ee.mlfmonde.org\/comilog\/wp-content\/uploads\/sites\/28\/2025\/03\/IMG_3905-1-768x512.jpg 768w, https:\/\/ee.mlfmonde.org\/comilog\/wp-content\/uploads\/sites\/28\/2025\/03\/IMG_3905-1-1536x1024.jpg 1536w, https:\/\/ee.mlfmonde.org\/comilog\/wp-content\/uploads\/sites\/28\/2025\/03\/IMG_3905-1-2048x1365.jpg 2048w, https:\/\/ee.mlfmonde.org\/comilog\/wp-content\/uploads\/sites\/28\/2025\/03\/IMG_3905-1-570x380.jpg 570w\" sizes=\"(max-width: 1024px) 100vw, 1024px\" \/><figcaption class=\"wp-element-caption\"><strong>Une le\u00e7on au grand air<\/strong><\/figcaption><\/figure>\n\n\n\n<figure class=\"wp-block-image size-large\"><img loading=\"lazy\" decoding=\"async\" width=\"1024\" height=\"620\" data-id=\"1293\" src=\"https:\/\/ee.mlfmonde.org\/comilog\/wp-content\/uploads\/sites\/28\/2025\/03\/WhatsApp-Image-2025-03-17-at-13.14.29_17e27d7e-1024x620.jpg\" alt=\"\" class=\"wp-image-1293\" srcset=\"https:\/\/ee.mlfmonde.org\/comilog\/wp-content\/uploads\/sites\/28\/2025\/03\/WhatsApp-Image-2025-03-17-at-13.14.29_17e27d7e-1024x620.jpg 1024w, https:\/\/ee.mlfmonde.org\/comilog\/wp-content\/uploads\/sites\/28\/2025\/03\/WhatsApp-Image-2025-03-17-at-13.14.29_17e27d7e-300x182.jpg 300w, https:\/\/ee.mlfmonde.org\/comilog\/wp-content\/uploads\/sites\/28\/2025\/03\/WhatsApp-Image-2025-03-17-at-13.14.29_17e27d7e-768x465.jpg 768w, https:\/\/ee.mlfmonde.org\/comilog\/wp-content\/uploads\/sites\/28\/2025\/03\/WhatsApp-Image-2025-03-17-at-13.14.29_17e27d7e-1536x931.jpg 1536w, https:\/\/ee.mlfmonde.org\/comilog\/wp-content\/uploads\/sites\/28\/2025\/03\/WhatsApp-Image-2025-03-17-at-13.14.29_17e27d7e-2048x1241.jpg 2048w, https:\/\/ee.mlfmonde.org\/comilog\/wp-content\/uploads\/sites\/28\/2025\/03\/WhatsApp-Image-2025-03-17-at-13.14.29_17e27d7e-570x345.jpg 570w\" sizes=\"(max-width: 1024px) 100vw, 1024px\" \/><figcaption class=\"wp-element-caption\"><strong>Histoires \u00e0 \u00c9couter, histoires \u00e0 raconter<\/strong><\/figcaption><\/figure>\n<\/figure>\n\n\n\n<p class=\"has-medium-font-size\">apprendre ne se limite pas \u00e0 la salle de classe. Chaque moment est une opportunit\u00e9 : dans le jardin p\u00e9dagogique, lors des activit\u00e9s en plein air, en jouant, en discutant, en questionnant\u2026 l\u2019apprentissage est vivant, partout et tout le temps.<\/p>\n","protected":false},"excerpt":{"rendered":"<p>La vie scolaire est rythm\u00e9e par un environnement dynamique, structur\u00e9 et enrichissant, offrant \u00e0 chaque \u00e9l\u00e8ve un cadre id\u00e9al pour apprendre et s\u2019\u00e9panouir pleinement. Les journ\u00e9es sont organis\u00e9es de mani\u00e8re \u00e0 alterner entre temps d\u2019apprentissages, moments de d\u00e9tente. Le jeu est aussi un support d&#8217;apprentissage. Une journ\u00e9e scolaire doit \u00eatre \u00e9quilibr\u00e9e. Chaque journ\u00e9e scolaire est [&hellip;]<\/p>\n","protected":false},"author":166,"featured_media":1816,"parent":0,"menu_order":0,"comment_status":"closed","ping_status":"closed","template":"","meta":{"_acf_changed":false,"footnotes":""},"class_list":["post-2625","page","type-page","status-publish","has-post-thumbnail","czr-hentry"],"acf":[],"_links":{"self":[{"href":"https:\/\/ee.mlfmonde.org\/comilog\/wp-json\/wp\/v2\/pages\/2625","targetHints":{"allow":["GET"]}}],"collection":[{"href":"https:\/\/ee.mlfmonde.org\/comilog\/wp-json\/wp\/v2\/pages"}],"about":[{"href":"https:\/\/ee.mlfmonde.org\/comilog\/wp-json\/wp\/v2\/types\/page"}],"author":[{"embeddable":true,"href":"https:\/\/ee.mlfmonde.org\/comilog\/wp-json\/wp\/v2\/users\/166"}],"replies":[{"embeddable":true,"href":"https:\/\/ee.mlfmonde.org\/comilog\/wp-json\/wp\/v2\/comments?post=2625"}],"version-history":[{"count":2,"href":"https:\/\/ee.mlfmonde.org\/comilog\/wp-json\/wp\/v2\/pages\/2625\/revisions"}],"predecessor-version":[{"id":2755,"href":"https:\/\/ee.mlfmonde.org\/comilog\/wp-json\/wp\/v2\/pages\/2625\/revisions\/2755"}],"wp:featuredmedia":[{"embeddable":true,"href":"https:\/\/ee.mlfmonde.org\/comilog\/wp-json\/wp\/v2\/media\/1816"}],"wp:attachment":[{"href":"https:\/\/ee.mlfmonde.org\/comilog\/wp-json\/wp\/v2\/media?parent=2625"}],"curies":[{"name":"wp","href":"https:\/\/api.w.org\/{rel}","templated":true}]}}