{"id":2516,"date":"2025-05-16T11:00:56","date_gmt":"2025-05-16T11:00:56","guid":{"rendered":"https:\/\/ee.mlfmonde.org\/comilog\/?page_id=2516"},"modified":"2026-04-02T17:10:55","modified_gmt":"2026-04-02T17:10:55","slug":"%f0%9f%97%9e%ef%b8%8f-actualites-a-la-une","status":"publish","type":"page","link":"https:\/\/ee.mlfmonde.org\/comilog\/%f0%9f%97%9e%ef%b8%8f-actualites-a-la-une\/","title":{"rendered":"\ud83d\uddde\ufe0f Actualit\u00e9s"},"content":{"rendered":"\n<p class=\"@keyframes rotationZoom { 0% transform: scale(1) rotate(0deg); } 50% scale(1.05) rotate(1deg); 100% .texte-anim\u00e9 display: inline-block; animation: 3s ease-in-out infinite; transition: all 0.3s ease-in-out; color: #333; has-white-background-color has-background has-medium-font-size\"><\/p>\n\n\n\n<div class=\"wp-block-media-text is-stacked-on-mobile\" style=\"grid-template-columns:30% auto\"><figure class=\"wp-block-media-text__media\"><img fetchpriority=\"high\" decoding=\"async\" width=\"1024\" height=\"683\" src=\"http:\/\/ee.mlfmonde.org\/comilog\/wp-content\/uploads\/sites\/28\/2025\/06\/IMG_7040-1024x683.jpg\" alt=\"\" class=\"wp-image-2928 size-full\" srcset=\"https:\/\/ee.mlfmonde.org\/comilog\/wp-content\/uploads\/sites\/28\/2025\/06\/IMG_7040-1024x683.jpg 1024w, https:\/\/ee.mlfmonde.org\/comilog\/wp-content\/uploads\/sites\/28\/2025\/06\/IMG_7040-300x200.jpg 300w, https:\/\/ee.mlfmonde.org\/comilog\/wp-content\/uploads\/sites\/28\/2025\/06\/IMG_7040-768x512.jpg 768w, https:\/\/ee.mlfmonde.org\/comilog\/wp-content\/uploads\/sites\/28\/2025\/06\/IMG_7040-1536x1024.jpg 1536w, https:\/\/ee.mlfmonde.org\/comilog\/wp-content\/uploads\/sites\/28\/2025\/06\/IMG_7040-2048x1365.jpg 2048w, https:\/\/ee.mlfmonde.org\/comilog\/wp-content\/uploads\/sites\/28\/2025\/06\/IMG_7040-570x380.jpg 570w\" sizes=\"(max-width: 1024px) 100vw, 1024px\" \/><\/figure><div class=\"wp-block-media-text__content\">\n<p class=\"has-medium-font-size\"><a href=\"https:\/\/ee.mlfmonde.org\/comilog\/\ud83c\udfad-un-final-haut-en-couleurs-pour-cloturer-lannee-scolaire-2024-2025\/\">\ud83c\udfad Un final haut en couleurs pour cl\u00f4turer l\u2019ann\u00e9e scolaire 2024-2025!<\/a><\/p>\n\n\n\n<p class=\"has-medium-font-size\">19 juin 2025<\/p>\n<\/div><\/div>\n\n\n\n<p><\/p>\n\n\n\n<div class=\"wp-block-media-text is-stacked-on-mobile\" style=\"grid-template-columns:30% auto\"><figure class=\"wp-block-media-text__media\"><img decoding=\"async\" width=\"1024\" height=\"768\" src=\"http:\/\/ee.mlfmonde.org\/comilog\/wp-content\/uploads\/sites\/28\/2025\/06\/IMG-20250611-WA0017-1024x768.jpg\" alt=\"\" class=\"wp-image-2892 size-full\" srcset=\"https:\/\/ee.mlfmonde.org\/comilog\/wp-content\/uploads\/sites\/28\/2025\/06\/IMG-20250611-WA0017-1024x768.jpg 1024w, https:\/\/ee.mlfmonde.org\/comilog\/wp-content\/uploads\/sites\/28\/2025\/06\/IMG-20250611-WA0017-300x225.jpg 300w, https:\/\/ee.mlfmonde.org\/comilog\/wp-content\/uploads\/sites\/28\/2025\/06\/IMG-20250611-WA0017-768x576.jpg 768w, https:\/\/ee.mlfmonde.org\/comilog\/wp-content\/uploads\/sites\/28\/2025\/06\/IMG-20250611-WA0017-1536x1152.jpg 1536w, https:\/\/ee.mlfmonde.org\/comilog\/wp-content\/uploads\/sites\/28\/2025\/06\/IMG-20250611-WA0017-570x428.jpg 570w, https:\/\/ee.mlfmonde.org\/comilog\/wp-content\/uploads\/sites\/28\/2025\/06\/IMG-20250611-WA0017.jpg 1600w\" sizes=\"(max-width: 1024px) 100vw, 1024px\" \/><\/figure><div class=\"wp-block-media-text__content\">\n<p class=\"has-medium-font-size\"><a href=\"https:\/\/ee.mlfmonde.org\/comilog\/%f0%9f%a5%96-a-la-decouverte-de-la-boulangerie-une-sortie-pedagogique-savoureuse\/\" data-type=\"page\" data-id=\"2885\">\u00c0 la d\u00e9couverte de la boulangerie : une sortie p\u00e9dagogique savoureuse<\/a><\/p>\n\n\n\n<p class=\"has-medium-font-size\">16 juin 2025<\/p>\n<\/div><\/div>\n\n\n\n<p><\/p>\n\n\n\n<div class=\"wp-block-media-text is-stacked-on-mobile\" style=\"grid-template-columns:30% auto\"><figure class=\"wp-block-media-text__media\"><img decoding=\"async\" width=\"1024\" height=\"683\" src=\"http:\/\/ee.mlfmonde.org\/comilog\/wp-content\/uploads\/sites\/28\/2025\/06\/IMG_6518-1024x683.jpg\" alt=\"\" class=\"wp-image-2843 size-full\" srcset=\"https:\/\/ee.mlfmonde.org\/comilog\/wp-content\/uploads\/sites\/28\/2025\/06\/IMG_6518-1024x683.jpg 1024w, https:\/\/ee.mlfmonde.org\/comilog\/wp-content\/uploads\/sites\/28\/2025\/06\/IMG_6518-300x200.jpg 300w, https:\/\/ee.mlfmonde.org\/comilog\/wp-content\/uploads\/sites\/28\/2025\/06\/IMG_6518-768x512.jpg 768w, https:\/\/ee.mlfmonde.org\/comilog\/wp-content\/uploads\/sites\/28\/2025\/06\/IMG_6518-1536x1024.jpg 1536w, https:\/\/ee.mlfmonde.org\/comilog\/wp-content\/uploads\/sites\/28\/2025\/06\/IMG_6518-2048x1365.jpg 2048w, https:\/\/ee.mlfmonde.org\/comilog\/wp-content\/uploads\/sites\/28\/2025\/06\/IMG_6518-570x380.jpg 570w\" sizes=\"(max-width: 1024px) 100vw, 1024px\" \/><\/figure><div class=\"wp-block-media-text__content\">\n<p class=\"has-vivid-red-color has-text-color has-link-color has-medium-font-size wp-elements-89c0897f668c445c3bf10f2af1913c91\"><\/p>\n\n\n\n<p class=\"has-medium-font-size\"><a href=\"https:\/\/ee.mlfmonde.org\/comilog\/\u26bd-tournoi-de-football-une-matinee-sous-le-signe-du-sport-et-de-la-convivialite\/\">\u26bd Le tournoi de football, une matin\u00e9e sous le signe du sport et de la convivialit\u00e9 !<\/a><\/p>\n\n\n\n<p>31 MAI 2025<\/p>\n<\/div><\/div>\n\n\n\n<p><\/p>\n\n\n\n<p><\/p>\n\n\n\n<div class=\"wp-block-media-text is-stacked-on-mobile\" style=\"grid-template-columns:30% auto\"><figure class=\"wp-block-media-text__media\"><img loading=\"lazy\" decoding=\"async\" width=\"1024\" height=\"683\" src=\"http:\/\/ee.mlfmonde.org\/comilog\/wp-content\/uploads\/sites\/28\/2025\/06\/IMG_6469-1-1024x683.jpg\" alt=\"\" class=\"wp-image-2855 size-full\" srcset=\"https:\/\/ee.mlfmonde.org\/comilog\/wp-content\/uploads\/sites\/28\/2025\/06\/IMG_6469-1-1024x683.jpg 1024w, https:\/\/ee.mlfmonde.org\/comilog\/wp-content\/uploads\/sites\/28\/2025\/06\/IMG_6469-1-300x200.jpg 300w, https:\/\/ee.mlfmonde.org\/comilog\/wp-content\/uploads\/sites\/28\/2025\/06\/IMG_6469-1-768x512.jpg 768w, https:\/\/ee.mlfmonde.org\/comilog\/wp-content\/uploads\/sites\/28\/2025\/06\/IMG_6469-1-1536x1024.jpg 1536w, https:\/\/ee.mlfmonde.org\/comilog\/wp-content\/uploads\/sites\/28\/2025\/06\/IMG_6469-1-2048x1365.jpg 2048w, https:\/\/ee.mlfmonde.org\/comilog\/wp-content\/uploads\/sites\/28\/2025\/06\/IMG_6469-1-570x380.jpg 570w\" sizes=\"(max-width: 1024px) 100vw, 1024px\" \/><\/figure><div class=\"wp-block-media-text__content\">\n<p class=\"has-vivid-red-color has-text-color has-link-color has-medium-font-size wp-elements-89c0897f668c445c3bf10f2af1913c91\"><\/p>\n\n\n\n<p class=\"has-medium-font-size\"><a href=\"https:\/\/ee.mlfmonde.org\/comilog\/\ud83c\udf3f-creer-avec-le-souffle-des-arbres-extraordinaires-au-cafe\/\">\ud83c\udf3f Cr\u00e9er avec le souffle : des arbres extraordinaires au caf\u00e9 !<\/a><\/p>\n\n\n\n<p>26 MAI<\/p>\n<\/div><\/div>\n\n\n\n<p><\/p>\n\n\n\n<div class=\"wp-block-media-text is-stacked-on-mobile\" style=\"grid-template-columns:30% auto\"><figure class=\"wp-block-media-text__media\"><img loading=\"lazy\" decoding=\"async\" width=\"1024\" height=\"683\" src=\"http:\/\/ee.mlfmonde.org\/comilog\/wp-content\/uploads\/sites\/28\/2025\/06\/IMG_6365-1024x683.jpg\" alt=\"\" class=\"wp-image-2807 size-full\" srcset=\"https:\/\/ee.mlfmonde.org\/comilog\/wp-content\/uploads\/sites\/28\/2025\/06\/IMG_6365-1024x683.jpg 1024w, https:\/\/ee.mlfmonde.org\/comilog\/wp-content\/uploads\/sites\/28\/2025\/06\/IMG_6365-300x200.jpg 300w, https:\/\/ee.mlfmonde.org\/comilog\/wp-content\/uploads\/sites\/28\/2025\/06\/IMG_6365-768x512.jpg 768w, https:\/\/ee.mlfmonde.org\/comilog\/wp-content\/uploads\/sites\/28\/2025\/06\/IMG_6365-1536x1024.jpg 1536w, https:\/\/ee.mlfmonde.org\/comilog\/wp-content\/uploads\/sites\/28\/2025\/06\/IMG_6365-2048x1365.jpg 2048w, https:\/\/ee.mlfmonde.org\/comilog\/wp-content\/uploads\/sites\/28\/2025\/06\/IMG_6365-570x380.jpg 570w\" sizes=\"(max-width: 1024px) 100vw, 1024px\" \/><\/figure><div class=\"wp-block-media-text__content\">\n<p class=\"has-vivid-red-color has-white-background-color has-text-color has-background has-link-color has-medium-font-size wp-elements-9eaeff196c4369e31dd2996ca55a2853\"><\/p>\n\n\n\n<p class=\"has-medium-font-size\"><a href=\"https:\/\/ee.mlfmonde.org\/comilog\/%f0%9f%93%9a-lecture-interactive-le-doudou-de-syabo\/\">\ud83d\udcda Lecture interactive : Le doudou de Syabo<\/a><\/p>\n\n\n\n<p>22 MAI 2025<\/p>\n<\/div><\/div>\n\n\n\n<p><\/p>\n\n\n\n<div class=\"wp-block-media-text is-stacked-on-mobile\" style=\"grid-template-columns:30% auto\"><figure class=\"wp-block-media-text__media\"><img loading=\"lazy\" decoding=\"async\" width=\"1024\" height=\"683\" src=\"http:\/\/ee.mlfmonde.org\/comilog\/wp-content\/uploads\/sites\/28\/2025\/05\/IMG_6318-1024x683.jpg\" alt=\"\" class=\"wp-image-2760 size-full\" srcset=\"https:\/\/ee.mlfmonde.org\/comilog\/wp-content\/uploads\/sites\/28\/2025\/05\/IMG_6318-1024x683.jpg 1024w, https:\/\/ee.mlfmonde.org\/comilog\/wp-content\/uploads\/sites\/28\/2025\/05\/IMG_6318-300x200.jpg 300w, https:\/\/ee.mlfmonde.org\/comilog\/wp-content\/uploads\/sites\/28\/2025\/05\/IMG_6318-768x512.jpg 768w, https:\/\/ee.mlfmonde.org\/comilog\/wp-content\/uploads\/sites\/28\/2025\/05\/IMG_6318-1536x1024.jpg 1536w, https:\/\/ee.mlfmonde.org\/comilog\/wp-content\/uploads\/sites\/28\/2025\/05\/IMG_6318-2048x1365.jpg 2048w, https:\/\/ee.mlfmonde.org\/comilog\/wp-content\/uploads\/sites\/28\/2025\/05\/IMG_6318-570x380.jpg 570w\" sizes=\"(max-width: 1024px) 100vw, 1024px\" \/><\/figure><div class=\"wp-block-media-text__content\">\n<p class=\"has-vivid-red-color has-white-background-color has-text-color has-background has-link-color has-medium-font-size wp-elements-440859c9c8410f163bc0542c0f806ddb\"><\/p>\n\n\n\n<p class=\"has-medium-font-size\"><a href=\"https:\/\/ee.mlfmonde.org\/comilog\/visite-de-la-direction-de-la-mission-laique-francaise\/\">Visite de la direction de la mission la\u00efque fran\u00e7aise<\/a> <\/p>\n\n\n\n<p class=\"has-medium-font-size\">21 Mai 2025<\/p>\n\n\n\n<p class=\"has-small-font-size\"><\/p>\n<\/div><\/div>\n\n\n\n<p><\/p>\n\n\n\n<p class=\"has-vivid-red-color has-white-background-color has-text-color has-background has-link-color has-medium-font-size wp-elements-440859c9c8410f163bc0542c0f806ddb\"><\/p>\n\n\n\n<div class=\"wp-block-media-text is-stacked-on-mobile\" style=\"grid-template-columns:30% auto\"><figure class=\"wp-block-media-text__media\"><img loading=\"lazy\" decoding=\"async\" width=\"1024\" height=\"512\" src=\"http:\/\/ee.mlfmonde.org\/comilog\/wp-content\/uploads\/sites\/28\/2025\/05\/96-1024x512.jpg\" alt=\"\" class=\"wp-image-2088 size-full\" srcset=\"https:\/\/ee.mlfmonde.org\/comilog\/wp-content\/uploads\/sites\/28\/2025\/05\/96-1024x512.jpg 1024w, https:\/\/ee.mlfmonde.org\/comilog\/wp-content\/uploads\/sites\/28\/2025\/05\/96-300x150.jpg 300w, https:\/\/ee.mlfmonde.org\/comilog\/wp-content\/uploads\/sites\/28\/2025\/05\/96-768x384.jpg 768w, https:\/\/ee.mlfmonde.org\/comilog\/wp-content\/uploads\/sites\/28\/2025\/05\/96-1536x768.jpg 1536w, https:\/\/ee.mlfmonde.org\/comilog\/wp-content\/uploads\/sites\/28\/2025\/05\/96-2048x1024.jpg 2048w, https:\/\/ee.mlfmonde.org\/comilog\/wp-content\/uploads\/sites\/28\/2025\/05\/96-570x285.jpg 570w\" sizes=\"(max-width: 1024px) 100vw, 1024px\" \/><\/figure><div class=\"wp-block-media-text__content\">\n<p class=\"has-medium-font-size\"><a href=\"https:\/\/ee.mlfmonde.org\/comilog\/une-visite-de-marque-a-lecole-primaire-mlf-comilog\/\">Une visite de marque \u00e0 l\u2019\u00c9cole , Leod Paul BATOLO et Paulo CASTERALLI<\/a><\/p>\n\n\n\n<p>05 May 2025<\/p>\n<\/div><\/div>\n\n\n\n<p><\/p>\n\n\n\n<p class=\"has-vivid-red-color has-white-background-color has-text-color has-background has-link-color has-medium-font-size wp-elements-440859c9c8410f163bc0542c0f806ddb\"><\/p>\n\n\n\n<div class=\"wp-block-media-text is-stacked-on-mobile\" style=\"grid-template-columns:30% auto\"><figure class=\"wp-block-media-text__media\"><img loading=\"lazy\" decoding=\"async\" width=\"1024\" height=\"512\" src=\"http:\/\/ee.mlfmonde.org\/comilog\/wp-content\/uploads\/sites\/28\/2025\/05\/Opening-Soon-27-1024x512.png\" alt=\"\" class=\"wp-image-2295 size-full\" srcset=\"https:\/\/ee.mlfmonde.org\/comilog\/wp-content\/uploads\/sites\/28\/2025\/05\/Opening-Soon-27-1024x512.png 1024w, https:\/\/ee.mlfmonde.org\/comilog\/wp-content\/uploads\/sites\/28\/2025\/05\/Opening-Soon-27-300x150.png 300w, https:\/\/ee.mlfmonde.org\/comilog\/wp-content\/uploads\/sites\/28\/2025\/05\/Opening-Soon-27-768x384.png 768w, https:\/\/ee.mlfmonde.org\/comilog\/wp-content\/uploads\/sites\/28\/2025\/05\/Opening-Soon-27-1536x768.png 1536w, https:\/\/ee.mlfmonde.org\/comilog\/wp-content\/uploads\/sites\/28\/2025\/05\/Opening-Soon-27-2048x1024.png 2048w, https:\/\/ee.mlfmonde.org\/comilog\/wp-content\/uploads\/sites\/28\/2025\/05\/Opening-Soon-27-570x285.png 570w\" sizes=\"(max-width: 1024px) 100vw, 1024px\" \/><\/figure><div class=\"wp-block-media-text__content\">\n<p class=\"has-medium-font-size\"><a href=\"https:\/\/ee.mlfmonde.org\/comilog\/%f0%9f%8d%b3-atelier-cuisine-les-enfants-aux-fourneaux\/\">\ud83c\udf73 Atelier cuisine : les enfants aux fourneaux<\/a><\/p>\n\n\n\n<p>06 Mai 2025<\/p>\n<\/div><\/div>\n","protected":false},"excerpt":{"rendered":"<p>\ud83c\udfad Un final haut en couleurs pour cl\u00f4turer l\u2019ann\u00e9e scolaire 2024-2025! 19 juin 2025 \u00c0 la d\u00e9couverte de la boulangerie : une sortie p\u00e9dagogique savoureuse 16 juin 2025 \u26bd Le tournoi de football, une matin\u00e9e sous le signe du sport et de la convivialit\u00e9 ! 31 MAI 2025 \ud83c\udf3f Cr\u00e9er avec le souffle : des [&hellip;]<\/p>\n","protected":false},"author":166,"featured_media":0,"parent":0,"menu_order":0,"comment_status":"closed","ping_status":"closed","template":"","meta":{"_acf_changed":false,"footnotes":""},"class_list":["post-2516","page","type-page","status-publish","czr-hentry"],"acf":[],"_links":{"self":[{"href":"https:\/\/ee.mlfmonde.org\/comilog\/wp-json\/wp\/v2\/pages\/2516","targetHints":{"allow":["GET"]}}],"collection":[{"href":"https:\/\/ee.mlfmonde.org\/comilog\/wp-json\/wp\/v2\/pages"}],"about":[{"href":"https:\/\/ee.mlfmonde.org\/comilog\/wp-json\/wp\/v2\/types\/page"}],"author":[{"embeddable":true,"href":"https:\/\/ee.mlfmonde.org\/comilog\/wp-json\/wp\/v2\/users\/166"}],"replies":[{"embeddable":true,"href":"https:\/\/ee.mlfmonde.org\/comilog\/wp-json\/wp\/v2\/comments?post=2516"}],"version-history":[{"count":48,"href":"https:\/\/ee.mlfmonde.org\/comilog\/wp-json\/wp\/v2\/pages\/2516\/revisions"}],"predecessor-version":[{"id":4170,"href":"https:\/\/ee.mlfmonde.org\/comilog\/wp-json\/wp\/v2\/pages\/2516\/revisions\/4170"}],"wp:attachment":[{"href":"https:\/\/ee.mlfmonde.org\/comilog\/wp-json\/wp\/v2\/media?parent=2516"}],"curies":[{"name":"wp","href":"https:\/\/api.w.org\/{rel}","templated":true}]}}