{"id":2364,"date":"2025-05-15T06:57:45","date_gmt":"2025-05-15T06:57:45","guid":{"rendered":"https:\/\/ee.mlfmonde.org\/comilog\/?page_id=2364"},"modified":"2025-05-19T11:16:36","modified_gmt":"2025-05-19T11:16:36","slug":"%f0%9f%a4%9dnotre-etablissement-fait-partie-du-reseau-des-ecoles-de-la-mlf-mission-laique-francaise","status":"publish","type":"page","link":"https:\/\/ee.mlfmonde.org\/comilog\/%f0%9f%a4%9dnotre-etablissement-fait-partie-du-reseau-des-ecoles-de-la-mlf-mission-laique-francaise\/","title":{"rendered":"\ud83e\udd1dNotre \u00e9tablissement fait partie du r\u00e9seau des \u00e9coles de la MLF ( Mission La\u00efque Fran\u00e7aise)"},"content":{"rendered":"\n<p class=\"has-text-align-left has-white-background-color has-background has-medium-font-size\">La MLF cr\u00e9e des \u00e9coles, coll\u00e8ges et lyc\u00e9es \u00e0 travers le monde.<\/p>\n\n\n\n<p class=\"has-white-background-color has-background has-medium-font-size\">Le savoir-faire de l\u2019association a 120 ans : la Mlf agit dans des contextes nationaux divers, elle scolarise en majorit\u00e9 des enfants nationaux mais aussi des enfants fran\u00e7ais, notamment l\u00e0 o\u00f9 elle assure une mission de service public.<br><br>Elle s\u2019appuie pour ce faire sur des ressources humaines vari\u00e9es: : personnels fran\u00e7ais d\u00e9tach\u00e9s du minist\u00e8re de l\u2019\u00c9ducation nationale et de la Jeunesse, personnels nationaux de recrutement local qui constituent la majorit\u00e9 des professeurs.<br>La Mlf a acquis la conviction que l\u2019enseignement fran\u00e7ais hors de France (EFE : <em>enseignement fran\u00e7ais \u00e0 l\u2019\u00e9tranger<\/em>) ne peut qu\u2019\u00eatre inter-culturel et vecteur de coop\u00e9ration, au regard de ses conditions de mise en \u0153uvre dans des pays souverains.<br>Ses \u00e9quilibres et les conditions de son avenir d\u00e9terminent une proactivit\u00e9 pour que le programme fran\u00e7ais reste attractif, ce qui suppose de relever quelques d\u00e9fis.<br>Par ailleurs, le r\u00e9seau mlfmonde conduit des actions de coop\u00e9ration \u00e9ducative notamment \u00e0 la demande du minist\u00e8re de l\u2019Europe et des Affaires \u00e9trang\u00e8res qui la sollicite pour cr\u00e9er des \u00e9tablissements scolaires, parfois dans l\u2019urgence, en raison de sa capacit\u00e9 de r\u00e9action et de sa souplesse de gestion.<\/p>\n\n\n\n<p class=\"has-medium-font-size\"><strong>Un r\u00e9seau d\u2019\u00e9tablissements<\/strong><\/p>\n\n\n\n<p class=\"has-medium-font-size\">Depuis 1902, le r\u00e9seau mlfmonde est l\u2019acteur historique de l\u2019excellence \u00e9ducative \u00e0 la fran\u00e7aise sur les 5 continents.<strong> <a href=\"https:\/\/www.mlfmonde.org\/etablissements\/\" target=\"_blank\" rel=\"noreferrer noopener\">Implant\u00e9s dans 37 pays, ses 107 \u00e9coles, coll\u00e8ges et lyc\u00e9es<\/a> <\/strong>scolarisent plus de 62 000 \u00e9l\u00e8ves. En dialogue avec toutes les cultures et les langues, la MLF accompagne des \u00e9l\u00e8ves de toutes nationalit\u00e9s.<\/p>\n","protected":false},"excerpt":{"rendered":"<p>La MLF cr\u00e9e des \u00e9coles, coll\u00e8ges et lyc\u00e9es \u00e0 travers le monde. Le savoir-faire de l\u2019association a 120 ans : la Mlf agit dans des contextes nationaux divers, elle scolarise en majorit\u00e9 des enfants nationaux mais aussi des enfants fran\u00e7ais, notamment l\u00e0 o\u00f9 elle assure une mission de service public. Elle s\u2019appuie pour ce faire [&hellip;]<\/p>\n","protected":false},"author":166,"featured_media":0,"parent":0,"menu_order":0,"comment_status":"closed","ping_status":"closed","template":"","meta":{"_acf_changed":false,"footnotes":""},"class_list":["post-2364","page","type-page","status-publish","czr-hentry"],"acf":[],"_links":{"self":[{"href":"https:\/\/ee.mlfmonde.org\/comilog\/wp-json\/wp\/v2\/pages\/2364","targetHints":{"allow":["GET"]}}],"collection":[{"href":"https:\/\/ee.mlfmonde.org\/comilog\/wp-json\/wp\/v2\/pages"}],"about":[{"href":"https:\/\/ee.mlfmonde.org\/comilog\/wp-json\/wp\/v2\/types\/page"}],"author":[{"embeddable":true,"href":"https:\/\/ee.mlfmonde.org\/comilog\/wp-json\/wp\/v2\/users\/166"}],"replies":[{"embeddable":true,"href":"https:\/\/ee.mlfmonde.org\/comilog\/wp-json\/wp\/v2\/comments?post=2364"}],"version-history":[{"count":1,"href":"https:\/\/ee.mlfmonde.org\/comilog\/wp-json\/wp\/v2\/pages\/2364\/revisions"}],"predecessor-version":[{"id":2366,"href":"https:\/\/ee.mlfmonde.org\/comilog\/wp-json\/wp\/v2\/pages\/2364\/revisions\/2366"}],"wp:attachment":[{"href":"https:\/\/ee.mlfmonde.org\/comilog\/wp-json\/wp\/v2\/media?parent=2364"}],"curies":[{"name":"wp","href":"https:\/\/api.w.org\/{rel}","templated":true}]}}