{"id":2309,"date":"2025-05-14T09:21:53","date_gmt":"2025-05-14T09:21:53","guid":{"rendered":"https:\/\/ee.mlfmonde.org\/comilog\/?page_id=2309"},"modified":"2025-05-14T09:21:54","modified_gmt":"2025-05-14T09:21:54","slug":"%f0%9f%8c%bf-favoriser-les-apprentissages-en-petits-groupes","status":"publish","type":"page","link":"https:\/\/ee.mlfmonde.org\/comilog\/%f0%9f%8c%bf-favoriser-les-apprentissages-en-petits-groupes\/","title":{"rendered":"\ud83c\udf3f Favoriser les apprentissages en petits groupes."},"content":{"rendered":"\n<p class=\"has-text-align-left has-medium-font-size\">Des espaces de travail sont aussi am\u00e9nag\u00e9s en ext\u00e9rieur. Ils permettent de d\u00e9doubler les classes en certains moments de la journ\u00e9e. Une priorit\u00e9 pour offrir la possibilit\u00e9 de renforcer la maitrise de la langue. L&#8217;apprentissage de l&#8217;anglais est syst\u00e9matiquement conduit en demi groupe : une attention plus individualis\u00e9e du professeur, une meilleure participation des temps de prise de parole plus fr\u00e9quents pour les \u00e9l\u00e8ves, une p\u00e9dagogie plus diff\u00e9renci\u00e9e&#8230; donc de meilleures chances de maitriser la langue.<\/p>\n\n\n\n<p class=\"has-medium-font-size\">Pendant ce temps, l&#8217;autre moiti\u00e9 de la classe travaille \u00e9galement en effectif plus restreint, ce qui permet \u00e9galement un suivi plus personnalis\u00e9 pour les apprentissages fondamentaux.<\/p>\n\n\n\n<figure class=\"wp-block-gallery has-nested-images columns-default is-cropped wp-block-gallery-1 is-layout-flex wp-block-gallery-is-layout-flex\">\n<figure class=\"wp-block-image size-large\"><img fetchpriority=\"high\" decoding=\"async\" width=\"1024\" height=\"512\" data-id=\"1957\" src=\"https:\/\/ee.mlfmonde.org\/comilog\/wp-content\/uploads\/sites\/28\/2025\/02\/Opening-Soon-1-1024x512.jpg\" alt=\"\" class=\"wp-image-1957\" srcset=\"https:\/\/ee.mlfmonde.org\/comilog\/wp-content\/uploads\/sites\/28\/2025\/02\/Opening-Soon-1-1024x512.jpg 1024w, https:\/\/ee.mlfmonde.org\/comilog\/wp-content\/uploads\/sites\/28\/2025\/02\/Opening-Soon-1-300x150.jpg 300w, https:\/\/ee.mlfmonde.org\/comilog\/wp-content\/uploads\/sites\/28\/2025\/02\/Opening-Soon-1-768x384.jpg 768w, https:\/\/ee.mlfmonde.org\/comilog\/wp-content\/uploads\/sites\/28\/2025\/02\/Opening-Soon-1-1536x768.jpg 1536w, https:\/\/ee.mlfmonde.org\/comilog\/wp-content\/uploads\/sites\/28\/2025\/02\/Opening-Soon-1-2048x1024.jpg 2048w, https:\/\/ee.mlfmonde.org\/comilog\/wp-content\/uploads\/sites\/28\/2025\/02\/Opening-Soon-1-570x285.jpg 570w\" sizes=\"(max-width: 1024px) 100vw, 1024px\" \/><\/figure>\n\n\n\n<figure class=\"wp-block-image size-large\"><img decoding=\"async\" data-id=\"1894\" src=\"https:\/\/ee.mlfmonde.org\/comilog\/wp-content\/uploads\/sites\/28\/2025\/04\/IMG_5512-1024x683.jpg\" alt=\"\" class=\"wp-image-1894\" \/><\/figure>\n\n\n\n<figure class=\"wp-block-image size-large\"><img decoding=\"async\" width=\"1024\" height=\"683\" data-id=\"676\" src=\"https:\/\/ee.mlfmonde.org\/comilog\/wp-content\/uploads\/sites\/28\/2025\/03\/IMG_4183-1-1024x683.jpg\" alt=\"\" class=\"wp-image-676\" srcset=\"https:\/\/ee.mlfmonde.org\/comilog\/wp-content\/uploads\/sites\/28\/2025\/03\/IMG_4183-1-1024x683.jpg 1024w, https:\/\/ee.mlfmonde.org\/comilog\/wp-content\/uploads\/sites\/28\/2025\/03\/IMG_4183-1-300x200.jpg 300w, https:\/\/ee.mlfmonde.org\/comilog\/wp-content\/uploads\/sites\/28\/2025\/03\/IMG_4183-1-768x512.jpg 768w, https:\/\/ee.mlfmonde.org\/comilog\/wp-content\/uploads\/sites\/28\/2025\/03\/IMG_4183-1-1536x1024.jpg 1536w, https:\/\/ee.mlfmonde.org\/comilog\/wp-content\/uploads\/sites\/28\/2025\/03\/IMG_4183-1-2048x1365.jpg 2048w, https:\/\/ee.mlfmonde.org\/comilog\/wp-content\/uploads\/sites\/28\/2025\/03\/IMG_4183-1-570x380.jpg 570w\" sizes=\"(max-width: 1024px) 100vw, 1024px\" \/><\/figure>\n<\/figure>\n\n\n\n<p class=\"has-medium-font-size\">A d&#8217;autres moments de la semaine, pendant que les enseignants d\u2019\u00c9ducation Physique et Sportive prennent en charge les \u00e9l\u00e8ves d&#8217;une classe, l&#8217;enseignant titulaire de la classe, lib\u00e9r\u00e9 de ses \u00e9l\u00e8ves, intervient dans une autre classe. Ce dispositif mettant en \u0153uvre plus de maitres que de classes permet lui aussi une diff\u00e9renciation accrue qui permet de venir en aide aux \u00e9l\u00e8ves \u00e0 besoin, mais aussi la mise en place d&#8217;activit\u00e9s plus sp\u00e9cifiques avec deux enseignants simultan\u00e9ment pour une seule classe.<\/p>\n","protected":false},"excerpt":{"rendered":"<p>Des espaces de travail sont aussi am\u00e9nag\u00e9s en ext\u00e9rieur. Ils permettent de d\u00e9doubler les classes en certains moments de la journ\u00e9e. Une priorit\u00e9 pour offrir la possibilit\u00e9 de renforcer la maitrise de la langue. L&#8217;apprentissage de l&#8217;anglais est syst\u00e9matiquement conduit en demi groupe : une attention plus individualis\u00e9e du professeur, une meilleure participation des temps [&hellip;]<\/p>\n","protected":false},"author":166,"featured_media":0,"parent":0,"menu_order":0,"comment_status":"closed","ping_status":"closed","template":"","meta":{"_acf_changed":false,"footnotes":""},"class_list":["post-2309","page","type-page","status-publish","czr-hentry"],"acf":[],"_links":{"self":[{"href":"https:\/\/ee.mlfmonde.org\/comilog\/wp-json\/wp\/v2\/pages\/2309","targetHints":{"allow":["GET"]}}],"collection":[{"href":"https:\/\/ee.mlfmonde.org\/comilog\/wp-json\/wp\/v2\/pages"}],"about":[{"href":"https:\/\/ee.mlfmonde.org\/comilog\/wp-json\/wp\/v2\/types\/page"}],"author":[{"embeddable":true,"href":"https:\/\/ee.mlfmonde.org\/comilog\/wp-json\/wp\/v2\/users\/166"}],"replies":[{"embeddable":true,"href":"https:\/\/ee.mlfmonde.org\/comilog\/wp-json\/wp\/v2\/comments?post=2309"}],"version-history":[{"count":1,"href":"https:\/\/ee.mlfmonde.org\/comilog\/wp-json\/wp\/v2\/pages\/2309\/revisions"}],"predecessor-version":[{"id":2311,"href":"https:\/\/ee.mlfmonde.org\/comilog\/wp-json\/wp\/v2\/pages\/2309\/revisions\/2311"}],"wp:attachment":[{"href":"https:\/\/ee.mlfmonde.org\/comilog\/wp-json\/wp\/v2\/media?parent=2309"}],"curies":[{"name":"wp","href":"https:\/\/api.w.org\/{rel}","templated":true}]}}