{"id":2272,"date":"2025-05-13T10:35:36","date_gmt":"2025-05-13T10:35:36","guid":{"rendered":"https:\/\/ee.mlfmonde.org\/comilog\/?page_id=2272"},"modified":"2026-02-20T15:25:53","modified_gmt":"2026-02-20T15:25:53","slug":"la-vie-a-lecole","status":"publish","type":"page","link":"https:\/\/ee.mlfmonde.org\/comilog\/la-vie-a-lecole\/","title":{"rendered":"La vie \u00e0 l\u2019\u00e9cole"},"content":{"rendered":"\n<div class=\"wp-block-columns is-layout-flex wp-container-core-columns-is-layout-9d6595d7 wp-block-columns-is-layout-flex\">\n<div class=\"wp-block-column is-layout-flow wp-block-column-is-layout-flow\">\n<figure class=\"wp-block-embed is-type-wp-embed is-provider-cole-primaire-mlf-comilog wp-block-embed-cole-primaire-mlf-comilog\"><div class=\"wp-block-embed__wrapper\">\n<blockquote class=\"wp-embedded-content\" data-secret=\"fko4b1X5hb\"><a href=\"https:\/\/ee.mlfmonde.org\/comilog\/carnaval-a-lecole-une-journee-haute-en-couleurs\/\">Carnaval \u00e0 l\u2019\u00e9cole : une journ\u00e9e haute en couleurs !<\/a><\/blockquote><iframe class=\"wp-embedded-content\" sandbox=\"allow-scripts\" security=\"restricted\" style=\"position: absolute; visibility: hidden;\" title=\"&#8220;Carnaval \u00e0 l\u2019\u00e9cole : une journ\u00e9e haute en couleurs !&#8221; &#8212; \u00c9cole Primaire MLF COMILOG\" src=\"https:\/\/ee.mlfmonde.org\/comilog\/carnaval-a-lecole-une-journee-haute-en-couleurs\/embed\/#?secret=eVwbjW7HLN#?secret=fko4b1X5hb\" data-secret=\"fko4b1X5hb\" width=\"600\" height=\"338\" frameborder=\"0\" marginwidth=\"0\" marginheight=\"0\" scrolling=\"no\"><\/iframe>\n<\/div><\/figure>\n<\/div>\n\n\n\n<div class=\"wp-block-column is-layout-flow wp-block-column-is-layout-flow\"><\/div>\n<\/div>\n\n\n\n<div class=\"wp-block-columns is-layout-flex wp-container-core-columns-is-layout-9d6595d7 wp-block-columns-is-layout-flex\">\n<div class=\"wp-block-column is-layout-flow wp-block-column-is-layout-flow\">\n<figure class=\"wp-block-embed is-type-wp-embed is-provider-cole-primaire-mlf-comilog wp-block-embed-cole-primaire-mlf-comilog\"><div class=\"wp-block-embed__wrapper\">\nhttps:\/\/ee.mlfmonde.org\/comilog\/atelier-cookies-en-ce2-b-quand-les-petits-gourmands-perdent-patience\n<\/div><\/figure>\n<\/div>\n\n\n\n<div class=\"wp-block-column is-layout-flow wp-block-column-is-layout-flow\">\n<figure class=\"wp-block-embed is-type-wp-embed is-provider-cole-primaire-mlf-comilog wp-block-embed-cole-primaire-mlf-comilog\"><div class=\"wp-block-embed__wrapper\">\n<blockquote class=\"wp-embedded-content\" data-secret=\"CiJ09szSd4\"><a href=\"https:\/\/ee.mlfmonde.org\/comilog\/journee-des-couronnes-a-la-matcom\/\">Journ\u00e9e des couronnes \u00e0 la Matcom<\/a><\/blockquote><iframe class=\"wp-embedded-content\" sandbox=\"allow-scripts\" security=\"restricted\" style=\"position: absolute; visibility: hidden;\" title=\"&#8220;Journ\u00e9e des couronnes \u00e0 la Matcom&#8221; &#8212; \u00c9cole Primaire MLF COMILOG\" src=\"https:\/\/ee.mlfmonde.org\/comilog\/journee-des-couronnes-a-la-matcom\/embed\/#?secret=Sd0BpSSYN4#?secret=CiJ09szSd4\" data-secret=\"CiJ09szSd4\" width=\"600\" height=\"338\" frameborder=\"0\" marginwidth=\"0\" marginheight=\"0\" scrolling=\"no\"><\/iframe>\n<\/div><\/figure>\n<\/div>\n\n\n\n<div class=\"wp-block-column is-layout-flow wp-block-column-is-layout-flow\">\n<figure class=\"wp-block-embed is-type-wp-embed is-provider-cole-primaire-mlf-comilog wp-block-embed-cole-primaire-mlf-comilog\"><div class=\"wp-block-embed__wrapper\">\n<blockquote class=\"wp-embedded-content\" data-secret=\"CHafWXHcvl\"><a href=\"https:\/\/ee.mlfmonde.org\/comilog\/building-connections-cm2b-pupils-visit-lhs-for-a-christmas-celebration\/\">Building connections: CM2B pupils visit LHS for a Christmas celebration<\/a><\/blockquote><iframe class=\"wp-embedded-content\" sandbox=\"allow-scripts\" security=\"restricted\" style=\"position: absolute; visibility: hidden;\" title=\"&#8220;Building connections: CM2B pupils visit LHS for a Christmas celebration&#8221; &#8212; \u00c9cole Primaire MLF COMILOG\" src=\"https:\/\/ee.mlfmonde.org\/comilog\/building-connections-cm2b-pupils-visit-lhs-for-a-christmas-celebration\/embed\/#?secret=eg05RAzvwm#?secret=CHafWXHcvl\" data-secret=\"CHafWXHcvl\" width=\"600\" height=\"338\" frameborder=\"0\" marginwidth=\"0\" marginheight=\"0\" scrolling=\"no\"><\/iframe>\n<\/div><\/figure>\n<\/div>\n<\/div>\n\n\n\n<div class=\"wp-block-columns is-layout-flex wp-container-core-columns-is-layout-9d6595d7 wp-block-columns-is-layout-flex\">\n<div class=\"wp-block-column is-layout-flow wp-block-column-is-layout-flow\">\n<figure class=\"wp-block-embed is-type-wp-embed is-provider-cole-primaire-mlf-comilog wp-block-embed-cole-primaire-mlf-comilog\"><div class=\"wp-block-embed__wrapper\">\n<blockquote class=\"wp-embedded-content\" data-secret=\"2PKNnb7K82\"><a href=\"https:\/\/ee.mlfmonde.org\/comilog\/aquarium-geant-projet-artistique-ce2-a\/\">Aquarium g\u00e9ant \u2013 Projet artistique CE2 A<\/a><\/blockquote><iframe class=\"wp-embedded-content\" sandbox=\"allow-scripts\" security=\"restricted\" style=\"position: absolute; visibility: hidden;\" title=\"&#8220;Aquarium g\u00e9ant \u2013 Projet artistique CE2 A&#8221; &#8212; \u00c9cole Primaire MLF COMILOG\" src=\"https:\/\/ee.mlfmonde.org\/comilog\/aquarium-geant-projet-artistique-ce2-a\/embed\/#?secret=Ms1XiKF7iY#?secret=2PKNnb7K82\" data-secret=\"2PKNnb7K82\" width=\"600\" height=\"338\" frameborder=\"0\" marginwidth=\"0\" marginheight=\"0\" scrolling=\"no\"><\/iframe>\n<\/div><\/figure>\n<\/div>\n\n\n\n<div class=\"wp-block-column is-layout-flow wp-block-column-is-layout-flow\">\n<figure class=\"wp-block-embed is-type-wp-embed is-provider-cole-primaire-mlf-comilog wp-block-embed-cole-primaire-mlf-comilog\"><div class=\"wp-block-embed__wrapper\">\n<blockquote class=\"wp-embedded-content\" data-secret=\"wqlwl4Br9T\"><a href=\"https:\/\/ee.mlfmonde.org\/comilog\/construire-une-voiture-mission-possible\/\">Construire une voiture\u2026 mission possible !<\/a><\/blockquote><iframe class=\"wp-embedded-content\" sandbox=\"allow-scripts\" security=\"restricted\" style=\"position: absolute; visibility: hidden;\" title=\"&#8220;Construire une voiture\u2026 mission possible !&#8221; &#8212; \u00c9cole Primaire MLF COMILOG\" src=\"https:\/\/ee.mlfmonde.org\/comilog\/construire-une-voiture-mission-possible\/embed\/#?secret=IKAogm6tb3#?secret=wqlwl4Br9T\" data-secret=\"wqlwl4Br9T\" width=\"600\" height=\"338\" frameborder=\"0\" marginwidth=\"0\" marginheight=\"0\" scrolling=\"no\"><\/iframe>\n<\/div><\/figure>\n<\/div>\n<\/div>\n\n\n\n<div class=\"wp-block-columns is-layout-flex wp-container-core-columns-is-layout-9d6595d7 wp-block-columns-is-layout-flex\">\n<div class=\"wp-block-column is-layout-flow wp-block-column-is-layout-flow\">\n<figure class=\"wp-block-embed is-type-wp-embed is-provider-cole-primaire-mlf-comilog wp-block-embed-cole-primaire-mlf-comilog\"><div class=\"wp-block-embed__wrapper\">\n<blockquote class=\"wp-embedded-content\" data-secret=\"t6x5TFmljC\"><a href=\"https:\/\/ee.mlfmonde.org\/comilog\/decouvrez-la-vie-antique\/\">D\u00e9couvrez la vie antique !<\/a><\/blockquote><iframe class=\"wp-embedded-content\" sandbox=\"allow-scripts\" security=\"restricted\" style=\"position: absolute; visibility: hidden;\" title=\"&#8220;D\u00e9couvrez la vie antique !&#8221; &#8212; \u00c9cole Primaire MLF COMILOG\" src=\"https:\/\/ee.mlfmonde.org\/comilog\/decouvrez-la-vie-antique\/embed\/#?secret=YauSrOxNq9#?secret=t6x5TFmljC\" data-secret=\"t6x5TFmljC\" width=\"600\" height=\"338\" frameborder=\"0\" marginwidth=\"0\" marginheight=\"0\" scrolling=\"no\"><\/iframe>\n<\/div><\/figure>\n<\/div>\n\n\n\n<div class=\"wp-block-column is-layout-flow wp-block-column-is-layout-flow\">\n<figure class=\"wp-block-embed is-type-wp-embed is-provider-cole-primaire-mlf-comilog wp-block-embed-cole-primaire-mlf-comilog\"><div class=\"wp-block-embed__wrapper\">\n<blockquote class=\"wp-embedded-content\" data-secret=\"UER3rWVUnn\"><a href=\"https:\/\/ee.mlfmonde.org\/comilog\/la-grande-lessive-octobre-2025-une-exposition-artistique-a-ciel-ouvert\/\">La Grande Lessive Octobre 2025 : une exposition artistique \u00e0 ciel ouvert !<\/a><\/blockquote><iframe class=\"wp-embedded-content\" sandbox=\"allow-scripts\" security=\"restricted\" style=\"position: absolute; visibility: hidden;\" title=\"&#8220;La Grande Lessive Octobre 2025 : une exposition artistique \u00e0 ciel ouvert !&#8221; &#8212; \u00c9cole Primaire MLF COMILOG\" src=\"https:\/\/ee.mlfmonde.org\/comilog\/la-grande-lessive-octobre-2025-une-exposition-artistique-a-ciel-ouvert\/embed\/#?secret=UsER1O0ON3#?secret=UER3rWVUnn\" data-secret=\"UER3rWVUnn\" width=\"600\" height=\"338\" frameborder=\"0\" marginwidth=\"0\" marginheight=\"0\" scrolling=\"no\"><\/iframe>\n<\/div><\/figure>\n<\/div>\n<\/div>\n\n\n\n<div class=\"wp-block-columns is-layout-flex wp-container-core-columns-is-layout-9d6595d7 wp-block-columns-is-layout-flex\">\n<div class=\"wp-block-column is-layout-flow wp-block-column-is-layout-flow\">\n<figure class=\"wp-block-embed is-type-wp-embed is-provider-cole-primaire-mlf-comilog wp-block-embed-cole-primaire-mlf-comilog\"><div class=\"wp-block-embed__wrapper\">\n<blockquote class=\"wp-embedded-content\" data-secret=\"9yI0hZPJ4K\"><a href=\"https:\/\/ee.mlfmonde.org\/comilog\/%f0%9f%8e%b5-les-cm2-revisitent-jean-de-la-fontaine-un-spectacle-musical\/\">\ud83c\udfb5 Les CM2 revisitent Jean de La Fontaine : un spectacle musical<\/a><\/blockquote><iframe class=\"wp-embedded-content\" sandbox=\"allow-scripts\" security=\"restricted\" style=\"position: absolute; visibility: hidden;\" title=\"&#8220;\ud83c\udfb5 Les CM2 revisitent Jean de La Fontaine : un spectacle musical&#8221; &#8212; \u00c9cole Primaire MLF COMILOG\" src=\"https:\/\/ee.mlfmonde.org\/comilog\/%f0%9f%8e%b5-les-cm2-revisitent-jean-de-la-fontaine-un-spectacle-musical\/embed\/#?secret=0ZH7GEKHjJ#?secret=9yI0hZPJ4K\" data-secret=\"9yI0hZPJ4K\" width=\"600\" height=\"338\" frameborder=\"0\" marginwidth=\"0\" marginheight=\"0\" scrolling=\"no\"><\/iframe>\n<\/div><\/figure>\n<\/div>\n\n\n\n<div class=\"wp-block-column is-layout-flow wp-block-column-is-layout-flow\">\n<figure class=\"wp-block-embed is-type-wp-embed is-provider-cole-primaire-mlf-comilog wp-block-embed-cole-primaire-mlf-comilog\"><div class=\"wp-block-embed__wrapper\">\n<blockquote class=\"wp-embedded-content\" data-secret=\"nCX2qZVFhn\"><a href=\"https:\/\/ee.mlfmonde.org\/comilog\/cep-blanc-2025-retour-en-images\/\">CEP  2025 : retour en images<\/a><\/blockquote><iframe class=\"wp-embedded-content\" sandbox=\"allow-scripts\" security=\"restricted\" style=\"position: absolute; visibility: hidden;\" title=\"&#8220;CEP  2025 : retour en images&#8221; &#8212; \u00c9cole Primaire MLF COMILOG\" src=\"https:\/\/ee.mlfmonde.org\/comilog\/cep-blanc-2025-retour-en-images\/embed\/#?secret=kyRqJowY4E#?secret=nCX2qZVFhn\" data-secret=\"nCX2qZVFhn\" width=\"600\" height=\"338\" frameborder=\"0\" marginwidth=\"0\" marginheight=\"0\" scrolling=\"no\"><\/iframe>\n<\/div><\/figure>\n<\/div>\n<\/div>\n\n\n\n<div class=\"wp-block-columns is-layout-flex wp-container-core-columns-is-layout-9d6595d7 wp-block-columns-is-layout-flex\">\n<div class=\"wp-block-column is-layout-flow wp-block-column-is-layout-flow\">\n<figure class=\"wp-block-embed is-type-wp-embed is-provider-cole-primaire-mlf-comilog wp-block-embed-cole-primaire-mlf-comilog\"><div class=\"wp-block-embed__wrapper\">\n<blockquote class=\"wp-embedded-content\" data-secret=\"mzAWUrk7Eo\"><a href=\"https:\/\/ee.mlfmonde.org\/comilog\/atelier-pizza-en-classe-petits-chefs-en-action\/\">\ud83c\udf55 Atelier pizza en classe : petits chefs en action\u202f!<\/a><\/blockquote><iframe class=\"wp-embedded-content\" sandbox=\"allow-scripts\" security=\"restricted\" style=\"position: absolute; visibility: hidden;\" title=\"&#8220;\ud83c\udf55 Atelier pizza en classe : petits chefs en action\u202f!&#8221; &#8212; \u00c9cole Primaire MLF COMILOG\" src=\"https:\/\/ee.mlfmonde.org\/comilog\/atelier-pizza-en-classe-petits-chefs-en-action\/embed\/#?secret=G1f7AzXQIZ#?secret=mzAWUrk7Eo\" data-secret=\"mzAWUrk7Eo\" width=\"600\" height=\"338\" frameborder=\"0\" marginwidth=\"0\" marginheight=\"0\" scrolling=\"no\"><\/iframe>\n<\/div><\/figure>\n<\/div>\n\n\n\n<div class=\"wp-block-column is-layout-flow wp-block-column-is-layout-flow\">\n<figure class=\"wp-block-embed is-type-wp-embed is-provider-cole-primaire-mlf-comilog wp-block-embed-cole-primaire-mlf-comilog\"><div class=\"wp-block-embed__wrapper\">\n<blockquote class=\"wp-embedded-content\" data-secret=\"NFnWKjWMK7\"><a href=\"https:\/\/ee.mlfmonde.org\/comilog\/%f0%9f%8e%ad-pas-pareils-et-alors-une-piece-engagee-et-creative\/\">\ud83c\udfad Pas pareils\u202f? Et alors\u202f? : une pi\u00e8ce engag\u00e9e et cr\u00e9ative<\/a><\/blockquote><iframe class=\"wp-embedded-content\" sandbox=\"allow-scripts\" security=\"restricted\" style=\"position: absolute; visibility: hidden;\" title=\"&#8220;\ud83c\udfad Pas pareils\u202f? Et alors\u202f? : une pi\u00e8ce engag\u00e9e et cr\u00e9ative&#8221; &#8212; \u00c9cole Primaire MLF COMILOG\" src=\"https:\/\/ee.mlfmonde.org\/comilog\/%f0%9f%8e%ad-pas-pareils-et-alors-une-piece-engagee-et-creative\/embed\/#?secret=taop2bxa0b#?secret=NFnWKjWMK7\" data-secret=\"NFnWKjWMK7\" width=\"600\" height=\"338\" frameborder=\"0\" marginwidth=\"0\" marginheight=\"0\" scrolling=\"no\"><\/iframe>\n<\/div><\/figure>\n<\/div>\n<\/div>\n\n\n\n<div class=\"wp-block-columns is-layout-flex wp-container-core-columns-is-layout-9d6595d7 wp-block-columns-is-layout-flex\">\n<div class=\"wp-block-column is-layout-flow wp-block-column-is-layout-flow\"><\/div>\n\n\n\n<div class=\"wp-block-column is-layout-flow wp-block-column-is-layout-flow\"><\/div>\n<\/div>\n\n\n\n<div class=\"wp-block-columns is-layout-flex wp-container-core-columns-is-layout-9d6595d7 wp-block-columns-is-layout-flex\">\n<div class=\"wp-block-column is-layout-flow wp-block-column-is-layout-flow\">\n<figure class=\"wp-block-embed is-type-wp-embed is-provider-cole-primaire-mlf-comilog wp-block-embed-cole-primaire-mlf-comilog\"><div class=\"wp-block-embed__wrapper\">\n<blockquote class=\"wp-embedded-content\" data-secret=\"g2EE9fGJ04\"><a href=\"https:\/\/ee.mlfmonde.org\/comilog\/%f0%9f%8c%bf-creer-avec-le-souffle-des-arbres-extraordinaires-au-cafe\/\">\ud83c\udf3f Cr\u00e9er avec le souffle : des arbres extraordinaires au caf\u00e9 !<\/a><\/blockquote><iframe class=\"wp-embedded-content\" sandbox=\"allow-scripts\" security=\"restricted\" style=\"position: absolute; visibility: hidden;\" title=\"&#8220;\ud83c\udf3f Cr\u00e9er avec le souffle : des arbres extraordinaires au caf\u00e9 !&#8221; &#8212; \u00c9cole Primaire MLF COMILOG\" src=\"https:\/\/ee.mlfmonde.org\/comilog\/%f0%9f%8c%bf-creer-avec-le-souffle-des-arbres-extraordinaires-au-cafe\/embed\/#?secret=MZmv22RrwP#?secret=g2EE9fGJ04\" data-secret=\"g2EE9fGJ04\" width=\"600\" height=\"338\" frameborder=\"0\" marginwidth=\"0\" marginheight=\"0\" scrolling=\"no\"><\/iframe>\n<\/div><\/figure>\n<\/div>\n\n\n\n<div class=\"wp-block-column is-layout-flow wp-block-column-is-layout-flow\">\n<figure class=\"wp-block-embed is-type-wp-embed is-provider-cole-primaire-mlf-comilog wp-block-embed-cole-primaire-mlf-comilog\"><div class=\"wp-block-embed__wrapper\">\n<blockquote class=\"wp-embedded-content\" data-secret=\"dIgINIcEqI\"><a href=\"https:\/\/ee.mlfmonde.org\/comilog\/%e2%9a%bd-tournoi-de-football-une-matinee-sous-le-signe-du-sport-et-de-la-convivialite\/\">\u26bd Le tournoi de football, une matin\u00e9e sous le signe du sport et de la convivialit\u00e9 !<\/a><\/blockquote><iframe class=\"wp-embedded-content\" sandbox=\"allow-scripts\" security=\"restricted\" style=\"position: absolute; visibility: hidden;\" title=\"&#8220;\u26bd Le tournoi de football, une matin\u00e9e sous le signe du sport et de la convivialit\u00e9 !&#8221; &#8212; \u00c9cole Primaire MLF COMILOG\" src=\"https:\/\/ee.mlfmonde.org\/comilog\/%e2%9a%bd-tournoi-de-football-une-matinee-sous-le-signe-du-sport-et-de-la-convivialite\/embed\/#?secret=vO4blkPbex#?secret=dIgINIcEqI\" data-secret=\"dIgINIcEqI\" width=\"600\" height=\"338\" frameborder=\"0\" marginwidth=\"0\" marginheight=\"0\" scrolling=\"no\"><\/iframe>\n<\/div><\/figure>\n<\/div>\n\n\n\n<div class=\"wp-block-column is-layout-flow wp-block-column-is-layout-flow\">\n<figure class=\"wp-block-embed is-type-wp-embed is-provider-cole-primaire-mlf-comilog wp-block-embed-cole-primaire-mlf-comilog\"><div class=\"wp-block-embed__wrapper\">\n<blockquote class=\"wp-embedded-content\" data-secret=\"Dj5mrNe5Ho\"><a href=\"https:\/\/ee.mlfmonde.org\/comilog\/%f0%9f%8e%ad-un-final-haut-en-couleurs-pour-cloturer-lannee-scolaire-2024-2025\/\">\ud83c\udfad Un final haut en couleurs pour cl\u00f4turer l\u2019ann\u00e9e scolaire 2024-2025!<\/a><\/blockquote><iframe class=\"wp-embedded-content\" sandbox=\"allow-scripts\" security=\"restricted\" style=\"position: absolute; visibility: hidden;\" title=\"&#8220;\ud83c\udfad Un final haut en couleurs pour cl\u00f4turer l\u2019ann\u00e9e scolaire 2024-2025!&#8221; &#8212; \u00c9cole Primaire MLF COMILOG\" src=\"https:\/\/ee.mlfmonde.org\/comilog\/%f0%9f%8e%ad-un-final-haut-en-couleurs-pour-cloturer-lannee-scolaire-2024-2025\/embed\/#?secret=sXTtdBFmrT#?secret=Dj5mrNe5Ho\" data-secret=\"Dj5mrNe5Ho\" width=\"600\" height=\"338\" frameborder=\"0\" marginwidth=\"0\" marginheight=\"0\" scrolling=\"no\"><\/iframe>\n<\/div><\/figure>\n<\/div>\n<\/div>\n\n\n\n<div class=\"wp-block-columns is-layout-flex wp-container-core-columns-is-layout-9d6595d7 wp-block-columns-is-layout-flex\">\n<div class=\"wp-block-column is-layout-flow wp-block-column-is-layout-flow\">\n<figure class=\"wp-block-embed is-type-wp-embed is-provider-cole-primaire-mlf-comilog wp-block-embed-cole-primaire-mlf-comilog\"><div class=\"wp-block-embed__wrapper\">\n<blockquote class=\"wp-embedded-content\" data-secret=\"gl84rRnceR\"><a href=\"https:\/\/ee.mlfmonde.org\/comilog\/%f0%9f%8c%9f-une-journee-a-lecole\/\">\ud83c\udf1f Une journ\u00e9e \u00e0 l\u2019\u00e9cole.<\/a><\/blockquote><iframe class=\"wp-embedded-content\" sandbox=\"allow-scripts\" security=\"restricted\" style=\"position: absolute; visibility: hidden;\" title=\"&#8220;\ud83c\udf1f Une journ\u00e9e \u00e0 l\u2019\u00e9cole.&#8221; &#8212; \u00c9cole Primaire MLF COMILOG\" src=\"https:\/\/ee.mlfmonde.org\/comilog\/%f0%9f%8c%9f-une-journee-a-lecole\/embed\/#?secret=KqyNvTEBwr#?secret=gl84rRnceR\" data-secret=\"gl84rRnceR\" width=\"600\" height=\"338\" frameborder=\"0\" marginwidth=\"0\" marginheight=\"0\" scrolling=\"no\"><\/iframe>\n<\/div><\/figure>\n<\/div>\n\n\n\n<div class=\"wp-block-column is-layout-flow wp-block-column-is-layout-flow\">\n<figure class=\"wp-block-embed is-type-wp-embed is-provider-cole-primaire-mlf-comilog wp-block-embed-cole-primaire-mlf-comilog\"><div class=\"wp-block-embed__wrapper\">\n<blockquote class=\"wp-embedded-content\" data-secret=\"E2EG4IlyF5\"><a href=\"https:\/\/ee.mlfmonde.org\/comilog\/%f0%9f%97%b3%ef%b8%8f-graines-de-citoyens\/\">\ud83d\uddf3\ufe0f Graines de citoyens<\/a><\/blockquote><iframe class=\"wp-embedded-content\" sandbox=\"allow-scripts\" security=\"restricted\" style=\"position: absolute; visibility: hidden;\" title=\"&#8220;\ud83d\uddf3\ufe0f Graines de citoyens&#8221; &#8212; \u00c9cole Primaire MLF COMILOG\" src=\"https:\/\/ee.mlfmonde.org\/comilog\/%f0%9f%97%b3%ef%b8%8f-graines-de-citoyens\/embed\/#?secret=qVDOiZoqDV#?secret=E2EG4IlyF5\" data-secret=\"E2EG4IlyF5\" width=\"600\" height=\"338\" frameborder=\"0\" marginwidth=\"0\" marginheight=\"0\" scrolling=\"no\"><\/iframe>\n<\/div><\/figure>\n<\/div>\n<\/div>\n\n\n\n<div class=\"wp-block-columns is-layout-flex wp-container-core-columns-is-layout-9d6595d7 wp-block-columns-is-layout-flex\">\n<div class=\"wp-block-column is-layout-flow wp-block-column-is-layout-flow\">\n<figure class=\"wp-block-embed is-type-wp-embed is-provider-cole-primaire-mlf-comilog wp-block-embed-cole-primaire-mlf-comilog\"><div class=\"wp-block-embed__wrapper\">\n<blockquote class=\"wp-embedded-content\" data-secret=\"3ADt1sveFw\"><a href=\"https:\/\/ee.mlfmonde.org\/comilog\/%e2%99%bb%ef%b8%8fetre-acteur-pour-la-protection-de-lenvironnement\/\">\u267b\ufe0fEtre acteur pour la protection de l\u2019environnement.<\/a><\/blockquote><iframe class=\"wp-embedded-content\" sandbox=\"allow-scripts\" security=\"restricted\" style=\"position: absolute; visibility: hidden;\" title=\"&#8220;\u267b\ufe0fEtre acteur pour la protection de l\u2019environnement.&#8221; &#8212; \u00c9cole Primaire MLF COMILOG\" src=\"https:\/\/ee.mlfmonde.org\/comilog\/%e2%99%bb%ef%b8%8fetre-acteur-pour-la-protection-de-lenvironnement\/embed\/#?secret=K05HV0QahN#?secret=3ADt1sveFw\" data-secret=\"3ADt1sveFw\" width=\"600\" height=\"338\" frameborder=\"0\" marginwidth=\"0\" marginheight=\"0\" scrolling=\"no\"><\/iframe>\n<\/div><\/figure>\n<\/div>\n\n\n\n<div class=\"wp-block-column is-layout-flow wp-block-column-is-layout-flow\">\n<figure class=\"wp-block-embed is-type-wp-embed is-provider-cole-primaire-mlf-comilog wp-block-embed-cole-primaire-mlf-comilog\"><div class=\"wp-block-embed__wrapper\">\n<blockquote class=\"wp-embedded-content\" data-secret=\"ACZhFJ42hi\"><a href=\"https:\/\/ee.mlfmonde.org\/comilog\/%f0%9f%93%9a-lecture-interactive-le-doudou-de-syabo\/\">\ud83d\udcda Lecture interactive : Le doudou de Syabo<\/a><\/blockquote><iframe class=\"wp-embedded-content\" sandbox=\"allow-scripts\" security=\"restricted\" style=\"position: absolute; visibility: hidden;\" title=\"&#8220;\ud83d\udcda Lecture interactive : Le doudou de Syabo&#8221; &#8212; \u00c9cole Primaire MLF COMILOG\" src=\"https:\/\/ee.mlfmonde.org\/comilog\/%f0%9f%93%9a-lecture-interactive-le-doudou-de-syabo\/embed\/#?secret=7VYYRoI92j#?secret=ACZhFJ42hi\" data-secret=\"ACZhFJ42hi\" width=\"600\" height=\"338\" frameborder=\"0\" marginwidth=\"0\" marginheight=\"0\" scrolling=\"no\"><\/iframe>\n<\/div><\/figure>\n<\/div>\n<\/div>\n\n\n\n<div class=\"wp-block-columns is-layout-flex wp-container-core-columns-is-layout-9d6595d7 wp-block-columns-is-layout-flex\">\n<div class=\"wp-block-column is-layout-flow wp-block-column-is-layout-flow\"><\/div>\n\n\n\n<div class=\"wp-block-column is-layout-flow wp-block-column-is-layout-flow\"><\/div>\n<\/div>\n","protected":false},"excerpt":{"rendered":"","protected":false},"author":166,"featured_media":0,"parent":0,"menu_order":0,"comment_status":"closed","ping_status":"closed","template":"","meta":{"_acf_changed":false,"footnotes":""},"class_list":["post-2272","page","type-page","status-publish","czr-hentry"],"acf":[],"_links":{"self":[{"href":"https:\/\/ee.mlfmonde.org\/comilog\/wp-json\/wp\/v2\/pages\/2272","targetHints":{"allow":["GET"]}}],"collection":[{"href":"https:\/\/ee.mlfmonde.org\/comilog\/wp-json\/wp\/v2\/pages"}],"about":[{"href":"https:\/\/ee.mlfmonde.org\/comilog\/wp-json\/wp\/v2\/types\/page"}],"author":[{"embeddable":true,"href":"https:\/\/ee.mlfmonde.org\/comilog\/wp-json\/wp\/v2\/users\/166"}],"replies":[{"embeddable":true,"href":"https:\/\/ee.mlfmonde.org\/comilog\/wp-json\/wp\/v2\/comments?post=2272"}],"version-history":[{"count":21,"href":"https:\/\/ee.mlfmonde.org\/comilog\/wp-json\/wp\/v2\/pages\/2272\/revisions"}],"predecessor-version":[{"id":3591,"href":"https:\/\/ee.mlfmonde.org\/comilog\/wp-json\/wp\/v2\/pages\/2272\/revisions\/3591"}],"wp:attachment":[{"href":"https:\/\/ee.mlfmonde.org\/comilog\/wp-json\/wp\/v2\/media?parent=2272"}],"curies":[{"name":"wp","href":"https:\/\/api.w.org\/{rel}","templated":true}]}}