{"id":2170,"date":"2025-05-12T14:28:37","date_gmt":"2025-05-12T14:28:37","guid":{"rendered":"https:\/\/ee.mlfmonde.org\/comilog\/?page_id=2170"},"modified":"2025-05-19T15:44:00","modified_gmt":"2025-05-19T15:44:00","slug":"%f0%9f%9a%8c-le-service-de-transports-scolaires","status":"publish","type":"page","link":"https:\/\/ee.mlfmonde.org\/comilog\/%f0%9f%9a%8c-le-service-de-transports-scolaires\/","title":{"rendered":"\ud83d\ude8c Le service de transports scolaires."},"content":{"rendered":"\n<p class=\"has-medium-font-size\">Un <strong>service de transport scolaire est organis\u00e9 et s\u00e9curis\u00e9<\/strong> pour assurer le d\u00e9placement des \u00e9l\u00e8ves dans les meilleures conditions.<\/p>\n\n\n\n<p class=\"has-medium-font-size\">Chaque matin, des bus scolaires r\u00e9cup\u00e8rent les enfants usagers des transports scolaires en certains points de ramassage d\u00e9sign\u00e9s et les d\u00e9posent <strong>avant 7h30<\/strong> devant le portail de l\u2019\u00e9cole. \u00c0 la fin des cours, les \u00e9l\u00e8ves sont pris en charge et accompagn\u00e9s jusqu\u2019aux bus, garantissant un embarquement s\u00e9curis\u00e9.<\/p>\n\n\n\n<figure class=\"wp-block-gallery has-nested-images columns-default is-cropped wp-block-gallery-1 is-layout-flex wp-block-gallery-is-layout-flex\">\n<figure class=\"wp-block-image size-large\"><img fetchpriority=\"high\" decoding=\"async\" width=\"1024\" height=\"683\" data-id=\"1224\" src=\"https:\/\/ee.mlfmonde.org\/comilog\/wp-content\/uploads\/sites\/28\/2025\/03\/IMG_5161-1024x683.jpg\" alt=\"\" class=\"wp-image-1224\" srcset=\"https:\/\/ee.mlfmonde.org\/comilog\/wp-content\/uploads\/sites\/28\/2025\/03\/IMG_5161-1024x683.jpg 1024w, https:\/\/ee.mlfmonde.org\/comilog\/wp-content\/uploads\/sites\/28\/2025\/03\/IMG_5161-300x200.jpg 300w, https:\/\/ee.mlfmonde.org\/comilog\/wp-content\/uploads\/sites\/28\/2025\/03\/IMG_5161-768x512.jpg 768w, https:\/\/ee.mlfmonde.org\/comilog\/wp-content\/uploads\/sites\/28\/2025\/03\/IMG_5161-1536x1024.jpg 1536w, https:\/\/ee.mlfmonde.org\/comilog\/wp-content\/uploads\/sites\/28\/2025\/03\/IMG_5161-2048x1365.jpg 2048w, https:\/\/ee.mlfmonde.org\/comilog\/wp-content\/uploads\/sites\/28\/2025\/03\/IMG_5161-570x380.jpg 570w\" sizes=\"(max-width: 1024px) 100vw, 1024px\" \/><\/figure>\n\n\n\n<figure class=\"wp-block-image size-large\"><img decoding=\"async\" width=\"1024\" height=\"683\" data-id=\"387\" src=\"https:\/\/ee.mlfmonde.org\/comilog\/wp-content\/uploads\/sites\/28\/2025\/03\/IMG_3931-1024x683.jpg\" alt=\"\" class=\"wp-image-387\" srcset=\"https:\/\/ee.mlfmonde.org\/comilog\/wp-content\/uploads\/sites\/28\/2025\/03\/IMG_3931-1024x683.jpg 1024w, https:\/\/ee.mlfmonde.org\/comilog\/wp-content\/uploads\/sites\/28\/2025\/03\/IMG_3931-300x200.jpg 300w, https:\/\/ee.mlfmonde.org\/comilog\/wp-content\/uploads\/sites\/28\/2025\/03\/IMG_3931-768x512.jpg 768w, https:\/\/ee.mlfmonde.org\/comilog\/wp-content\/uploads\/sites\/28\/2025\/03\/IMG_3931-1536x1024.jpg 1536w, https:\/\/ee.mlfmonde.org\/comilog\/wp-content\/uploads\/sites\/28\/2025\/03\/IMG_3931-2048x1365.jpg 2048w, https:\/\/ee.mlfmonde.org\/comilog\/wp-content\/uploads\/sites\/28\/2025\/03\/IMG_3931-570x380.jpg 570w\" sizes=\"(max-width: 1024px) 100vw, 1024px\" \/><\/figure>\n<\/figure>\n","protected":false},"excerpt":{"rendered":"<p>Un service de transport scolaire est organis\u00e9 et s\u00e9curis\u00e9 pour assurer le d\u00e9placement des \u00e9l\u00e8ves dans les meilleures conditions. Chaque matin, des bus scolaires r\u00e9cup\u00e8rent les enfants usagers des transports scolaires en certains points de ramassage d\u00e9sign\u00e9s et les d\u00e9posent avant 7h30 devant le portail de l\u2019\u00e9cole. \u00c0 la fin des cours, les \u00e9l\u00e8ves sont [&hellip;]<\/p>\n","protected":false},"author":166,"featured_media":0,"parent":0,"menu_order":0,"comment_status":"closed","ping_status":"closed","template":"","meta":{"_acf_changed":false,"footnotes":""},"class_list":["post-2170","page","type-page","status-publish","czr-hentry"],"acf":[],"_links":{"self":[{"href":"https:\/\/ee.mlfmonde.org\/comilog\/wp-json\/wp\/v2\/pages\/2170","targetHints":{"allow":["GET"]}}],"collection":[{"href":"https:\/\/ee.mlfmonde.org\/comilog\/wp-json\/wp\/v2\/pages"}],"about":[{"href":"https:\/\/ee.mlfmonde.org\/comilog\/wp-json\/wp\/v2\/types\/page"}],"author":[{"embeddable":true,"href":"https:\/\/ee.mlfmonde.org\/comilog\/wp-json\/wp\/v2\/users\/166"}],"replies":[{"embeddable":true,"href":"https:\/\/ee.mlfmonde.org\/comilog\/wp-json\/wp\/v2\/comments?post=2170"}],"version-history":[{"count":2,"href":"https:\/\/ee.mlfmonde.org\/comilog\/wp-json\/wp\/v2\/pages\/2170\/revisions"}],"predecessor-version":[{"id":2174,"href":"https:\/\/ee.mlfmonde.org\/comilog\/wp-json\/wp\/v2\/pages\/2170\/revisions\/2174"}],"wp:attachment":[{"href":"https:\/\/ee.mlfmonde.org\/comilog\/wp-json\/wp\/v2\/media?parent=2170"}],"curies":[{"name":"wp","href":"https:\/\/api.w.org\/{rel}","templated":true}]}}