{"id":1369,"date":"2025-04-07T22:42:15","date_gmt":"2025-04-07T22:42:15","guid":{"rendered":"https:\/\/ee.mlfmonde.org\/comilog\/?page_id=1369"},"modified":"2025-10-07T09:39:40","modified_gmt":"2025-10-07T09:39:40","slug":"mot-du-directeur","status":"publish","type":"page","link":"https:\/\/ee.mlfmonde.org\/comilog\/mot-du-directeur\/","title":{"rendered":"Message de rentr\u00e9e 2025 du directeur de la Mission La\u00efque Fran\u00e7aise."},"content":{"rendered":"\n<p><\/p>\n\n\n\n<p><\/p>\n\n\n\n<p class=\"has-medium-font-size\"><strong>Message de rentr\u00e9e 2025 du directeur de la Mission La\u00efque Fran\u00e7aise<\/strong>.<\/p>\n\n\n\n<p class=\"has-medium-font-size\">\u00c0 l\u2019occasion de cette nouvelle rentr\u00e9e scolaire, monsieur Jean Marc MERRIAUX, directeur de la Mission La\u00efque Fran\u00e7aise adresse un message \u00e0 l\u2019ensemble des \u00e9l\u00e8ves, familles et \u00e9quipes \u00e9ducatives.<\/p>\n\n\n\n<figure class=\"wp-block-video\"><video autoplay controls loop muted src=\"http:\/\/ee.mlfmonde.org\/comilog\/wp-content\/uploads\/sites\/28\/2025\/09\/message-de-mlf.mp4\"><\/video><figcaption class=\"wp-element-caption\"><em>directeur g\u00e9n\u00e9ral du R\u00e9seau MLFmonde<\/em>(<em>&nbsp;Mission la\u00efque fran\u00e7aise<\/em> \/<em>R\u00e9seau<\/em> MLF)Jean-Marc Merriaux<\/figcaption><\/figure>\n\n\n\n<p><\/p>\n\n\n\n<p><\/p>\n\n\n\n<hr class=\"wp-block-separator has-alpha-channel-opacity\" \/>\n\n\n\n<p class=\"has-medium-font-size\"><strong>Le mot du Directeur<\/strong><\/p>\n\n\n\n<p><\/p>\n\n\n\n<p><\/p>\n\n\n\n<p><\/p>\n\n\n\n<p class=\"has-medium-font-size\">La soci\u00e9t\u00e9 ERAMET &#8211; COMILOG a confi\u00e9 la gestion de son \u00e9tablissement \u00e0 la Mission La\u00efque Fran\u00e7aise en 1974, \u00e0 ce titre, l\u2019\u00e9cole fait partie des \u00e9coles d&#8217;entreprise du r\u00e9seau de l\u2019Enseignement Fran\u00e7ais \u00e0 l\u2019Etranger.<br>C\u2019est une \u00e9cole Fran\u00e7aise priv\u00e9e, partenaire AEFE, enti\u00e8rement homologu\u00e9e par le Minist\u00e8re de l\u2019\u00c9ducation Nationale Fran\u00e7aise de la PS au CM2&#8230;<\/p>\n\n\n\n<div class=\"wp-block-buttons is-layout-flex wp-block-buttons-is-layout-flex\">\n<div class=\"wp-block-button is-style-fill\"><a class=\"wp-block-button__link has-black-background-color has-background wp-element-button\" href=\"https:\/\/ee.mlfmonde.org\/comilog\/le-mot-du-directeur\/\">lire la suite<\/a><\/div>\n<\/div>\n\n\n\n<p><\/p>\n\n\n\n<p class=\"has-medium-font-size\"><\/p>\n\n\n\n<p class=\"has-medium-font-size\"><\/p>\n","protected":false},"excerpt":{"rendered":"<p>Message de rentr\u00e9e 2025 du directeur de la Mission La\u00efque Fran\u00e7aise. \u00c0 l\u2019occasion de cette nouvelle rentr\u00e9e scolaire, monsieur Jean Marc MERRIAUX, directeur de la Mission La\u00efque Fran\u00e7aise adresse un message \u00e0 l\u2019ensemble des \u00e9l\u00e8ves, familles et \u00e9quipes \u00e9ducatives. Le mot du Directeur La soci\u00e9t\u00e9 ERAMET &#8211; COMILOG a confi\u00e9 la gestion de son \u00e9tablissement [&hellip;]<\/p>\n","protected":false},"author":166,"featured_media":0,"parent":0,"menu_order":0,"comment_status":"closed","ping_status":"closed","template":"","meta":{"_acf_changed":false,"footnotes":""},"class_list":["post-1369","page","type-page","status-publish","czr-hentry"],"acf":[],"_links":{"self":[{"href":"https:\/\/ee.mlfmonde.org\/comilog\/wp-json\/wp\/v2\/pages\/1369","targetHints":{"allow":["GET"]}}],"collection":[{"href":"https:\/\/ee.mlfmonde.org\/comilog\/wp-json\/wp\/v2\/pages"}],"about":[{"href":"https:\/\/ee.mlfmonde.org\/comilog\/wp-json\/wp\/v2\/types\/page"}],"author":[{"embeddable":true,"href":"https:\/\/ee.mlfmonde.org\/comilog\/wp-json\/wp\/v2\/users\/166"}],"replies":[{"embeddable":true,"href":"https:\/\/ee.mlfmonde.org\/comilog\/wp-json\/wp\/v2\/comments?post=1369"}],"version-history":[{"count":19,"href":"https:\/\/ee.mlfmonde.org\/comilog\/wp-json\/wp\/v2\/pages\/1369\/revisions"}],"predecessor-version":[{"id":3107,"href":"https:\/\/ee.mlfmonde.org\/comilog\/wp-json\/wp\/v2\/pages\/1369\/revisions\/3107"}],"wp:attachment":[{"href":"https:\/\/ee.mlfmonde.org\/comilog\/wp-json\/wp\/v2\/media?parent=1369"}],"curies":[{"name":"wp","href":"https:\/\/api.w.org\/{rel}","templated":true}]}}