{"id":1128,"date":"2025-03-25T17:27:25","date_gmt":"2025-03-25T17:27:25","guid":{"rendered":"https:\/\/ee.mlfmonde.org\/comilog\/?page_id=1128"},"modified":"2025-05-19T16:17:24","modified_gmt":"2025-05-19T16:17:24","slug":"lecole-primaire-comilog","status":"publish","type":"page","link":"https:\/\/ee.mlfmonde.org\/comilog\/lecole-primaire-comilog\/","title":{"rendered":"L&#8217;\u00e9cole primaire MLF COMILOG"},"content":{"rendered":"\n<p class=\"has-medium-font-size\">L\u2019\u00c9cole Primaire accompagne les \u00e9l\u00e8ves dans une \u00e9tape cl\u00e9 dans leur parcours scolaire. C\u2019est ici que les enfants consolident leurs apprentissages fondamentaux, d\u00e9veloppent leur autonomie et acqui\u00e8rent des comp\u00e9tences essentielles pour leur entr\u00e9e au coll\u00e8ge ou lyc\u00e9e .<\/p>\n\n\n\n<figure class=\"wp-block-gallery has-nested-images columns-default is-cropped wp-block-gallery-1 is-layout-flex wp-block-gallery-is-layout-flex\">\n<figure class=\"wp-block-image size-large\"><img fetchpriority=\"high\" decoding=\"async\" width=\"1024\" height=\"341\" data-id=\"936\" src=\"https:\/\/ee.mlfmonde.org\/comilog\/wp-content\/uploads\/sites\/28\/2025\/03\/Untitled-design-5-1024x341.png\" alt=\"\" class=\"wp-image-936\" srcset=\"https:\/\/ee.mlfmonde.org\/comilog\/wp-content\/uploads\/sites\/28\/2025\/03\/Untitled-design-5-1024x341.png 1024w, https:\/\/ee.mlfmonde.org\/comilog\/wp-content\/uploads\/sites\/28\/2025\/03\/Untitled-design-5-300x100.png 300w, https:\/\/ee.mlfmonde.org\/comilog\/wp-content\/uploads\/sites\/28\/2025\/03\/Untitled-design-5-768x256.png 768w, https:\/\/ee.mlfmonde.org\/comilog\/wp-content\/uploads\/sites\/28\/2025\/03\/Untitled-design-5-570x190.png 570w, https:\/\/ee.mlfmonde.org\/comilog\/wp-content\/uploads\/sites\/28\/2025\/03\/Untitled-design-5.png 1500w\" sizes=\"(max-width: 1024px) 100vw, 1024px\" \/><\/figure>\n<\/figure>\n\n\n\n<p class=\"has-medium-font-size\">l\u2019apprentissage se fait de mani\u00e8re <strong>progressive et adapt\u00e9e au rythme de chaque \u00e9l\u00e8ve<\/strong>. L\u2019\u00e9quipe p\u00e9dagogique met en place des m\u00e9thodes interactives et innovantes pour aider les enfants \u00e0 s\u2019\u00e9panouir et \u00e0 donner le meilleur d\u2019eux-m\u00eames, en veillant \u00e0 assurer une transition fluide entre chaque niveau, du <strong>CE1 au CM2<\/strong>. <\/p>\n\n\n\n<p class=\"has-text-align-center has-medium-font-size\"><em>CE1 au CE2 : Consolidation des Fondamentaux<\/em><\/p>\n\n\n\n<figure class=\"wp-block-gallery has-nested-images columns-default is-cropped wp-block-gallery-2 is-layout-flex wp-block-gallery-is-layout-flex\">\n<figure class=\"wp-block-image size-large\"><img decoding=\"async\" data-id=\"267\" src=\"https:\/\/ee.mlfmonde.org\/comilog\/wp-content\/uploads\/sites\/28\/2025\/03\/IMG_3657-1024x683.jpg\" alt=\"\" class=\"wp-image-267\" \/><\/figure>\n\n\n\n<figure class=\"wp-block-image size-large\"><img decoding=\"async\" data-id=\"266\" src=\"https:\/\/ee.mlfmonde.org\/comilog\/wp-content\/uploads\/sites\/28\/2025\/03\/IMG_3653-1024x683.jpg\" alt=\"\" class=\"wp-image-266\" \/><\/figure>\n<\/figure>\n\n\n\n<p class=\"has-medium-font-size\">En <strong>CE1<\/strong>, les \u00e9l\u00e8ves approfondissent les bases acquises en CP, notamment en <strong>lecture, \u00e9criture et math\u00e9matiques<\/strong>. Ils gagnent en assurance dans leur capacit\u00e9 \u00e0 s\u2019exprimer, \u00e0 r\u00e9soudre des probl\u00e8mes et \u00e0 travailler de mani\u00e8re plus autonome.<\/p>\n\n\n\n<figure class=\"wp-block-gallery has-nested-images columns-default is-cropped wp-block-gallery-3 is-layout-flex wp-block-gallery-is-layout-flex\">\n<figure class=\"wp-block-image size-large\"><img decoding=\"async\" width=\"1024\" height=\"683\" data-id=\"619\" src=\"https:\/\/ee.mlfmonde.org\/comilog\/wp-content\/uploads\/sites\/28\/2025\/03\/IMG_4142-1024x683.jpg\" alt=\"\" class=\"wp-image-619\" srcset=\"https:\/\/ee.mlfmonde.org\/comilog\/wp-content\/uploads\/sites\/28\/2025\/03\/IMG_4142-1024x683.jpg 1024w, https:\/\/ee.mlfmonde.org\/comilog\/wp-content\/uploads\/sites\/28\/2025\/03\/IMG_4142-300x200.jpg 300w, https:\/\/ee.mlfmonde.org\/comilog\/wp-content\/uploads\/sites\/28\/2025\/03\/IMG_4142-768x512.jpg 768w, https:\/\/ee.mlfmonde.org\/comilog\/wp-content\/uploads\/sites\/28\/2025\/03\/IMG_4142-1536x1024.jpg 1536w, https:\/\/ee.mlfmonde.org\/comilog\/wp-content\/uploads\/sites\/28\/2025\/03\/IMG_4142-2048x1365.jpg 2048w, https:\/\/ee.mlfmonde.org\/comilog\/wp-content\/uploads\/sites\/28\/2025\/03\/IMG_4142-570x380.jpg 570w\" sizes=\"(max-width: 1024px) 100vw, 1024px\" \/><\/figure>\n\n\n\n<figure class=\"wp-block-image size-large\"><img decoding=\"async\" width=\"1024\" height=\"683\" data-id=\"357\" src=\"https:\/\/ee.mlfmonde.org\/comilog\/wp-content\/uploads\/sites\/28\/2025\/03\/IMG_3883-1024x683.jpg\" alt=\"\" class=\"wp-image-357\" srcset=\"https:\/\/ee.mlfmonde.org\/comilog\/wp-content\/uploads\/sites\/28\/2025\/03\/IMG_3883-1024x683.jpg 1024w, https:\/\/ee.mlfmonde.org\/comilog\/wp-content\/uploads\/sites\/28\/2025\/03\/IMG_3883-300x200.jpg 300w, https:\/\/ee.mlfmonde.org\/comilog\/wp-content\/uploads\/sites\/28\/2025\/03\/IMG_3883-768x512.jpg 768w, https:\/\/ee.mlfmonde.org\/comilog\/wp-content\/uploads\/sites\/28\/2025\/03\/IMG_3883-1536x1024.jpg 1536w, https:\/\/ee.mlfmonde.org\/comilog\/wp-content\/uploads\/sites\/28\/2025\/03\/IMG_3883-2048x1365.jpg 2048w, https:\/\/ee.mlfmonde.org\/comilog\/wp-content\/uploads\/sites\/28\/2025\/03\/IMG_3883-570x380.jpg 570w\" sizes=\"(max-width: 1024px) 100vw, 1024px\" \/><\/figure>\n<\/figure>\n\n\n\n<p class=\"has-medium-font-size\">Au <strong>CE2<\/strong>, l\u2019apprentissage devient plus structur\u00e9. Les \u00e9l\u00e8ves commencent \u00e0 d\u00e9velopper des comp\u00e9tences analytiques en lecture, renforcent leurs bases en <strong>grammaire et conjugaison<\/strong>, et d\u00e9couvrent de nouvelles notions en math\u00e9matiques, notamment la multiplication et la division. C\u2019est aussi \u00e0 ce stade que les apprentissages deviennent plus sp\u00e9cifiques avec les <strong>sciences, l\u2019histoire et la g\u00e9ographie<\/strong>, qui leur permettent d&#8217;affiner leur compr\u00e9hension du monde.<\/p>\n\n\n\n<p class=\"has-text-align-center has-medium-font-size\"><em>CM1 : Vers Plus d\u2019Autonomie<\/em><\/p>\n\n\n\n<figure class=\"wp-block-gallery has-nested-images columns-default is-cropped wp-block-gallery-4 is-layout-flex wp-block-gallery-is-layout-flex\">\n<figure class=\"wp-block-image size-large\"><img loading=\"lazy\" decoding=\"async\" width=\"1024\" height=\"683\" data-id=\"1017\" src=\"https:\/\/ee.mlfmonde.org\/comilog\/wp-content\/uploads\/sites\/28\/2025\/03\/IMG_3716-1024x683.jpg\" alt=\"\" class=\"wp-image-1017\" srcset=\"https:\/\/ee.mlfmonde.org\/comilog\/wp-content\/uploads\/sites\/28\/2025\/03\/IMG_3716-1024x683.jpg 1024w, https:\/\/ee.mlfmonde.org\/comilog\/wp-content\/uploads\/sites\/28\/2025\/03\/IMG_3716-300x200.jpg 300w, https:\/\/ee.mlfmonde.org\/comilog\/wp-content\/uploads\/sites\/28\/2025\/03\/IMG_3716-768x512.jpg 768w, https:\/\/ee.mlfmonde.org\/comilog\/wp-content\/uploads\/sites\/28\/2025\/03\/IMG_3716-1536x1024.jpg 1536w, https:\/\/ee.mlfmonde.org\/comilog\/wp-content\/uploads\/sites\/28\/2025\/03\/IMG_3716-2048x1365.jpg 2048w, https:\/\/ee.mlfmonde.org\/comilog\/wp-content\/uploads\/sites\/28\/2025\/03\/IMG_3716-570x380.jpg 570w\" sizes=\"(max-width: 1024px) 100vw, 1024px\" \/><\/figure>\n\n\n\n<figure class=\"wp-block-image size-large\"><img loading=\"lazy\" decoding=\"async\" width=\"1024\" height=\"683\" data-id=\"346\" src=\"https:\/\/ee.mlfmonde.org\/comilog\/wp-content\/uploads\/sites\/28\/2025\/03\/IMG_3868-1024x683.jpg\" alt=\"\" class=\"wp-image-346\" srcset=\"https:\/\/ee.mlfmonde.org\/comilog\/wp-content\/uploads\/sites\/28\/2025\/03\/IMG_3868-1024x683.jpg 1024w, https:\/\/ee.mlfmonde.org\/comilog\/wp-content\/uploads\/sites\/28\/2025\/03\/IMG_3868-300x200.jpg 300w, https:\/\/ee.mlfmonde.org\/comilog\/wp-content\/uploads\/sites\/28\/2025\/03\/IMG_3868-768x512.jpg 768w, https:\/\/ee.mlfmonde.org\/comilog\/wp-content\/uploads\/sites\/28\/2025\/03\/IMG_3868-1536x1024.jpg 1536w, https:\/\/ee.mlfmonde.org\/comilog\/wp-content\/uploads\/sites\/28\/2025\/03\/IMG_3868-2048x1365.jpg 2048w, https:\/\/ee.mlfmonde.org\/comilog\/wp-content\/uploads\/sites\/28\/2025\/03\/IMG_3868-570x380.jpg 570w\" sizes=\"(max-width: 1024px) 100vw, 1024px\" \/><\/figure>\n<\/figure>\n\n\n\n<p class=\"has-medium-font-size\">Le CM1 marque une transition importante o\u00f9 les \u00e9l\u00e8ves gagnent en autonomie et en capacit\u00e9 d\u2019organisation. Les attentes acad\u00e9miques augmentent, les \u00e9l\u00e8ves doivent apprendre \u00e0 structurer leur pens\u00e9e \u00e0 l\u2019\u00e9crit, argumenter leurs r\u00e9ponses et approfondir leurs connaissances dans toutes les mati\u00e8res.<\/p>\n\n\n\n<p class=\"has-text-align-center has-medium-font-size\"><em>CM2 : Pr\u00e9paration \u00e0 l\u2019entr\u00e9e au <\/em>coll\u00e8ge<\/p>\n\n\n\n<figure class=\"wp-block-gallery has-nested-images columns-default is-cropped wp-block-gallery-5 is-layout-flex wp-block-gallery-is-layout-flex\">\n<figure class=\"wp-block-image size-large\"><img loading=\"lazy\" decoding=\"async\" width=\"1024\" height=\"683\" data-id=\"685\" src=\"https:\/\/ee.mlfmonde.org\/comilog\/wp-content\/uploads\/sites\/28\/2025\/03\/IMG_4342-1024x683.jpg\" alt=\"\" class=\"wp-image-685\" srcset=\"https:\/\/ee.mlfmonde.org\/comilog\/wp-content\/uploads\/sites\/28\/2025\/03\/IMG_4342-1024x683.jpg 1024w, https:\/\/ee.mlfmonde.org\/comilog\/wp-content\/uploads\/sites\/28\/2025\/03\/IMG_4342-300x200.jpg 300w, https:\/\/ee.mlfmonde.org\/comilog\/wp-content\/uploads\/sites\/28\/2025\/03\/IMG_4342-768x512.jpg 768w, https:\/\/ee.mlfmonde.org\/comilog\/wp-content\/uploads\/sites\/28\/2025\/03\/IMG_4342-1536x1024.jpg 1536w, https:\/\/ee.mlfmonde.org\/comilog\/wp-content\/uploads\/sites\/28\/2025\/03\/IMG_4342-2048x1365.jpg 2048w, https:\/\/ee.mlfmonde.org\/comilog\/wp-content\/uploads\/sites\/28\/2025\/03\/IMG_4342-570x380.jpg 570w\" sizes=\"(max-width: 1024px) 100vw, 1024px\" \/><\/figure>\n\n\n\n<figure class=\"wp-block-image size-large\"><img decoding=\"async\" data-id=\"338\" src=\"https:\/\/ee.mlfmonde.org\/comilog\/wp-content\/uploads\/sites\/28\/2025\/03\/IMG_3857-1024x683.jpg\" alt=\"\" class=\"wp-image-338\" \/><\/figure>\n<\/figure>\n\n\n\n<p class=\"has-medium-font-size\">En <strong>CM2<\/strong>, derni\u00e8re ann\u00e9e du primaire, l\u2019objectif est de pr\u00e9parer les \u00e9l\u00e8ves \u00e0 leur passage au lyc\u00e9e. L\u2019accent est mis sur l\u2019autonomie, la prise d\u2019initiative et la rigueur dans le travail. Les \u00e9l\u00e8ves ma\u00eetrisent d\u00e9sormais la <strong>r\u00e9daction structur\u00e9e, la r\u00e9solution de probl\u00e8mes complexes et l\u2019application des notions acquises<\/strong> dans des contextes vari\u00e9s.<\/p>\n\n\n\n<p class=\"has-medium-font-size\">Le CM2 est aussi une ann\u00e9e o\u00f9 les \u00e9l\u00e8ves sont amen\u00e9s \u00e0 d\u00e9velopper leur sens des responsabilit\u00e9s et leur capacit\u00e9 \u00e0 travailler en \u00e9quipe. Les projets collectifs, les pr\u00e9sentations orales et les \u00e9valuations plus approfondies les pr\u00e9parent aux attentes du lyc\u00e9e.<\/p>\n\n\n\n<p class=\"has-medium-font-size\">Tout au long de l&#8217;ann\u00e9e, les CM2 pr\u00e9parent LE CEP, premier examen acad\u00e9mique au GABON. Cette \u00e9preuve se d\u00e9roule en fin d&#8217;ann\u00e9e scolaire et marque la fin des \u00e9tudes primaires.<\/p>\n\n\n\n<p><\/p>\n","protected":false},"excerpt":{"rendered":"<p>L\u2019\u00c9cole Primaire accompagne les \u00e9l\u00e8ves dans une \u00e9tape cl\u00e9 dans leur parcours scolaire. C\u2019est ici que les enfants consolident leurs apprentissages fondamentaux, d\u00e9veloppent leur autonomie et acqui\u00e8rent des comp\u00e9tences essentielles pour leur entr\u00e9e au coll\u00e8ge ou lyc\u00e9e . l\u2019apprentissage se fait de mani\u00e8re progressive et adapt\u00e9e au rythme de chaque \u00e9l\u00e8ve. L\u2019\u00e9quipe p\u00e9dagogique met en [&hellip;]<\/p>\n","protected":false},"author":166,"featured_media":0,"parent":0,"menu_order":0,"comment_status":"closed","ping_status":"closed","template":"custom-page.php","meta":{"_acf_changed":false,"footnotes":""},"class_list":["post-1128","page","type-page","status-publish","czr-hentry"],"acf":[],"_links":{"self":[{"href":"https:\/\/ee.mlfmonde.org\/comilog\/wp-json\/wp\/v2\/pages\/1128","targetHints":{"allow":["GET"]}}],"collection":[{"href":"https:\/\/ee.mlfmonde.org\/comilog\/wp-json\/wp\/v2\/pages"}],"about":[{"href":"https:\/\/ee.mlfmonde.org\/comilog\/wp-json\/wp\/v2\/types\/page"}],"author":[{"embeddable":true,"href":"https:\/\/ee.mlfmonde.org\/comilog\/wp-json\/wp\/v2\/users\/166"}],"replies":[{"embeddable":true,"href":"https:\/\/ee.mlfmonde.org\/comilog\/wp-json\/wp\/v2\/comments?post=1128"}],"version-history":[{"count":27,"href":"https:\/\/ee.mlfmonde.org\/comilog\/wp-json\/wp\/v2\/pages\/1128\/revisions"}],"predecessor-version":[{"id":2608,"href":"https:\/\/ee.mlfmonde.org\/comilog\/wp-json\/wp\/v2\/pages\/1128\/revisions\/2608"}],"wp:attachment":[{"href":"https:\/\/ee.mlfmonde.org\/comilog\/wp-json\/wp\/v2\/media?parent=1128"}],"curies":[{"name":"wp","href":"https:\/\/api.w.org\/{rel}","templated":true}]}}