{"id":1123,"date":"2025-03-25T17:24:37","date_gmt":"2025-03-25T17:24:37","guid":{"rendered":"https:\/\/ee.mlfmonde.org\/comilog\/?page_id=1123"},"modified":"2025-05-19T16:13:59","modified_gmt":"2025-05-19T16:13:59","slug":"lecole-maternelle-comilog","status":"publish","type":"page","link":"https:\/\/ee.mlfmonde.org\/comilog\/lecole-maternelle-comilog\/","title":{"rendered":"L&#8217;\u00e9cole maternelle COMILOG (Matcom)"},"content":{"rendered":"\n<p class=\"has-medium-font-size\">L\u2019\u00c9cole maternelle COMILOG accompagne les enfants dans leurs premiers apprentissages, en leur offrant un cadre \u00e9ducatif stimulant et bienveillant. Le parcours scolaire y est structur\u00e9 en plusieurs \u00e9tapes progressives, permettant aux \u00e9l\u00e8ves d\u2019\u00e9voluer \u00e0 leur rythme et d\u2019acqu\u00e9rir les bases essentielles pour leur entr\u00e9e en Cours Pr\u00e9paratoire (CP).<\/p>\n\n\n<div class=\"wp-block-image\">\n<figure class=\"aligncenter size-large is-resized\"><img fetchpriority=\"high\" decoding=\"async\" width=\"1024\" height=\"512\" src=\"http:\/\/ee.mlfmonde.org\/comilog\/wp-content\/uploads\/sites\/28\/2025\/04\/Opening-Soon-14-1024x512.png\" alt=\"\" class=\"wp-image-1491\" style=\"width:748px;height:auto\" srcset=\"https:\/\/ee.mlfmonde.org\/comilog\/wp-content\/uploads\/sites\/28\/2025\/04\/Opening-Soon-14-1024x512.png 1024w, https:\/\/ee.mlfmonde.org\/comilog\/wp-content\/uploads\/sites\/28\/2025\/04\/Opening-Soon-14-300x150.png 300w, https:\/\/ee.mlfmonde.org\/comilog\/wp-content\/uploads\/sites\/28\/2025\/04\/Opening-Soon-14-768x384.png 768w, https:\/\/ee.mlfmonde.org\/comilog\/wp-content\/uploads\/sites\/28\/2025\/04\/Opening-Soon-14-1536x768.png 1536w, https:\/\/ee.mlfmonde.org\/comilog\/wp-content\/uploads\/sites\/28\/2025\/04\/Opening-Soon-14-2048x1024.png 2048w, https:\/\/ee.mlfmonde.org\/comilog\/wp-content\/uploads\/sites\/28\/2025\/04\/Opening-Soon-14-570x285.png 570w\" sizes=\"(max-width: 1024px) 100vw, 1024px\" \/><\/figure><\/div>\n\n\n<h3 class=\"wp-block-heading has-text-align-center has-medium-font-size\"><strong><em>Le parcours Scolaire \u00e0 l\u2019\u00c9cole Maternelle Comilog<\/em><\/strong><\/h3>\n\n\n\n<p class=\"has-medium-font-size\">Le cursus est structur\u00e9 en plusieurs niveaux successifs : <strong>Petite Section (PS), Moyenne Section (MS) et Grande Section (GS)<\/strong>, avant l\u2019entr\u00e9e en <strong>Cours Pr\u00e9paratoire (CP)<\/strong>. Chaque \u00e9tape vise \u00e0 pr\u00e9parer les \u00e9l\u00e8ves \u00e0 la suivante en leur apportant les bases n\u00e9cessaires \u00e0 une progression harmonieuse.<\/p>\n\n\n<div class=\"wp-block-image is-style-default\">\n<figure class=\"aligncenter size-large is-resized\"><img decoding=\"async\" width=\"1024\" height=\"576\" src=\"http:\/\/ee.mlfmonde.org\/comilog\/wp-content\/uploads\/sites\/28\/2025\/03\/5-1-1024x576.png\" alt=\"\" class=\"wp-image-1145\" style=\"width:636px;height:auto\" srcset=\"https:\/\/ee.mlfmonde.org\/comilog\/wp-content\/uploads\/sites\/28\/2025\/03\/5-1-1024x576.png 1024w, https:\/\/ee.mlfmonde.org\/comilog\/wp-content\/uploads\/sites\/28\/2025\/03\/5-1-300x169.png 300w, https:\/\/ee.mlfmonde.org\/comilog\/wp-content\/uploads\/sites\/28\/2025\/03\/5-1-768x432.png 768w, https:\/\/ee.mlfmonde.org\/comilog\/wp-content\/uploads\/sites\/28\/2025\/03\/5-1-570x321.png 570w, https:\/\/ee.mlfmonde.org\/comilog\/wp-content\/uploads\/sites\/28\/2025\/03\/5-1-1110x624.png 1110w, https:\/\/ee.mlfmonde.org\/comilog\/wp-content\/uploads\/sites\/28\/2025\/03\/5-1-528x297.png 528w, https:\/\/ee.mlfmonde.org\/comilog\/wp-content\/uploads\/sites\/28\/2025\/03\/5-1.png 1280w\" sizes=\"(max-width: 1024px) 100vw, 1024px\" \/><\/figure><\/div>\n\n\n<p class=\"has-text-align-center has-medium-font-size\"><\/p>\n\n\n\n<p class=\"has-text-align-center has-medium-font-size\"><em>Une Entr\u00e9e en Douceur dans le Monde Scolaire<\/em><\/p>\n\n\n\n<div class=\"wp-block-media-text is-stacked-on-mobile\" style=\"grid-template-columns:58% auto\"><figure class=\"wp-block-media-text__media\"><img decoding=\"async\" width=\"1024\" height=\"683\" src=\"http:\/\/ee.mlfmonde.org\/comilog\/wp-content\/uploads\/sites\/28\/2025\/03\/IMG_4980-1024x683.jpg\" alt=\"\" class=\"wp-image-1151 size-full\" srcset=\"https:\/\/ee.mlfmonde.org\/comilog\/wp-content\/uploads\/sites\/28\/2025\/03\/IMG_4980-1024x683.jpg 1024w, https:\/\/ee.mlfmonde.org\/comilog\/wp-content\/uploads\/sites\/28\/2025\/03\/IMG_4980-300x200.jpg 300w, https:\/\/ee.mlfmonde.org\/comilog\/wp-content\/uploads\/sites\/28\/2025\/03\/IMG_4980-768x512.jpg 768w, https:\/\/ee.mlfmonde.org\/comilog\/wp-content\/uploads\/sites\/28\/2025\/03\/IMG_4980-1536x1024.jpg 1536w, https:\/\/ee.mlfmonde.org\/comilog\/wp-content\/uploads\/sites\/28\/2025\/03\/IMG_4980-2048x1365.jpg 2048w, https:\/\/ee.mlfmonde.org\/comilog\/wp-content\/uploads\/sites\/28\/2025\/03\/IMG_4980-570x380.jpg 570w\" sizes=\"(max-width: 1024px) 100vw, 1024px\" \/><\/figure><div class=\"wp-block-media-text__content\">\n<p class=\"has-medium-font-size\"><em>En <strong>Petite Section (PS)<\/strong>, les enfants d\u00e9couvrent le cadre scolaire et d\u00e9veloppent des comp\u00e9tences sociales, motrices et langagi\u00e8res. Ils apprennent \u00e0 interagir avec leurs camarades, \u00e0 suivre des consignes simples et \u00e0 explorer leur environnement \u00e0 travers des activit\u00e9s ludiques et sensorielles.<\/em><\/p>\n<\/div><\/div>\n\n\n\n<p class=\"has-medium-font-size\">En <strong>Moyenne Section (MS)<\/strong>, les acquis de la Petite Section sont consolid\u00e9s. Les \u00e9l\u00e8ves commencent \u00e0 reconna\u00eetre les lettres, \u00e0 s\u2019exercer \u00e0 l\u2019\u00e9criture et \u00e0 manipuler les premiers concepts math\u00e9matiques. Leur motricit\u00e9 fine s\u2019affine et ils d\u00e9veloppent leur curiosit\u00e9 scientifique \u00e0 travers des activit\u00e9s d\u2019observation et d\u2019exp\u00e9rimentation. \u00c0 ce stade, l\u2019apprentissage devient plus structur\u00e9 tout en conservant une approche ludique et interactive.<\/p>\n\n\n\n<p class=\"has-medium-font-size\">En <strong>Grande Section (GS)<\/strong>, la pr\u00e9paration au <strong>Cours Pr\u00e9paratoire (CP)<\/strong> s\u2019intensifie. L\u2019apprentissage de la lecture et de l\u2019\u00e9criture devient plus rigoureux, les notions math\u00e9matiques se renforcent et les \u00e9l\u00e8ves gagnent en autonomie. Cette derni\u00e8re ann\u00e9e de maternelle joue un r\u00f4le cl\u00e9 dans leur transition vers l\u2019enseignement \u00e9l\u00e9mentaire, en leur apportant les outils et la m\u00e9thodologie n\u00e9cessaires pour r\u00e9ussir leur passage au primaire.<\/p>\n\n\n\n<p class=\"has-medium-font-size\"><\/p>\n\n\n\n<figure class=\"wp-block-gallery has-nested-images columns-default is-cropped wp-block-gallery-1 is-layout-flex wp-block-gallery-is-layout-flex\">\n<figure class=\"wp-block-image size-large\"><img loading=\"lazy\" decoding=\"async\" width=\"1024\" height=\"683\" data-id=\"1155\" src=\"https:\/\/ee.mlfmonde.org\/comilog\/wp-content\/uploads\/sites\/28\/2025\/03\/IMG_5011-1024x683.jpg\" alt=\"\" class=\"wp-image-1155\" srcset=\"https:\/\/ee.mlfmonde.org\/comilog\/wp-content\/uploads\/sites\/28\/2025\/03\/IMG_5011-1024x683.jpg 1024w, https:\/\/ee.mlfmonde.org\/comilog\/wp-content\/uploads\/sites\/28\/2025\/03\/IMG_5011-300x200.jpg 300w, https:\/\/ee.mlfmonde.org\/comilog\/wp-content\/uploads\/sites\/28\/2025\/03\/IMG_5011-768x512.jpg 768w, https:\/\/ee.mlfmonde.org\/comilog\/wp-content\/uploads\/sites\/28\/2025\/03\/IMG_5011-1536x1024.jpg 1536w, https:\/\/ee.mlfmonde.org\/comilog\/wp-content\/uploads\/sites\/28\/2025\/03\/IMG_5011-2048x1365.jpg 2048w, https:\/\/ee.mlfmonde.org\/comilog\/wp-content\/uploads\/sites\/28\/2025\/03\/IMG_5011-570x380.jpg 570w\" sizes=\"(max-width: 1024px) 100vw, 1024px\" \/><\/figure>\n\n\n\n<figure class=\"wp-block-image size-large\"><img loading=\"lazy\" decoding=\"async\" width=\"1024\" height=\"683\" data-id=\"1165\" src=\"https:\/\/ee.mlfmonde.org\/comilog\/wp-content\/uploads\/sites\/28\/2025\/03\/IMG_5076-1024x683.jpg\" alt=\"\" class=\"wp-image-1165\" srcset=\"https:\/\/ee.mlfmonde.org\/comilog\/wp-content\/uploads\/sites\/28\/2025\/03\/IMG_5076-1024x683.jpg 1024w, https:\/\/ee.mlfmonde.org\/comilog\/wp-content\/uploads\/sites\/28\/2025\/03\/IMG_5076-300x200.jpg 300w, https:\/\/ee.mlfmonde.org\/comilog\/wp-content\/uploads\/sites\/28\/2025\/03\/IMG_5076-768x512.jpg 768w, https:\/\/ee.mlfmonde.org\/comilog\/wp-content\/uploads\/sites\/28\/2025\/03\/IMG_5076-1536x1024.jpg 1536w, https:\/\/ee.mlfmonde.org\/comilog\/wp-content\/uploads\/sites\/28\/2025\/03\/IMG_5076-2048x1365.jpg 2048w, https:\/\/ee.mlfmonde.org\/comilog\/wp-content\/uploads\/sites\/28\/2025\/03\/IMG_5076-570x380.jpg 570w\" sizes=\"(max-width: 1024px) 100vw, 1024px\" \/><\/figure>\n<\/figure>\n\n\n\n<figure class=\"wp-block-gallery has-nested-images columns-default is-cropped wp-block-gallery-2 is-layout-flex wp-block-gallery-is-layout-flex\">\n<figure class=\"wp-block-image size-large\"><img loading=\"lazy\" decoding=\"async\" width=\"1024\" height=\"683\" data-id=\"1159\" src=\"http:\/\/ee.mlfmonde.org\/comilog\/wp-content\/uploads\/sites\/28\/2025\/03\/IMG_5017-1024x683.jpg\" alt=\"\" class=\"wp-image-1159\" srcset=\"https:\/\/ee.mlfmonde.org\/comilog\/wp-content\/uploads\/sites\/28\/2025\/03\/IMG_5017-1024x683.jpg 1024w, https:\/\/ee.mlfmonde.org\/comilog\/wp-content\/uploads\/sites\/28\/2025\/03\/IMG_5017-300x200.jpg 300w, https:\/\/ee.mlfmonde.org\/comilog\/wp-content\/uploads\/sites\/28\/2025\/03\/IMG_5017-768x512.jpg 768w, https:\/\/ee.mlfmonde.org\/comilog\/wp-content\/uploads\/sites\/28\/2025\/03\/IMG_5017-1536x1024.jpg 1536w, https:\/\/ee.mlfmonde.org\/comilog\/wp-content\/uploads\/sites\/28\/2025\/03\/IMG_5017-2048x1365.jpg 2048w, https:\/\/ee.mlfmonde.org\/comilog\/wp-content\/uploads\/sites\/28\/2025\/03\/IMG_5017-570x380.jpg 570w\" sizes=\"(max-width: 1024px) 100vw, 1024px\" \/><\/figure>\n\n\n\n<figure class=\"wp-block-image size-large\"><img loading=\"lazy\" decoding=\"async\" width=\"1024\" height=\"683\" data-id=\"1154\" src=\"http:\/\/ee.mlfmonde.org\/comilog\/wp-content\/uploads\/sites\/28\/2025\/03\/IMG_5008-1024x683.jpg\" alt=\"\" class=\"wp-image-1154\" srcset=\"https:\/\/ee.mlfmonde.org\/comilog\/wp-content\/uploads\/sites\/28\/2025\/03\/IMG_5008-1024x683.jpg 1024w, https:\/\/ee.mlfmonde.org\/comilog\/wp-content\/uploads\/sites\/28\/2025\/03\/IMG_5008-300x200.jpg 300w, https:\/\/ee.mlfmonde.org\/comilog\/wp-content\/uploads\/sites\/28\/2025\/03\/IMG_5008-768x512.jpg 768w, https:\/\/ee.mlfmonde.org\/comilog\/wp-content\/uploads\/sites\/28\/2025\/03\/IMG_5008-1536x1024.jpg 1536w, https:\/\/ee.mlfmonde.org\/comilog\/wp-content\/uploads\/sites\/28\/2025\/03\/IMG_5008-2048x1365.jpg 2048w, https:\/\/ee.mlfmonde.org\/comilog\/wp-content\/uploads\/sites\/28\/2025\/03\/IMG_5008-570x380.jpg 570w\" sizes=\"(max-width: 1024px) 100vw, 1024px\" \/><\/figure>\n<figcaption class=\"blocks-gallery-caption wp-element-caption\">Une classe de CP<\/figcaption><\/figure>\n\n\n\n<p class=\"has-medium-font-size\">\u00c0 l\u2019issue de la <strong>Grande Section<\/strong>, les \u00e9l\u00e8ves int\u00e8grent le <strong>Cours Pr\u00e9paratoire (CP)<\/strong>, qui marque leur entr\u00e9e dans l\u2019enseignement \u00e9l\u00e9mentaire. Cette transition se fait en douceur gr\u00e2ce \u00e0 une continuit\u00e9 p\u00e9dagogique assur\u00e9e par des enseignants qualifi\u00e9s et un suivi individualis\u00e9. L\u2019objectif est de garantir une adaptation fluide aux nouvelles exigences de l\u2019\u00e9cole primaire tout en maintenant un cadre rassurant pour chaque enfant.<\/p>\n","protected":false},"excerpt":{"rendered":"<p>L\u2019\u00c9cole maternelle COMILOG accompagne les enfants dans leurs premiers apprentissages, en leur offrant un cadre \u00e9ducatif stimulant et bienveillant. Le parcours scolaire y est structur\u00e9 en plusieurs \u00e9tapes progressives, permettant aux \u00e9l\u00e8ves d\u2019\u00e9voluer \u00e0 leur rythme et d\u2019acqu\u00e9rir les bases essentielles pour leur entr\u00e9e en Cours Pr\u00e9paratoire (CP). Le parcours Scolaire \u00e0 l\u2019\u00c9cole Maternelle Comilog [&hellip;]<\/p>\n","protected":false},"author":166,"featured_media":0,"parent":0,"menu_order":0,"comment_status":"closed","ping_status":"closed","template":"","meta":{"_acf_changed":false,"footnotes":""},"class_list":["post-1123","page","type-page","status-publish","czr-hentry"],"acf":[],"_links":{"self":[{"href":"https:\/\/ee.mlfmonde.org\/comilog\/wp-json\/wp\/v2\/pages\/1123","targetHints":{"allow":["GET"]}}],"collection":[{"href":"https:\/\/ee.mlfmonde.org\/comilog\/wp-json\/wp\/v2\/pages"}],"about":[{"href":"https:\/\/ee.mlfmonde.org\/comilog\/wp-json\/wp\/v2\/types\/page"}],"author":[{"embeddable":true,"href":"https:\/\/ee.mlfmonde.org\/comilog\/wp-json\/wp\/v2\/users\/166"}],"replies":[{"embeddable":true,"href":"https:\/\/ee.mlfmonde.org\/comilog\/wp-json\/wp\/v2\/comments?post=1123"}],"version-history":[{"count":20,"href":"https:\/\/ee.mlfmonde.org\/comilog\/wp-json\/wp\/v2\/pages\/1123\/revisions"}],"predecessor-version":[{"id":2153,"href":"https:\/\/ee.mlfmonde.org\/comilog\/wp-json\/wp\/v2\/pages\/1123\/revisions\/2153"}],"wp:attachment":[{"href":"https:\/\/ee.mlfmonde.org\/comilog\/wp-json\/wp\/v2\/media?parent=1123"}],"curies":[{"name":"wp","href":"https:\/\/api.w.org\/{rel}","templated":true}]}}