{"id":553,"date":"2019-02-12T09:50:39","date_gmt":"2019-02-12T09:50:39","guid":{"rendered":"http:\/\/ee.mlfmonde.org\/chennai-renault\/?page_id=553"},"modified":"2019-02-28T04:32:58","modified_gmt":"2019-02-28T04:32:58","slug":"message-de-la-direction-generale-aux-parents-deleves","status":"publish","type":"page","link":"https:\/\/ee.mlfmonde.org\/chennai-renault\/message-de-la-direction-generale-aux-parents-deleves\/","title":{"rendered":"Message de la direction g\u00e9n\u00e9rale aux parents d&rsquo;\u00e9l\u00e8ves"},"content":{"rendered":"<h6><a href=\"http:\/\/ee.mlfmonde.org\/chennai-renault\/wp-content\/uploads\/sites\/2\/2019\/02\/JCD-1.jpg\"><img decoding=\"async\" class=\"alignnone size-medium wp-image-616\" src=\"http:\/\/ee.mlfmonde.org\/chennai-renault\/wp-content\/uploads\/sites\/2\/2019\/02\/JCD-1-300x118.jpg\" alt=\"\" width=\"300\" height=\"118\" srcset=\"https:\/\/ee.mlfmonde.org\/chennai-renault\/wp-content\/uploads\/sites\/2\/2019\/02\/JCD-1-300x118.jpg 300w, https:\/\/ee.mlfmonde.org\/chennai-renault\/wp-content\/uploads\/sites\/2\/2019\/02\/JCD-1-570x224.jpg 570w, https:\/\/ee.mlfmonde.org\/chennai-renault\/wp-content\/uploads\/sites\/2\/2019\/02\/JCD-1.jpg 764w\" sizes=\"(max-width: 300px) 100vw, 300px\" \/>JC Deberre \u00a9mlfmonde.org<\/a><\/h6>\n<p>Le directeur g\u00e9n\u00e9ral, Jean-Christophe Deberre l\u2019a annonc\u00e9 dans son message de rentr\u00e9e, l\u2019un des axes de cette ann\u00e9e scolaire est la construction du dialogue et la coh\u00e9sion des communaut\u00e9s scolaires autour d\u2019une r\u00e9flexion collective. C\u2019est sous cet angle qu\u2019il a d\u00e9cid\u00e9 de s\u2019adresser pour la premi\u00e8re fois, via un message vid\u00e9o, \u00e0 tous les parents d\u2019\u00e9l\u00e8ves du r\u00e9seau mlfmonde.<\/p>\n<p>&nbsp;<\/p>\n<blockquote class=\"wp-embedded-content\" data-secret=\"yspJa3MvWj\"><p><a href=\"http:\/\/www.mlfmonde.org\/message-de-la-direction-generale-au-parents-deleves\/\">Message de la direction g\u00e9n\u00e9rale aux parents d&rsquo;\u00e9l\u00e8ves<\/a><\/p><\/blockquote>\n<p><iframe class=\"wp-embedded-content\" sandbox=\"allow-scripts\" security=\"restricted\" style=\"position: absolute; clip: rect(1px, 1px, 1px, 1px);\" src=\"http:\/\/www.mlfmonde.org\/message-de-la-direction-generale-au-parents-deleves\/embed\/#?secret=yspJa3MvWj\" data-secret=\"yspJa3MvWj\" width=\"600\" height=\"338\" title=\"\u00ab\u00a0Message de la direction g\u00e9n\u00e9rale aux parents d&rsquo;\u00e9l\u00e8ves\u00a0\u00bb &#8212; Mission la\u00efque fran\u00e7aise\" frameborder=\"0\" marginwidth=\"0\" marginheight=\"0\" scrolling=\"no\"><\/iframe><\/p>\n","protected":false},"excerpt":{"rendered":"<p>JC Deberre \u00a9mlfmonde.org Le directeur g\u00e9n\u00e9ral, Jean-Christophe Deberre l\u2019a annonc\u00e9 dans son message de rentr\u00e9e, l\u2019un des axes de cette ann\u00e9e scolaire est la construction du dialogue et la coh\u00e9sion des communaut\u00e9s scolaires autour d\u2019une r\u00e9flexion collective. C\u2019est sous cet angle qu\u2019il a d\u00e9cid\u00e9 de s\u2019adresser pour la premi\u00e8re fois, via un message vid\u00e9o, \u00e0 [&hellip;]<\/p>\n","protected":false},"author":2,"featured_media":0,"parent":0,"menu_order":0,"comment_status":"closed","ping_status":"closed","template":"","meta":{"_acf_changed":false,"footnotes":""},"class_list":["post-553","page","type-page","status-publish","czr-hentry"],"acf":[],"_links":{"self":[{"href":"https:\/\/ee.mlfmonde.org\/chennai-renault\/wp-json\/wp\/v2\/pages\/553","targetHints":{"allow":["GET"]}}],"collection":[{"href":"https:\/\/ee.mlfmonde.org\/chennai-renault\/wp-json\/wp\/v2\/pages"}],"about":[{"href":"https:\/\/ee.mlfmonde.org\/chennai-renault\/wp-json\/wp\/v2\/types\/page"}],"author":[{"embeddable":true,"href":"https:\/\/ee.mlfmonde.org\/chennai-renault\/wp-json\/wp\/v2\/users\/2"}],"replies":[{"embeddable":true,"href":"https:\/\/ee.mlfmonde.org\/chennai-renault\/wp-json\/wp\/v2\/comments?post=553"}],"version-history":[{"count":2,"href":"https:\/\/ee.mlfmonde.org\/chennai-renault\/wp-json\/wp\/v2\/pages\/553\/revisions"}],"predecessor-version":[{"id":617,"href":"https:\/\/ee.mlfmonde.org\/chennai-renault\/wp-json\/wp\/v2\/pages\/553\/revisions\/617"}],"wp:attachment":[{"href":"https:\/\/ee.mlfmonde.org\/chennai-renault\/wp-json\/wp\/v2\/media?parent=553"}],"curies":[{"name":"wp","href":"https:\/\/api.w.org\/{rel}","templated":true}]}}