{"id":445,"date":"2019-01-28T08:31:13","date_gmt":"2019-01-28T08:31:13","guid":{"rendered":"http:\/\/ee.mlfmonde.org\/chennai-renault\/?page_id=445"},"modified":"2019-01-31T05:26:13","modified_gmt":"2019-01-31T05:26:13","slug":"notre-ecole","status":"publish","type":"page","link":"https:\/\/ee.mlfmonde.org\/chennai-renault\/notre-ecole\/","title":{"rendered":"Notre \u00e9cole"},"content":{"rendered":"<p dir=\"ltr\">L&rsquo;\u00e9cole est situ\u00e9e \u00e0 Chennai dans l&rsquo;\u00e9tat du Tamil Nadu en Inde. Chennai (anciennement Madras jusqu&rsquo;en 1996) est une m\u00e9gapole portuaire de plus de 10 000 000 habitants, sur la c\u00f4te sud-est de l&rsquo;Inde, bord\u00e9e par le Golfe du Bengale. C&rsquo;est une ville qui h\u00e9berge le si\u00e8ge de nombreuses entreprises, en particulier manufacturi\u00e8res, de construction automobile et d&rsquo;informatique.<\/p>\n<p dir=\"ltr\">C&rsquo;est dans cette ville que l&rsquo;entreprise Renault a choisi d&rsquo;implanter sa plus grande usine mondiale pour p\u00e9n\u00e9trer le march\u00e9 indien.<\/p>\n<p dir=\"ltr\">L&rsquo;\u00e9cole a \u00e9t\u00e9 cr\u00e9\u00e9e par la Mlf en 2007 \u00e0 la demande de l&rsquo;entreprise Renault pour scolariser les enfants des expatri\u00e9s fran\u00e7ais le temps de leur mission.<\/p>\n<p dir=\"ltr\">Dans un premier temps, le choix de la Mlf et de l&rsquo;entreprise s&rsquo;\u00e9tait port\u00e9 sur un projet de partenariat avec une \u00e9cole indienne nomm\u00e9e Gateway. Les difficult\u00e9s de la mise en place d&rsquo;un partenariat efficace et surtout la crise \u00e9conomique de 2008 n&rsquo;ont pu permettre la finalisation du projet.\u00a0A la rentr\u00e9e 2009, l&rsquo;\u00e9cole Mlf-Renault s&rsquo;installe donc \u00e0 l&rsquo;American International School of Chennai pour assurer l&rsquo;essentiel de l&rsquo;enseignement du fran\u00e7ais et des math\u00e9matiques des programmes officiels car les \u00e9l\u00e8ves sont dans l&rsquo;obligation de suivre un cursus complet \u00e0 l&rsquo;AISC.<\/p>\n<p dir=\"ltr\">Depuis cette date les effectifs ne cessent d\u2019augmenter, passant de 12 \u00e9l\u00e8ves \u00e0 64 \u00e9l\u00e8ves aujourd\u2019hui, de la PS \u00e0 la classe de Terminale.<\/p>\n<p dir=\"ltr\">\n<p><a href=\"http:\/\/ee.mlfmonde.org\/chennai-renault\/wp-content\/uploads\/sites\/2\/2019\/01\/Tamil-Nadu.jpg\"><img fetchpriority=\"high\" decoding=\"async\" class=\"size-medium wp-image-450 aligncenter\" src=\"http:\/\/ee.mlfmonde.org\/chennai-renault\/wp-content\/uploads\/sites\/2\/2019\/01\/Tamil-Nadu-264x300.jpg\" alt=\"\" width=\"264\" height=\"300\" srcset=\"https:\/\/ee.mlfmonde.org\/chennai-renault\/wp-content\/uploads\/sites\/2\/2019\/01\/Tamil-Nadu-264x300.jpg 264w, https:\/\/ee.mlfmonde.org\/chennai-renault\/wp-content\/uploads\/sites\/2\/2019\/01\/Tamil-Nadu-768x874.jpg 768w, https:\/\/ee.mlfmonde.org\/chennai-renault\/wp-content\/uploads\/sites\/2\/2019\/01\/Tamil-Nadu-900x1024.jpg 900w, https:\/\/ee.mlfmonde.org\/chennai-renault\/wp-content\/uploads\/sites\/2\/2019\/01\/Tamil-Nadu-570x649.jpg 570w\" sizes=\"(max-width: 264px) 100vw, 264px\" \/><\/a><\/p>\n<p dir=\"ltr\">\n<p>&nbsp;<\/p>\n","protected":false},"excerpt":{"rendered":"<p>L&rsquo;\u00e9cole est situ\u00e9e \u00e0 Chennai dans l&rsquo;\u00e9tat du Tamil Nadu en Inde. Chennai (anciennement Madras jusqu&rsquo;en 1996) est une m\u00e9gapole portuaire de plus de 10 000 000 habitants, sur la c\u00f4te sud-est de l&rsquo;Inde, bord\u00e9e par le Golfe du Bengale. C&rsquo;est une ville qui h\u00e9berge le si\u00e8ge de nombreuses entreprises, en particulier manufacturi\u00e8res, de construction [&hellip;]<\/p>\n","protected":false},"author":2,"featured_media":0,"parent":0,"menu_order":0,"comment_status":"closed","ping_status":"closed","template":"","meta":{"_acf_changed":false,"footnotes":""},"class_list":["post-445","page","type-page","status-publish","czr-hentry"],"acf":[],"_links":{"self":[{"href":"https:\/\/ee.mlfmonde.org\/chennai-renault\/wp-json\/wp\/v2\/pages\/445","targetHints":{"allow":["GET"]}}],"collection":[{"href":"https:\/\/ee.mlfmonde.org\/chennai-renault\/wp-json\/wp\/v2\/pages"}],"about":[{"href":"https:\/\/ee.mlfmonde.org\/chennai-renault\/wp-json\/wp\/v2\/types\/page"}],"author":[{"embeddable":true,"href":"https:\/\/ee.mlfmonde.org\/chennai-renault\/wp-json\/wp\/v2\/users\/2"}],"replies":[{"embeddable":true,"href":"https:\/\/ee.mlfmonde.org\/chennai-renault\/wp-json\/wp\/v2\/comments?post=445"}],"version-history":[{"count":4,"href":"https:\/\/ee.mlfmonde.org\/chennai-renault\/wp-json\/wp\/v2\/pages\/445\/revisions"}],"predecessor-version":[{"id":468,"href":"https:\/\/ee.mlfmonde.org\/chennai-renault\/wp-json\/wp\/v2\/pages\/445\/revisions\/468"}],"wp:attachment":[{"href":"https:\/\/ee.mlfmonde.org\/chennai-renault\/wp-json\/wp\/v2\/media?parent=445"}],"curies":[{"name":"wp","href":"https:\/\/api.w.org\/{rel}","templated":true}]}}