{"id":377,"date":"2019-01-28T03:37:33","date_gmt":"2019-01-28T03:37:33","guid":{"rendered":"http:\/\/ee.mlfmonde.org\/chennai-renault\/?page_id=377"},"modified":"2021-12-15T12:03:55","modified_gmt":"2021-12-15T12:03:55","slug":"reglement-interieur-2","status":"publish","type":"page","link":"https:\/\/ee.mlfmonde.org\/chennai-renault\/reglement-interieur-2\/","title":{"rendered":"R\u00e8glement int\u00e9rieur"},"content":{"rendered":"<p><strong>ECOLE MLF-RENAULT<\/strong><\/p>\n<p><strong>de Chennai.Ann\u00e9e scolaire 2021\/2022<\/strong><\/p>\n<p>&nbsp;<\/p>\n<p><strong>R\u00c8GLEMENT INT\u00c9RIEUR<\/strong><\/p>\n<p><strong>\u00a0<\/strong><\/p>\n<p>L\u2019\u00e9cole MLF-Renault de Chennai est un lieu d\u2019enseignement et d\u2019\u00e9ducation, un lieu de vie et d\u2019activit\u00e9s. Le r\u00e8glement int\u00e9rieur a pour but de fixer <strong>les r\u00e8gles communes du savoir vivre ensemble<\/strong> pour les \u00e9l\u00e8ves, les parents, les enseignants et toute la communaut\u00e9 \u00e9ducative.<\/p>\n<p>&nbsp;<\/p>\n<p><strong>ENSEIGNEMENT A DISTANCE ET COVID 19.<\/strong><\/p>\n<p><strong>\u00a0<\/strong><\/p>\n<p>Depuis le 1<sup>er<\/sup> novembre 2021 dernier, l\u2019\u00e9cole MLF Renault de Chennai a repris ses activit\u00e9s d\u2019enseignement mais propose un enseignement \u00e0 distance aux \u00e9l\u00e8ves utilisant divers supports pour remplir sa mission lorsque l\u2019\u00e9tablissement est ferm\u00e9 pour diff\u00e9rentes raisons.<\/p>\n<p>En plus des activit\u00e9s et travaux envoy\u00e9s par les enseignants ou par le CNED, un emploi du temps par classe de sessions Zoom a \u00e9t\u00e9 envoy\u00e9 aux familles.<\/p>\n<p>Les professeurs proposent lors de ces regroupements des explications, des exercices, des lectures, des mises au point, des suivis, cr\u00e9ent des liens, entretiennent le sentiment d\u2019appartenir \u00e0 un groupe et en dehors de ces horaires sp\u00e9cifiques peuvent proposer des moments de rem\u00e9diation lors de s\u00e9ances individuelles.<\/p>\n<p>Il s\u2019entend que ces strat\u00e9gies\u00a0: Google doc, Padlet, Zoom\u2026sont dues au confinement et \u00e0 la fermeture des \u00e9coles et que la fr\u00e9quentation des sessions reste obligatoire comme l\u2019est la pr\u00e9sence en classe.<\/p>\n<p>&nbsp;<\/p>\n<p>Le r\u00e8glement ci-dessous s\u2019applique de mani\u00e8re identique \u00e0 notre p\u00e9riode d\u2019enseignement virtuel dans une \u00e9cole bien r\u00e9elle, avec pour but la r\u00e9ussite des \u00e9l\u00e8ves.<\/p>\n<p>&nbsp;<\/p>\n<p>&nbsp;<\/p>\n<ol>\n<li><strong> FR\u00c9QUENTATION ET OBLIGATION SCOLAIRE<\/strong><\/li>\n<\/ol>\n<p>La fr\u00e9quentation des classes est obligatoire y compris le samedi matin ou le mercredi apr\u00e8s-midi et conform\u00e9ment au calendrier pour tout enfant inscrit \u00e0 l\u2019\u00e9cole MLF-Renault de la classe de CP \u00e0 la classe de 1\u00e8re.<\/p>\n<p>&nbsp;<\/p>\n<p>Toute absence d\u2019un \u00e9l\u00e8ve doit \u00eatre justifi\u00e9e par \u00e9crit, soit par un mot dans le cahier de texte, agenda, lettre ou courriel adress\u00e9 \u00e0 l\u2019enseignant ou au directeur. Des autorisations d\u2019absence seront accord\u00e9es exceptionnellement par le directeur, \u00e0 la demande \u00e9crite des familles.<\/p>\n<p>&nbsp;<\/p>\n<ol>\n<li><strong> HORAIRES ET OBLIGATIONS<\/strong><\/li>\n<\/ol>\n<p>&nbsp;<\/p>\n<p>Les horaires de classe sont fix\u00e9s par les emplois du temps \u00e9tablis en d\u00e9but d\u2019ann\u00e9e en fonction des emplois du temps de l\u2019American International School. L\u2019ouverture des portes et l\u2019accueil des \u00e9l\u00e8ves se fait \u00e0 7h20 le matin du lundi au vendredi et \u00e0 8h20 les samedis travaill\u00e9s. L\u2019accueil des \u00e9l\u00e8ves les mercredis lib\u00e9r\u00e9s se fait \u00e0 partir de 14h00.<\/p>\n<p>&nbsp;<\/p>\n<p>Les \u00e9l\u00e8ves doivent arriver \u00e0 l\u2019heure pour ne pas perturber la classe d\u00e9j\u00e0 commenc\u00e9e et tout retard devra \u00eatre justifi\u00e9 par \u00e9crit dans le cahier de texte, l\u2019agenda ou par courriel.<\/p>\n<p>Les retards et absences seront consign\u00e9s dans le registre d\u2018appel.<\/p>\n<p>&nbsp;<\/p>\n<p>Pour le Secondaire, apr\u00e8s 3 retards non-justifi\u00e9s, l\u2019\u00e9l\u00e8ve sera convoqu\u00e9 en retenue.<\/p>\n<p>&nbsp;<\/p>\n<p>Aucun enfant ne peut quitter seul l\u2019\u00e9cole pendant les heures de classe. Un repr\u00e9sentant l\u00e9gal ou une personne mandat\u00e9e officiellement par la famille doit venir le chercher. L\u2019enseignant et le directeur doivent en \u00eatre avis\u00e9s \u00e0 l\u2019aide d\u2019une autorisation dat\u00e9e et sign\u00e9e des parents.<\/p>\n<p>Les enfants sortent seuls et ne sont plus sous la responsabilit\u00e9 de l\u2019\u00e9cole MLF-\u00adRenault d\u00e8s cet instant.<\/p>\n<p>&nbsp;<\/p>\n<p>A la sortie de l\u2019\u00e9cole fran\u00e7aise \u00e0 8h30 pour le primaire et 8h25 pour le coll\u00e8ge\/lyc\u00e9e :<\/p>\n<p>-Les \u00e9l\u00e8ves de CP et de CE1 se rendront \u00e0 l\u2019\u00e9cole am\u00e9ricaine accompagn\u00e9s d\u2019un professeur de l\u2019\u00e9cole fran\u00e7aise.<\/p>\n<p>&nbsp;<\/p>\n<p>Les \u00e9l\u00e8ves de CE2, CM1 et CM2 se rendront seuls \u00e0 l\u2019\u00e9cole am\u00e9ricaine pour rejoindre leur classe respective, ainsi que tous les autres \u00e9l\u00e8ves du coll\u00e8ges\/lyc\u00e9e.<\/p>\n<p>&nbsp;<\/p>\n<p>Les classes prennent fin \u00e0 17h00 du lundi au jeudi, \u00e0 11h30 les samedis et \u00e0 15h30 les mercredis lib\u00e9r\u00e9s.<\/p>\n<p>&nbsp;<\/p>\n<p><strong>III. FICHES DE RENSEIGNEMENTS<\/strong><\/p>\n<p>&nbsp;<\/p>\n<p>Les enseignants ou le directeur peuvent \u00eatre amen\u00e9s \u00e0 contacter en urgence la famille ou les familles des \u00e9l\u00e8ves. Les parents sont donc tenus de communiquer \u00e0 l\u2019\u00e9cole le ou les num\u00e9ros de t\u00e9l\u00e9phone ainsi que l\u2019adresse e-mail o\u00f9 il sera possible de les joindre. S\u2019ils n\u2019ont pu \u00eatre contact\u00e9s, l\u2019enfant sera confi\u00e9 \u00e0 l\u2019infirmerie de l\u2019\u00e9cole am\u00e9ricaine qui prendra les mesures n\u00e9cessaires. L\u2019\u00e9l\u00e8ve sera sous la responsabilit\u00e9 de l\u2019AISC jusqu\u2019\u00e0 l\u2019arriv\u00e9e de ses parents ou de la personne mandat\u00e9e par la famille.<\/p>\n<p>&nbsp;<\/p>\n<p>Une fiche doit \u00eatre remplie en d\u00e9but d\u2019ann\u00e9e. Elle sera remise \u00e0 l\u2019\u00e9l\u00e8ve par l\u2019enseignant d\u00e8s la rentr\u00e9e. Le directeur de l\u2019\u00e9cole assure la confidentialit\u00e9 de ces informations.<\/p>\n<p>&nbsp;<\/p>\n<ol>\n<li><strong> R\u00c8GLES DE VIE EN COMMUNAUT\u00c9 SCOLAIRE<\/strong><\/li>\n<\/ol>\n<p>&nbsp;<\/p>\n<ol>\n<li><u>a) Accidents, s\u00e9curit\u00e9<\/u><u>:<\/u><\/li>\n<\/ol>\n<p>-Les jeux violents ne peuvent \u00eatre admis.<\/p>\n<p>&nbsp;<\/p>\n<p>-Les objets dangereux ou en verre, ainsi que les objets de valeur sont interdits.<\/p>\n<p>-La prise de m\u00e9dicaments ne peut \u00eatre autoris\u00e9e que sur ordonnance m\u00e9dicale accompagn\u00e9e d\u2019une demande \u00e9crite des parents et sous l\u2019enti\u00e8re responsabilit\u00e9 de ceux-ci. Les m\u00e9dicaments seront remis directement \u00e0 l\u2019enseignant qui administrera le traitement et en aucun cas laiss\u00e9s \u00e0 la disposition de l\u2019enfant.<\/p>\n<p>&nbsp;<\/p>\n<p>-La consommation de boissons, de tout aliment, sucreries ou autres friandises est interdite dans les classes.<\/p>\n<p>Avec les fortes chaleurs, il s\u2019entend que la consommation d\u2019eau sera accept\u00e9e.<\/p>\n<p>&nbsp;<\/p>\n<ol>\n<li><u>b) Respect des locaux et du mat\u00e9riel scolaire :<\/u><\/li>\n<\/ol>\n<p>&nbsp;<\/p>\n<p>Le respect des locaux est une obligation pour tous pour la protection du cadre de vie et la qualit\u00e9 de l\u2019environnement. L\u2019\u00e9cole est un espace d\u2019\u00e9ducation, de formation et de bien-\u00eatre.<\/p>\n<p>&nbsp;<\/p>\n<p>Les enfants doivent prendre soin de leur mat\u00e9riel, du mat\u00e9riel collectif et des livres qui leur sont confi\u00e9s.<\/p>\n<p>&nbsp;<\/p>\n<p>Il est souhaitable que le cartable de l\u2019enfant ne soit pas encombr\u00e9 inutilement et qu\u2019il ne contienne que le mat\u00e9riel strictement n\u00e9cessaire \u00e0 la classe. La trousse et le mat\u00e9riel scolaire sp\u00e9cifique \u00e0 l\u2019\u00e9cole MLF Renault ( demand\u00e9s en d\u00e9but d\u2019ann\u00e9e) doivent imp\u00e9rativement rester en classe. Il sera demand\u00e9 aux familles d\u2019indiquer le nom de l\u2019\u00e9l\u00e8ve sur son mat\u00e9riel pour \u00e9viter pertes et \u00e9changes.<\/p>\n<p>&nbsp;<\/p>\n<ol>\n<li><u>c) Respect des autres et vivre ensemble :<\/u><\/li>\n<\/ol>\n<p>&nbsp;<\/p>\n<p>Dans notre communaut\u00e9 et compte-tenu de la sp\u00e9cificit\u00e9 de notre \u00e9tablissement, l\u2019ouverture d\u2019esprit, la bienveillance, l\u2019empathie et le respect des autres sont essentiels.<\/p>\n<p>Les \u00e9l\u00e8ves doivent avoir une attitude irr\u00e9prochable envers leurs camarades et enseignants. Ils recevront en retour les m\u00eames attitudes respectueuses et bienveillantes de la part de leurs pairs et professeurs.<\/p>\n<p>Ils devront adopter un comportement scolaire responsable et raisonnable.<\/p>\n<p>&nbsp;<\/p>\n<p>Le soutien et la coop\u00e9ration des parents sont indispensables au bon fonctionnement de l\u2019\u00e9tablissement.<\/p>\n<p>&nbsp;<\/p>\n<p>Dans les \u00e9tablissements du r\u00e9seau de la Mission La\u00efque Fran\u00e7aise, tout pros\u00e9lytisme religieux ou propagande de nature religieuse ou politique sont interdits.<\/p>\n<p>&nbsp;<\/p>\n<p>&nbsp;<\/p>\n<ol>\n<li><strong> DISCIPLINE<\/strong><\/li>\n<\/ol>\n<p>&nbsp;<\/p>\n<p>Le mat\u00e9riel scolaire de l\u2019\u00e9cole doit \u00eatre respect\u00e9 et utilis\u00e9 avec soin. En cas de d\u00e9t\u00e9rioration, il doit \u00eatre remplac\u00e9 par la famille.<\/p>\n<p>&nbsp;<\/p>\n<p>Les manquements au r\u00e8glement int\u00e9rieur peuvent donner lieu \u00e0 des r\u00e9ponses qui seront port\u00e9es \u00e0 la connaissance des parents :<\/p>\n<p>&nbsp;<\/p>\n<p>-l\u2019isolement, momentan\u00e9 et sous surveillance,<\/p>\n<p>-le devoir suppl\u00e9mentaire,<\/p>\n<p>-l\u2019avertissement donn\u00e9 par le professeur,<\/p>\n<p>-la retenue,<\/p>\n<p>-la convocation des parents,<\/p>\n<p>et en dernier lieu, la r\u00e9union du conseil de discipline pour d\u00e9cider d\u2019une sanction appropri\u00e9e pouvant aller jusqu\u2019\u00e0 l\u2019exclusion temporaire ou d\u00e9finitive de l\u2019\u00e9tablissement.<\/p>\n<p>&nbsp;<\/p>\n<p>Le conseil de discipline est constitu\u00e9 de tous les membres du conseil d\u2019\u00e9cole et il en adopte le fonctionnement.<\/p>\n<p>&nbsp;<\/p>\n<p>Une \u00e9troite collaboration entre l\u2019\u00e9quipe enseignante et les parents est n\u00e9cessaire \u00e0 la r\u00e9ussite des \u00e9l\u00e8ves.<\/p>\n<p>&nbsp;<\/p>\n<ol>\n<li><strong> ACTIVIT\u00c9S P\u00c9RISCOLAIRES EN SECONDAIRE<\/strong><\/li>\n<\/ol>\n<p>&nbsp;<\/p>\n<p>Les \u00e9l\u00e8ves de secondaire sont autoris\u00e9s \u00e0 suivre des activit\u00e9s p\u00e9riscolaires hebdomadaires \u00e0 condition de rattraper syst\u00e9matiquement le travail \u00e0 la maison et en accord avec les parents.<\/p>\n<p>Les \u00e9l\u00e8ves du primaire ne sont pas autoris\u00e9s \u00e0 participer \u00e0 ces activit\u00e9s. L\u2019enseignement direct ne permet pas \u00e0 la souplesse qu\u2019offre l\u2019enseignement \u00e0 distance (CNED).<\/p>\n<p>&nbsp;<\/p>\n<p>Concernant les comp\u00e9titions sportives n\u00e9cessitant un entra\u00eenement quotidien, les \u00e9l\u00e8ves s\u00e9lectionn\u00e9s pourront y participer toujours en accord avec les familles. Les cours seront rattrap\u00e9s en fonction des possibilit\u00e9s \u00e0 l\u2019\u00e9cole et \u00e0 la maison sous la responsabilit\u00e9 des parents.<\/p>\n<p>&nbsp;<\/p>\n<p><strong>VII. CONCERTATION FAMILLES-ENSEIGNANTS<\/strong><\/p>\n<p>&nbsp;<\/p>\n<p><u>La communication entre l\u2019\u00e9cole, les enseignants et les familles se fera essentiellement par courriel.<\/u><\/p>\n<p>Toutefois, pour toute correspondance importante effectu\u00e9e par courriel, le directeur sera toujours mis en copie afin d\u2019\u00e9viter tout malentendu.<\/p>\n<p>La courtoisie et le respect seront toujours de mise pour permettre \u00e0 des \u00e9changes riches et fructueux.<\/p>\n<p>&nbsp;<\/p>\n<p>Une fois par trimestre, un bulletin scolaire\/livret de comp\u00e9tences est transmis aux parents lors d\u2019un entretien individuel ( 2\u00e8me et 3<sup>\u00e8me<\/sup> trimestres). Les parents ne pouvant se d\u00e9placer pour raisons administratives ou professionnelles se verront proposer une autre date et un accord sera trouv\u00e9 en fonction des disponibilit\u00e9s des uns et des autres.<\/p>\n<p>&nbsp;<\/p>\n<p>Une \u00e9troite collaboration entre parents et enseignants est indispensable pour un d\u00e9veloppement harmonieux des enfants.<\/p>\n<p>Les enseignants et le directeur sont \u00e0 la disposition des parents pour les recevoir sur rendez-vous ou en fonction de leur disponibilit\u00e9 imm\u00e9diate.<\/p>\n<p>&nbsp;<\/p>\n<p>&nbsp;<\/p>\n<p>&nbsp;<\/p>\n<p>&nbsp;<\/p>\n<p>&nbsp;<\/p>\n<p><strong>VIII CONSEIL D\u2019\u00c9COLE<\/strong><\/p>\n<p>&nbsp;<\/p>\n<p>Le Conseil d&rsquo;\u00c9cole donne tout avis et pr\u00e9sente toute suggestion sur le fonctionnement de l\u2019\u00e9cole et sur toutes les questions int\u00e9ressant la vie de l\u2019\u00e9cole. Le Conseil d\u2019\u00c9cole statue sur proposition des \u00e9quipes p\u00e9dagogiques pour ce qui concerne la partie p\u00e9dagogique du projet d\u2019\u00e9cole, adopte le projet d\u2019\u00e9cole, donne son accord pour l\u2019organisation d\u2019activit\u00e9s compl\u00e9mentaires.<\/p>\n<p>En fin d\u2019ann\u00e9e scolaire, le Directeur de l\u2019\u00e9cole \u00e9tablit \u00e0 l\u2019intention des membres du Conseil d&rsquo;\u00c9cole, un bilan sur toutes les questions abord\u00e9es lors des Conseils d\u2019\u00c9cole et sur les suites donn\u00e9es aux avis formul\u00e9s.<\/p>\n<p>Le Conseil d&rsquo;\u00c9cole est inform\u00e9 des conditions dans lesquelles les enseignants organisent les rencontres avec les parents de leurs \u00e9l\u00e8ves.<\/p>\n<p>Le Directeur r\u00e9unit les parents de l&rsquo;\u00e9cole ou d&rsquo;une seule classe, \u00e0 chaque rentr\u00e9e, et \u00e0 chaque fois qu&rsquo;il le juge utile.<\/p>\n<p>&nbsp;<\/p>\n<p>Le R\u00e8glement Int\u00e9rieur de l\u2019\u00e9cole est \u00e9tabli par le Conseil d&rsquo;\u00c9cole et en accord avec l\u2019entreprise Renault. Il est approuv\u00e9 ou modifi\u00e9 chaque ann\u00e9e lors de la premi\u00e8re r\u00e9union du Conseil d&rsquo;\u00c9cole. Il pourra \u00eatre amend\u00e9 en cours d\u2019ann\u00e9e conform\u00e9ment au d\u00e9veloppement de l\u2019\u00e9cole, \u00e0 son organisation et au fonctionnement sp\u00e9cifique des classes maternelles, \u00e9l\u00e9mentaires, de coll\u00e8ge et du lyc\u00e9e.<\/p>\n<p>&nbsp;<\/p>\n<p>Serge Petitpr\u00e9, le Directeur de l\u2019\u00e9cole.<\/p>\n<p>&nbsp;<\/p>\n<p>&nbsp;<\/p>\n","protected":false},"excerpt":{"rendered":"<p>ECOLE MLF-RENAULT de Chennai.Ann\u00e9e scolaire 2021\/2022 &nbsp; R\u00c8GLEMENT INT\u00c9RIEUR \u00a0 L\u2019\u00e9cole MLF-Renault de Chennai est un lieu d\u2019enseignement et d\u2019\u00e9ducation, un lieu de vie et d\u2019activit\u00e9s. Le r\u00e8glement int\u00e9rieur a pour but de fixer les r\u00e8gles communes du savoir vivre ensemble pour les \u00e9l\u00e8ves, les parents, les enseignants et toute la communaut\u00e9 \u00e9ducative. &nbsp; ENSEIGNEMENT [&hellip;]<\/p>\n","protected":false},"author":2,"featured_media":0,"parent":0,"menu_order":0,"comment_status":"closed","ping_status":"closed","template":"","meta":{"_acf_changed":false,"footnotes":""},"class_list":["post-377","page","type-page","status-publish","czr-hentry"],"acf":[],"_links":{"self":[{"href":"https:\/\/ee.mlfmonde.org\/chennai-renault\/wp-json\/wp\/v2\/pages\/377","targetHints":{"allow":["GET"]}}],"collection":[{"href":"https:\/\/ee.mlfmonde.org\/chennai-renault\/wp-json\/wp\/v2\/pages"}],"about":[{"href":"https:\/\/ee.mlfmonde.org\/chennai-renault\/wp-json\/wp\/v2\/types\/page"}],"author":[{"embeddable":true,"href":"https:\/\/ee.mlfmonde.org\/chennai-renault\/wp-json\/wp\/v2\/users\/2"}],"replies":[{"embeddable":true,"href":"https:\/\/ee.mlfmonde.org\/chennai-renault\/wp-json\/wp\/v2\/comments?post=377"}],"version-history":[{"count":4,"href":"https:\/\/ee.mlfmonde.org\/chennai-renault\/wp-json\/wp\/v2\/pages\/377\/revisions"}],"predecessor-version":[{"id":904,"href":"https:\/\/ee.mlfmonde.org\/chennai-renault\/wp-json\/wp\/v2\/pages\/377\/revisions\/904"}],"wp:attachment":[{"href":"https:\/\/ee.mlfmonde.org\/chennai-renault\/wp-json\/wp\/v2\/media?parent=377"}],"curies":[{"name":"wp","href":"https:\/\/api.w.org\/{rel}","templated":true}]}}