{"id":365,"date":"2019-01-28T03:36:11","date_gmt":"2019-01-28T03:36:11","guid":{"rendered":"http:\/\/ee.mlfmonde.org\/chennai-renault\/?page_id=365"},"modified":"2021-11-20T08:02:54","modified_gmt":"2021-11-20T08:02:54","slug":"equipe-pedagogique","status":"publish","type":"page","link":"https:\/\/ee.mlfmonde.org\/chennai-renault\/equipe-pedagogique\/","title":{"rendered":"Equipe p\u00e9dagogique"},"content":{"rendered":"<p style=\"text-align: center\"><b>Madame Subha Peschard<\/b><\/p>\n<p style=\"text-align: center\">Classe CM1\/Cm2<\/p>\n<p style=\"text-align: center\"><b>Monsieur Boun Kiet Senviengkham<\/b><\/p>\n<p style=\"text-align: center\">Classe de 6\u00e8me \u00e0 la premi\u00e8re Fran\u00e7ais Cned et International Baccalaureat IBO<\/p>\n<p style=\"text-align: center\">Classe de 3\u00e8me et 2de Histoire\/G\u00e9ographie Cned<\/p>\n<p style=\"text-align: center\"><b>Monsieur Serge Petitpr\u00e9<\/b><\/p>\n<p style=\"text-align: center\">Directeur<\/p>\n<p style=\"text-align: center\">Classe CP \/ CE1 \/ CE2<\/p>\n<p style=\"text-align: center\">Classe de 6\u00e8me \u00e0 4\u00e8me Math\u00e9matiques Cned<\/p>\n","protected":false},"excerpt":{"rendered":"<p>Madame Subha Peschard Classe CM1\/Cm2 Monsieur Boun Kiet Senviengkham Classe de 6\u00e8me \u00e0 la premi\u00e8re Fran\u00e7ais Cned et International Baccalaureat IBO Classe de 3\u00e8me et 2de Histoire\/G\u00e9ographie Cned Monsieur Serge Petitpr\u00e9 Directeur Classe CP \/ CE1 \/ CE2 Classe de 6\u00e8me \u00e0 4\u00e8me Math\u00e9matiques Cned<\/p>\n","protected":false},"author":2,"featured_media":0,"parent":0,"menu_order":0,"comment_status":"closed","ping_status":"closed","template":"","meta":{"_acf_changed":false,"footnotes":""},"class_list":["post-365","page","type-page","status-publish","czr-hentry"],"acf":[],"_links":{"self":[{"href":"https:\/\/ee.mlfmonde.org\/chennai-renault\/wp-json\/wp\/v2\/pages\/365","targetHints":{"allow":["GET"]}}],"collection":[{"href":"https:\/\/ee.mlfmonde.org\/chennai-renault\/wp-json\/wp\/v2\/pages"}],"about":[{"href":"https:\/\/ee.mlfmonde.org\/chennai-renault\/wp-json\/wp\/v2\/types\/page"}],"author":[{"embeddable":true,"href":"https:\/\/ee.mlfmonde.org\/chennai-renault\/wp-json\/wp\/v2\/users\/2"}],"replies":[{"embeddable":true,"href":"https:\/\/ee.mlfmonde.org\/chennai-renault\/wp-json\/wp\/v2\/comments?post=365"}],"version-history":[{"count":8,"href":"https:\/\/ee.mlfmonde.org\/chennai-renault\/wp-json\/wp\/v2\/pages\/365\/revisions"}],"predecessor-version":[{"id":900,"href":"https:\/\/ee.mlfmonde.org\/chennai-renault\/wp-json\/wp\/v2\/pages\/365\/revisions\/900"}],"wp:attachment":[{"href":"https:\/\/ee.mlfmonde.org\/chennai-renault\/wp-json\/wp\/v2\/media?parent=365"}],"curies":[{"name":"wp","href":"https:\/\/api.w.org\/{rel}","templated":true}]}}