{"id":235,"date":"2019-01-17T04:18:13","date_gmt":"2019-01-17T04:18:13","guid":{"rendered":"http:\/\/ee.mlfmonde.org\/chennai-renault\/?page_id=235"},"modified":"2021-11-21T02:21:18","modified_gmt":"2021-11-21T02:21:18","slug":"le-mot-du-directeur","status":"publish","type":"page","link":"https:\/\/ee.mlfmonde.org\/chennai-renault\/le-mot-du-directeur\/","title":{"rendered":"Le mot du directeur"},"content":{"rendered":"<p>L\u2019\u00e9cole MLF Renault de Chennai est un petit coin de paradis dans l\u2019enceinte de la tr\u00e8s jolie \u00e9cole Am\u00e9ricaine Internationale de Chennai, install\u00e9e dans son couloir et mitoyenne de l\u2019\u00e9cole japonaise.<\/p>\n<p>Y sont accueillis les enfants de Petite Section jusqu\u2019\u00e0 la Terminale, avec une \u00e9tonnante diversit\u00e9 des enseignements : direct pour le primaire, puis CNED pour le coll\u00e8ge\/Lyc\u00e9e, et SSST pour le IB ( International Baccalaureat).<\/p>\n<p>Les \u00e9l\u00e8ves de l\u2019\u00e9cole sont avant tout \u00e9l\u00e8ves de l\u2019AISChennai et en accord avec la Soci\u00e9t\u00e9 Renault et la Mission La\u00efque Fran\u00e7aise, l\u2019\u00e9tablissement propose un enseignement conforme aux attentes du Minist\u00e8re fran\u00e7ais de l\u2019\u00c9ducation Nationale, pr\u00e9pare au DNB et \u00e0 l\u2019\u00e9preuve anticip\u00e9e du Baccalaur\u00e9at EAF.<\/p>\n<p>Le programme s\u2019ajoute, s\u2019int\u00e8gre, se r\u00e9alise, se d\u00e9veloppe, s\u2019articule, s\u2019harmonise, se conjugue avec et autour de l\u2019emploi du temps de l\u2019AISChennai, suit le m\u00eame calendrier \u00e0 l\u2019ann\u00e9e et se construit avec des collaborations, des passerelles avec les curricula de l\u2019\u00e9cole internationale.<\/p>\n<p>L\u2019\u00e9cole met en place des projets riches et f\u00e9d\u00e9rateurs impliquant tous les \u00e9l\u00e8ves, les parents et tous les acteurs de la communaut\u00e9 \u00e9ducative. Elle se d\u00e9veloppe dans un projet d\u2019\u00e9cole particulier aux r\u00e9alit\u00e9s de l\u2019\u00e9cole qui a pour axes la ma\u00eetrise de la langue fran\u00e7aise, l\u2019ouverture sur le pays d\u2019accueil et l\u2019\u00e9ducation \u00e0 la citoyennet\u00e9.<\/p>\n<p>Elle a remport\u00e9 en 2020 le 1er\u00a0prix du concours \u201cC\u2019est ton droit\u00a0: Le droit de jouer dans le slum de Pallavan Nagar\u201d.<\/p>\n<p>Fid\u00e8le aux principes et axes prioritaires de la MLF, L\u2019\u00e9cole MLF Renault s\u2019implique dans les r\u00e9flexions sur les th\u00e8mes de l\u2019accueil de l\u2019enfant, son accompagnement au sein de l\u2019\u00e9cole et sur comment b\u00e2tir une culture d\u2019\u00e9tablissement qui r\u00e9pondra aux attentes des enfants, des parents, de toutes les communaut\u00e9s, une culture qui sera le ciment \u00ab\u00a0d\u2019une communaut\u00e9 globale\u00a0\u00bb dans une \u00e9cole du XXI\u00e8me si\u00e8cle.<\/p>\n<p>Il n\u2019y a pas plus belle mission pour un directeur d\u2019\u00e9cole !<\/p>\n<p>Apr\u00e8s avoir ferm\u00e9 ses portes en mars 2020 pour cause de Covid, l\u2019\u00e9cole a pu rouvrir ses classes \u00e0 tous les \u00e9l\u00e8ves depuis le 1er novembre 2021.<\/p>\n<p>A de longs mois d\u2019enseignement \u00e0 distance, succ\u00e8de enfin le bonheur de retrouver une vie d\u2019\u00e9cole presque normale avec les camarades, les enseignants, le Bonheur de pouvoir rire dans les couloirs.<\/p>\n<p>Serge Petitpr\u00e9<\/p>\n<p>Directeur.Novembre 2021.<\/p>\n<p>&nbsp;<\/p>\n","protected":false},"excerpt":{"rendered":"<p>L\u2019\u00e9cole MLF Renault de Chennai est un petit coin de paradis dans l\u2019enceinte de la tr\u00e8s jolie \u00e9cole Am\u00e9ricaine Internationale de Chennai, install\u00e9e dans son couloir et mitoyenne de l\u2019\u00e9cole japonaise. Y sont accueillis les enfants de Petite Section jusqu\u2019\u00e0 la Terminale, avec une \u00e9tonnante diversit\u00e9 des enseignements : direct pour le primaire, puis CNED [&hellip;]<\/p>\n","protected":false},"author":2,"featured_media":0,"parent":0,"menu_order":0,"comment_status":"closed","ping_status":"closed","template":"","meta":{"_acf_changed":false,"footnotes":""},"class_list":["post-235","page","type-page","status-publish","czr-hentry"],"acf":[],"_links":{"self":[{"href":"https:\/\/ee.mlfmonde.org\/chennai-renault\/wp-json\/wp\/v2\/pages\/235","targetHints":{"allow":["GET"]}}],"collection":[{"href":"https:\/\/ee.mlfmonde.org\/chennai-renault\/wp-json\/wp\/v2\/pages"}],"about":[{"href":"https:\/\/ee.mlfmonde.org\/chennai-renault\/wp-json\/wp\/v2\/types\/page"}],"author":[{"embeddable":true,"href":"https:\/\/ee.mlfmonde.org\/chennai-renault\/wp-json\/wp\/v2\/users\/2"}],"replies":[{"embeddable":true,"href":"https:\/\/ee.mlfmonde.org\/chennai-renault\/wp-json\/wp\/v2\/comments?post=235"}],"version-history":[{"count":6,"href":"https:\/\/ee.mlfmonde.org\/chennai-renault\/wp-json\/wp\/v2\/pages\/235\/revisions"}],"predecessor-version":[{"id":901,"href":"https:\/\/ee.mlfmonde.org\/chennai-renault\/wp-json\/wp\/v2\/pages\/235\/revisions\/901"}],"wp:attachment":[{"href":"https:\/\/ee.mlfmonde.org\/chennai-renault\/wp-json\/wp\/v2\/media?parent=235"}],"curies":[{"name":"wp","href":"https:\/\/api.w.org\/{rel}","templated":true}]}}