{"id":90,"date":"2017-06-04T11:29:31","date_gmt":"2017-06-04T11:29:31","guid":{"rendered":"http:\/\/ee.mlfmonde.org\/qingdao-technip\/?page_id=90"},"modified":"2026-01-11T16:12:52","modified_gmt":"2026-01-11T16:12:52","slug":"bata-2","status":"publish","type":"page","link":"https:\/\/ee.mlfmonde.org\/bata-sogea\/bata-2\/","title":{"rendered":"Bata"},"content":{"rendered":"<p style=\"text-align: justify\"><strong>Bata<\/strong> est une ville portuaire situ\u00e9e \u00e0 proximit\u00e9 du Golfe de Guin\u00e9e dans la r\u00e9gion du Rio Muni, en Guin\u00e9e \u00e9quatoriale. Avec une population de 347 368 habitants lors du recensement de 2015, elle est la premi\u00e8re ville de Guin\u00e9e \u00e9quatoriale et la capitale \u00e9conomique du pays.<\/p>\n<p style=\"text-align: justify\">Parmi les monuments embl\u00e9matiques de la cit\u00e9 se trouvent la\u00a0cath\u00e9drale, le palais pr\u00e9sidentiel, le grand march\u00e9 central ou encore la\u00a0place de l&rsquo;Horloge\u00a0(\u00e9galement appel\u00e9e place de la Libert\u00e9). S&rsquo;il subsiste quelques monuments datant de la p\u00e9riode coloniale espagnole, une grande partie du tissu urbain a \u00e9t\u00e9 am\u00e9nag\u00e9 dans les\u00a0ann\u00e9es 1950. La cit\u00e9 est \u00e9galement dot\u00e9e d&rsquo;un front de mer et d&rsquo;un important port de commerce en eau profonde.<strong><img fetchpriority=\"high\" decoding=\"async\" class=\"wp-image-5264 size-medium alignright\" src=\"http:\/\/ee.mlfmonde.org\/bata-sogea\/wp-content\/uploads\/sites\/16\/2022\/12\/CleanShot-2022-12-12-at-15.42.51@2x-300x282.png\" alt=\"\" width=\"300\" height=\"282\" srcset=\"https:\/\/ee.mlfmonde.org\/bata-sogea\/wp-content\/uploads\/sites\/16\/2022\/12\/CleanShot-2022-12-12-at-15.42.51@2x-300x282.png 300w, https:\/\/ee.mlfmonde.org\/bata-sogea\/wp-content\/uploads\/sites\/16\/2022\/12\/CleanShot-2022-12-12-at-15.42.51@2x-768x723.png 768w, https:\/\/ee.mlfmonde.org\/bata-sogea\/wp-content\/uploads\/sites\/16\/2022\/12\/CleanShot-2022-12-12-at-15.42.51@2x-1024x964.png 1024w, https:\/\/ee.mlfmonde.org\/bata-sogea\/wp-content\/uploads\/sites\/16\/2022\/12\/CleanShot-2022-12-12-at-15.42.51@2x.png 1328w\" sizes=\"(max-width: 300px) 100vw, 300px\" \/><\/strong><\/p>\n<p style=\"text-align: justify\">Le port autonome de Bata permet le commerce d&rsquo;une importante mati\u00e8re premi\u00e8re de la r\u00e9gion, le bois. Une zone industrielle lui est attenante.<\/p>\n<p style=\"text-align: justify\">Des ferries assurent un trafic r\u00e9gulier avec les villes de\u00a0Malabo, capitale du pays, ou de\u00a0Douala, au\u00a0Cameroun.<\/p>\n<p>L&rsquo;a\u00e9roport international de Bata\u00a0dessert \u00e9galement de nombreuses destinations, en premier lieu sur le continent africain.<\/p>\n<p style=\"text-align: center\">Sources Wikip\u00e9dia<img decoding=\"async\" class=\"alignright\" src=\"https:\/\/www.tameteo.com\/wimages\/foto79f603e4b4a13e607144f0185d51585c.png\" \/><\/p>\n","protected":false},"excerpt":{"rendered":"<p>Bata est une ville portuaire situ\u00e9e \u00e0 proximit\u00e9 du Golfe de Guin\u00e9e dans la r\u00e9gion du Rio Muni, en Guin\u00e9e \u00e9quatoriale. Avec une population de 347 368 habitants lors du recensement de 2015, elle est la premi\u00e8re ville de Guin\u00e9e \u00e9quatoriale et la capitale \u00e9conomique du pays. Parmi les monuments embl\u00e9matiques de la cit\u00e9 se [&hellip;]<\/p>\n","protected":false},"author":115,"featured_media":0,"parent":0,"menu_order":0,"comment_status":"closed","ping_status":"closed","template":"","meta":{"_acf_changed":false,"footnotes":""},"class_list":["post-90","page","type-page","status-publish","czr-hentry"],"acf":[],"_links":{"self":[{"href":"https:\/\/ee.mlfmonde.org\/bata-sogea\/wp-json\/wp\/v2\/pages\/90","targetHints":{"allow":["GET"]}}],"collection":[{"href":"https:\/\/ee.mlfmonde.org\/bata-sogea\/wp-json\/wp\/v2\/pages"}],"about":[{"href":"https:\/\/ee.mlfmonde.org\/bata-sogea\/wp-json\/wp\/v2\/types\/page"}],"author":[{"embeddable":true,"href":"https:\/\/ee.mlfmonde.org\/bata-sogea\/wp-json\/wp\/v2\/users\/115"}],"replies":[{"embeddable":true,"href":"https:\/\/ee.mlfmonde.org\/bata-sogea\/wp-json\/wp\/v2\/comments?post=90"}],"version-history":[{"count":23,"href":"https:\/\/ee.mlfmonde.org\/bata-sogea\/wp-json\/wp\/v2\/pages\/90\/revisions"}],"predecessor-version":[{"id":6538,"href":"https:\/\/ee.mlfmonde.org\/bata-sogea\/wp-json\/wp\/v2\/pages\/90\/revisions\/6538"}],"wp:attachment":[{"href":"https:\/\/ee.mlfmonde.org\/bata-sogea\/wp-json\/wp\/v2\/media?parent=90"}],"curies":[{"name":"wp","href":"https:\/\/api.w.org\/{rel}","templated":true}]}}