{"id":85,"date":"2017-06-04T11:29:30","date_gmt":"2017-06-04T11:29:30","guid":{"rendered":"http:\/\/ee.mlfmonde.org\/qingdao-technip\/?page_id=85"},"modified":"2026-02-16T07:44:11","modified_gmt":"2026-02-16T07:44:11","slug":"inscriptions","status":"publish","type":"page","link":"https:\/\/ee.mlfmonde.org\/bata-sogea\/inscriptions\/","title":{"rendered":"Inscription"},"content":{"rendered":"<p>Madame, Monsieur,<\/p>\n<p><strong>Conditions d\u2019admission\u00a0:<\/strong><\/p>\n<p>Dans toutes les classes, les enfants sont admis et r\u00e9partis en fonction des places disponibles\u00a0:<\/p>\n<p>L\u2019\u00e9cole fran\u00e7aise de \u00a0Bata est reconnue par le minist\u00e8re de l\u2019\u00c9ducation nationale fran\u00e7aise.<\/p>\n<p>Maternelle : enfants n\u00e9s \u00e0 partir de 2023 (TPS)<\/p>\n<ul>\n<li>Les enfants ne peuvent fr\u00e9quenter la maternelle qu\u2019\u00e0 partir de 2 ans.<\/li>\n<li>Les enfants doivent \u00eatre propres (ne portent pas de couche en journ\u00e9e).<\/li>\n<\/ul>\n<p>\u00c9l\u00e9mentaire\u00a0: du CP au CM2<\/p>\n<ul>\n<li>Les \u00e9l\u00e8ves doivent \u00eatre francophones.<\/li>\n<li>Si les \u00e9l\u00e8ves n\u2019ont pas fr\u00e9quent\u00e9 une \u00e9cole fran\u00e7aise homologu\u00e9e, l\u2019\u00e9cole se r\u00e9serve le droit de faire passer un test de langue dont les r\u00e9sultats conditionneront\u00a0l&rsquo;admission.<\/li>\n<\/ul>\n<p>Coll\u00e8ge\u00a0:<\/p>\n<ul>\n<li>La scolarit\u00e9 au coll\u00e8ge se fait avec l\u2019appui du CNED (Centre national d\u2019enseignement \u00e0 distance).<\/li>\n<li>L\u2019\u00e9cole proc\u00e8de \u00e0 l\u2019inscription et assure le suivi p\u00e9dagogique\u00a0et administratif de l&rsquo;\u00e9l\u00e8ve.<\/li>\n<li>Les \u00e9l\u00e8ves ne provenant\u00a0pas d\u2019une \u00e9cole fran\u00e7aise homologu\u00e9e par le minist\u00e8re de l\u2019\u00c9ducation nationale devront passer un test de niveau. Les dossiers d\u2019inscription devront \u00eatre valid\u00e9s par le conseiller de coop\u00e9ration et d\u2019action culturelle de l\u2019ambassade de France.<\/li>\n<\/ul>\n<p>Le dossier d\u2019inscription doit \u00eatre rempli le plus pr\u00e9cis\u00e9ment possible et retourn\u00e9 pour le 06 septembre 2024, au plus tard.<\/p>\n<p><strong>Pi\u00e8ces justificatives \u00e0 joindre au dossier :<\/strong><\/p>\n<ul>\n<li>Le certificat de vaccination \u00e0 jour (ou la copie du carnet de sant\u00e9)<\/li>\n<li>Une copie d\u2019une pi\u00e8ce d\u2019identit\u00e9 (carte d\u2019identit\u00e9, passeport, acte de naissance)<\/li>\n<li>Une\u00a0 photo d\u2019identit\u00e9<\/li>\n<li>Le dossier scolaire (bulletin de notes, livret de comp\u00e9tences, d\u00e9cision d&rsquo;orientation, etc.)<\/li>\n<\/ul>\n<p><strong>Frais de scolarit\u00e9\u00a0:<br \/>\n<\/strong><br \/>\nTarif annuel pour la maternelle : 3 000 000 XAF<\/p>\n<p>Tarif annuel \u00e9lementaire et coll\u00e8ge : 4 000 000 XAF<\/p>\n<p>Les frais de scolarit\u00e9 sont \u00e0 r\u00e9gler en totalit\u00e9 ou en deux versements.<\/p>\n<p>Frais\u00a0 compl\u00e9mentaires d&rsquo;inscription pour les \u00e9l\u00e8ves de coll\u00e8ge\u00a0:<\/p>\n<p>Tarif CNED 2024-2025 : 740 000 XAF<\/p>\n<p>Date de rentr\u00e9e scolaire\u00a0: <strong>lundi 1er\u00a0 septembre 2025.<\/strong><\/p>\n","protected":false},"excerpt":{"rendered":"<p>Madame, Monsieur, Conditions d\u2019admission\u00a0: Dans toutes les classes, les enfants sont admis et r\u00e9partis en fonction des places disponibles\u00a0: L\u2019\u00e9cole fran\u00e7aise de \u00a0Bata est reconnue par le minist\u00e8re de l\u2019\u00c9ducation nationale fran\u00e7aise. Maternelle : enfants n\u00e9s \u00e0 partir de 2023 (TPS) Les enfants ne peuvent fr\u00e9quenter la maternelle qu\u2019\u00e0 partir de 2 ans. Les enfants [&hellip;]<\/p>\n","protected":false},"author":115,"featured_media":0,"parent":0,"menu_order":0,"comment_status":"closed","ping_status":"closed","template":"","meta":{"_acf_changed":false,"footnotes":""},"class_list":["post-85","page","type-page","status-publish","czr-hentry"],"acf":[],"_links":{"self":[{"href":"https:\/\/ee.mlfmonde.org\/bata-sogea\/wp-json\/wp\/v2\/pages\/85","targetHints":{"allow":["GET"]}}],"collection":[{"href":"https:\/\/ee.mlfmonde.org\/bata-sogea\/wp-json\/wp\/v2\/pages"}],"about":[{"href":"https:\/\/ee.mlfmonde.org\/bata-sogea\/wp-json\/wp\/v2\/types\/page"}],"author":[{"embeddable":true,"href":"https:\/\/ee.mlfmonde.org\/bata-sogea\/wp-json\/wp\/v2\/users\/115"}],"replies":[{"embeddable":true,"href":"https:\/\/ee.mlfmonde.org\/bata-sogea\/wp-json\/wp\/v2\/comments?post=85"}],"version-history":[{"count":39,"href":"https:\/\/ee.mlfmonde.org\/bata-sogea\/wp-json\/wp\/v2\/pages\/85\/revisions"}],"predecessor-version":[{"id":6763,"href":"https:\/\/ee.mlfmonde.org\/bata-sogea\/wp-json\/wp\/v2\/pages\/85\/revisions\/6763"}],"wp:attachment":[{"href":"https:\/\/ee.mlfmonde.org\/bata-sogea\/wp-json\/wp\/v2\/media?parent=85"}],"curies":[{"name":"wp","href":"https:\/\/api.w.org\/{rel}","templated":true}]}}