{"id":83,"date":"2017-06-04T11:29:30","date_gmt":"2017-06-04T11:29:30","guid":{"rendered":"http:\/\/ee.mlfmonde.org\/qingdao-technip\/?page_id=83"},"modified":"2023-09-23T11:46:51","modified_gmt":"2023-09-23T11:46:51","slug":"contact","status":"publish","type":"page","link":"https:\/\/ee.mlfmonde.org\/bata-sogea\/contact\/","title":{"rendered":"Coordonn\u00e9es"},"content":{"rendered":"<p><strong>Adresse\u00a0<\/strong>: Maison de la Francophonie Leopold Sedar Senghor, Paseo Maritimo 5, Bata Litoral, GUIN\u00c9E EQUATORIALE<\/p>\n<p><strong>T\u00e9l\u00e9phone\u00a0<\/strong>:<\/p>\n<ul>\n<li>Direction : +240 222 87 89 81<\/li>\n<\/ul>\n<p><strong>Mail : <\/strong><a href=\"mailto:direction.bata@mlfmonde.org\">direction.bata@mlfmonde.org<\/a><\/p>\n<p><strong>Localisation sur : <\/strong><a href=\"https:\/\/www.google.fr\/maps\/place\/1%C2%B051'19.2%22N+9%C2%B045'26.0%22E\/@1.8554152,9.7556536,581m\/data=!3m1!1e3!4m5!3m4!1s0x0:0x0!8m2!3d1.855339!4d9.757229!10m2!1e2!2e1\" target=\"_blank\" rel=\"noopener noreferrer\">Google Maps<\/a><\/p>\n<p>&nbsp;<\/p>\n","protected":false},"excerpt":{"rendered":"<p>Adresse\u00a0: Maison de la Francophonie Leopold Sedar Senghor, Paseo Maritimo 5, Bata Litoral, GUIN\u00c9E EQUATORIALE T\u00e9l\u00e9phone\u00a0: Direction : +240 222 87 89 81 Mail : direction.bata@mlfmonde.org Localisation sur : Google Maps &nbsp;<\/p>\n","protected":false},"author":115,"featured_media":0,"parent":0,"menu_order":0,"comment_status":"closed","ping_status":"closed","template":"","meta":{"_acf_changed":false,"footnotes":""},"class_list":["post-83","page","type-page","status-publish","czr-hentry"],"acf":[],"_links":{"self":[{"href":"https:\/\/ee.mlfmonde.org\/bata-sogea\/wp-json\/wp\/v2\/pages\/83","targetHints":{"allow":["GET"]}}],"collection":[{"href":"https:\/\/ee.mlfmonde.org\/bata-sogea\/wp-json\/wp\/v2\/pages"}],"about":[{"href":"https:\/\/ee.mlfmonde.org\/bata-sogea\/wp-json\/wp\/v2\/types\/page"}],"author":[{"embeddable":true,"href":"https:\/\/ee.mlfmonde.org\/bata-sogea\/wp-json\/wp\/v2\/users\/115"}],"replies":[{"embeddable":true,"href":"https:\/\/ee.mlfmonde.org\/bata-sogea\/wp-json\/wp\/v2\/comments?post=83"}],"version-history":[{"count":22,"href":"https:\/\/ee.mlfmonde.org\/bata-sogea\/wp-json\/wp\/v2\/pages\/83\/revisions"}],"predecessor-version":[{"id":5660,"href":"https:\/\/ee.mlfmonde.org\/bata-sogea\/wp-json\/wp\/v2\/pages\/83\/revisions\/5660"}],"wp:attachment":[{"href":"https:\/\/ee.mlfmonde.org\/bata-sogea\/wp-json\/wp\/v2\/media?parent=83"}],"curies":[{"name":"wp","href":"https:\/\/api.w.org\/{rel}","templated":true}]}}