{"id":811,"date":"2017-07-17T04:17:51","date_gmt":"2017-07-17T04:17:51","guid":{"rendered":"http:\/\/ee.mlfmonde.org\/qingdao-technip\/?page_id=811"},"modified":"2026-01-15T17:34:29","modified_gmt":"2026-01-15T17:34:29","slug":"mot_du_directeur","status":"publish","type":"page","link":"https:\/\/ee.mlfmonde.org\/bata-sogea\/mot_du_directeur\/","title":{"rendered":"Mot du directeur"},"content":{"rendered":"<p style=\"font-weight: 400\"><b style=\"font-weight: 400\">L\u2019\u00e9cole Fran\u00e7aise de Bata en Guin\u00e9e \u00e9quatoriale est une \u00e9cole d\u2019entreprise MLF g\u00e9r\u00e9e par l&rsquo;Association de l&rsquo;Ecole <\/b>Fran\u00e7aise <b style=\"font-weight: 400\">de Bata (AEFB).<\/b><\/p>\n<p style=\"font-weight: 400\"><b style=\"font-weight: 400\">En cette rentr\u00e9e 2025, elle accueille 67 \u00e9l\u00e8ves de la petite section de maternelle \u00e0 la classe de 3\u00e8me.<\/b><\/p>\n<p style=\"font-weight: 400\">A l\u2019\u00e9cole primaire (Maternelle et \u00e9l\u00e9mentaire ), l\u2019enseignement est dispens\u00e9 en direct; tandis que le coll\u00e8ge fonctionne en partenariat avec le Centre national d\u2019enseignement \u00e0 distance (CNED) de Rouen en France. L&rsquo;\u00e9quipe p\u00e9dagogique, enti\u00e8rement francophone, est compos\u00e9e de deux enseignants fran\u00e7ais d\u00e9tach\u00e9s titulaires du Minist\u00e8re Fran\u00e7ais de l\u2019Education Nationale dont le directeur, trois enseignantes et une assistante maternelle \u00e9quato-guin\u00e9ennes, deux enseignants burkinab\u00e9s, une enseignante irlandaise et un enseignant camerounais.<\/p>\n<p style=\"font-weight: 400\">La richesse de l&rsquo;\u00e9tablissement se trouve tout d&rsquo;abord dans son multiculturalisme : 15 nationalit\u00e9s y sont repr\u00e9sent\u00e9es (am\u00e9ricaine, anglaise, burkinab\u00e9, camerounaise, congolaise,\u00a0 espagnole, \u00e9quato-guin\u00e9enne, fran\u00e7aise, gabonaise, libanaise,\u00a0 marocaine,\u00a0 paraguayenne, rwandaise, syrienne et tchadienne). Cette ouverture sur le monde est une chance, elle nous am\u00e8ne \u00e0 travailler le \u00ab\u00a0vivre ensemble\u00a0\u00bb pour faire de ces enfants des adultes responsables unis dans la diff\u00e9rence et la diversit\u00e9.<\/p>\n<p>Notre \u00e9cole d&rsquo;entreprise est une \u00e9cole MLF (Mission La\u00efque Fran\u00e7aise) qui a d\u00e9velopp\u00e9 une p\u00e9dagogie de la rencontre entre deux cultures, sa devise \u00e9tant \u00ab\u00a0Deux cultures, trois langues\u00a0\u00bb. <b style=\"font-weight: 400\">Le fran\u00e7ais est la langue de scolarisation, l\u2019Espagnol est enseign\u00e9 \u00e0 partir de la Moyenne section et l\u2019Anglais \u00e0 partir du CP.<\/b><\/p>\n<p style=\"font-weight: 400\"><b style=\"font-weight: 400\">Les activit\u00e9s p\u00e9riscolaires sont nombreuses, vari\u00e9es et de qualit\u00e9.\u00a0 Elles sont propos\u00e9es aux \u00e9l\u00e8ves \u00e0 partir de la classe de moyenne section et jusqu&rsquo;au coll\u00e8ge, \u00e0 raison de trois s\u00e9ances hebdomadaires les apr\u00e8s-midis de 15 h \u00e0 17 h. Les \u00e9l\u00e8ves peuvent y pratiquer du football, du basket, du break dance, de la danse moderne, du <\/b>th\u00e9\u00e2tre, du chant et des a<b style=\"font-weight: 400\">rts plastiques.\u00a0 L&rsquo;encadrement est assur\u00e9 par les enseignants et deux intervenants ext\u00e9rieurs.<\/b><\/p>\n<p style=\"font-weight: 400\">De plus, des manifestations artistiques, culturelles et sportives organis\u00e9es par l\u2019\u00e9quipe p\u00e9dagogique (avec la participation des familles) ponctuent l\u2019ann\u00e9e scolaire (T\u00e9l\u00e9thon, carnaval, f\u00eate de la francophonie, f\u00eate de fin d\u2019ann\u00e9e&#8230;).<\/p>\n<p data-start=\"514\" data-end=\"812\">Avec l\u2019engagement de toute l\u2019\u00e9quipe p\u00e9dagogique et \u00e9ducative, nous veillons \u00e0 offrir un cadre s\u00e9curisant et bienveillant, propice \u00e0 la r\u00e9ussite scolaire et au d\u00e9veloppement des valeurs citoyennes. La collaboration avec les familles constitue \u00e9galement un pilier essentiel de notre action \u00e9ducative.<\/p>\n<p data-start=\"514\" data-end=\"812\">Nous commen\u00e7ons cette ann\u00e9e scolaire 2025-2026 dans un b\u00e2timent renov\u00e9 gr\u00e2ce \u00e0 l&rsquo;Association de l&rsquo;Ecole Fran\u00e7aise de Bata qui a oeuvr\u00e9 pendant deux mois pour offrir un cadre plus accueillant pour nos \u00e9l\u00e8ves. Cette ann\u00e9e est aussi marqu\u00e9e par la demande d&rsquo;homologation du cycle 2 et du cycle 3.<\/p>\n<p data-start=\"814\" data-end=\"976\">Je vous remercie pour la confiance que vous accordez \u00e0 notre \u00e9cole et vous souhaite \u00e0 toutes et \u00e0 tous une ann\u00e9e scolaire riche en apprentissages et en r\u00e9ussites.<\/p>\n<p style=\"font-weight: 400\"><strong>Le directeur<\/strong><\/p>\n<p style=\"font-weight: 400\"><strong>Didier Le Glatin<\/strong><\/p>\n\n\n<p><\/p>\n","protected":false},"excerpt":{"rendered":"<p>L\u2019\u00e9cole Fran\u00e7aise de Bata en Guin\u00e9e \u00e9quatoriale est une \u00e9cole d\u2019entreprise MLF g\u00e9r\u00e9e par l&rsquo;Association de l&rsquo;Ecole Fran\u00e7aise de Bata (AEFB). En cette rentr\u00e9e 2025, elle accueille 67 \u00e9l\u00e8ves de la petite section de maternelle \u00e0 la classe de 3\u00e8me. A l\u2019\u00e9cole primaire (Maternelle et \u00e9l\u00e9mentaire ), l\u2019enseignement est dispens\u00e9 en direct; tandis que le [&hellip;]<\/p>\n","protected":false},"author":115,"featured_media":0,"parent":0,"menu_order":0,"comment_status":"closed","ping_status":"closed","template":"","meta":{"_acf_changed":false,"footnotes":""},"class_list":["post-811","page","type-page","status-publish","czr-hentry"],"acf":[],"_links":{"self":[{"href":"https:\/\/ee.mlfmonde.org\/bata-sogea\/wp-json\/wp\/v2\/pages\/811","targetHints":{"allow":["GET"]}}],"collection":[{"href":"https:\/\/ee.mlfmonde.org\/bata-sogea\/wp-json\/wp\/v2\/pages"}],"about":[{"href":"https:\/\/ee.mlfmonde.org\/bata-sogea\/wp-json\/wp\/v2\/types\/page"}],"author":[{"embeddable":true,"href":"https:\/\/ee.mlfmonde.org\/bata-sogea\/wp-json\/wp\/v2\/users\/115"}],"replies":[{"embeddable":true,"href":"https:\/\/ee.mlfmonde.org\/bata-sogea\/wp-json\/wp\/v2\/comments?post=811"}],"version-history":[{"count":28,"href":"https:\/\/ee.mlfmonde.org\/bata-sogea\/wp-json\/wp\/v2\/pages\/811\/revisions"}],"predecessor-version":[{"id":6642,"href":"https:\/\/ee.mlfmonde.org\/bata-sogea\/wp-json\/wp\/v2\/pages\/811\/revisions\/6642"}],"wp:attachment":[{"href":"https:\/\/ee.mlfmonde.org\/bata-sogea\/wp-json\/wp\/v2\/media?parent=811"}],"curies":[{"name":"wp","href":"https:\/\/api.w.org\/{rel}","templated":true}]}}