{"id":6595,"date":"2026-01-15T07:11:28","date_gmt":"2026-01-15T07:11:28","guid":{"rendered":"https:\/\/ee.mlfmonde.org\/bata-sogea\/?page_id=6595"},"modified":"2026-01-15T13:59:28","modified_gmt":"2026-01-15T13:59:28","slug":"halloween","status":"publish","type":"page","link":"https:\/\/ee.mlfmonde.org\/bata-sogea\/halloween\/","title":{"rendered":"Halloween"},"content":{"rendered":"\n<p>Les monstres sont de retour \u00e0 l\u2019\u00e9cole de Bata! Certains se sont m\u00eame gliss\u00e9s dans l\u2019\u00e9cole\u2026<\/p>\n\n\n\n<div class=\"wp-block-columns is-layout-flex wp-container-core-columns-is-layout-9d6595d7 wp-block-columns-is-layout-flex\">\n<div class=\"wp-block-column is-layout-flow wp-block-column-is-layout-flow\">\n<figure class=\"wp-block-image size-large is-resized\"><img fetchpriority=\"high\" decoding=\"async\" width=\"669\" height=\"1024\" src=\"http:\/\/ee.mlfmonde.org\/bata-sogea\/wp-content\/uploads\/sites\/16\/2026\/01\/IMG_20251030_171025-bis-669x1024.jpg\" alt=\"\" class=\"wp-image-6496\" style=\"width:231px;height:auto\" srcset=\"https:\/\/ee.mlfmonde.org\/bata-sogea\/wp-content\/uploads\/sites\/16\/2026\/01\/IMG_20251030_171025-bis-669x1024.jpg 669w, https:\/\/ee.mlfmonde.org\/bata-sogea\/wp-content\/uploads\/sites\/16\/2026\/01\/IMG_20251030_171025-bis-196x300.jpg 196w, https:\/\/ee.mlfmonde.org\/bata-sogea\/wp-content\/uploads\/sites\/16\/2026\/01\/IMG_20251030_171025-bis-768x1175.jpg 768w, https:\/\/ee.mlfmonde.org\/bata-sogea\/wp-content\/uploads\/sites\/16\/2026\/01\/IMG_20251030_171025-bis-1004x1536.jpg 1004w, https:\/\/ee.mlfmonde.org\/bata-sogea\/wp-content\/uploads\/sites\/16\/2026\/01\/IMG_20251030_171025-bis-1339x2048.jpg 1339w, https:\/\/ee.mlfmonde.org\/bata-sogea\/wp-content\/uploads\/sites\/16\/2026\/01\/IMG_20251030_171025-bis-scaled.jpg 1674w\" sizes=\"(max-width: 669px) 100vw, 669px\" \/><\/figure>\n<\/div>\n\n\n\n<div class=\"wp-block-column is-layout-flow wp-block-column-is-layout-flow\">\n<figure class=\"wp-block-video\"><video controls src=\"http:\/\/ee.mlfmonde.org\/bata-sogea\/wp-content\/uploads\/sites\/16\/2026\/01\/Halloween-Site-1.mp4\"><\/video><\/figure>\n<\/div>\n\n\n\n<div class=\"wp-block-column is-layout-flow wp-block-column-is-layout-flow\">\n<figure class=\"wp-block-image size-full\"><img decoding=\"async\" width=\"468\" height=\"624\" src=\"http:\/\/ee.mlfmonde.org\/bata-sogea\/wp-content\/uploads\/sites\/16\/2026\/01\/IMG_20251030_171012.jpg\" alt=\"\" class=\"wp-image-6500\" srcset=\"https:\/\/ee.mlfmonde.org\/bata-sogea\/wp-content\/uploads\/sites\/16\/2026\/01\/IMG_20251030_171012.jpg 468w, https:\/\/ee.mlfmonde.org\/bata-sogea\/wp-content\/uploads\/sites\/16\/2026\/01\/IMG_20251030_171012-225x300.jpg 225w\" sizes=\"(max-width: 468px) 100vw, 468px\" \/><\/figure>\n<\/div>\n<\/div>\n","protected":false},"excerpt":{"rendered":"<p>Les monstres sont de retour \u00e0 l\u2019\u00e9cole de Bata! Certains se sont m\u00eame gliss\u00e9s dans l\u2019\u00e9cole\u2026<\/p>\n","protected":false},"author":115,"featured_media":0,"parent":0,"menu_order":0,"comment_status":"closed","ping_status":"closed","template":"","meta":{"_acf_changed":false,"footnotes":""},"class_list":["post-6595","page","type-page","status-publish","czr-hentry"],"acf":[],"_links":{"self":[{"href":"https:\/\/ee.mlfmonde.org\/bata-sogea\/wp-json\/wp\/v2\/pages\/6595","targetHints":{"allow":["GET"]}}],"collection":[{"href":"https:\/\/ee.mlfmonde.org\/bata-sogea\/wp-json\/wp\/v2\/pages"}],"about":[{"href":"https:\/\/ee.mlfmonde.org\/bata-sogea\/wp-json\/wp\/v2\/types\/page"}],"author":[{"embeddable":true,"href":"https:\/\/ee.mlfmonde.org\/bata-sogea\/wp-json\/wp\/v2\/users\/115"}],"replies":[{"embeddable":true,"href":"https:\/\/ee.mlfmonde.org\/bata-sogea\/wp-json\/wp\/v2\/comments?post=6595"}],"version-history":[{"count":4,"href":"https:\/\/ee.mlfmonde.org\/bata-sogea\/wp-json\/wp\/v2\/pages\/6595\/revisions"}],"predecessor-version":[{"id":6669,"href":"https:\/\/ee.mlfmonde.org\/bata-sogea\/wp-json\/wp\/v2\/pages\/6595\/revisions\/6669"}],"wp:attachment":[{"href":"https:\/\/ee.mlfmonde.org\/bata-sogea\/wp-json\/wp\/v2\/media?parent=6595"}],"curies":[{"name":"wp","href":"https:\/\/api.w.org\/{rel}","templated":true}]}}