{"id":6392,"date":"2025-03-30T14:41:26","date_gmt":"2025-03-30T14:41:26","guid":{"rendered":"https:\/\/ee.mlfmonde.org\/bata-sogea\/?page_id=6392"},"modified":"2025-03-30T14:41:27","modified_gmt":"2025-03-30T14:41:27","slug":"telethon-2024","status":"publish","type":"page","link":"https:\/\/ee.mlfmonde.org\/bata-sogea\/telethon-2024\/","title":{"rendered":"TELETHON 2024"},"content":{"rendered":"\n<figure class=\"wp-block-gallery has-nested-images columns-default is-cropped wp-block-gallery-1 is-layout-flex wp-block-gallery-is-layout-flex\">\n<figure class=\"wp-block-image size-large\"><img fetchpriority=\"high\" decoding=\"async\" width=\"1024\" height=\"768\" data-id=\"6402\" src=\"https:\/\/ee.mlfmonde.org\/bata-sogea\/wp-content\/uploads\/sites\/16\/2025\/03\/IMG_20241211_103030-1-1024x768.jpg\" alt=\"\" class=\"wp-image-6402\" srcset=\"https:\/\/ee.mlfmonde.org\/bata-sogea\/wp-content\/uploads\/sites\/16\/2025\/03\/IMG_20241211_103030-1-1024x768.jpg 1024w, https:\/\/ee.mlfmonde.org\/bata-sogea\/wp-content\/uploads\/sites\/16\/2025\/03\/IMG_20241211_103030-1-300x225.jpg 300w, https:\/\/ee.mlfmonde.org\/bata-sogea\/wp-content\/uploads\/sites\/16\/2025\/03\/IMG_20241211_103030-1-768x576.jpg 768w, https:\/\/ee.mlfmonde.org\/bata-sogea\/wp-content\/uploads\/sites\/16\/2025\/03\/IMG_20241211_103030-1-1536x1152.jpg 1536w, https:\/\/ee.mlfmonde.org\/bata-sogea\/wp-content\/uploads\/sites\/16\/2025\/03\/IMG_20241211_103030-1-2048x1536.jpg 2048w\" sizes=\"(max-width: 1024px) 100vw, 1024px\" \/><\/figure>\n\n\n\n<figure class=\"wp-block-image size-large\"><img decoding=\"async\" width=\"1024\" height=\"768\" data-id=\"6405\" src=\"https:\/\/ee.mlfmonde.org\/bata-sogea\/wp-content\/uploads\/sites\/16\/2025\/03\/IMG_20241211_103123-2-1024x768.jpg\" alt=\"\" class=\"wp-image-6405\" srcset=\"https:\/\/ee.mlfmonde.org\/bata-sogea\/wp-content\/uploads\/sites\/16\/2025\/03\/IMG_20241211_103123-2-1024x768.jpg 1024w, https:\/\/ee.mlfmonde.org\/bata-sogea\/wp-content\/uploads\/sites\/16\/2025\/03\/IMG_20241211_103123-2-300x225.jpg 300w, https:\/\/ee.mlfmonde.org\/bata-sogea\/wp-content\/uploads\/sites\/16\/2025\/03\/IMG_20241211_103123-2-768x576.jpg 768w, https:\/\/ee.mlfmonde.org\/bata-sogea\/wp-content\/uploads\/sites\/16\/2025\/03\/IMG_20241211_103123-2-1536x1152.jpg 1536w, https:\/\/ee.mlfmonde.org\/bata-sogea\/wp-content\/uploads\/sites\/16\/2025\/03\/IMG_20241211_103123-2-2048x1536.jpg 2048w\" sizes=\"(max-width: 1024px) 100vw, 1024px\" \/><\/figure>\n\n\n\n<figure class=\"wp-block-image size-large\"><img decoding=\"async\" width=\"1024\" height=\"768\" data-id=\"6408\" src=\"https:\/\/ee.mlfmonde.org\/bata-sogea\/wp-content\/uploads\/sites\/16\/2025\/03\/IMG_20241211_102731-1-1024x768.jpg\" alt=\"\" class=\"wp-image-6408\" srcset=\"https:\/\/ee.mlfmonde.org\/bata-sogea\/wp-content\/uploads\/sites\/16\/2025\/03\/IMG_20241211_102731-1-1024x768.jpg 1024w, https:\/\/ee.mlfmonde.org\/bata-sogea\/wp-content\/uploads\/sites\/16\/2025\/03\/IMG_20241211_102731-1-300x225.jpg 300w, https:\/\/ee.mlfmonde.org\/bata-sogea\/wp-content\/uploads\/sites\/16\/2025\/03\/IMG_20241211_102731-1-768x576.jpg 768w, https:\/\/ee.mlfmonde.org\/bata-sogea\/wp-content\/uploads\/sites\/16\/2025\/03\/IMG_20241211_102731-1-1536x1152.jpg 1536w, https:\/\/ee.mlfmonde.org\/bata-sogea\/wp-content\/uploads\/sites\/16\/2025\/03\/IMG_20241211_102731-1-2048x1536.jpg 2048w\" sizes=\"(max-width: 1024px) 100vw, 1024px\" \/><\/figure>\n\n\n\n<figure class=\"wp-block-image size-large\"><img loading=\"lazy\" decoding=\"async\" width=\"1024\" height=\"768\" data-id=\"6407\" src=\"https:\/\/ee.mlfmonde.org\/bata-sogea\/wp-content\/uploads\/sites\/16\/2025\/03\/IMG_20241211_105606-1024x768.jpg\" alt=\"\" class=\"wp-image-6407\" srcset=\"https:\/\/ee.mlfmonde.org\/bata-sogea\/wp-content\/uploads\/sites\/16\/2025\/03\/IMG_20241211_105606-1024x768.jpg 1024w, https:\/\/ee.mlfmonde.org\/bata-sogea\/wp-content\/uploads\/sites\/16\/2025\/03\/IMG_20241211_105606-300x225.jpg 300w, https:\/\/ee.mlfmonde.org\/bata-sogea\/wp-content\/uploads\/sites\/16\/2025\/03\/IMG_20241211_105606-768x576.jpg 768w, https:\/\/ee.mlfmonde.org\/bata-sogea\/wp-content\/uploads\/sites\/16\/2025\/03\/IMG_20241211_105606-1536x1152.jpg 1536w, https:\/\/ee.mlfmonde.org\/bata-sogea\/wp-content\/uploads\/sites\/16\/2025\/03\/IMG_20241211_105606-2048x1536.jpg 2048w\" sizes=\"(max-width: 1024px) 100vw, 1024px\" \/><\/figure>\n\n\n\n<figure class=\"wp-block-image size-large\"><img loading=\"lazy\" decoding=\"async\" width=\"768\" height=\"1024\" data-id=\"6406\" src=\"https:\/\/ee.mlfmonde.org\/bata-sogea\/wp-content\/uploads\/sites\/16\/2025\/03\/IMG_20241211_105205-1-768x1024.jpg\" alt=\"\" class=\"wp-image-6406\" srcset=\"https:\/\/ee.mlfmonde.org\/bata-sogea\/wp-content\/uploads\/sites\/16\/2025\/03\/IMG_20241211_105205-1-768x1024.jpg 768w, https:\/\/ee.mlfmonde.org\/bata-sogea\/wp-content\/uploads\/sites\/16\/2025\/03\/IMG_20241211_105205-1-225x300.jpg 225w, https:\/\/ee.mlfmonde.org\/bata-sogea\/wp-content\/uploads\/sites\/16\/2025\/03\/IMG_20241211_105205-1-1152x1536.jpg 1152w, https:\/\/ee.mlfmonde.org\/bata-sogea\/wp-content\/uploads\/sites\/16\/2025\/03\/IMG_20241211_105205-1-1536x2048.jpg 1536w, https:\/\/ee.mlfmonde.org\/bata-sogea\/wp-content\/uploads\/sites\/16\/2025\/03\/IMG_20241211_105205-1-scaled.jpg 1920w\" sizes=\"(max-width: 768px) 100vw, 768px\" \/><\/figure>\n\n\n\n<figure class=\"wp-block-image size-large\"><img loading=\"lazy\" decoding=\"async\" width=\"768\" height=\"1024\" data-id=\"6395\" src=\"https:\/\/ee.mlfmonde.org\/bata-sogea\/wp-content\/uploads\/sites\/16\/2025\/03\/IMG_20241211_105207-1-768x1024.jpg\" alt=\"\" class=\"wp-image-6395\" srcset=\"https:\/\/ee.mlfmonde.org\/bata-sogea\/wp-content\/uploads\/sites\/16\/2025\/03\/IMG_20241211_105207-1-768x1024.jpg 768w, https:\/\/ee.mlfmonde.org\/bata-sogea\/wp-content\/uploads\/sites\/16\/2025\/03\/IMG_20241211_105207-1-225x300.jpg 225w, https:\/\/ee.mlfmonde.org\/bata-sogea\/wp-content\/uploads\/sites\/16\/2025\/03\/IMG_20241211_105207-1-1152x1536.jpg 1152w, https:\/\/ee.mlfmonde.org\/bata-sogea\/wp-content\/uploads\/sites\/16\/2025\/03\/IMG_20241211_105207-1-1536x2048.jpg 1536w, https:\/\/ee.mlfmonde.org\/bata-sogea\/wp-content\/uploads\/sites\/16\/2025\/03\/IMG_20241211_105207-1-scaled.jpg 1920w\" sizes=\"(max-width: 768px) 100vw, 768px\" \/><\/figure>\n\n\n\n<figure class=\"wp-block-image size-large\"><img loading=\"lazy\" decoding=\"async\" width=\"1024\" height=\"768\" data-id=\"6394\" src=\"https:\/\/ee.mlfmonde.org\/bata-sogea\/wp-content\/uploads\/sites\/16\/2025\/03\/IMG_20241211_105642-1-1024x768.jpg\" alt=\"\" class=\"wp-image-6394\" srcset=\"https:\/\/ee.mlfmonde.org\/bata-sogea\/wp-content\/uploads\/sites\/16\/2025\/03\/IMG_20241211_105642-1-1024x768.jpg 1024w, https:\/\/ee.mlfmonde.org\/bata-sogea\/wp-content\/uploads\/sites\/16\/2025\/03\/IMG_20241211_105642-1-300x225.jpg 300w, https:\/\/ee.mlfmonde.org\/bata-sogea\/wp-content\/uploads\/sites\/16\/2025\/03\/IMG_20241211_105642-1-768x576.jpg 768w, https:\/\/ee.mlfmonde.org\/bata-sogea\/wp-content\/uploads\/sites\/16\/2025\/03\/IMG_20241211_105642-1-1536x1152.jpg 1536w, https:\/\/ee.mlfmonde.org\/bata-sogea\/wp-content\/uploads\/sites\/16\/2025\/03\/IMG_20241211_105642-1-2048x1536.jpg 2048w\" sizes=\"(max-width: 1024px) 100vw, 1024px\" \/><\/figure>\n\n\n\n<figure class=\"wp-block-image size-large\"><img loading=\"lazy\" decoding=\"async\" width=\"1024\" height=\"768\" data-id=\"6404\" src=\"https:\/\/ee.mlfmonde.org\/bata-sogea\/wp-content\/uploads\/sites\/16\/2025\/03\/IMG_20241211_110801-2-1024x768.jpg\" alt=\"\" class=\"wp-image-6404\" srcset=\"https:\/\/ee.mlfmonde.org\/bata-sogea\/wp-content\/uploads\/sites\/16\/2025\/03\/IMG_20241211_110801-2-1024x768.jpg 1024w, https:\/\/ee.mlfmonde.org\/bata-sogea\/wp-content\/uploads\/sites\/16\/2025\/03\/IMG_20241211_110801-2-300x225.jpg 300w, https:\/\/ee.mlfmonde.org\/bata-sogea\/wp-content\/uploads\/sites\/16\/2025\/03\/IMG_20241211_110801-2-768x576.jpg 768w, https:\/\/ee.mlfmonde.org\/bata-sogea\/wp-content\/uploads\/sites\/16\/2025\/03\/IMG_20241211_110801-2-1536x1152.jpg 1536w, https:\/\/ee.mlfmonde.org\/bata-sogea\/wp-content\/uploads\/sites\/16\/2025\/03\/IMG_20241211_110801-2-2048x1536.jpg 2048w\" sizes=\"(max-width: 1024px) 100vw, 1024px\" \/><\/figure>\n\n\n\n<figure class=\"wp-block-image size-large\"><img loading=\"lazy\" decoding=\"async\" width=\"1024\" height=\"768\" data-id=\"6401\" src=\"https:\/\/ee.mlfmonde.org\/bata-sogea\/wp-content\/uploads\/sites\/16\/2025\/03\/IMG_20241211_111234-1-1024x768.jpg\" alt=\"\" class=\"wp-image-6401\" srcset=\"https:\/\/ee.mlfmonde.org\/bata-sogea\/wp-content\/uploads\/sites\/16\/2025\/03\/IMG_20241211_111234-1-1024x768.jpg 1024w, https:\/\/ee.mlfmonde.org\/bata-sogea\/wp-content\/uploads\/sites\/16\/2025\/03\/IMG_20241211_111234-1-300x225.jpg 300w, https:\/\/ee.mlfmonde.org\/bata-sogea\/wp-content\/uploads\/sites\/16\/2025\/03\/IMG_20241211_111234-1-768x576.jpg 768w, https:\/\/ee.mlfmonde.org\/bata-sogea\/wp-content\/uploads\/sites\/16\/2025\/03\/IMG_20241211_111234-1-1536x1152.jpg 1536w, https:\/\/ee.mlfmonde.org\/bata-sogea\/wp-content\/uploads\/sites\/16\/2025\/03\/IMG_20241211_111234-1-2048x1536.jpg 2048w\" sizes=\"(max-width: 1024px) 100vw, 1024px\" \/><\/figure>\n\n\n\n<figure class=\"wp-block-image size-large\"><img loading=\"lazy\" decoding=\"async\" width=\"1024\" height=\"768\" data-id=\"6409\" src=\"https:\/\/ee.mlfmonde.org\/bata-sogea\/wp-content\/uploads\/sites\/16\/2025\/03\/IMG_20241211_111705-1-1024x768.jpg\" alt=\"\" class=\"wp-image-6409\" srcset=\"https:\/\/ee.mlfmonde.org\/bata-sogea\/wp-content\/uploads\/sites\/16\/2025\/03\/IMG_20241211_111705-1-1024x768.jpg 1024w, https:\/\/ee.mlfmonde.org\/bata-sogea\/wp-content\/uploads\/sites\/16\/2025\/03\/IMG_20241211_111705-1-300x225.jpg 300w, https:\/\/ee.mlfmonde.org\/bata-sogea\/wp-content\/uploads\/sites\/16\/2025\/03\/IMG_20241211_111705-1-768x576.jpg 768w, https:\/\/ee.mlfmonde.org\/bata-sogea\/wp-content\/uploads\/sites\/16\/2025\/03\/IMG_20241211_111705-1-1536x1152.jpg 1536w, https:\/\/ee.mlfmonde.org\/bata-sogea\/wp-content\/uploads\/sites\/16\/2025\/03\/IMG_20241211_111705-1-2048x1536.jpg 2048w\" sizes=\"(max-width: 1024px) 100vw, 1024px\" \/><\/figure>\n<\/figure>\n\n\n\n<p>L&rsquo;\u00e9v\u00e9nement \u00e9tait attendu! Les \u00e9l\u00e8ves de l&rsquo;Ecole Fran\u00e7aise ont pu relever des d\u00e9fis \u00e0 la course, au basket, au football&#8230; Le tout pour une bonne cause et dans une bonne ambiance. Bravo \u00e0 tous!<\/p>\n","protected":false},"excerpt":{"rendered":"<p>L&rsquo;\u00e9v\u00e9nement \u00e9tait attendu! Les \u00e9l\u00e8ves de l&rsquo;Ecole Fran\u00e7aise ont pu relever des d\u00e9fis \u00e0 la course, au basket, au football&#8230; Le tout pour une bonne cause et dans une bonne ambiance. Bravo \u00e0 tous!<\/p>\n","protected":false},"author":115,"featured_media":0,"parent":0,"menu_order":0,"comment_status":"closed","ping_status":"closed","template":"","meta":{"_acf_changed":false,"footnotes":""},"class_list":["post-6392","page","type-page","status-publish","czr-hentry"],"acf":[],"_links":{"self":[{"href":"https:\/\/ee.mlfmonde.org\/bata-sogea\/wp-json\/wp\/v2\/pages\/6392","targetHints":{"allow":["GET"]}}],"collection":[{"href":"https:\/\/ee.mlfmonde.org\/bata-sogea\/wp-json\/wp\/v2\/pages"}],"about":[{"href":"https:\/\/ee.mlfmonde.org\/bata-sogea\/wp-json\/wp\/v2\/types\/page"}],"author":[{"embeddable":true,"href":"https:\/\/ee.mlfmonde.org\/bata-sogea\/wp-json\/wp\/v2\/users\/115"}],"replies":[{"embeddable":true,"href":"https:\/\/ee.mlfmonde.org\/bata-sogea\/wp-json\/wp\/v2\/comments?post=6392"}],"version-history":[{"count":1,"href":"https:\/\/ee.mlfmonde.org\/bata-sogea\/wp-json\/wp\/v2\/pages\/6392\/revisions"}],"predecessor-version":[{"id":6410,"href":"https:\/\/ee.mlfmonde.org\/bata-sogea\/wp-json\/wp\/v2\/pages\/6392\/revisions\/6410"}],"wp:attachment":[{"href":"https:\/\/ee.mlfmonde.org\/bata-sogea\/wp-json\/wp\/v2\/media?parent=6392"}],"curies":[{"name":"wp","href":"https:\/\/api.w.org\/{rel}","templated":true}]}}