{"id":6194,"date":"2024-12-01T15:58:02","date_gmt":"2024-12-01T15:58:02","guid":{"rendered":"https:\/\/ee.mlfmonde.org\/bata-sogea\/?page_id=6194"},"modified":"2025-03-16T12:24:30","modified_gmt":"2025-03-16T12:24:30","slug":"6194-2","status":"publish","type":"page","link":"https:\/\/ee.mlfmonde.org\/bata-sogea\/6194-2\/","title":{"rendered":"2024-2025"},"content":{"rendered":"\n<h2 class=\"wp-block-heading has-luminous-vivid-amber-color has-text-color has-link-color wp-elements-51d2feb8a3dd66bb92cde254659c8ed9\">Activit\u00e9s p\u00e9riscolaires<\/h2>\n\n\n\n<p style=\"font-style:normal;font-weight:500\">Les activit\u00e9s p\u00e9riscolaires ont commenc\u00e9 \u00e0 l&rsquo;\u00e9cole : danse moderne, Break Dance, jeux de soci\u00e9t\u00e9, basket, football, informatique, origami&#8230; Voici quelques photos.<\/p>\n\n\n\n<h2 class=\"wp-block-heading has-luminous-vivid-amber-color has-text-color has-link-color wp-elements-5fd3fdbec46b833ca5a1318f25e1f2d7\"><a href=\"https:\/\/ee.mlfmonde.org\/bata-sogea\/breakdance\/\" data-type=\"post\" data-id=\"6351\">BreakDance<\/a><\/h2>\n\n\n\n<h2 class=\"wp-block-heading has-luminous-vivid-amber-color has-text-color has-link-color wp-elements-a3dd4a5e99661056fbccd7ce9aeb692f\"><a href=\"https:\/\/ee.mlfmonde.org\/bata-sogea\/jardinage-a-lecole\/\">Jardinage<\/a><\/h2>\n\n\n\n<p style=\"font-style:normal;font-weight:500\">Nous avons un projet de potager \u00e0 l&rsquo;\u00e9cole. Salade, melon, concombre, courgette&#8230; tout cela a d\u00e9j\u00e0 \u00e9t\u00e9 plant\u00e9 par nos apprentis jardiniers sous la conduite de M. Mbile.<\/p>\n\n\n\n<h2 class=\"wp-block-heading has-luminous-vivid-amber-color has-text-color has-link-color wp-elements-dc62a25b092d67becaee4291c3948fce\"><a href=\"https:\/\/ee.mlfmonde.org\/bata-sogea\/origami\/\" data-type=\"post\" data-id=\"6327\">Origami<\/a><\/h2>\n\n\n\n<p>L&rsquo;activit\u00e9 a lieu tous les mercredis apr\u00e8s-midis.<\/p>\n\n\n\n<p><\/p>\n","protected":false},"excerpt":{"rendered":"<p>Activit\u00e9s p\u00e9riscolaires Les activit\u00e9s p\u00e9riscolaires ont commenc\u00e9 \u00e0 l&rsquo;\u00e9cole : danse moderne, Break Dance, jeux de soci\u00e9t\u00e9, basket, football, informatique, origami&#8230; Voici quelques photos. BreakDance Jardinage Nous avons un projet de potager \u00e0 l&rsquo;\u00e9cole. Salade, melon, concombre, courgette&#8230; tout cela a d\u00e9j\u00e0 \u00e9t\u00e9 plant\u00e9 par nos apprentis jardiniers sous la conduite de M. Mbile. Origami [&hellip;]<\/p>\n","protected":false},"author":115,"featured_media":0,"parent":0,"menu_order":0,"comment_status":"closed","ping_status":"closed","template":"","meta":{"_acf_changed":false,"footnotes":""},"class_list":["post-6194","page","type-page","status-publish","czr-hentry"],"acf":[],"_links":{"self":[{"href":"https:\/\/ee.mlfmonde.org\/bata-sogea\/wp-json\/wp\/v2\/pages\/6194","targetHints":{"allow":["GET"]}}],"collection":[{"href":"https:\/\/ee.mlfmonde.org\/bata-sogea\/wp-json\/wp\/v2\/pages"}],"about":[{"href":"https:\/\/ee.mlfmonde.org\/bata-sogea\/wp-json\/wp\/v2\/types\/page"}],"author":[{"embeddable":true,"href":"https:\/\/ee.mlfmonde.org\/bata-sogea\/wp-json\/wp\/v2\/users\/115"}],"replies":[{"embeddable":true,"href":"https:\/\/ee.mlfmonde.org\/bata-sogea\/wp-json\/wp\/v2\/comments?post=6194"}],"version-history":[{"count":30,"href":"https:\/\/ee.mlfmonde.org\/bata-sogea\/wp-json\/wp\/v2\/pages\/6194\/revisions"}],"predecessor-version":[{"id":6353,"href":"https:\/\/ee.mlfmonde.org\/bata-sogea\/wp-json\/wp\/v2\/pages\/6194\/revisions\/6353"}],"wp:attachment":[{"href":"https:\/\/ee.mlfmonde.org\/bata-sogea\/wp-json\/wp\/v2\/media?parent=6194"}],"curies":[{"name":"wp","href":"https:\/\/api.w.org\/{rel}","templated":true}]}}