{"id":6168,"date":"2024-12-01T15:20:14","date_gmt":"2024-12-01T15:20:14","guid":{"rendered":"https:\/\/ee.mlfmonde.org\/bata-sogea\/?page_id=6168"},"modified":"2024-12-02T14:29:23","modified_gmt":"2024-12-02T14:29:23","slug":"championnat-de-football-total","status":"publish","type":"page","link":"https:\/\/ee.mlfmonde.org\/bata-sogea\/championnat-de-football-total\/","title":{"rendered":"Championnat de football \u00a0\u00bb TOTAL\u00a0\u00bb"},"content":{"rendered":"\n<div class=\"wp-block-media-text is-stacked-on-mobile is-image-fill\"><figure class=\"wp-block-media-text__media\" style=\"background-image:url(https:\/\/ee.mlfmonde.org\/bata-sogea\/wp-content\/uploads\/sites\/16\/2024\/12\/IMG_20241130_134304-1024x768.jpg);background-position:50% 50%\"><img fetchpriority=\"high\" decoding=\"async\" width=\"1024\" height=\"768\" src=\"https:\/\/ee.mlfmonde.org\/bata-sogea\/wp-content\/uploads\/sites\/16\/2024\/12\/IMG_20241130_134304-1024x768.jpg\" alt=\"\" class=\"wp-image-6169 size-full\" srcset=\"https:\/\/ee.mlfmonde.org\/bata-sogea\/wp-content\/uploads\/sites\/16\/2024\/12\/IMG_20241130_134304-1024x768.jpg 1024w, https:\/\/ee.mlfmonde.org\/bata-sogea\/wp-content\/uploads\/sites\/16\/2024\/12\/IMG_20241130_134304-300x225.jpg 300w, https:\/\/ee.mlfmonde.org\/bata-sogea\/wp-content\/uploads\/sites\/16\/2024\/12\/IMG_20241130_134304-768x576.jpg 768w, https:\/\/ee.mlfmonde.org\/bata-sogea\/wp-content\/uploads\/sites\/16\/2024\/12\/IMG_20241130_134304-1536x1152.jpg 1536w, https:\/\/ee.mlfmonde.org\/bata-sogea\/wp-content\/uploads\/sites\/16\/2024\/12\/IMG_20241130_134304-2048x1536.jpg 2048w, https:\/\/ee.mlfmonde.org\/bata-sogea\/wp-content\/uploads\/sites\/16\/2024\/12\/IMG_20241130_134304-570x428.jpg 570w\" sizes=\"(max-width: 1024px) 100vw, 1024px\" \/><\/figure><div class=\"wp-block-media-text__content\">\n<p>F\u00e9licitations \u00e0 notre \u00e9quipe! <\/p>\n<\/div><\/div>\n\n\n\n<p>L&rsquo;\u00e9quipe de Football de l\u2019\u00c9cole Fran\u00e7aise de Bata s&rsquo;est hiss\u00e9e en demi-finales du tournoi TOTAL!<\/p>\n\n\n\n<div style=\"height:100px\" aria-hidden=\"true\" class=\"wp-block-spacer\"><\/div>\n\n\n\n<div class=\"wp-block-group is-layout-grid wp-container-core-group-is-layout-9649a0d9 wp-block-group-is-layout-grid\">\n<figure class=\"wp-block-video wp-container-content-69bc4bdf\"><video autoplay controls muted src=\"https:\/\/ee.mlfmonde.org\/bata-sogea\/wp-content\/uploads\/sites\/16\/2024\/12\/VID-20241109-WA0005.mp4\"><\/video><\/figure>\n\n\n\n<figure class=\"wp-block-video wp-container-content-69bc4bdf\"><video autoplay muted src=\"https:\/\/ee.mlfmonde.org\/bata-sogea\/wp-content\/uploads\/sites\/16\/2024\/12\/VID_20241130_134316.mp4\"><\/video><\/figure>\n<\/div>\n\n\n\n<figure class=\"wp-block-video\"><\/figure>\n\n\n\n<p>En route pour les demi-finales!<\/p>\n","protected":false},"excerpt":{"rendered":"<p>F\u00e9licitations \u00e0 notre \u00e9quipe! L&rsquo;\u00e9quipe de Football de l\u2019\u00c9cole Fran\u00e7aise de Bata s&rsquo;est hiss\u00e9e en demi-finales du tournoi TOTAL! En route pour les demi-finales!<\/p>\n","protected":false},"author":115,"featured_media":0,"parent":0,"menu_order":0,"comment_status":"closed","ping_status":"closed","template":"","meta":{"_acf_changed":false,"footnotes":""},"class_list":["post-6168","page","type-page","status-publish","czr-hentry"],"acf":[],"_links":{"self":[{"href":"https:\/\/ee.mlfmonde.org\/bata-sogea\/wp-json\/wp\/v2\/pages\/6168","targetHints":{"allow":["GET"]}}],"collection":[{"href":"https:\/\/ee.mlfmonde.org\/bata-sogea\/wp-json\/wp\/v2\/pages"}],"about":[{"href":"https:\/\/ee.mlfmonde.org\/bata-sogea\/wp-json\/wp\/v2\/types\/page"}],"author":[{"embeddable":true,"href":"https:\/\/ee.mlfmonde.org\/bata-sogea\/wp-json\/wp\/v2\/users\/115"}],"replies":[{"embeddable":true,"href":"https:\/\/ee.mlfmonde.org\/bata-sogea\/wp-json\/wp\/v2\/comments?post=6168"}],"version-history":[{"count":15,"href":"https:\/\/ee.mlfmonde.org\/bata-sogea\/wp-json\/wp\/v2\/pages\/6168\/revisions"}],"predecessor-version":[{"id":6255,"href":"https:\/\/ee.mlfmonde.org\/bata-sogea\/wp-json\/wp\/v2\/pages\/6168\/revisions\/6255"}],"wp:attachment":[{"href":"https:\/\/ee.mlfmonde.org\/bata-sogea\/wp-json\/wp\/v2\/media?parent=6168"}],"curies":[{"name":"wp","href":"https:\/\/api.w.org\/{rel}","templated":true}]}}