{"id":6075,"date":"2024-06-25T16:18:03","date_gmt":"2024-06-25T16:18:03","guid":{"rendered":"http:\/\/ee.mlfmonde.org\/bata-sogea\/?page_id=6075"},"modified":"2024-06-25T16:18:13","modified_gmt":"2024-06-25T16:18:13","slug":"fete-de-fin-dannee-le-vendredi-14-juin-2024","status":"publish","type":"page","link":"https:\/\/ee.mlfmonde.org\/bata-sogea\/fete-de-fin-dannee-le-vendredi-14-juin-2024\/","title":{"rendered":"F\u00eate de fin d&rsquo;ann\u00e9e le vendredi 14 juin 2024"},"content":{"rendered":"<p>Au programme des chansons, des danses et du break dance, du th\u00e9\u00e2tre et pour la premi\u00e8re un loto bingo pour finir l&rsquo;ann\u00e9e en beaut\u00e9 !<\/p>\n<p><img fetchpriority=\"high\" decoding=\"async\" class=\"alignnone size-medium wp-image-6056\" src=\"http:\/\/ee.mlfmonde.org\/bata-sogea\/wp-content\/uploads\/sites\/16\/2024\/06\/Screenshot_20240624_185635_WhatsApp-300x172.jpg\" alt=\"\" width=\"300\" height=\"172\" srcset=\"https:\/\/ee.mlfmonde.org\/bata-sogea\/wp-content\/uploads\/sites\/16\/2024\/06\/Screenshot_20240624_185635_WhatsApp-300x172.jpg 300w, https:\/\/ee.mlfmonde.org\/bata-sogea\/wp-content\/uploads\/sites\/16\/2024\/06\/Screenshot_20240624_185635_WhatsApp-768x440.jpg 768w, https:\/\/ee.mlfmonde.org\/bata-sogea\/wp-content\/uploads\/sites\/16\/2024\/06\/Screenshot_20240624_185635_WhatsApp-1024x587.jpg 1024w, https:\/\/ee.mlfmonde.org\/bata-sogea\/wp-content\/uploads\/sites\/16\/2024\/06\/Screenshot_20240624_185635_WhatsApp.jpg 1072w\" sizes=\"(max-width: 300px) 100vw, 300px\" \/><img decoding=\"async\" class=\"alignnone size-medium wp-image-6058\" src=\"http:\/\/ee.mlfmonde.org\/bata-sogea\/wp-content\/uploads\/sites\/16\/2024\/06\/Screenshot_20240625_125852_Video-Player-300x175.jpg\" alt=\"\" width=\"300\" height=\"175\" srcset=\"https:\/\/ee.mlfmonde.org\/bata-sogea\/wp-content\/uploads\/sites\/16\/2024\/06\/Screenshot_20240625_125852_Video-Player-300x175.jpg 300w, https:\/\/ee.mlfmonde.org\/bata-sogea\/wp-content\/uploads\/sites\/16\/2024\/06\/Screenshot_20240625_125852_Video-Player-768x449.jpg 768w, https:\/\/ee.mlfmonde.org\/bata-sogea\/wp-content\/uploads\/sites\/16\/2024\/06\/Screenshot_20240625_125852_Video-Player-1024x598.jpg 1024w, https:\/\/ee.mlfmonde.org\/bata-sogea\/wp-content\/uploads\/sites\/16\/2024\/06\/Screenshot_20240625_125852_Video-Player.jpg 1080w\" sizes=\"(max-width: 300px) 100vw, 300px\" \/><\/p>\n<p><img decoding=\"async\" class=\"alignnone size-medium wp-image-6057\" src=\"http:\/\/ee.mlfmonde.org\/bata-sogea\/wp-content\/uploads\/sites\/16\/2024\/06\/Screenshot_20240624_185651_WhatsApp-300x171.jpg\" alt=\"\" width=\"300\" height=\"171\" srcset=\"https:\/\/ee.mlfmonde.org\/bata-sogea\/wp-content\/uploads\/sites\/16\/2024\/06\/Screenshot_20240624_185651_WhatsApp-300x171.jpg 300w, https:\/\/ee.mlfmonde.org\/bata-sogea\/wp-content\/uploads\/sites\/16\/2024\/06\/Screenshot_20240624_185651_WhatsApp-768x439.jpg 768w, https:\/\/ee.mlfmonde.org\/bata-sogea\/wp-content\/uploads\/sites\/16\/2024\/06\/Screenshot_20240624_185651_WhatsApp-1024x585.jpg 1024w, https:\/\/ee.mlfmonde.org\/bata-sogea\/wp-content\/uploads\/sites\/16\/2024\/06\/Screenshot_20240624_185651_WhatsApp.jpg 1080w\" sizes=\"(max-width: 300px) 100vw, 300px\" \/><img loading=\"lazy\" decoding=\"async\" class=\"alignnone size-medium wp-image-6060\" src=\"http:\/\/ee.mlfmonde.org\/bata-sogea\/wp-content\/uploads\/sites\/16\/2024\/06\/Screenshot_20240625_130024_Video-Player-300x192.jpg\" alt=\"\" width=\"300\" height=\"192\" srcset=\"https:\/\/ee.mlfmonde.org\/bata-sogea\/wp-content\/uploads\/sites\/16\/2024\/06\/Screenshot_20240625_130024_Video-Player-300x192.jpg 300w, https:\/\/ee.mlfmonde.org\/bata-sogea\/wp-content\/uploads\/sites\/16\/2024\/06\/Screenshot_20240625_130024_Video-Player-768x492.jpg 768w, https:\/\/ee.mlfmonde.org\/bata-sogea\/wp-content\/uploads\/sites\/16\/2024\/06\/Screenshot_20240625_130024_Video-Player-1024x656.jpg 1024w, https:\/\/ee.mlfmonde.org\/bata-sogea\/wp-content\/uploads\/sites\/16\/2024\/06\/Screenshot_20240625_130024_Video-Player.jpg 1080w\" sizes=\"(max-width: 300px) 100vw, 300px\" \/><img loading=\"lazy\" decoding=\"async\" class=\"alignnone size-medium wp-image-6062\" src=\"http:\/\/ee.mlfmonde.org\/bata-sogea\/wp-content\/uploads\/sites\/16\/2024\/06\/Screenshot_20240625_130121_Video-Player-300x195.jpg\" alt=\"\" width=\"300\" height=\"195\" srcset=\"https:\/\/ee.mlfmonde.org\/bata-sogea\/wp-content\/uploads\/sites\/16\/2024\/06\/Screenshot_20240625_130121_Video-Player-300x195.jpg 300w, https:\/\/ee.mlfmonde.org\/bata-sogea\/wp-content\/uploads\/sites\/16\/2024\/06\/Screenshot_20240625_130121_Video-Player-768x499.jpg 768w, https:\/\/ee.mlfmonde.org\/bata-sogea\/wp-content\/uploads\/sites\/16\/2024\/06\/Screenshot_20240625_130121_Video-Player-1024x666.jpg 1024w, https:\/\/ee.mlfmonde.org\/bata-sogea\/wp-content\/uploads\/sites\/16\/2024\/06\/Screenshot_20240625_130121_Video-Player.jpg 1080w\" sizes=\"(max-width: 300px) 100vw, 300px\" \/><img loading=\"lazy\" decoding=\"async\" class=\"alignnone size-medium wp-image-6061\" src=\"http:\/\/ee.mlfmonde.org\/bata-sogea\/wp-content\/uploads\/sites\/16\/2024\/06\/Screenshot_20240625_130100_Video-Player-300x185.jpg\" alt=\"\" width=\"300\" height=\"185\" srcset=\"https:\/\/ee.mlfmonde.org\/bata-sogea\/wp-content\/uploads\/sites\/16\/2024\/06\/Screenshot_20240625_130100_Video-Player-300x185.jpg 300w, https:\/\/ee.mlfmonde.org\/bata-sogea\/wp-content\/uploads\/sites\/16\/2024\/06\/Screenshot_20240625_130100_Video-Player-768x474.jpg 768w, https:\/\/ee.mlfmonde.org\/bata-sogea\/wp-content\/uploads\/sites\/16\/2024\/06\/Screenshot_20240625_130100_Video-Player-1024x632.jpg 1024w, https:\/\/ee.mlfmonde.org\/bata-sogea\/wp-content\/uploads\/sites\/16\/2024\/06\/Screenshot_20240625_130100_Video-Player-570x350.jpg 570w, https:\/\/ee.mlfmonde.org\/bata-sogea\/wp-content\/uploads\/sites\/16\/2024\/06\/Screenshot_20240625_130100_Video-Player.jpg 1080w\" sizes=\"(max-width: 300px) 100vw, 300px\" \/><\/p>\n","protected":false},"excerpt":{"rendered":"<p>Au programme des chansons, des danses et du break dance, du th\u00e9\u00e2tre et pour la premi\u00e8re un loto bingo pour finir l&rsquo;ann\u00e9e en beaut\u00e9 !<\/p>\n","protected":false},"author":115,"featured_media":0,"parent":0,"menu_order":0,"comment_status":"closed","ping_status":"closed","template":"","meta":{"_acf_changed":false,"footnotes":""},"class_list":["post-6075","page","type-page","status-publish","czr-hentry"],"acf":[],"_links":{"self":[{"href":"https:\/\/ee.mlfmonde.org\/bata-sogea\/wp-json\/wp\/v2\/pages\/6075","targetHints":{"allow":["GET"]}}],"collection":[{"href":"https:\/\/ee.mlfmonde.org\/bata-sogea\/wp-json\/wp\/v2\/pages"}],"about":[{"href":"https:\/\/ee.mlfmonde.org\/bata-sogea\/wp-json\/wp\/v2\/types\/page"}],"author":[{"embeddable":true,"href":"https:\/\/ee.mlfmonde.org\/bata-sogea\/wp-json\/wp\/v2\/users\/115"}],"replies":[{"embeddable":true,"href":"https:\/\/ee.mlfmonde.org\/bata-sogea\/wp-json\/wp\/v2\/comments?post=6075"}],"version-history":[{"count":1,"href":"https:\/\/ee.mlfmonde.org\/bata-sogea\/wp-json\/wp\/v2\/pages\/6075\/revisions"}],"predecessor-version":[{"id":6076,"href":"https:\/\/ee.mlfmonde.org\/bata-sogea\/wp-json\/wp\/v2\/pages\/6075\/revisions\/6076"}],"wp:attachment":[{"href":"https:\/\/ee.mlfmonde.org\/bata-sogea\/wp-json\/wp\/v2\/media?parent=6075"}],"curies":[{"name":"wp","href":"https:\/\/api.w.org\/{rel}","templated":true}]}}