{"id":6053,"date":"2024-06-24T17:43:11","date_gmt":"2024-06-24T17:43:11","guid":{"rendered":"http:\/\/ee.mlfmonde.org\/bata-sogea\/?page_id=6053"},"modified":"2024-06-24T17:43:11","modified_gmt":"2024-06-24T17:43:11","slug":"fresque-du-climat","status":"publish","type":"page","link":"https:\/\/ee.mlfmonde.org\/bata-sogea\/fresque-du-climat\/","title":{"rendered":"Fresque du climat"},"content":{"rendered":"<p>Les coll\u00e9giens ont r\u00e9alis\u00e9 une fresque du climat en collaboration avec M. Thomas Abecassis de chez Total<\/p>\n<p><img decoding=\"async\" class=\"alignnone size-medium wp-image-6025\" src=\"http:\/\/ee.mlfmonde.org\/bata-sogea\/wp-content\/uploads\/sites\/16\/2024\/04\/1000006178-300x135.jpg\" alt=\"\" width=\"300\" height=\"135\" srcset=\"https:\/\/ee.mlfmonde.org\/bata-sogea\/wp-content\/uploads\/sites\/16\/2024\/04\/1000006178-300x135.jpg 300w, https:\/\/ee.mlfmonde.org\/bata-sogea\/wp-content\/uploads\/sites\/16\/2024\/04\/1000006178-768x346.jpg 768w, https:\/\/ee.mlfmonde.org\/bata-sogea\/wp-content\/uploads\/sites\/16\/2024\/04\/1000006178-1024x461.jpg 1024w\" sizes=\"(max-width: 300px) 100vw, 300px\" \/><img decoding=\"async\" class=\"alignnone size-medium wp-image-6024\" src=\"http:\/\/ee.mlfmonde.org\/bata-sogea\/wp-content\/uploads\/sites\/16\/2024\/04\/1000006177-300x135.jpg\" alt=\"\" width=\"300\" height=\"135\" srcset=\"https:\/\/ee.mlfmonde.org\/bata-sogea\/wp-content\/uploads\/sites\/16\/2024\/04\/1000006177-300x135.jpg 300w, https:\/\/ee.mlfmonde.org\/bata-sogea\/wp-content\/uploads\/sites\/16\/2024\/04\/1000006177-768x346.jpg 768w, https:\/\/ee.mlfmonde.org\/bata-sogea\/wp-content\/uploads\/sites\/16\/2024\/04\/1000006177-1024x461.jpg 1024w\" sizes=\"(max-width: 300px) 100vw, 300px\" \/><\/p>\n<p>Ensuite une fois r\u00e9alis\u00e9e, ils ont install\u00e9 leur fresque sur la vitrine de l&rsquo;\u00e9cole.<\/p>\n<p><img decoding=\"async\" class=\"alignnone size-medium wp-image-6022\" src=\"http:\/\/ee.mlfmonde.org\/bata-sogea\/wp-content\/uploads\/sites\/16\/2024\/04\/1000006181-300x135.jpg\" alt=\"\" width=\"300\" height=\"135\" srcset=\"https:\/\/ee.mlfmonde.org\/bata-sogea\/wp-content\/uploads\/sites\/16\/2024\/04\/1000006181-300x135.jpg 300w, https:\/\/ee.mlfmonde.org\/bata-sogea\/wp-content\/uploads\/sites\/16\/2024\/04\/1000006181-768x346.jpg 768w, https:\/\/ee.mlfmonde.org\/bata-sogea\/wp-content\/uploads\/sites\/16\/2024\/04\/1000006181-1024x461.jpg 1024w\" sizes=\"(max-width: 300px) 100vw, 300px\" \/><img loading=\"lazy\" decoding=\"async\" class=\"alignnone size-medium wp-image-6027\" src=\"http:\/\/ee.mlfmonde.org\/bata-sogea\/wp-content\/uploads\/sites\/16\/2024\/04\/1000009877-300x135.jpg\" alt=\"\" width=\"300\" height=\"135\" srcset=\"https:\/\/ee.mlfmonde.org\/bata-sogea\/wp-content\/uploads\/sites\/16\/2024\/04\/1000009877-300x135.jpg 300w, https:\/\/ee.mlfmonde.org\/bata-sogea\/wp-content\/uploads\/sites\/16\/2024\/04\/1000009877-768x346.jpg 768w, https:\/\/ee.mlfmonde.org\/bata-sogea\/wp-content\/uploads\/sites\/16\/2024\/04\/1000009877-1024x461.jpg 1024w\" sizes=\"(max-width: 300px) 100vw, 300px\" \/><\/p>\n<p>&nbsp;<\/p>\n<p>&nbsp;<\/p>\n<p>&nbsp;<\/p>\n<p>Cet atelier leur a permis de prendre conscience des liens de causalit\u00e9 qui se cr\u00e9ent entre les besoins des humains et les ressources de la nature.<\/p>\n<p>Ils ont analys\u00e9 les cons\u00e9quences sur le r\u00e9chauffement climatique.<\/p>\n","protected":false},"excerpt":{"rendered":"<p>Les coll\u00e9giens ont r\u00e9alis\u00e9 une fresque du climat en collaboration avec M. Thomas Abecassis de chez Total Ensuite une fois r\u00e9alis\u00e9e, ils ont install\u00e9 leur fresque sur la vitrine de l&rsquo;\u00e9cole. &nbsp; &nbsp; &nbsp; Cet atelier leur a permis de prendre conscience des liens de causalit\u00e9 qui se cr\u00e9ent entre les besoins des humains et [&hellip;]<\/p>\n","protected":false},"author":115,"featured_media":0,"parent":0,"menu_order":0,"comment_status":"closed","ping_status":"closed","template":"","meta":{"_acf_changed":false,"footnotes":""},"class_list":["post-6053","page","type-page","status-publish","czr-hentry"],"acf":[],"_links":{"self":[{"href":"https:\/\/ee.mlfmonde.org\/bata-sogea\/wp-json\/wp\/v2\/pages\/6053","targetHints":{"allow":["GET"]}}],"collection":[{"href":"https:\/\/ee.mlfmonde.org\/bata-sogea\/wp-json\/wp\/v2\/pages"}],"about":[{"href":"https:\/\/ee.mlfmonde.org\/bata-sogea\/wp-json\/wp\/v2\/types\/page"}],"author":[{"embeddable":true,"href":"https:\/\/ee.mlfmonde.org\/bata-sogea\/wp-json\/wp\/v2\/users\/115"}],"replies":[{"embeddable":true,"href":"https:\/\/ee.mlfmonde.org\/bata-sogea\/wp-json\/wp\/v2\/comments?post=6053"}],"version-history":[{"count":1,"href":"https:\/\/ee.mlfmonde.org\/bata-sogea\/wp-json\/wp\/v2\/pages\/6053\/revisions"}],"predecessor-version":[{"id":6054,"href":"https:\/\/ee.mlfmonde.org\/bata-sogea\/wp-json\/wp\/v2\/pages\/6053\/revisions\/6054"}],"wp:attachment":[{"href":"https:\/\/ee.mlfmonde.org\/bata-sogea\/wp-json\/wp\/v2\/media?parent=6053"}],"curies":[{"name":"wp","href":"https:\/\/api.w.org\/{rel}","templated":true}]}}