{"id":5726,"date":"2023-11-10T09:18:09","date_gmt":"2023-11-10T09:18:09","guid":{"rendered":"http:\/\/ee.mlfmonde.org\/bata-sogea\/?page_id=5726"},"modified":"2024-06-25T16:24:47","modified_gmt":"2024-06-25T16:24:47","slug":"anne-scolaire-2023-2024","status":"publish","type":"page","link":"https:\/\/ee.mlfmonde.org\/bata-sogea\/anne-scolaire-2023-2024\/","title":{"rendered":"Ann\u00e9e scolaire 2023-2024"},"content":{"rendered":"<h1><span style=\"color: #ff6600\">SEPTEMBRE 2023<\/span><\/h1>\n<h1>C&rsquo;est la rentr\u00e9e ! (4\/09\/2023)<\/h1>\n<p><a href=\"http:\/\/ee.mlfmonde.org\/bata-sogea\/ca-y-est-cest-la-rentree\/\">http:\/\/ee.mlfmonde.org\/bata-sogea\/ca-y-est-cest-la-rentree\/<\/a><\/p>\n<h1>Photos de classe 2023\/2024<\/h1>\n<p><a href=\"http:\/\/ee.mlfmonde.org\/bata-sogea\/photos-de-classe-2023-2024\/\">http:\/\/ee.mlfmonde.org\/bata-sogea\/photos-de-classe-2023-2024\/<\/a><\/p>\n<p>&nbsp;<\/p>\n<h1><span style=\"color: #ff6600\">OCTOBRE 2023<\/span><\/h1>\n<h2><em><strong>La coupe de la CAN 2024 \u00e0 BATA<\/strong><\/em><\/h2>\n<p><a href=\"http:\/\/ee.mlfmonde.org\/bata-sogea\/2-octobre-2023-la-coupe-de-la-can-en-visite-a-bata\/\">http:\/\/ee.mlfmonde.org\/bata-sogea\/2-octobre-2023-la-coupe-de-la-can-en-visite-a-bata\/<\/a><\/p>\n<h2><em>Visite de M. l&rsquo;Ambassadeur \u00e0 Bata<\/em><\/h2>\n<p><a href=\"http:\/\/ee.mlfmonde.org\/bata-sogea\/visite-de-m-lambassadeur-a-bata-2-octobre-2023\/\">http:\/\/ee.mlfmonde.org\/bata-sogea\/visite-de-m-lambassadeur-a-bata-2-octobre-2023\/<\/a><\/p>\n<p>&nbsp;<\/p>\n<h1><span style=\"color: #ff6600\">NOVEMBRE 2023<\/span><\/h1>\n<h2><em><strong>Visite du parlement de Bata des \u00e9l\u00e8ves de CE2\/CM1\/CM2 ( 8\/11\/2023)<\/strong><\/em><\/h2>\n<p><a href=\"http:\/\/ee.mlfmonde.org\/bata-sogea\/visite-du-parlement-a-bata\/\">http:\/\/ee.mlfmonde.org\/bata-sogea\/visite-du-parlement-a-bata\/<\/a><\/p>\n<p>&nbsp;<\/p>\n<h1><span style=\"color: #ff6600\">DECEMBRE 2023<\/span><\/h1>\n<h2><em>F\u00eate du T\u00e9l\u00e9thon \u00e0 l&rsquo;\u00e9cole fran\u00e7aise de Bata\u00a0le jeudi 7 d\u00e9cembre 2023<\/em><\/h2>\n<p><a href=\"http:\/\/ee.mlfmonde.org\/bata-sogea\/telethon-2023-2\/\">T\u00e9l\u00e9thon 2023<\/a><\/p>\n<h2><em><strong>Atelier propos\u00e9 par Total sur la fresque du climat<\/strong><\/em><\/h2>\n<p><a href=\"http:\/\/ee.mlfmonde.org\/bata-sogea\/fresque-du-climat\/\">Fresque du climat<\/a><\/p>\n<h1><span style=\"color: #ff6600\">FEVRIER 2024<\/span><\/h1>\n<h2><em>F\u00eate du carnaval &#8211; Vendredi 23 f\u00e9vrier 2024<\/em><\/h2>\n<p><a href=\"http:\/\/ee.mlfmonde.org\/bata-sogea\/carnaval-2024-vendredi-23-fevrier-2024\/\">http:\/\/ee.mlfmonde.org\/bata-sogea\/carnaval-2024-vendredi-23-fevrier-2024\/<\/a><\/p>\n<p>&nbsp;<\/p>\n<h1><span style=\"color: #ff6600\">MARS 2024<\/span><\/h1>\n<h2><strong><em>F\u00eate de la francophonie -Vendredi 22 mars 2024<\/em><\/strong><\/h2>\n<p><a href=\"http:\/\/ee.mlfmonde.org\/bata-sogea\/fete-de-la-francophonie-mars-2024\/\">F\u00eate de la francophonie mars 2024<\/a><\/p>\n<p>&nbsp;<\/p>\n<h1><span style=\"color: #ff6600\">JUIN 2024\u00a0<\/span><\/h1>\n<h2><em><strong>F\u00eate de fin d&rsquo;ann\u00e9e<\/strong><\/em><\/h2>\n<p><a href=\"http:\/\/ee.mlfmonde.org\/bata-sogea\/fete-de-fin-dannee-le-vendredi-14-juin-2024\/\">F\u00eate de fin d&amp;rsquo;ann\u00e9e le vendredi 14 juin 2024<\/a><\/p>\n<h2><em><strong>Sortie au Centre culturel<\/strong><\/em><\/h2>\n<p><a href=\"http:\/\/ee.mlfmonde.org\/bata-sogea\/sortie-au-centre-culturel-espagnol\/\">Sortie au Centre Culturel Espagnol<\/a><\/p>\n<h2><em><strong>Sortie nettoyage des plages<\/strong><\/em><\/h2>\n<h2><em><strong>Sortie cin\u00e9ma<\/strong><\/em><\/h2>\n","protected":false},"excerpt":{"rendered":"<p>SEPTEMBRE 2023 C&rsquo;est la rentr\u00e9e ! (4\/09\/2023) http:\/\/ee.mlfmonde.org\/bata-sogea\/ca-y-est-cest-la-rentree\/ Photos de classe 2023\/2024 http:\/\/ee.mlfmonde.org\/bata-sogea\/photos-de-classe-2023-2024\/ &nbsp; OCTOBRE 2023 La coupe de la CAN 2024 \u00e0 BATA http:\/\/ee.mlfmonde.org\/bata-sogea\/2-octobre-2023-la-coupe-de-la-can-en-visite-a-bata\/ Visite de M. l&rsquo;Ambassadeur \u00e0 Bata http:\/\/ee.mlfmonde.org\/bata-sogea\/visite-de-m-lambassadeur-a-bata-2-octobre-2023\/ &nbsp; NOVEMBRE 2023 Visite du parlement de Bata des \u00e9l\u00e8ves de CE2\/CM1\/CM2 ( 8\/11\/2023) http:\/\/ee.mlfmonde.org\/bata-sogea\/visite-du-parlement-a-bata\/ &nbsp; DECEMBRE 2023 F\u00eate du T\u00e9l\u00e9thon \u00e0 l&rsquo;\u00e9cole [&hellip;]<\/p>\n","protected":false},"author":1,"featured_media":0,"parent":0,"menu_order":0,"comment_status":"closed","ping_status":"closed","template":"","meta":{"_acf_changed":false,"footnotes":""},"class_list":["post-5726","page","type-page","status-publish","czr-hentry"],"acf":[],"_links":{"self":[{"href":"https:\/\/ee.mlfmonde.org\/bata-sogea\/wp-json\/wp\/v2\/pages\/5726","targetHints":{"allow":["GET"]}}],"collection":[{"href":"https:\/\/ee.mlfmonde.org\/bata-sogea\/wp-json\/wp\/v2\/pages"}],"about":[{"href":"https:\/\/ee.mlfmonde.org\/bata-sogea\/wp-json\/wp\/v2\/types\/page"}],"author":[{"embeddable":true,"href":"https:\/\/ee.mlfmonde.org\/bata-sogea\/wp-json\/wp\/v2\/users\/1"}],"replies":[{"embeddable":true,"href":"https:\/\/ee.mlfmonde.org\/bata-sogea\/wp-json\/wp\/v2\/comments?post=5726"}],"version-history":[{"count":26,"href":"https:\/\/ee.mlfmonde.org\/bata-sogea\/wp-json\/wp\/v2\/pages\/5726\/revisions"}],"predecessor-version":[{"id":6087,"href":"https:\/\/ee.mlfmonde.org\/bata-sogea\/wp-json\/wp\/v2\/pages\/5726\/revisions\/6087"}],"wp:attachment":[{"href":"https:\/\/ee.mlfmonde.org\/bata-sogea\/wp-json\/wp\/v2\/media?parent=5726"}],"curies":[{"name":"wp","href":"https:\/\/api.w.org\/{rel}","templated":true}]}}