{"id":5684,"date":"2023-10-07T10:31:49","date_gmt":"2023-10-07T10:31:49","guid":{"rendered":"http:\/\/ee.mlfmonde.org\/bata-sogea\/?page_id=5684"},"modified":"2024-11-17T14:50:06","modified_gmt":"2024-11-17T14:50:06","slug":"photos-de-classe-2023-2024","status":"publish","type":"page","link":"https:\/\/ee.mlfmonde.org\/bata-sogea\/photos-de-classe-2023-2024\/","title":{"rendered":"PHOTOS DE CLASSE 2023-2024"},"content":{"rendered":"<div id=\"attachment_5668\" style=\"width: 310px\" class=\"wp-caption alignnone\"><img fetchpriority=\"high\" decoding=\"async\" aria-describedby=\"caption-attachment-5668\" class=\"size-medium wp-image-5668\" src=\"http:\/\/ee.mlfmonde.org\/bata-sogea\/wp-content\/uploads\/sites\/16\/2023\/10\/MG_2581-300x200.jpg\" alt=\"\" width=\"300\" height=\"200\" \/><p id=\"caption-attachment-5668\" class=\"wp-caption-text\">PS\/MS\/GS 2023-2024<\/p><\/div>\n<div id=\"attachment_5669\" style=\"width: 310px\" class=\"wp-caption alignnone\"><img decoding=\"async\" aria-describedby=\"caption-attachment-5669\" class=\"size-medium wp-image-5669\" src=\"http:\/\/ee.mlfmonde.org\/bata-sogea\/wp-content\/uploads\/sites\/16\/2023\/10\/MG_2587-300x200.jpg\" alt=\"\" width=\"300\" height=\"200\" \/><p id=\"caption-attachment-5669\" class=\"wp-caption-text\">PS\/MS\/GS 2023-2024<\/p><\/div>\n<div id=\"attachment_5671\" style=\"width: 310px\" class=\"wp-caption alignnone\"><img decoding=\"async\" aria-describedby=\"caption-attachment-5671\" class=\"size-medium wp-image-5671\" src=\"http:\/\/ee.mlfmonde.org\/bata-sogea\/wp-content\/uploads\/sites\/16\/2023\/10\/MG_2562-300x200.jpg\" alt=\"\" width=\"300\" height=\"200\" \/><p id=\"caption-attachment-5671\" class=\"wp-caption-text\">CE2\/CM1\/CM2 2023-2024<\/p><\/div>\n<div id=\"attachment_5672\" style=\"width: 310px\" class=\"wp-caption alignnone\"><img loading=\"lazy\" decoding=\"async\" aria-describedby=\"caption-attachment-5672\" class=\"size-medium wp-image-5672\" src=\"http:\/\/ee.mlfmonde.org\/bata-sogea\/wp-content\/uploads\/sites\/16\/2023\/10\/MG_2599-300x200.jpg\" alt=\"\" width=\"300\" height=\"200\" \/><p id=\"caption-attachment-5672\" class=\"wp-caption-text\">Coll\u00e8ge 6\u00e8me, 5\u00e8me, 4\u00e8me, 3\u00e8me 2023-2024<\/p><\/div>\n<div id=\"attachment_5673\" style=\"width: 310px\" class=\"wp-caption alignnone\"><img loading=\"lazy\" decoding=\"async\" aria-describedby=\"caption-attachment-5673\" class=\"size-medium wp-image-5673\" src=\"http:\/\/ee.mlfmonde.org\/bata-sogea\/wp-content\/uploads\/sites\/16\/2023\/10\/MG_2612-300x200.jpg\" alt=\"\" width=\"300\" height=\"200\" \/><p id=\"caption-attachment-5673\" class=\"wp-caption-text\">Ecole francaise de Bata au complet 2023-2024<\/p><\/div>\n<p><img loading=\"lazy\" decoding=\"async\" class=\"alignnone size-medium wp-image-5674\" src=\"http:\/\/ee.mlfmonde.org\/bata-sogea\/wp-content\/uploads\/sites\/16\/2023\/10\/MG_2635-300x196.jpg\" alt=\"\" width=\"300\" height=\"196\" \/><\/p>\n<div id=\"attachment_5675\" style=\"width: 310px\" class=\"wp-caption alignnone\"><img loading=\"lazy\" decoding=\"async\" aria-describedby=\"caption-attachment-5675\" class=\"size-medium wp-image-5675\" src=\"http:\/\/ee.mlfmonde.org\/bata-sogea\/wp-content\/uploads\/sites\/16\/2023\/10\/MG_2659-300x200.jpg\" alt=\"\" width=\"300\" height=\"200\" \/><p id=\"caption-attachment-5675\" class=\"wp-caption-text\">Todo el equipo 2023-2024<\/p><\/div>\n","protected":false},"excerpt":{"rendered":"","protected":false},"author":115,"featured_media":0,"parent":0,"menu_order":0,"comment_status":"closed","ping_status":"closed","template":"","meta":{"_acf_changed":false,"footnotes":""},"class_list":["post-5684","page","type-page","status-publish","czr-hentry"],"acf":[],"_links":{"self":[{"href":"https:\/\/ee.mlfmonde.org\/bata-sogea\/wp-json\/wp\/v2\/pages\/5684","targetHints":{"allow":["GET"]}}],"collection":[{"href":"https:\/\/ee.mlfmonde.org\/bata-sogea\/wp-json\/wp\/v2\/pages"}],"about":[{"href":"https:\/\/ee.mlfmonde.org\/bata-sogea\/wp-json\/wp\/v2\/types\/page"}],"author":[{"embeddable":true,"href":"https:\/\/ee.mlfmonde.org\/bata-sogea\/wp-json\/wp\/v2\/users\/115"}],"replies":[{"embeddable":true,"href":"https:\/\/ee.mlfmonde.org\/bata-sogea\/wp-json\/wp\/v2\/comments?post=5684"}],"version-history":[{"count":2,"href":"https:\/\/ee.mlfmonde.org\/bata-sogea\/wp-json\/wp\/v2\/pages\/5684\/revisions"}],"predecessor-version":[{"id":6146,"href":"https:\/\/ee.mlfmonde.org\/bata-sogea\/wp-json\/wp\/v2\/pages\/5684\/revisions\/6146"}],"wp:attachment":[{"href":"https:\/\/ee.mlfmonde.org\/bata-sogea\/wp-json\/wp\/v2\/media?parent=5684"}],"curies":[{"name":"wp","href":"https:\/\/api.w.org\/{rel}","templated":true}]}}