{"id":533,"date":"2017-06-23T14:02:42","date_gmt":"2017-06-23T14:02:42","guid":{"rendered":"http:\/\/ee.mlfmonde.org\/qingdao-technip\/?page_id=533"},"modified":"2026-01-10T12:11:44","modified_gmt":"2026-01-10T12:11:44","slug":"batiment","status":"publish","type":"page","link":"https:\/\/ee.mlfmonde.org\/bata-sogea\/batiment\/","title":{"rendered":"B\u00e2timent"},"content":{"rendered":"<p style=\"text-align: justify\"><img fetchpriority=\"high\" decoding=\"async\" class=\"wp-image-555 size-full alignleft\" src=\"http:\/\/ee.mlfmonde.org\/qingdao-technip\/wp-content\/uploads\/sites\/16\/2017\/06\/ph9-2.jpg\" alt=\"\" width=\"369\" height=\"502\" srcset=\"https:\/\/ee.mlfmonde.org\/bata-sogea\/wp-content\/uploads\/sites\/16\/2017\/06\/ph9-2.jpg 369w, https:\/\/ee.mlfmonde.org\/bata-sogea\/wp-content\/uploads\/sites\/16\/2017\/06\/ph9-2-221x300.jpg 221w\" sizes=\"(max-width: 369px) 100vw, 369px\" \/>Situ\u00e9 au n\u00b05 Paseo Maritimo de Bata, l&rsquo;\u00e9cole est install\u00e9e, depuis le 9 janvier 2014, dans les locaux de la Maison de la Francophonie L\u00e9opold S\u00e9dar Senghor.<\/p>\n<p style=\"text-align: justify\">Les classes sont r\u00e9parties entre les deux premiers niveaux du b\u00e2timent :<\/p>\n<ul>\n<li style=\"text-align: justify\">Au rez-de-chauss\u00e9e : les classes de maternelle, la classe de CP, une classe de coll\u00e8ge et la biblioth\u00e8que.<\/li>\n<li style=\"text-align: justify\">Au 1er \u00e9tage : les classes de CE1\/CE2, CM1\/CM2 et une classe de coll\u00e8ge, la salle d&rsquo;anglais, la salle informatique et la direction.<\/li>\n<li>Tour de l&rsquo;\u00e9cole en photos : <a href=\"https:\/\/ee.mlfmonde.org\/bata-sogea\/?page_id=1696&amp;preview=true\" target=\"_blank\" rel=\"noopener\">galerie<\/a><\/li>\n<\/ul>\n<p><img decoding=\"async\" class=\"alignnone wp-image-562 size-full\" src=\"http:\/\/ee.mlfmonde.org\/qingdao-technip\/wp-content\/uploads\/sites\/16\/2017\/06\/ph10-8.jpg\" alt=\"\" width=\"722\" height=\"326\" srcset=\"https:\/\/ee.mlfmonde.org\/bata-sogea\/wp-content\/uploads\/sites\/16\/2017\/06\/ph10-8.jpg 722w, https:\/\/ee.mlfmonde.org\/bata-sogea\/wp-content\/uploads\/sites\/16\/2017\/06\/ph10-8-300x135.jpg 300w\" sizes=\"(max-width: 722px) 100vw, 722px\" \/><\/p>\n","protected":false},"excerpt":{"rendered":"<p>Situ\u00e9 au n\u00b05 Paseo Maritimo de Bata, l&rsquo;\u00e9cole est install\u00e9e, depuis le 9 janvier 2014, dans les locaux de la Maison de la Francophonie L\u00e9opold S\u00e9dar Senghor. Les classes sont r\u00e9parties entre les deux premiers niveaux du b\u00e2timent : Au rez-de-chauss\u00e9e : les classes de maternelle, la classe de CP, une classe de coll\u00e8ge et [&hellip;]<\/p>\n","protected":false},"author":115,"featured_media":0,"parent":0,"menu_order":0,"comment_status":"closed","ping_status":"closed","template":"","meta":{"_acf_changed":false,"footnotes":""},"class_list":["post-533","page","type-page","status-publish","czr-hentry"],"acf":[],"_links":{"self":[{"href":"https:\/\/ee.mlfmonde.org\/bata-sogea\/wp-json\/wp\/v2\/pages\/533","targetHints":{"allow":["GET"]}}],"collection":[{"href":"https:\/\/ee.mlfmonde.org\/bata-sogea\/wp-json\/wp\/v2\/pages"}],"about":[{"href":"https:\/\/ee.mlfmonde.org\/bata-sogea\/wp-json\/wp\/v2\/types\/page"}],"author":[{"embeddable":true,"href":"https:\/\/ee.mlfmonde.org\/bata-sogea\/wp-json\/wp\/v2\/users\/115"}],"replies":[{"embeddable":true,"href":"https:\/\/ee.mlfmonde.org\/bata-sogea\/wp-json\/wp\/v2\/comments?post=533"}],"version-history":[{"count":23,"href":"https:\/\/ee.mlfmonde.org\/bata-sogea\/wp-json\/wp\/v2\/pages\/533\/revisions"}],"predecessor-version":[{"id":6477,"href":"https:\/\/ee.mlfmonde.org\/bata-sogea\/wp-json\/wp\/v2\/pages\/533\/revisions\/6477"}],"wp:attachment":[{"href":"https:\/\/ee.mlfmonde.org\/bata-sogea\/wp-json\/wp\/v2\/media?parent=533"}],"curies":[{"name":"wp","href":"https:\/\/api.w.org\/{rel}","templated":true}]}}