{"id":4674,"date":"2022-03-09T17:17:59","date_gmt":"2022-03-09T17:17:59","guid":{"rendered":"http:\/\/ee.mlfmonde.org\/bata-sogea\/?page_id=4674"},"modified":"2022-03-09T17:17:59","modified_gmt":"2022-03-09T17:17:59","slug":"les-eleves-de-maternelle-visitent-la-boulangerie-egtc","status":"publish","type":"page","link":"https:\/\/ee.mlfmonde.org\/bata-sogea\/les-eleves-de-maternelle-visitent-la-boulangerie-egtc\/","title":{"rendered":"Les \u00e9l\u00e8ves de maternelle visitent la boulangerie EGTC"},"content":{"rendered":"<p>Jeudi 24 f\u00e9vrier les \u00e9l\u00e8ves des classes de Mme Abeme et de Mme Gigot ont visit\u00e9 la boulangerie du magasin EGTC.<img fetchpriority=\"high\" decoding=\"async\" class=\"alignright wp-image-4693 \" src=\"http:\/\/ee.mlfmonde.org\/bata-sogea\/wp-content\/uploads\/sites\/16\/2022\/03\/Du-pain-1024x768.jpg\" alt=\"\" width=\"562\" height=\"422\" srcset=\"https:\/\/ee.mlfmonde.org\/bata-sogea\/wp-content\/uploads\/sites\/16\/2022\/03\/Du-pain-1024x768.jpg 1024w, https:\/\/ee.mlfmonde.org\/bata-sogea\/wp-content\/uploads\/sites\/16\/2022\/03\/Du-pain-300x225.jpg 300w, https:\/\/ee.mlfmonde.org\/bata-sogea\/wp-content\/uploads\/sites\/16\/2022\/03\/Du-pain-768x576.jpg 768w\" sizes=\"(max-width: 562px) 100vw, 562px\" \/><\/p>\n<p>Ce fut l\u2019occasion de voir comment se pr\u00e9parait le pain.<\/p>\n<p>En effet, depuis le d\u00e9but de l\u2019ann\u00e9e nos classes r\u00e9alisent des recettes\u00a0: la classe de Mme Abeme a fait un g\u00e2teau, des truffes aux chocolats et la galette des rois. Quant aux \u00e9l\u00e8ves de Mme Gigot ils ont r\u00e9alis\u00e9 une salade de fruits ainsi que la galette.<\/p>\n<p>Cette fois-ci nous avons voulu voir de quelle fa\u00e7on se pr\u00e9parait le pain que nous achetons dans le commerce.<\/p>\n<p>Nous sommes donc all\u00e9s voir des professionnels \u00e0 l\u2019\u0153uvre et avons \u00e9t\u00e9 accueillis par la boulangerie EGTC dans leur laboratoire. Nous avons commenc\u00e9 la visite par la d\u00e9couverte des locaux puis nous avons assist\u00e9 \u00e0 la confection de petits pains sucr\u00e9s.<\/p>\n<p>Tout d\u2019abord il faut de la farine, du sucre, du sel et de la levure. Ces ingr\u00e9dients sont mis dans le p\u00e9trin puis on y ajoute de l\u2019eau. Le p\u00e9trin m\u00e9lange le tout pendant 6 minutes doucement puis 7 minutes plus rapidement. Ensuite on laisse reposer 5 minutes et on peut enlever la p\u00e2te du p\u00e9trin. Ensuite la p\u00e2te obtenue est pes\u00e9e et divis\u00e9e en gros p\u00e2tons. Ces p\u00e2tons sont eux-m\u00eames mis dans une machine qui va les diviser en petites boules afin d\u2019avoir des petits pains de la m\u00eame taille et du m\u00eame poids. Ces petits p\u00e2tons sont ensuite mis dans une machine qui les transforme dans leur forme d\u00e9finitive\u00a0: allong\u00e9e. Ces petits pains sont d\u00e9pos\u00e9s sur des plaques rang\u00e9es les unes aux dessus des autres.<\/p>\n<p>Ensuite les plaques sont mises dans une chambre \u00e0 35 degr\u00e9s pendant 1 heure car ils doivent lever un peu.<\/p>\n<p>L\u2019\u00e9tape finale est la cuisson, on met les plaques dans un four o\u00f9 elles vont tourner pour que la cuisson soit bien homog\u00e8ne. La cuisson dure 63 minutes \u00e0 190 degr\u00e9s.<\/p>\n<p>Merci \u00e0 EGTC de nous avoir permis de visiter leur boulangerie et merci aussi pour le petit pain d\u00e9gust\u00e9, il \u00e9tait d\u00e9licieux et nous nous sommes r\u00e9gal\u00e9s.<\/p>\n<p>Voici, en photos, comment le pain que nous allons acheter se pr\u00e9pare.<\/p>\n\n\t\t<style type=\"text\/css\">\n\t\t\t#gallery-1 {\n\t\t\t\tmargin: auto;\n\t\t\t}\n\t\t\t#gallery-1 .gallery-item {\n\t\t\t\tfloat: left;\n\t\t\t\tmargin-top: 10px;\n\t\t\t\ttext-align: center;\n\t\t\t\twidth: 20%;\n\t\t\t}\n\t\t\t#gallery-1 img {\n\t\t\t\tborder: 2px solid #cfcfcf;\n\t\t\t}\n\t\t\t#gallery-1 .gallery-caption {\n\t\t\t\tmargin-left: 0;\n\t\t\t}\n\t\t\t\/* see gallery_shortcode() in wp-includes\/media.php *\/\n\t\t<\/style>\n\t\t<div id='gallery-1' class='gallery galleryid-4674 gallery-columns-5 gallery-size-thumbnail'><dl class='gallery-item'>\n\t\t\t<dt class='gallery-icon landscape'>\n\t\t\t\t<a class=\"grouped_elements\" rel=\"tc-fancybox-group\" href=\"https:\/\/ee.mlfmonde.org\/bata-sogea\/wp-content\/uploads\/sites\/16\/2022\/03\/01-D\u00e9part-en-bus.jpg\" title=\"01 - D\u00e9part en bus\"><img decoding=\"async\" width=\"150\" height=\"150\" src=\"https:\/\/ee.mlfmonde.org\/bata-sogea\/wp-content\/uploads\/sites\/16\/2022\/03\/01-D\u00e9part-en-bus-150x150.jpg\" class=\"attachment-thumbnail size-thumbnail\" alt=\"\" \/><\/a>\n\t\t\t<\/dt><\/dl><dl class='gallery-item'>\n\t\t\t<dt class='gallery-icon landscape'>\n\t\t\t\t<a class=\"grouped_elements\" rel=\"tc-fancybox-group\" href=\"https:\/\/ee.mlfmonde.org\/bata-sogea\/wp-content\/uploads\/sites\/16\/2022\/03\/02-Arriv\u00e9e-dans-le-laboratoire.jpg\" title=\"02 - Arriv\u00e9e dans le laboratoire\"><img decoding=\"async\" width=\"150\" height=\"150\" src=\"https:\/\/ee.mlfmonde.org\/bata-sogea\/wp-content\/uploads\/sites\/16\/2022\/03\/02-Arriv\u00e9e-dans-le-laboratoire-150x150.jpg\" class=\"attachment-thumbnail size-thumbnail\" alt=\"\" \/><\/a>\n\t\t\t<\/dt><\/dl><dl class='gallery-item'>\n\t\t\t<dt class='gallery-icon landscape'>\n\t\t\t\t<a class=\"grouped_elements\" rel=\"tc-fancybox-group\" href=\"https:\/\/ee.mlfmonde.org\/bata-sogea\/wp-content\/uploads\/sites\/16\/2022\/03\/03-Devant-le-p\u00e9trin.jpg\" title=\"03 - Devant le p\u00e9trin\"><img loading=\"lazy\" decoding=\"async\" width=\"150\" height=\"150\" src=\"https:\/\/ee.mlfmonde.org\/bata-sogea\/wp-content\/uploads\/sites\/16\/2022\/03\/03-Devant-le-p\u00e9trin-150x150.jpg\" class=\"attachment-thumbnail size-thumbnail\" alt=\"\" \/><\/a>\n\t\t\t<\/dt><\/dl><dl class='gallery-item'>\n\t\t\t<dt class='gallery-icon portrait'>\n\t\t\t\t<a class=\"grouped_elements\" rel=\"tc-fancybox-group\" href=\"https:\/\/ee.mlfmonde.org\/bata-sogea\/wp-content\/uploads\/sites\/16\/2022\/03\/04-On-p\u00e8se-les-ingr\u00e9dients.jpg\" title=\"04 - On p\u00e8se les ingr\u00e9dients\"><img loading=\"lazy\" decoding=\"async\" width=\"150\" height=\"150\" src=\"https:\/\/ee.mlfmonde.org\/bata-sogea\/wp-content\/uploads\/sites\/16\/2022\/03\/04-On-p\u00e8se-les-ingr\u00e9dients-150x150.jpg\" class=\"attachment-thumbnail size-thumbnail\" alt=\"\" \/><\/a>\n\t\t\t<\/dt><\/dl><dl class='gallery-item'>\n\t\t\t<dt class='gallery-icon landscape'>\n\t\t\t\t<a class=\"grouped_elements\" rel=\"tc-fancybox-group\" href=\"https:\/\/ee.mlfmonde.org\/bata-sogea\/wp-content\/uploads\/sites\/16\/2022\/03\/05-Tous-les-ingr\u00e9dients-sont-dans-le-p\u00e9trin.jpg\" title=\"05 - Tous les ingr\u00e9dients sont dans le p\u00e9trin\"><img loading=\"lazy\" decoding=\"async\" width=\"150\" height=\"150\" src=\"https:\/\/ee.mlfmonde.org\/bata-sogea\/wp-content\/uploads\/sites\/16\/2022\/03\/05-Tous-les-ingr\u00e9dients-sont-dans-le-p\u00e9trin-150x150.jpg\" class=\"attachment-thumbnail size-thumbnail\" alt=\"\" \/><\/a>\n\t\t\t<\/dt><\/dl><br style=\"clear: both\" \/><dl class='gallery-item'>\n\t\t\t<dt class='gallery-icon landscape'>\n\t\t\t\t<a class=\"grouped_elements\" rel=\"tc-fancybox-group\" href=\"https:\/\/ee.mlfmonde.org\/bata-sogea\/wp-content\/uploads\/sites\/16\/2022\/03\/06-La-p\u00e2te-est-m\u00e9lang\u00e9e-dans-le-p\u00e9trin.jpg\" title=\"06 - La p\u00e2te est m\u00e9lang\u00e9e dans le p\u00e9trin\"><img loading=\"lazy\" decoding=\"async\" width=\"150\" height=\"150\" src=\"https:\/\/ee.mlfmonde.org\/bata-sogea\/wp-content\/uploads\/sites\/16\/2022\/03\/06-La-p\u00e2te-est-m\u00e9lang\u00e9e-dans-le-p\u00e9trin-150x150.jpg\" class=\"attachment-thumbnail size-thumbnail\" alt=\"\" \/><\/a>\n\t\t\t<\/dt><\/dl><dl class='gallery-item'>\n\t\t\t<dt class='gallery-icon portrait'>\n\t\t\t\t<a class=\"grouped_elements\" rel=\"tc-fancybox-group\" href=\"https:\/\/ee.mlfmonde.org\/bata-sogea\/wp-content\/uploads\/sites\/16\/2022\/03\/07-Corn\u00e9lio-surveille-le-m\u00e9lange-des-ingr\u00e9dients.jpg\" title=\"07 - Corn\u00e9lio surveille le m\u00e9lange des ingr\u00e9dients\"><img loading=\"lazy\" decoding=\"async\" width=\"150\" height=\"150\" src=\"https:\/\/ee.mlfmonde.org\/bata-sogea\/wp-content\/uploads\/sites\/16\/2022\/03\/07-Corn\u00e9lio-surveille-le-m\u00e9lange-des-ingr\u00e9dients-150x150.jpg\" class=\"attachment-thumbnail size-thumbnail\" alt=\"\" \/><\/a>\n\t\t\t<\/dt><\/dl><dl class='gallery-item'>\n\t\t\t<dt class='gallery-icon landscape'>\n\t\t\t\t<a class=\"grouped_elements\" rel=\"tc-fancybox-group\" href=\"https:\/\/ee.mlfmonde.org\/bata-sogea\/wp-content\/uploads\/sites\/16\/2022\/03\/08-La-p\u00e2te-est-pes\u00e9e-pour-en-faire-des-p\u00e2tons.jpg\" title=\"08 - La p\u00e2te est pes\u00e9e pour en faire des p\u00e2tons\"><img loading=\"lazy\" decoding=\"async\" width=\"150\" height=\"150\" src=\"https:\/\/ee.mlfmonde.org\/bata-sogea\/wp-content\/uploads\/sites\/16\/2022\/03\/08-La-p\u00e2te-est-pes\u00e9e-pour-en-faire-des-p\u00e2tons-150x150.jpg\" class=\"attachment-thumbnail size-thumbnail\" alt=\"\" \/><\/a>\n\t\t\t<\/dt><\/dl><dl class='gallery-item'>\n\t\t\t<dt class='gallery-icon landscape'>\n\t\t\t\t<a class=\"grouped_elements\" rel=\"tc-fancybox-group\" href=\"https:\/\/ee.mlfmonde.org\/bata-sogea\/wp-content\/uploads\/sites\/16\/2022\/03\/09-Le-p\u00e2ton-est-divis\u00e9-en-petits-morceaux.jpg\" title=\"09 - Le p\u00e2ton est divis\u00e9 en petits morceaux\"><img loading=\"lazy\" decoding=\"async\" width=\"150\" height=\"150\" src=\"https:\/\/ee.mlfmonde.org\/bata-sogea\/wp-content\/uploads\/sites\/16\/2022\/03\/09-Le-p\u00e2ton-est-divis\u00e9-en-petits-morceaux-150x150.jpg\" class=\"attachment-thumbnail size-thumbnail\" alt=\"\" \/><\/a>\n\t\t\t<\/dt><\/dl><dl class='gallery-item'>\n\t\t\t<dt class='gallery-icon landscape'>\n\t\t\t\t<a class=\"grouped_elements\" rel=\"tc-fancybox-group\" href=\"https:\/\/ee.mlfmonde.org\/bata-sogea\/wp-content\/uploads\/sites\/16\/2022\/03\/10-Les-morceaux-passent-dans-une-machine-pour-leur-donner-une-forme-allong\u00e9e.jpg\" title=\"10 - Les morceaux passent dans une machine pour leur donner une forme allong\u00e9e\"><img loading=\"lazy\" decoding=\"async\" width=\"150\" height=\"150\" src=\"https:\/\/ee.mlfmonde.org\/bata-sogea\/wp-content\/uploads\/sites\/16\/2022\/03\/10-Les-morceaux-passent-dans-une-machine-pour-leur-donner-une-forme-allong\u00e9e-150x150.jpg\" class=\"attachment-thumbnail size-thumbnail\" alt=\"\" \/><\/a>\n\t\t\t<\/dt><\/dl><br style=\"clear: both\" \/><dl class='gallery-item'>\n\t\t\t<dt class='gallery-icon landscape'>\n\t\t\t\t<a class=\"grouped_elements\" rel=\"tc-fancybox-group\" href=\"https:\/\/ee.mlfmonde.org\/bata-sogea\/wp-content\/uploads\/sites\/16\/2022\/03\/11-Les-morceaux-sont-dispos\u00e9s-sur-des-plaques.jpg\" title=\"11 - Les morceaux sont dispos\u00e9s sur des plaques\"><img loading=\"lazy\" decoding=\"async\" width=\"150\" height=\"150\" src=\"https:\/\/ee.mlfmonde.org\/bata-sogea\/wp-content\/uploads\/sites\/16\/2022\/03\/11-Les-morceaux-sont-dispos\u00e9s-sur-des-plaques-150x150.jpg\" class=\"attachment-thumbnail size-thumbnail\" alt=\"\" \/><\/a>\n\t\t\t<\/dt><\/dl><dl class='gallery-item'>\n\t\t\t<dt class='gallery-icon portrait'>\n\t\t\t\t<a class=\"grouped_elements\" rel=\"tc-fancybox-group\" href=\"https:\/\/ee.mlfmonde.org\/bata-sogea\/wp-content\/uploads\/sites\/16\/2022\/03\/12-Le-pain-est-ensuite-laiss\u00e9-quelques-minutes-dans-une-pi\u00e8ce-\u00e0-35-degr\u00e9s.jpg\" title=\"12 - Le pain est ensuite laiss\u00e9 quelques minutes dans une pi\u00e8ce \u00e0 35 degr\u00e9s\"><img loading=\"lazy\" decoding=\"async\" width=\"150\" height=\"150\" src=\"https:\/\/ee.mlfmonde.org\/bata-sogea\/wp-content\/uploads\/sites\/16\/2022\/03\/12-Le-pain-est-ensuite-laiss\u00e9-quelques-minutes-dans-une-pi\u00e8ce-\u00e0-35-degr\u00e9s-150x150.jpg\" class=\"attachment-thumbnail size-thumbnail\" alt=\"\" \/><\/a>\n\t\t\t<\/dt><\/dl><dl class='gallery-item'>\n\t\t\t<dt class='gallery-icon landscape'>\n\t\t\t\t<a class=\"grouped_elements\" rel=\"tc-fancybox-group\" href=\"https:\/\/ee.mlfmonde.org\/bata-sogea\/wp-content\/uploads\/sites\/16\/2022\/03\/13-Puis-mis-dans-un-four-pendant-une-heure-\u00e0-190-degr\u00e9s.jpg\" title=\"13 - Puis mis dans un four pendant une heure \u00e0 190 degr\u00e9s\"><img loading=\"lazy\" decoding=\"async\" width=\"150\" height=\"150\" src=\"https:\/\/ee.mlfmonde.org\/bata-sogea\/wp-content\/uploads\/sites\/16\/2022\/03\/13-Puis-mis-dans-un-four-pendant-une-heure-\u00e0-190-degr\u00e9s-150x150.jpg\" class=\"attachment-thumbnail size-thumbnail\" alt=\"\" \/><\/a>\n\t\t\t<\/dt><\/dl><dl class='gallery-item'>\n\t\t\t<dt class='gallery-icon landscape'>\n\t\t\t\t<a class=\"grouped_elements\" rel=\"tc-fancybox-group\" href=\"https:\/\/ee.mlfmonde.org\/bata-sogea\/wp-content\/uploads\/sites\/16\/2022\/03\/14-Tout-le-monde-a-eu-droit-\u00e0-son-morceau-de-pain-MIAM.jpg\" title=\"14 - Tout le monde a eu droit \u00e0 son morceau de pain MIAM\"><img loading=\"lazy\" decoding=\"async\" width=\"150\" height=\"150\" src=\"https:\/\/ee.mlfmonde.org\/bata-sogea\/wp-content\/uploads\/sites\/16\/2022\/03\/14-Tout-le-monde-a-eu-droit-\u00e0-son-morceau-de-pain-MIAM-150x150.jpg\" class=\"attachment-thumbnail size-thumbnail\" alt=\"\" \/><\/a>\n\t\t\t<\/dt><\/dl><dl class='gallery-item'>\n\t\t\t<dt class='gallery-icon landscape'>\n\t\t\t\t<a class=\"grouped_elements\" rel=\"tc-fancybox-group\" href=\"https:\/\/ee.mlfmonde.org\/bata-sogea\/wp-content\/uploads\/sites\/16\/2022\/03\/15-Merci-\u00e0-EGTC-de-nous-avoir-permis-de-visiter-leur-boulangerie.jpg\" title=\"15 - Merci \u00e0 EGTC de nous avoir permis de visiter leur boulangerie\"><img loading=\"lazy\" decoding=\"async\" width=\"150\" height=\"150\" src=\"https:\/\/ee.mlfmonde.org\/bata-sogea\/wp-content\/uploads\/sites\/16\/2022\/03\/15-Merci-\u00e0-EGTC-de-nous-avoir-permis-de-visiter-leur-boulangerie-150x150.jpg\" class=\"attachment-thumbnail size-thumbnail\" alt=\"\" \/><\/a>\n\t\t\t<\/dt><\/dl><br style=\"clear: both\" \/>\n\t\t<\/div>\n\n","protected":false},"excerpt":{"rendered":"<p>Jeudi 24 f\u00e9vrier les \u00e9l\u00e8ves des classes de Mme Abeme et de Mme Gigot ont visit\u00e9 la boulangerie du magasin EGTC. Ce fut l\u2019occasion de voir comment se pr\u00e9parait le pain. En effet, depuis le d\u00e9but de l\u2019ann\u00e9e nos classes r\u00e9alisent des recettes\u00a0: la classe de Mme Abeme a fait un g\u00e2teau, des truffes aux [&hellip;]<\/p>\n","protected":false},"author":115,"featured_media":0,"parent":0,"menu_order":0,"comment_status":"closed","ping_status":"closed","template":"","meta":{"_acf_changed":false,"footnotes":""},"class_list":["post-4674","page","type-page","status-publish","czr-hentry"],"acf":[],"_links":{"self":[{"href":"https:\/\/ee.mlfmonde.org\/bata-sogea\/wp-json\/wp\/v2\/pages\/4674","targetHints":{"allow":["GET"]}}],"collection":[{"href":"https:\/\/ee.mlfmonde.org\/bata-sogea\/wp-json\/wp\/v2\/pages"}],"about":[{"href":"https:\/\/ee.mlfmonde.org\/bata-sogea\/wp-json\/wp\/v2\/types\/page"}],"author":[{"embeddable":true,"href":"https:\/\/ee.mlfmonde.org\/bata-sogea\/wp-json\/wp\/v2\/users\/115"}],"replies":[{"embeddable":true,"href":"https:\/\/ee.mlfmonde.org\/bata-sogea\/wp-json\/wp\/v2\/comments?post=4674"}],"version-history":[{"count":2,"href":"https:\/\/ee.mlfmonde.org\/bata-sogea\/wp-json\/wp\/v2\/pages\/4674\/revisions"}],"predecessor-version":[{"id":4694,"href":"https:\/\/ee.mlfmonde.org\/bata-sogea\/wp-json\/wp\/v2\/pages\/4674\/revisions\/4694"}],"wp:attachment":[{"href":"https:\/\/ee.mlfmonde.org\/bata-sogea\/wp-json\/wp\/v2\/media?parent=4674"}],"curies":[{"name":"wp","href":"https:\/\/api.w.org\/{rel}","templated":true}]}}