{"id":4608,"date":"2022-02-28T10:55:32","date_gmt":"2022-02-28T10:55:32","guid":{"rendered":"http:\/\/ee.mlfmonde.org\/bata-sogea\/?page_id=4608"},"modified":"2022-02-28T10:55:32","modified_gmt":"2022-02-28T10:55:32","slug":"classe-culturelle-numerique-theatre-dombres-et-emotions","status":"publish","type":"page","link":"https:\/\/ee.mlfmonde.org\/bata-sogea\/classe-culturelle-numerique-theatre-dombres-et-emotions\/","title":{"rendered":"Classe Culturelle Num\u00e9rique \u00ab\u00a0Th\u00e9\u00e2tre d&rsquo;ombres et \u00e9motions\u00a0\u00bb"},"content":{"rendered":"<p>Cette ann\u00e9e la classe de MS GS CP participe \u00e0 une Classe Culturelle Num\u00e9rique (CCN) propos\u00e9e par la Mission la\u00efque fran\u00e7aise. Elle s\u2019intitule \u00ab\u00a0Th\u00e9\u00e2tre d\u2019Ombres et \u00e9motions\u00a0\u00bb.<\/p>\n<p>Organis\u00e9e autour de l\u2019\u00e9laboration d\u2019un projet transdisciplinaire, les \u00e9l\u00e8ves rencontrent un artiste pour \u00e9changer ensemble en ligne et participer \u00e0 un \u00e9v\u00e9nement de restitution.<\/p>\n<p>Les \u00e9l\u00e8ves d\u00e9couvrent les techniques de ce langage artistique et apprennent \u00e0 ma\u00eetriser la projection d\u2019ombres. Nous travaillerons donc avec des ombres corporelles.<\/p>\n<p>L\u2019expression corporelle est au c\u0153ur de ce projet. Les enfants seront \u00e0 la fois manipulateurs\/marionnettistes et com\u00e9diens. Le fil conducteur de cette ann\u00e9e est le th\u00e8me \u00ab\u00a0des \u00e9motions\u00a0\u00bb.<\/p>\n<p>En deuxi\u00e8me p\u00e9riode nous avons fait une premi\u00e8re approche \u00e0 travers le livre \u00ab\u00a0La couleur des \u00e9motions\u00a0\u00bb de Anna Llenas dont vous pouvez suivre la lecture sur ce lien\u00a0:<\/p>\n<p><a href=\"https:\/\/www.youtube.com\/watch?v=ZPnP048_UIY\">https:\/\/www.youtube.com\/watch?v=ZPnP048_UIY<\/a><\/p>\n<p>Ensuite nous suivons les instructions d\u2019Elisza Peressoni Ribeiro de la compagnie Tichodroma.<\/p>\n<p>Durant cette troisi\u00e8me p\u00e9riode nous avons donc appris \u00e0 diff\u00e9rencier et exprimer 5 \u00e9motions\u00a0: la joie, la tristesse, la peur, la s\u00e9r\u00e9nit\u00e9 et la col\u00e8re.<\/p>\n<p>Voici quelques photos des \u00e9l\u00e8ves de notre classe exprimant avec leur corps ces diff\u00e9rentes \u00e9motions.<\/p>\n\n\t\t<style type=\"text\/css\">\n\t\t\t#gallery-1 {\n\t\t\t\tmargin: auto;\n\t\t\t}\n\t\t\t#gallery-1 .gallery-item {\n\t\t\t\tfloat: left;\n\t\t\t\tmargin-top: 10px;\n\t\t\t\ttext-align: center;\n\t\t\t\twidth: 11%;\n\t\t\t}\n\t\t\t#gallery-1 img {\n\t\t\t\tborder: 2px solid #cfcfcf;\n\t\t\t}\n\t\t\t#gallery-1 .gallery-caption {\n\t\t\t\tmargin-left: 0;\n\t\t\t}\n\t\t\t\/* see gallery_shortcode() in wp-includes\/media.php *\/\n\t\t<\/style>\n\t\t<div id='gallery-1' class='gallery galleryid-4608 gallery-columns-9 gallery-size-thumbnail'><dl class='gallery-item'>\n\t\t\t<dt class='gallery-icon landscape'>\n\t\t\t\t<a class=\"grouped_elements\" rel=\"tc-fancybox-group\" href=\"https:\/\/ee.mlfmonde.org\/bata-sogea\/wp-content\/uploads\/sites\/16\/2022\/02\/Toutes-les-filles-vont-dans-la-peur.jpg\" title=\"Toutes les filles vont dans la peur\"><img decoding=\"async\" width=\"150\" height=\"150\" src=\"https:\/\/ee.mlfmonde.org\/bata-sogea\/wp-content\/uploads\/sites\/16\/2022\/02\/Toutes-les-filles-vont-dans-la-peur-150x150.jpg\" class=\"attachment-thumbnail size-thumbnail\" alt=\"\" \/><\/a>\n\t\t\t<\/dt><\/dl><dl class='gallery-item'>\n\t\t\t<dt class='gallery-icon landscape'>\n\t\t\t\t<a class=\"grouped_elements\" rel=\"tc-fancybox-group\" href=\"https:\/\/ee.mlfmonde.org\/bata-sogea\/wp-content\/uploads\/sites\/16\/2022\/02\/Tout-le-monde-se-pr\u00e9pare-\u00e0-aller-dans-une-\u00e9motion.jpg\" title=\"Tout le monde se pr\u00e9pare \u00e0 aller dans une \u00e9motion\"><img decoding=\"async\" width=\"150\" height=\"150\" src=\"https:\/\/ee.mlfmonde.org\/bata-sogea\/wp-content\/uploads\/sites\/16\/2022\/02\/Tout-le-monde-se-pr\u00e9pare-\u00e0-aller-dans-une-\u00e9motion-150x150.jpg\" class=\"attachment-thumbnail size-thumbnail\" alt=\"\" \/><\/a>\n\t\t\t<\/dt><\/dl><dl class='gallery-item'>\n\t\t\t<dt class='gallery-icon landscape'>\n\t\t\t\t<a class=\"grouped_elements\" rel=\"tc-fancybox-group\" href=\"https:\/\/ee.mlfmonde.org\/bata-sogea\/wp-content\/uploads\/sites\/16\/2022\/02\/Nous-sommes-sereins.jpg\" title=\"Nous sommes sereins\"><img decoding=\"async\" width=\"150\" height=\"150\" src=\"https:\/\/ee.mlfmonde.org\/bata-sogea\/wp-content\/uploads\/sites\/16\/2022\/02\/Nous-sommes-sereins-150x150.jpg\" class=\"attachment-thumbnail size-thumbnail\" alt=\"\" \/><\/a>\n\t\t\t<\/dt><\/dl><dl class='gallery-item'>\n\t\t\t<dt class='gallery-icon landscape'>\n\t\t\t\t<a class=\"grouped_elements\" rel=\"tc-fancybox-group\" href=\"https:\/\/ee.mlfmonde.org\/bata-sogea\/wp-content\/uploads\/sites\/16\/2022\/02\/Les-gar\u00e7ons-vont-dans-la-col\u00e8re.jpg\" title=\"Les gar\u00e7ons vont dans la col\u00e8re\"><img loading=\"lazy\" decoding=\"async\" width=\"150\" height=\"150\" src=\"https:\/\/ee.mlfmonde.org\/bata-sogea\/wp-content\/uploads\/sites\/16\/2022\/02\/Les-gar\u00e7ons-vont-dans-la-col\u00e8re-150x150.jpg\" class=\"attachment-thumbnail size-thumbnail\" alt=\"\" \/><\/a>\n\t\t\t<\/dt><\/dl><dl class='gallery-item'>\n\t\t\t<dt class='gallery-icon landscape'>\n\t\t\t\t<a class=\"grouped_elements\" rel=\"tc-fancybox-group\" href=\"https:\/\/ee.mlfmonde.org\/bata-sogea\/wp-content\/uploads\/sites\/16\/2022\/02\/La-peur.jpg\" title=\"La peur\"><img loading=\"lazy\" decoding=\"async\" width=\"150\" height=\"150\" src=\"https:\/\/ee.mlfmonde.org\/bata-sogea\/wp-content\/uploads\/sites\/16\/2022\/02\/La-peur-150x150.jpg\" class=\"attachment-thumbnail size-thumbnail\" alt=\"\" \/><\/a>\n\t\t\t<\/dt><\/dl><dl class='gallery-item'>\n\t\t\t<dt class='gallery-icon landscape'>\n\t\t\t\t<a class=\"grouped_elements\" rel=\"tc-fancybox-group\" href=\"https:\/\/ee.mlfmonde.org\/bata-sogea\/wp-content\/uploads\/sites\/16\/2022\/02\/La-peur-la-col\u00e8re-la-tristesse-la-s\u00e9r\u00e9nit\u00e9-et-la-joie.jpg\" title=\"La peur la col\u00e8re la tristesse la s\u00e9r\u00e9nit\u00e9 et la joie\"><img loading=\"lazy\" decoding=\"async\" width=\"150\" height=\"150\" src=\"https:\/\/ee.mlfmonde.org\/bata-sogea\/wp-content\/uploads\/sites\/16\/2022\/02\/La-peur-la-col\u00e8re-la-tristesse-la-s\u00e9r\u00e9nit\u00e9-et-la-joie-150x150.jpg\" class=\"attachment-thumbnail size-thumbnail\" alt=\"\" \/><\/a>\n\t\t\t<\/dt><\/dl><dl class='gallery-item'>\n\t\t\t<dt class='gallery-icon landscape'>\n\t\t\t\t<a class=\"grouped_elements\" rel=\"tc-fancybox-group\" href=\"https:\/\/ee.mlfmonde.org\/bata-sogea\/wp-content\/uploads\/sites\/16\/2022\/02\/La-joie.jpg\" title=\"La joie\"><img loading=\"lazy\" decoding=\"async\" width=\"150\" height=\"150\" src=\"https:\/\/ee.mlfmonde.org\/bata-sogea\/wp-content\/uploads\/sites\/16\/2022\/02\/La-joie-150x150.jpg\" class=\"attachment-thumbnail size-thumbnail\" alt=\"\" \/><\/a>\n\t\t\t<\/dt><\/dl><dl class='gallery-item'>\n\t\t\t<dt class='gallery-icon landscape'>\n\t\t\t\t<a class=\"grouped_elements\" rel=\"tc-fancybox-group\" href=\"https:\/\/ee.mlfmonde.org\/bata-sogea\/wp-content\/uploads\/sites\/16\/2022\/02\/Je-mime-une-\u00e9motion-et-mon-camarade-doit-mimer-la-m\u00eame-\u00e9motion.jpg\" title=\"Je mime une \u00e9motion et mon camarade doit mimer la m\u00eame \u00e9motion\"><img loading=\"lazy\" decoding=\"async\" width=\"150\" height=\"150\" src=\"https:\/\/ee.mlfmonde.org\/bata-sogea\/wp-content\/uploads\/sites\/16\/2022\/02\/Je-mime-une-\u00e9motion-et-mon-camarade-doit-mimer-la-m\u00eame-\u00e9motion-150x150.jpg\" class=\"attachment-thumbnail size-thumbnail\" alt=\"\" \/><\/a>\n\t\t\t<\/dt><\/dl><dl class='gallery-item'>\n\t\t\t<dt class='gallery-icon landscape'>\n\t\t\t\t<a class=\"grouped_elements\" rel=\"tc-fancybox-group\" href=\"https:\/\/ee.mlfmonde.org\/bata-sogea\/wp-content\/uploads\/sites\/16\/2022\/02\/Chacun-exprime-l_\u00e9motion-de-la-couleur.jpg\" title=\"Chacun exprime l_\u00e9motion de la couleur\"><img loading=\"lazy\" decoding=\"async\" width=\"150\" height=\"150\" src=\"https:\/\/ee.mlfmonde.org\/bata-sogea\/wp-content\/uploads\/sites\/16\/2022\/02\/Chacun-exprime-l_\u00e9motion-de-la-couleur-150x150.jpg\" class=\"attachment-thumbnail size-thumbnail\" alt=\"\" \/><\/a>\n\t\t\t<\/dt><\/dl><br style=\"clear: both\" \/>\n\t\t<\/div>\n\n","protected":false},"excerpt":{"rendered":"<p>Cette ann\u00e9e la classe de MS GS CP participe \u00e0 une Classe Culturelle Num\u00e9rique (CCN) propos\u00e9e par la Mission la\u00efque fran\u00e7aise. Elle s\u2019intitule \u00ab\u00a0Th\u00e9\u00e2tre d\u2019Ombres et \u00e9motions\u00a0\u00bb. Organis\u00e9e autour de l\u2019\u00e9laboration d\u2019un projet transdisciplinaire, les \u00e9l\u00e8ves rencontrent un artiste pour \u00e9changer ensemble en ligne et participer \u00e0 un \u00e9v\u00e9nement de restitution. Les \u00e9l\u00e8ves d\u00e9couvrent les [&hellip;]<\/p>\n","protected":false},"author":115,"featured_media":0,"parent":0,"menu_order":0,"comment_status":"closed","ping_status":"closed","template":"","meta":{"_acf_changed":false,"footnotes":""},"class_list":["post-4608","page","type-page","status-publish","czr-hentry"],"acf":[],"_links":{"self":[{"href":"https:\/\/ee.mlfmonde.org\/bata-sogea\/wp-json\/wp\/v2\/pages\/4608","targetHints":{"allow":["GET"]}}],"collection":[{"href":"https:\/\/ee.mlfmonde.org\/bata-sogea\/wp-json\/wp\/v2\/pages"}],"about":[{"href":"https:\/\/ee.mlfmonde.org\/bata-sogea\/wp-json\/wp\/v2\/types\/page"}],"author":[{"embeddable":true,"href":"https:\/\/ee.mlfmonde.org\/bata-sogea\/wp-json\/wp\/v2\/users\/115"}],"replies":[{"embeddable":true,"href":"https:\/\/ee.mlfmonde.org\/bata-sogea\/wp-json\/wp\/v2\/comments?post=4608"}],"version-history":[{"count":1,"href":"https:\/\/ee.mlfmonde.org\/bata-sogea\/wp-json\/wp\/v2\/pages\/4608\/revisions"}],"predecessor-version":[{"id":4619,"href":"https:\/\/ee.mlfmonde.org\/bata-sogea\/wp-json\/wp\/v2\/pages\/4608\/revisions\/4619"}],"wp:attachment":[{"href":"https:\/\/ee.mlfmonde.org\/bata-sogea\/wp-json\/wp\/v2\/media?parent=4608"}],"curies":[{"name":"wp","href":"https:\/\/api.w.org\/{rel}","templated":true}]}}