{"id":4551,"date":"2022-02-26T10:17:46","date_gmt":"2022-02-26T10:17:46","guid":{"rendered":"http:\/\/ee.mlfmonde.org\/bata-sogea\/?page_id=4551"},"modified":"2022-02-27T08:17:11","modified_gmt":"2022-02-27T08:17:11","slug":"la-galette-des-rois-des-eleves-de-maternelle-et-de-cp","status":"publish","type":"page","link":"https:\/\/ee.mlfmonde.org\/bata-sogea\/la-galette-des-rois-des-eleves-de-maternelle-et-de-cp\/","title":{"rendered":"La galette des rois des MS-GS-CP"},"content":{"rendered":"<p><span style=\"font-weight: 400\">Cette ann\u00e9e les TPS PS MS GS CP se sont r\u00e9unis pour confectionner tous ensemble la galette des rois.<\/span><\/p>\n<p><span style=\"font-weight: 400\">Tout le monde a mis la main \u00e0 la p\u00e2te de fa\u00e7on litt\u00e9rale.<\/span><\/p>\n<p><span style=\"font-weight: 400\">Manuel a piqu\u00e9 la p\u00e2te, certains ont ajout\u00e9 les ingr\u00e9dients dans le saladier et d\u2019autres ont m\u00e9lang\u00e9. Tout le monde a particip\u00e9 \u00e0 la confection de notre galette.<\/span><\/p>\n<p><span style=\"font-weight: 400\">Traditionnellement c\u2019est le plus jeune qui doit se mettre sous la table et dire \u00e0 qui on doit donner la part de galette.<\/span><\/p>\n<p><span style=\"font-weight: 400\">Lorsque toutes les parts ont \u00e9t\u00e9 distribu\u00e9es chacun a mang\u00e9, impatient de savoir s\u2019il allait trouver la f\u00e8ve.<\/span><\/p>\n<p><span style=\"font-weight: 400\">C\u2019est Louis qui l\u2019a trouv\u00e9e.<\/span><\/p>\n<p><span style=\"font-weight: 400\">Nous l\u2019avons donc couronn\u00e9 roi, mais il n\u2019a pas choisi de reine.<\/span><\/p>\n<table>\n<tbody>\n<tr>\n<td style=\"text-align: center\"><b>Ingr\u00e9dients<\/b><\/td>\n<td style=\"text-align: center\"><b>Ustensiles<\/b><\/td>\n<td>\n<p style=\"text-align: center\"><b>Pr\u00e9paration<\/b><\/p>\n<\/td>\n<\/tr>\n<tr>\n<td><span style=\"font-weight: 400\">&#8211; 2 rouleaux de p\u00e2te feuillet\u00e9e<\/span><\/p>\n<p><span style=\"font-weight: 400\">&#8211; 140 g. de poudre d\u2019amandes<\/span><\/p>\n<p><span style=\"font-weight: 400\">&#8211; 75 g de beurre<\/span><\/p>\n<p><span style=\"font-weight: 400\">&#8211; 100 g de sucre<\/span><\/p>\n<p><span style=\"font-weight: 400\">&#8211; 3 \u0153ufs<\/span><\/td>\n<td><span style=\"font-weight: 400\">&#8211; un grand saladier<\/span><\/p>\n<p><span style=\"font-weight: 400\">&#8211; une fourchette<\/span><\/p>\n<p><span style=\"font-weight: 400\">&#8211; une cuill\u00e8re en bois<\/span><\/p>\n<p><span style=\"font-weight: 400\">&#8211; une balance<\/span><\/p>\n<p><span style=\"font-weight: 400\">&#8211; un pinceau<\/span><\/p>\n<p><span style=\"font-weight: 400\">&#8211; un moule \u00e0 tarte<\/span><\/p>\n<p><span style=\"font-weight: 400\">&#8211; une f\u00e8ve<\/span><\/p>\n<p><span style=\"font-weight: 400\">&#8211; une couronne<\/span><\/td>\n<td><span style=\"font-weight: 400\">&#8211; Placer une p\u00e2te feuillet\u00e9e dans un moule \u00e0 tarte, piquer la p\u00e2te avec une fourchette.<\/span><\/p>\n<p><span style=\"font-weight: 400\">&#8211; Dans un saladier, m\u00e9langer la poudre d\u2019amandes, le sucre, les 2 \u0153ufs et le beurre mou.<\/span><\/p>\n<p><span style=\"font-weight: 400\">&#8211; Placer la p\u00e2te obtenu dans le moule \u00e0 tarte et y cacher la f\u00e8ve.<\/span><\/p>\n<p><span style=\"font-weight: 400\">&#8211; Recouvrir avec la deuxi\u00e8me p\u00e2te feuillet\u00e9e, en collant bien les bords.<\/span><\/p>\n<p><span style=\"font-weight: 400\">&#8211; Faire des dessins sur le couvercle et badigeonner avec le jaune d\u2019\u0153uf.<\/span><\/p>\n<p><span style=\"font-weight: 400\">&#8211; Enfourner pendant 20 \u00e0 30 minutes \u00e0 200\u00b0C (thermostat 6-7)\u00a0; v\u00e9rifier r\u00e9guli\u00e8rement la cuisson\u00a0!<\/span><\/p>\n<p><span style=\"font-weight: 400\">&#8211; D\u00e9guster\u00a0!<\/span><\/td>\n<\/tr>\n<\/tbody>\n<\/table>\n\n\t\t<style type=\"text\/css\">\n\t\t\t#gallery-1 {\n\t\t\t\tmargin: auto;\n\t\t\t}\n\t\t\t#gallery-1 .gallery-item {\n\t\t\t\tfloat: left;\n\t\t\t\tmargin-top: 10px;\n\t\t\t\ttext-align: center;\n\t\t\t\twidth: 12%;\n\t\t\t}\n\t\t\t#gallery-1 img {\n\t\t\t\tborder: 2px solid #cfcfcf;\n\t\t\t}\n\t\t\t#gallery-1 .gallery-caption {\n\t\t\t\tmargin-left: 0;\n\t\t\t}\n\t\t\t\/* see gallery_shortcode() in wp-includes\/media.php *\/\n\t\t<\/style>\n\t\t<div id='gallery-1' class='gallery galleryid-4551 gallery-columns-8 gallery-size-thumbnail'><dl class='gallery-item'>\n\t\t\t<dt class='gallery-icon landscape'>\n\t\t\t\t<a class=\"grouped_elements\" rel=\"tc-fancybox-group\" href=\"https:\/\/ee.mlfmonde.org\/bata-sogea\/wp-content\/uploads\/sites\/16\/2022\/02\/01-Les-ingr\u00e9dients.jpg\" title=\"01 - Les ingr\u00e9dients\"><img decoding=\"async\" width=\"150\" height=\"150\" src=\"https:\/\/ee.mlfmonde.org\/bata-sogea\/wp-content\/uploads\/sites\/16\/2022\/02\/01-Les-ingr\u00e9dients-150x150.jpg\" class=\"attachment-thumbnail size-thumbnail\" alt=\"\" \/><\/a>\n\t\t\t<\/dt><\/dl><dl class='gallery-item'>\n\t\t\t<dt class='gallery-icon landscape'>\n\t\t\t\t<a class=\"grouped_elements\" rel=\"tc-fancybox-group\" href=\"https:\/\/ee.mlfmonde.org\/bata-sogea\/wp-content\/uploads\/sites\/16\/2022\/02\/02-Les-ustensiles.jpg\" title=\"02 - Les ustensiles\"><img decoding=\"async\" width=\"150\" height=\"150\" src=\"https:\/\/ee.mlfmonde.org\/bata-sogea\/wp-content\/uploads\/sites\/16\/2022\/02\/02-Les-ustensiles-150x150.jpg\" class=\"attachment-thumbnail size-thumbnail\" alt=\"\" \/><\/a>\n\t\t\t<\/dt><\/dl><dl class='gallery-item'>\n\t\t\t<dt class='gallery-icon landscape'>\n\t\t\t\t<a class=\"grouped_elements\" rel=\"tc-fancybox-group\" href=\"https:\/\/ee.mlfmonde.org\/bata-sogea\/wp-content\/uploads\/sites\/16\/2022\/02\/03-Manuel-pique-la-p\u00e2te.jpg\" title=\"03 - Manuel pique la p\u00e2te\"><img decoding=\"async\" width=\"150\" height=\"150\" src=\"https:\/\/ee.mlfmonde.org\/bata-sogea\/wp-content\/uploads\/sites\/16\/2022\/02\/03-Manuel-pique-la-p\u00e2te-150x150.jpg\" class=\"attachment-thumbnail size-thumbnail\" alt=\"\" \/><\/a>\n\t\t\t<\/dt><\/dl><dl class='gallery-item'>\n\t\t\t<dt class='gallery-icon landscape'>\n\t\t\t\t<a class=\"grouped_elements\" rel=\"tc-fancybox-group\" href=\"https:\/\/ee.mlfmonde.org\/bata-sogea\/wp-content\/uploads\/sites\/16\/2022\/02\/04-Malak-p\u00e8se-la-poudre-damandes.jpg\" title=\"04 - Malak p\u00e8se la poudre d&#039;amandes\"><img loading=\"lazy\" decoding=\"async\" width=\"150\" height=\"150\" src=\"https:\/\/ee.mlfmonde.org\/bata-sogea\/wp-content\/uploads\/sites\/16\/2022\/02\/04-Malak-p\u00e8se-la-poudre-damandes-150x150.jpg\" class=\"attachment-thumbnail size-thumbnail\" alt=\"\" \/><\/a>\n\t\t\t<\/dt><\/dl><dl class='gallery-item'>\n\t\t\t<dt class='gallery-icon landscape'>\n\t\t\t\t<a class=\"grouped_elements\" rel=\"tc-fancybox-group\" href=\"https:\/\/ee.mlfmonde.org\/bata-sogea\/wp-content\/uploads\/sites\/16\/2022\/02\/05-Abdallah-p\u00e8se-le-sucre.jpg\" title=\"05 - Abdallah p\u00e8se le sucre\"><img loading=\"lazy\" decoding=\"async\" width=\"150\" height=\"150\" src=\"https:\/\/ee.mlfmonde.org\/bata-sogea\/wp-content\/uploads\/sites\/16\/2022\/02\/05-Abdallah-p\u00e8se-le-sucre-150x150.jpg\" class=\"attachment-thumbnail size-thumbnail\" alt=\"\" \/><\/a>\n\t\t\t<\/dt><\/dl><dl class='gallery-item'>\n\t\t\t<dt class='gallery-icon landscape'>\n\t\t\t\t<a class=\"grouped_elements\" rel=\"tc-fancybox-group\" href=\"https:\/\/ee.mlfmonde.org\/bata-sogea\/wp-content\/uploads\/sites\/16\/2022\/02\/06-Salomon-p\u00e8se-le-beurre.jpg\" title=\"06 - Salomon p\u00e8se le beurre\"><img loading=\"lazy\" decoding=\"async\" width=\"150\" height=\"150\" src=\"https:\/\/ee.mlfmonde.org\/bata-sogea\/wp-content\/uploads\/sites\/16\/2022\/02\/06-Salomon-p\u00e8se-le-beurre-150x150.jpg\" class=\"attachment-thumbnail size-thumbnail\" alt=\"\" \/><\/a>\n\t\t\t<\/dt><\/dl><dl class='gallery-item'>\n\t\t\t<dt class='gallery-icon landscape'>\n\t\t\t\t<a class=\"grouped_elements\" rel=\"tc-fancybox-group\" href=\"https:\/\/ee.mlfmonde.org\/bata-sogea\/wp-content\/uploads\/sites\/16\/2022\/02\/07-Corn\u00e9lio-casse-un-oeuf.jpg\" title=\"07 - Corn\u00e9lio casse un oeuf\"><img loading=\"lazy\" decoding=\"async\" width=\"150\" height=\"150\" src=\"https:\/\/ee.mlfmonde.org\/bata-sogea\/wp-content\/uploads\/sites\/16\/2022\/02\/07-Corn\u00e9lio-casse-un-oeuf-150x150.jpg\" class=\"attachment-thumbnail size-thumbnail\" alt=\"\" \/><\/a>\n\t\t\t<\/dt><\/dl><dl class='gallery-item'>\n\t\t\t<dt class='gallery-icon landscape'>\n\t\t\t\t<a class=\"grouped_elements\" rel=\"tc-fancybox-group\" href=\"https:\/\/ee.mlfmonde.org\/bata-sogea\/wp-content\/uploads\/sites\/16\/2022\/02\/08-Manuel-casse-le-deuxi\u00e8me-oeuf.jpg\" title=\"08 - Manuel casse le deuxi\u00e8me oeuf\"><img loading=\"lazy\" decoding=\"async\" width=\"150\" height=\"150\" src=\"https:\/\/ee.mlfmonde.org\/bata-sogea\/wp-content\/uploads\/sites\/16\/2022\/02\/08-Manuel-casse-le-deuxi\u00e8me-oeuf-150x150.jpg\" class=\"attachment-thumbnail size-thumbnail\" alt=\"\" \/><\/a>\n\t\t\t<\/dt><\/dl><br style=\"clear: both\" \/><dl class='gallery-item'>\n\t\t\t<dt class='gallery-icon landscape'>\n\t\t\t\t<a class=\"grouped_elements\" rel=\"tc-fancybox-group\" href=\"https:\/\/ee.mlfmonde.org\/bata-sogea\/wp-content\/uploads\/sites\/16\/2022\/02\/09-Virginia-m\u00e9lange-bien.jpg\" title=\"09 - Virginia m\u00e9lange bien\"><img loading=\"lazy\" decoding=\"async\" width=\"150\" height=\"150\" src=\"https:\/\/ee.mlfmonde.org\/bata-sogea\/wp-content\/uploads\/sites\/16\/2022\/02\/09-Virginia-m\u00e9lange-bien-150x150.jpg\" class=\"attachment-thumbnail size-thumbnail\" alt=\"\" \/><\/a>\n\t\t\t<\/dt><\/dl><dl class='gallery-item'>\n\t\t\t<dt class='gallery-icon landscape'>\n\t\t\t\t<a class=\"grouped_elements\" rel=\"tc-fancybox-group\" href=\"https:\/\/ee.mlfmonde.org\/bata-sogea\/wp-content\/uploads\/sites\/16\/2022\/02\/10-St\u00e9phanie-future-patissi\u00e8re.jpg\" title=\"10 - St\u00e9phanie, future patissi\u00e8re\"><img loading=\"lazy\" decoding=\"async\" width=\"150\" height=\"150\" src=\"https:\/\/ee.mlfmonde.org\/bata-sogea\/wp-content\/uploads\/sites\/16\/2022\/02\/10-St\u00e9phanie-future-patissi\u00e8re-150x150.jpg\" class=\"attachment-thumbnail size-thumbnail\" alt=\"\" \/><\/a>\n\t\t\t<\/dt><\/dl><dl class='gallery-item'>\n\t\t\t<dt class='gallery-icon landscape'>\n\t\t\t\t<a class=\"grouped_elements\" rel=\"tc-fancybox-group\" href=\"https:\/\/ee.mlfmonde.org\/bata-sogea\/wp-content\/uploads\/sites\/16\/2022\/02\/11-Ahmad-badigeonne-la-galette-avec-le-jaune-doeuf-et-un-pinceau.jpg\" title=\"11 - Ahmad badigeonne la galette avec le jaune d&#039;oeuf et un pinceau\"><img loading=\"lazy\" decoding=\"async\" width=\"150\" height=\"150\" src=\"https:\/\/ee.mlfmonde.org\/bata-sogea\/wp-content\/uploads\/sites\/16\/2022\/02\/11-Ahmad-badigeonne-la-galette-avec-le-jaune-doeuf-et-un-pinceau-150x150.jpg\" class=\"attachment-thumbnail size-thumbnail\" alt=\"\" \/><\/a>\n\t\t\t<\/dt><\/dl><dl class='gallery-item'>\n\t\t\t<dt class='gallery-icon landscape'>\n\t\t\t\t<a class=\"grouped_elements\" rel=\"tc-fancybox-group\" href=\"https:\/\/ee.mlfmonde.org\/bata-sogea\/wp-content\/uploads\/sites\/16\/2022\/02\/12-La-tarte-est-en-train-de-cuire.jpg\" title=\"12 - La tarte est en train de cuire\"><img loading=\"lazy\" decoding=\"async\" width=\"150\" height=\"150\" src=\"https:\/\/ee.mlfmonde.org\/bata-sogea\/wp-content\/uploads\/sites\/16\/2022\/02\/12-La-tarte-est-en-train-de-cuire-150x150.jpg\" class=\"attachment-thumbnail size-thumbnail\" alt=\"\" \/><\/a>\n\t\t\t<\/dt><\/dl><dl class='gallery-item'>\n\t\t\t<dt class='gallery-icon landscape'>\n\t\t\t\t<a class=\"grouped_elements\" rel=\"tc-fancybox-group\" href=\"https:\/\/ee.mlfmonde.org\/bata-sogea\/wp-content\/uploads\/sites\/16\/2022\/02\/13-Et-voici-notre-galette-cuite.jpg\" title=\"13 - Et voici notre galette cuite\"><img loading=\"lazy\" decoding=\"async\" width=\"150\" height=\"150\" src=\"https:\/\/ee.mlfmonde.org\/bata-sogea\/wp-content\/uploads\/sites\/16\/2022\/02\/13-Et-voici-notre-galette-cuite-150x150.jpg\" class=\"attachment-thumbnail size-thumbnail\" alt=\"\" \/><\/a>\n\t\t\t<\/dt><\/dl><dl class='gallery-item'>\n\t\t\t<dt class='gallery-icon landscape'>\n\t\t\t\t<a class=\"grouped_elements\" rel=\"tc-fancybox-group\" href=\"https:\/\/ee.mlfmonde.org\/bata-sogea\/wp-content\/uploads\/sites\/16\/2022\/02\/14-Des-TPS-au-CP-tout-le-monde-se-r\u00e9gale.jpg\" title=\"14 - Des TPS au CP tout le monde se r\u00e9gale\"><img loading=\"lazy\" decoding=\"async\" width=\"150\" height=\"150\" src=\"https:\/\/ee.mlfmonde.org\/bata-sogea\/wp-content\/uploads\/sites\/16\/2022\/02\/14-Des-TPS-au-CP-tout-le-monde-se-r\u00e9gale-150x150.jpg\" class=\"attachment-thumbnail size-thumbnail\" alt=\"\" \/><\/a>\n\t\t\t<\/dt><\/dl><dl class='gallery-item'>\n\t\t\t<dt class='gallery-icon landscape'>\n\t\t\t\t<a class=\"grouped_elements\" rel=\"tc-fancybox-group\" href=\"https:\/\/ee.mlfmonde.org\/bata-sogea\/wp-content\/uploads\/sites\/16\/2022\/02\/15-Tout-le-monde-se-r\u00e9gale.jpg\" title=\"15 - Tout le monde se r\u00e9gale\"><img loading=\"lazy\" decoding=\"async\" width=\"150\" height=\"150\" src=\"https:\/\/ee.mlfmonde.org\/bata-sogea\/wp-content\/uploads\/sites\/16\/2022\/02\/15-Tout-le-monde-se-r\u00e9gale-150x150.jpg\" class=\"attachment-thumbnail size-thumbnail\" alt=\"\" \/><\/a>\n\t\t\t<\/dt><\/dl><dl class='gallery-item'>\n\t\t\t<dt class='gallery-icon landscape'>\n\t\t\t\t<a class=\"grouped_elements\" rel=\"tc-fancybox-group\" href=\"https:\/\/ee.mlfmonde.org\/bata-sogea\/wp-content\/uploads\/sites\/16\/2022\/02\/16-Cest-Louis-qui-a-eu-la-f\u00e8ve-voici-notre-roi.jpg\" title=\"16 - C&#039;est Louis qui a eu la f\u00e8ve, voici notre roi\"><img loading=\"lazy\" decoding=\"async\" width=\"150\" height=\"150\" src=\"https:\/\/ee.mlfmonde.org\/bata-sogea\/wp-content\/uploads\/sites\/16\/2022\/02\/16-Cest-Louis-qui-a-eu-la-f\u00e8ve-voici-notre-roi-150x150.jpg\" class=\"attachment-thumbnail size-thumbnail\" alt=\"\" \/><\/a>\n\t\t\t<\/dt><\/dl><br style=\"clear: both\" \/>\n\t\t<\/div>\n\n","protected":false},"excerpt":{"rendered":"<p>Cette ann\u00e9e les TPS PS MS GS CP se sont r\u00e9unis pour confectionner tous ensemble la galette des rois. Tout le monde a mis la main \u00e0 la p\u00e2te de fa\u00e7on litt\u00e9rale. Manuel a piqu\u00e9 la p\u00e2te, certains ont ajout\u00e9 les ingr\u00e9dients dans le saladier et d\u2019autres ont m\u00e9lang\u00e9. Tout le monde a particip\u00e9 \u00e0 [&hellip;]<\/p>\n","protected":false},"author":115,"featured_media":0,"parent":0,"menu_order":0,"comment_status":"closed","ping_status":"closed","template":"","meta":{"_acf_changed":false,"footnotes":""},"class_list":["post-4551","page","type-page","status-publish","czr-hentry"],"acf":[],"_links":{"self":[{"href":"https:\/\/ee.mlfmonde.org\/bata-sogea\/wp-json\/wp\/v2\/pages\/4551","targetHints":{"allow":["GET"]}}],"collection":[{"href":"https:\/\/ee.mlfmonde.org\/bata-sogea\/wp-json\/wp\/v2\/pages"}],"about":[{"href":"https:\/\/ee.mlfmonde.org\/bata-sogea\/wp-json\/wp\/v2\/types\/page"}],"author":[{"embeddable":true,"href":"https:\/\/ee.mlfmonde.org\/bata-sogea\/wp-json\/wp\/v2\/users\/115"}],"replies":[{"embeddable":true,"href":"https:\/\/ee.mlfmonde.org\/bata-sogea\/wp-json\/wp\/v2\/comments?post=4551"}],"version-history":[{"count":3,"href":"https:\/\/ee.mlfmonde.org\/bata-sogea\/wp-json\/wp\/v2\/pages\/4551\/revisions"}],"predecessor-version":[{"id":4573,"href":"https:\/\/ee.mlfmonde.org\/bata-sogea\/wp-json\/wp\/v2\/pages\/4551\/revisions\/4573"}],"wp:attachment":[{"href":"https:\/\/ee.mlfmonde.org\/bata-sogea\/wp-json\/wp\/v2\/media?parent=4551"}],"curies":[{"name":"wp","href":"https:\/\/api.w.org\/{rel}","templated":true}]}}