{"id":4530,"date":"2022-02-24T08:38:44","date_gmt":"2022-02-24T08:38:44","guid":{"rendered":"http:\/\/ee.mlfmonde.org\/bata-sogea\/?page_id=4530"},"modified":"2022-02-24T09:54:40","modified_gmt":"2022-02-24T09:54:40","slug":"les-eleves-de-tps-ps-preparent-une-compote-de-pommes","status":"publish","type":"page","link":"https:\/\/ee.mlfmonde.org\/bata-sogea\/les-eleves-de-tps-ps-preparent-une-compote-de-pommes\/","title":{"rendered":"Les \u00e9l\u00e8ves de TPS-PS pr\u00e9parent une compote de pommes"},"content":{"rendered":"<table style=\"height: 198px\" width=\"1391\">\n<tbody>\n<tr>\n<td width=\"205\"><strong>\u00a0 \u00a0 \u00a0 \u00a0INGR\u00c9DIENTS<\/strong><\/p>\n<ul>\n<li>10 pommes<\/li>\n<li>125g de sucre semoule<\/li>\n<li>25 cl d&rsquo;eau<\/li>\n<li>\u00bd cuill\u00e8re \u00e0 caf\u00e9 de cannelle<\/li>\n<\/ul>\n<\/td>\n<td width=\"205\"><strong>\u00a0 \u00a0 \u00a0 USTENSILES<\/strong><\/p>\n<ul>\n<li>Saladier<\/li>\n<li>Couteau<\/li>\n<li>Econome<\/li>\n<li>Mixeur<\/li>\n<\/ul>\n<\/td>\n<td width=\"205\"><strong>\u00a0 \u00a0 \u00a0 \u00a0PR\u00c9PARATION\u00a0<\/strong><\/p>\n<ul>\n<li>Peler et couper les pommes en morceaux<\/li>\n<li>Ajouter le sucre, l&rsquo;eau et la cannelle<\/li>\n<li>Cuire le tout 10 min au four \u00e0 micro-onde<\/li>\n<li>Mixer<\/li>\n<\/ul>\n<\/td>\n<\/tr>\n<\/tbody>\n<\/table>\n<p style=\"text-align: center\"><strong>LA RECETTE ILLUSTR\u00c9E<\/strong> : cliquer pour voir les photos.<\/p>\n\n\t\t<style type=\"text\/css\">\n\t\t\t#gallery-1 {\n\t\t\t\tmargin: auto;\n\t\t\t}\n\t\t\t#gallery-1 .gallery-item {\n\t\t\t\tfloat: left;\n\t\t\t\tmargin-top: 10px;\n\t\t\t\ttext-align: center;\n\t\t\t\twidth: 12%;\n\t\t\t}\n\t\t\t#gallery-1 img {\n\t\t\t\tborder: 2px solid #cfcfcf;\n\t\t\t}\n\t\t\t#gallery-1 .gallery-caption {\n\t\t\t\tmargin-left: 0;\n\t\t\t}\n\t\t\t\/* see gallery_shortcode() in wp-includes\/media.php *\/\n\t\t<\/style>\n\t\t<div id='gallery-1' class='gallery galleryid-4530 gallery-columns-8 gallery-size-thumbnail'><dl class='gallery-item'>\n\t\t\t<dt class='gallery-icon landscape'>\n\t\t\t\t<a class=\"grouped_elements\" rel=\"tc-fancybox-group\" href=\"https:\/\/ee.mlfmonde.org\/bata-sogea\/wp-content\/uploads\/sites\/16\/2022\/02\/Pr\u00e9sentation-des-ingr\u00e9dients.jpg\" title=\"Pr\u00e9sentation des ingr\u00e9dients\"><img decoding=\"async\" width=\"150\" height=\"150\" src=\"https:\/\/ee.mlfmonde.org\/bata-sogea\/wp-content\/uploads\/sites\/16\/2022\/02\/Pr\u00e9sentation-des-ingr\u00e9dients-150x150.jpg\" class=\"attachment-thumbnail size-thumbnail\" alt=\"\" \/><\/a>\n\t\t\t<\/dt><\/dl><dl class='gallery-item'>\n\t\t\t<dt class='gallery-icon landscape'>\n\t\t\t\t<a class=\"grouped_elements\" rel=\"tc-fancybox-group\" href=\"https:\/\/ee.mlfmonde.org\/bata-sogea\/wp-content\/uploads\/sites\/16\/2022\/02\/Peler-les-pommes.jpg\" title=\"Peler les pommes\"><img decoding=\"async\" width=\"150\" height=\"150\" src=\"https:\/\/ee.mlfmonde.org\/bata-sogea\/wp-content\/uploads\/sites\/16\/2022\/02\/Peler-les-pommes-150x150.jpg\" class=\"attachment-thumbnail size-thumbnail\" alt=\"\" \/><\/a>\n\t\t\t<\/dt><\/dl><dl class='gallery-item'>\n\t\t\t<dt class='gallery-icon portrait'>\n\t\t\t\t<a class=\"grouped_elements\" rel=\"tc-fancybox-group\" href=\"https:\/\/ee.mlfmonde.org\/bata-sogea\/wp-content\/uploads\/sites\/16\/2022\/02\/Ajouter-le-sucre.jpg\" title=\"Ajouter le sucre\"><img decoding=\"async\" width=\"150\" height=\"150\" src=\"https:\/\/ee.mlfmonde.org\/bata-sogea\/wp-content\/uploads\/sites\/16\/2022\/02\/Ajouter-le-sucre-150x150.jpg\" class=\"attachment-thumbnail size-thumbnail\" alt=\"\" \/><\/a>\n\t\t\t<\/dt><\/dl><dl class='gallery-item'>\n\t\t\t<dt class='gallery-icon landscape'>\n\t\t\t\t<a class=\"grouped_elements\" rel=\"tc-fancybox-group\" href=\"https:\/\/ee.mlfmonde.org\/bata-sogea\/wp-content\/uploads\/sites\/16\/2022\/02\/Ajouter-leau.jpg\" title=\"Ajouter l&#039;eau\"><img loading=\"lazy\" decoding=\"async\" width=\"150\" height=\"150\" src=\"https:\/\/ee.mlfmonde.org\/bata-sogea\/wp-content\/uploads\/sites\/16\/2022\/02\/Ajouter-leau-150x150.jpg\" class=\"attachment-thumbnail size-thumbnail\" alt=\"\" \/><\/a>\n\t\t\t<\/dt><\/dl><dl class='gallery-item'>\n\t\t\t<dt class='gallery-icon landscape'>\n\t\t\t\t<a class=\"grouped_elements\" rel=\"tc-fancybox-group\" href=\"https:\/\/ee.mlfmonde.org\/bata-sogea\/wp-content\/uploads\/sites\/16\/2022\/02\/Cuire-au-mfour-\u00e0-micro-onde.jpg\" title=\"Cuire au mfour \u00e0 micro-onde\"><img loading=\"lazy\" decoding=\"async\" width=\"150\" height=\"150\" src=\"https:\/\/ee.mlfmonde.org\/bata-sogea\/wp-content\/uploads\/sites\/16\/2022\/02\/Cuire-au-mfour-\u00e0-micro-onde-150x150.jpg\" class=\"attachment-thumbnail size-thumbnail\" alt=\"\" \/><\/a>\n\t\t\t<\/dt><\/dl><dl class='gallery-item'>\n\t\t\t<dt class='gallery-icon landscape'>\n\t\t\t\t<a class=\"grouped_elements\" rel=\"tc-fancybox-group\" href=\"https:\/\/ee.mlfmonde.org\/bata-sogea\/wp-content\/uploads\/sites\/16\/2022\/02\/Mixer-les-pommes.jpg\" title=\"Mixer les pommes\"><img loading=\"lazy\" decoding=\"async\" width=\"150\" height=\"150\" src=\"https:\/\/ee.mlfmonde.org\/bata-sogea\/wp-content\/uploads\/sites\/16\/2022\/02\/Mixer-les-pommes-150x150.jpg\" class=\"attachment-thumbnail size-thumbnail\" alt=\"\" \/><\/a>\n\t\t\t<\/dt><\/dl><dl class='gallery-item'>\n\t\t\t<dt class='gallery-icon landscape'>\n\t\t\t\t<a class=\"grouped_elements\" rel=\"tc-fancybox-group\" href=\"https:\/\/ee.mlfmonde.org\/bata-sogea\/wp-content\/uploads\/sites\/16\/2022\/02\/R\u00e9sultat-apr\u00e8s-mixage.jpg\" title=\"R\u00e9sultat apr\u00e8s mixage\"><img loading=\"lazy\" decoding=\"async\" width=\"150\" height=\"150\" src=\"https:\/\/ee.mlfmonde.org\/bata-sogea\/wp-content\/uploads\/sites\/16\/2022\/02\/R\u00e9sultat-apr\u00e8s-mixage-150x150.jpg\" class=\"attachment-thumbnail size-thumbnail\" alt=\"\" \/><\/a>\n\t\t\t<\/dt><\/dl><dl class='gallery-item'>\n\t\t\t<dt class='gallery-icon landscape'>\n\t\t\t\t<a class=\"grouped_elements\" rel=\"tc-fancybox-group\" href=\"https:\/\/ee.mlfmonde.org\/bata-sogea\/wp-content\/uploads\/sites\/16\/2022\/02\/D\u00e9guster-.jpg\" title=\"D\u00e9guster !\"><img loading=\"lazy\" decoding=\"async\" width=\"150\" height=\"150\" src=\"https:\/\/ee.mlfmonde.org\/bata-sogea\/wp-content\/uploads\/sites\/16\/2022\/02\/D\u00e9guster--150x150.jpg\" class=\"attachment-thumbnail size-thumbnail\" alt=\"\" \/><\/a>\n\t\t\t<\/dt><\/dl><br style=\"clear: both\" \/>\n\t\t<\/div>\n\n<p>&nbsp;<\/p>\n","protected":false},"excerpt":{"rendered":"<p>\u00a0 \u00a0 \u00a0 \u00a0INGR\u00c9DIENTS 10 pommes 125g de sucre semoule 25 cl d&rsquo;eau \u00bd cuill\u00e8re \u00e0 caf\u00e9 de cannelle \u00a0 \u00a0 \u00a0 USTENSILES Saladier Couteau Econome Mixeur \u00a0 \u00a0 \u00a0 \u00a0PR\u00c9PARATION\u00a0 Peler et couper les pommes en morceaux Ajouter le sucre, l&rsquo;eau et la cannelle Cuire le tout 10 min au four \u00e0 micro-onde Mixer [&hellip;]<\/p>\n","protected":false},"author":115,"featured_media":0,"parent":0,"menu_order":0,"comment_status":"closed","ping_status":"closed","template":"","meta":{"_acf_changed":false,"footnotes":""},"class_list":["post-4530","page","type-page","status-publish","czr-hentry"],"acf":[],"_links":{"self":[{"href":"https:\/\/ee.mlfmonde.org\/bata-sogea\/wp-json\/wp\/v2\/pages\/4530","targetHints":{"allow":["GET"]}}],"collection":[{"href":"https:\/\/ee.mlfmonde.org\/bata-sogea\/wp-json\/wp\/v2\/pages"}],"about":[{"href":"https:\/\/ee.mlfmonde.org\/bata-sogea\/wp-json\/wp\/v2\/types\/page"}],"author":[{"embeddable":true,"href":"https:\/\/ee.mlfmonde.org\/bata-sogea\/wp-json\/wp\/v2\/users\/115"}],"replies":[{"embeddable":true,"href":"https:\/\/ee.mlfmonde.org\/bata-sogea\/wp-json\/wp\/v2\/comments?post=4530"}],"version-history":[{"count":6,"href":"https:\/\/ee.mlfmonde.org\/bata-sogea\/wp-json\/wp\/v2\/pages\/4530\/revisions"}],"predecessor-version":[{"id":4546,"href":"https:\/\/ee.mlfmonde.org\/bata-sogea\/wp-json\/wp\/v2\/pages\/4530\/revisions\/4546"}],"wp:attachment":[{"href":"https:\/\/ee.mlfmonde.org\/bata-sogea\/wp-json\/wp\/v2\/media?parent=4530"}],"curies":[{"name":"wp","href":"https:\/\/api.w.org\/{rel}","templated":true}]}}