{"id":4510,"date":"2022-02-23T15:25:25","date_gmt":"2022-02-23T15:25:25","guid":{"rendered":"http:\/\/ee.mlfmonde.org\/bata-sogea\/?page_id=4510"},"modified":"2022-02-24T07:40:31","modified_gmt":"2022-02-24T07:40:31","slug":"nuit-etoilee-au-programme","status":"publish","type":"page","link":"https:\/\/ee.mlfmonde.org\/bata-sogea\/nuit-etoilee-au-programme\/","title":{"rendered":"Nuit \u00e9toil\u00e9e au programme !"},"content":{"rendered":"<div style=\"text-align: right\"><img fetchpriority=\"high\" decoding=\"async\" class=\"wp-image-4518 size-full alignright\" src=\"http:\/\/ee.mlfmonde.org\/bata-sogea\/wp-content\/uploads\/sites\/16\/2022\/02\/Carlos-CCN-2.jpg\" alt=\"\" width=\"491\" height=\"389\" srcset=\"https:\/\/ee.mlfmonde.org\/bata-sogea\/wp-content\/uploads\/sites\/16\/2022\/02\/Carlos-CCN-2.jpg 491w, https:\/\/ee.mlfmonde.org\/bata-sogea\/wp-content\/uploads\/sites\/16\/2022\/02\/Carlos-CCN-2-300x238.jpg 300w\" sizes=\"(max-width: 491px) 100vw, 491px\" \/><\/div>\n<div>L\u2019\u00e9cole fran\u00e7aise de Bata poursuit son projet de\u00a0<span style=\"color: #0000ff\"><strong>C<\/strong><\/span>lasse\u00a0<span style=\"color: #0000ff\"><strong>C<\/strong><\/span>ulturelle\u00a0<span style=\"color: #0000ff\"><strong>N<\/strong><\/span>um\u00e9rique (CCN) propos\u00e9 par la Mission la\u00efque fran\u00e7aise, autour de l\u2019apprentissage de la\u00a0programmation\u00a0:<\/div>\n<div>Les \u00e9l\u00e8ves de 6e doivent r\u00e9pondre \u00e0 diff\u00e9rentes consignes, tout au long de l\u2019ann\u00e9e scolaire, qui leur permettront de mieux appr\u00e9hender la logique de programmation, \u00e0 partir de l\u2019utilisation du logiciel\u00a0<strong>Scratch<\/strong>.<\/div>\n<div>\n<p>Ces CCNs s\u2019int\u00e8grent dans le cadre des apprentissages transversaux en permettant, notamment, de travailler les comp\u00e9tences suivantes\u00a0:<\/p>\n<\/div>\n<div><strong>En fran\u00e7ais\u00a0:<\/strong><\/div>\n<div>\u2022 participer \u00e0 des \u00e9changes en respectant les r\u00e8gles de communication.<\/div>\n<div>\n<p>\u2022 s\u2019exprimer, argumenter, \u00e9couter et donner son point de vue.<\/p>\n<\/div>\n<div><strong>En math\u00e9matiques\u00a0:<\/strong><\/div>\n<div>\u2022 organiser des informations et des donn\u00e9es.<\/div>\n<div>\n<p>\u2022 r\u00e9soudre des probl\u00e8mes plus ou moins complexes.<\/p>\n<\/div>\n<div><strong>Autonomie et initiative\u00a0:<\/strong><\/div>\n<div>\u2022 travailler en groupe, s\u2019engager dans un projet.<\/div>\n<div><\/div>\n<div>Pour ce second d\u00e9fi Scratch, nos jeunes codeurs de 6\u00e8me devaient utiliser leurs comp\u00e9tences pour cr\u00e9er un programme repr\u00e9sentant une nuit \u00e9toil\u00e9e.<\/div>\n<div><strong><br \/>\nVoici le r\u00e9sultat de ce deuxi\u00e8me travail, cliquer sur les images pour acc\u00e9der aux programmes r\u00e9alis\u00e9s.<\/strong><\/div>\n<div>\n<table style=\"height: 124px\" width=\"1255\">\n<tbody>\n<tr>\n<td width=\"201\">\n<p style=\"text-align: center\"><strong>\u00a0ABDOUL\u00a0 \u00a0 \u00a0<\/strong><\/p>\n<\/td>\n<td width=\"201\">\n<p style=\"text-align: center\"><strong>CARLOS<\/strong><\/p>\n<\/td>\n<td width=\"201\">\n<p style=\"text-align: center\"><strong>LISA<\/strong><\/p>\n<\/td>\n<\/tr>\n<tr>\n<td width=\"201\">\n<p style=\"text-align: center\"><a href=\"https:\/\/scratch.mit.edu\/projects\/648489613\" target=\"_blank\" rel=\"noopener\"><img decoding=\"async\" class=\"alignnone size-medium wp-image-4515\" src=\"http:\/\/ee.mlfmonde.org\/bata-sogea\/wp-content\/uploads\/sites\/16\/2022\/02\/Nuit-\u00e9toil\u00e9e-Abdoul-300x225.jpg\" alt=\"\" width=\"300\" height=\"225\" srcset=\"https:\/\/ee.mlfmonde.org\/bata-sogea\/wp-content\/uploads\/sites\/16\/2022\/02\/Nuit-\u00e9toil\u00e9e-Abdoul-300x225.jpg 300w, https:\/\/ee.mlfmonde.org\/bata-sogea\/wp-content\/uploads\/sites\/16\/2022\/02\/Nuit-\u00e9toil\u00e9e-Abdoul.jpg 378w\" sizes=\"(max-width: 300px) 100vw, 300px\" \/><\/a><\/p>\n<\/td>\n<td width=\"201\">\n<p style=\"text-align: center\"><a href=\"https:\/\/scratch.mit.edu\/projects\/648488840\" target=\"_blank\" rel=\"noopener\"><img decoding=\"async\" class=\"alignnone size-medium wp-image-4516\" src=\"http:\/\/ee.mlfmonde.org\/bata-sogea\/wp-content\/uploads\/sites\/16\/2022\/02\/Nuit-\u00e9toil\u00e9e-Carlos-300x225.jpg\" alt=\"\" width=\"300\" height=\"225\" srcset=\"https:\/\/ee.mlfmonde.org\/bata-sogea\/wp-content\/uploads\/sites\/16\/2022\/02\/Nuit-\u00e9toil\u00e9e-Carlos-300x225.jpg 300w, https:\/\/ee.mlfmonde.org\/bata-sogea\/wp-content\/uploads\/sites\/16\/2022\/02\/Nuit-\u00e9toil\u00e9e-Carlos.jpg 378w\" sizes=\"(max-width: 300px) 100vw, 300px\" \/><\/a><\/p>\n<\/td>\n<td width=\"201\">\n<p style=\"text-align: center\"><a href=\"https:\/\/scratch.mit.edu\/projects\/648577987\" target=\"_blank\" rel=\"noopener\"><img loading=\"lazy\" decoding=\"async\" class=\"alignnone size-medium wp-image-4517\" src=\"http:\/\/ee.mlfmonde.org\/bata-sogea\/wp-content\/uploads\/sites\/16\/2022\/02\/Nuit-\u00e9toil\u00e9e-Lisa-300x224.jpg\" alt=\"\" width=\"300\" height=\"224\" srcset=\"https:\/\/ee.mlfmonde.org\/bata-sogea\/wp-content\/uploads\/sites\/16\/2022\/02\/Nuit-\u00e9toil\u00e9e-Lisa-300x224.jpg 300w, https:\/\/ee.mlfmonde.org\/bata-sogea\/wp-content\/uploads\/sites\/16\/2022\/02\/Nuit-\u00e9toil\u00e9e-Lisa.jpg 378w\" sizes=\"(max-width: 300px) 100vw, 300px\" \/><\/a><\/p>\n<\/td>\n<\/tr>\n<\/tbody>\n<\/table>\n<\/div>\n<div><\/div>\n<div>Si vous avez manqu\u00e9 le 1er d\u00e9fi, cliquer <strong><a href=\"https:\/\/ee.mlfmonde.org\/bata-sogea\/classe-culturelle-numerique-programmation-2\/\">ici<\/a><\/strong><\/div>\n","protected":false},"excerpt":{"rendered":"<p>L\u2019\u00e9cole fran\u00e7aise de Bata poursuit son projet de\u00a0Classe\u00a0Culturelle\u00a0Num\u00e9rique (CCN) propos\u00e9 par la Mission la\u00efque fran\u00e7aise, autour de l\u2019apprentissage de la\u00a0programmation\u00a0: Les \u00e9l\u00e8ves de 6e doivent r\u00e9pondre \u00e0 diff\u00e9rentes consignes, tout au long de l\u2019ann\u00e9e scolaire, qui leur permettront de mieux appr\u00e9hender la logique de programmation, \u00e0 partir de l\u2019utilisation du logiciel\u00a0Scratch. Ces CCNs s\u2019int\u00e8grent dans [&hellip;]<\/p>\n","protected":false},"author":115,"featured_media":0,"parent":0,"menu_order":0,"comment_status":"closed","ping_status":"closed","template":"","meta":{"_acf_changed":false,"footnotes":""},"class_list":["post-4510","page","type-page","status-publish","czr-hentry"],"acf":[],"_links":{"self":[{"href":"https:\/\/ee.mlfmonde.org\/bata-sogea\/wp-json\/wp\/v2\/pages\/4510","targetHints":{"allow":["GET"]}}],"collection":[{"href":"https:\/\/ee.mlfmonde.org\/bata-sogea\/wp-json\/wp\/v2\/pages"}],"about":[{"href":"https:\/\/ee.mlfmonde.org\/bata-sogea\/wp-json\/wp\/v2\/types\/page"}],"author":[{"embeddable":true,"href":"https:\/\/ee.mlfmonde.org\/bata-sogea\/wp-json\/wp\/v2\/users\/115"}],"replies":[{"embeddable":true,"href":"https:\/\/ee.mlfmonde.org\/bata-sogea\/wp-json\/wp\/v2\/comments?post=4510"}],"version-history":[{"count":7,"href":"https:\/\/ee.mlfmonde.org\/bata-sogea\/wp-json\/wp\/v2\/pages\/4510\/revisions"}],"predecessor-version":[{"id":4528,"href":"https:\/\/ee.mlfmonde.org\/bata-sogea\/wp-json\/wp\/v2\/pages\/4510\/revisions\/4528"}],"wp:attachment":[{"href":"https:\/\/ee.mlfmonde.org\/bata-sogea\/wp-json\/wp\/v2\/media?parent=4510"}],"curies":[{"name":"wp","href":"https:\/\/api.w.org\/{rel}","templated":true}]}}