{"id":4480,"date":"2022-01-27T08:58:25","date_gmt":"2022-01-27T08:58:25","guid":{"rendered":"http:\/\/ee.mlfmonde.org\/bata-sogea\/?page_id=4480"},"modified":"2022-01-27T11:41:36","modified_gmt":"2022-01-27T11:41:36","slug":"les-collegiens-preparent-une-exposition-dart-contemporain","status":"publish","type":"page","link":"https:\/\/ee.mlfmonde.org\/bata-sogea\/les-collegiens-preparent-une-exposition-dart-contemporain\/","title":{"rendered":"Les coll\u00e9giens pr\u00e9parent une exposition d&rsquo;art contemporain"},"content":{"rendered":"<p>Les coll\u00e9gien continuent leurs recherches et pratiques artistiques en vue de l\u2019organisation de l\u2019exposition \u00ab Ceci n\u2019est pas une chaise\u00a0\u00bb.<\/p>\n<p>Apr\u00e8s un travail en deux dimensions qui leur a permis de d\u00e9couvrir quelques grandes figures de l\u2019art contemporain, les \u00e9l\u00e8ves se sont lanc\u00e9s dans le d\u00e9tournement de cet objet du quotidien qu\u2019est la chaise.<\/p>\n<p>Chaque \u00e9l\u00e8ve a r\u00e9fl\u00e9chi \u00e0 une mani\u00e8re de d\u00e9tourner cet objet en lui apposant une nouvelle fonction. Les r\u00e9alisations en cours sont toutes plus cr\u00e9atives et originales les unes que les autres.<\/p>\n<p>Les coll\u00e9giens se sont montr\u00e9s extr\u00eamement cr\u00e9atifs et r\u00e9ussissent de plus en plus \u00e0 rendre concr\u00e8tes les id\u00e9es couch\u00e9es sur les croquis. Ils ont eu, en travaillant sur de v\u00e9ritables chaises, \u00e0 effectuer tout un tas de manipulations techniques et artistiques. Ils ont d\u00e9viss\u00e9, cass\u00e9, d\u00e9mont\u00e9, poli, peint, coll\u00e9, d\u00e9coll\u00e9 et dessin\u00e9, afin de donner vie \u00e0 leur croquis pr\u00e9liminaire !<\/p>\n<p>Chaque oeuvre r\u00e9alis\u00e9e est le fruit d\u2019une r\u00e9flexion collective ou individuelle autour de la nouvelle fonction assign\u00e9e \u00e0 la chaise, ainsi que des mat\u00e9riaux \u00e0 privil\u00e9gier selon les effets d\u00e9sir\u00e9s (volume, texture, couleur, agencement des couleurs, harmonie, taille\u2026) afin de plonger le spectateur dans le monde dont nos jeunes artistes se sont inspir\u00e9s pour d\u00e9tourner chacune des chaises qui vous seront pr\u00e9sent\u00e9es durant l\u2019exposition.\u00a0 <strong>Mme Badis<\/strong><\/p>\n<p>Lire l&rsquo;article pr\u00e9c\u00e9dent sur le m\u00eame sujet : <a href=\"https:\/\/ee.mlfmonde.org\/bata-sogea\/ceci-nest-pas-une-chaise\/\">ici<\/a><\/p>\n<p><strong>Les \u00e9l\u00e8ves au travail<\/strong> :<\/p>\n\n\t\t<style type=\"text\/css\">\n\t\t\t#gallery-1 {\n\t\t\t\tmargin: auto;\n\t\t\t}\n\t\t\t#gallery-1 .gallery-item {\n\t\t\t\tfloat: left;\n\t\t\t\tmargin-top: 10px;\n\t\t\t\ttext-align: center;\n\t\t\t\twidth: 14%;\n\t\t\t}\n\t\t\t#gallery-1 img {\n\t\t\t\tborder: 2px solid #cfcfcf;\n\t\t\t}\n\t\t\t#gallery-1 .gallery-caption {\n\t\t\t\tmargin-left: 0;\n\t\t\t}\n\t\t\t\/* see gallery_shortcode() in wp-includes\/media.php *\/\n\t\t<\/style>\n\t\t<div id='gallery-1' class='gallery galleryid-4480 gallery-columns-7 gallery-size-thumbnail'><dl class='gallery-item'>\n\t\t\t<dt class='gallery-icon portrait'>\n\t\t\t\t<a class=\"grouped_elements\" rel=\"tc-fancybox-group\" href=\"https:\/\/ee.mlfmonde.org\/bata-sogea\/wp-content\/uploads\/sites\/16\/2022\/01\/Abdoul-et-Carlos-6\u00b0.jpg\" title=\"Abdoul et Carlos 6\u00b0\"><img decoding=\"async\" width=\"150\" height=\"150\" src=\"https:\/\/ee.mlfmonde.org\/bata-sogea\/wp-content\/uploads\/sites\/16\/2022\/01\/Abdoul-et-Carlos-6\u00b0-150x150.jpg\" class=\"attachment-thumbnail size-thumbnail\" alt=\"\" \/><\/a>\n\t\t\t<\/dt><\/dl><dl class='gallery-item'>\n\t\t\t<dt class='gallery-icon portrait'>\n\t\t\t\t<a class=\"grouped_elements\" rel=\"tc-fancybox-group\" href=\"https:\/\/ee.mlfmonde.org\/bata-sogea\/wp-content\/uploads\/sites\/16\/2022\/01\/Carlos-et-Abdoul-6\u00b0.jpg\" title=\"Carlos et Abdoul 6\u00b0\"><img decoding=\"async\" width=\"150\" height=\"150\" src=\"https:\/\/ee.mlfmonde.org\/bata-sogea\/wp-content\/uploads\/sites\/16\/2022\/01\/Carlos-et-Abdoul-6\u00b0-150x150.jpg\" class=\"attachment-thumbnail size-thumbnail\" alt=\"\" \/><\/a>\n\t\t\t<\/dt><\/dl><dl class='gallery-item'>\n\t\t\t<dt class='gallery-icon portrait'>\n\t\t\t\t<a class=\"grouped_elements\" rel=\"tc-fancybox-group\" href=\"https:\/\/ee.mlfmonde.org\/bata-sogea\/wp-content\/uploads\/sites\/16\/2022\/01\/Le-groupe-au-travail.jpg\" title=\"Le groupe au travail\"><img decoding=\"async\" width=\"150\" height=\"150\" src=\"https:\/\/ee.mlfmonde.org\/bata-sogea\/wp-content\/uploads\/sites\/16\/2022\/01\/Le-groupe-au-travail-150x150.jpg\" class=\"attachment-thumbnail size-thumbnail\" alt=\"\" \/><\/a>\n\t\t\t<\/dt><\/dl><dl class='gallery-item'>\n\t\t\t<dt class='gallery-icon portrait'>\n\t\t\t\t<a class=\"grouped_elements\" rel=\"tc-fancybox-group\" href=\"https:\/\/ee.mlfmonde.org\/bata-sogea\/wp-content\/uploads\/sites\/16\/2022\/01\/Le-groupe-toujours-au-travail.jpg\" title=\"Le groupe toujours au travail\"><img loading=\"lazy\" decoding=\"async\" width=\"150\" height=\"150\" src=\"https:\/\/ee.mlfmonde.org\/bata-sogea\/wp-content\/uploads\/sites\/16\/2022\/01\/Le-groupe-toujours-au-travail-150x150.jpg\" class=\"attachment-thumbnail size-thumbnail\" alt=\"\" \/><\/a>\n\t\t\t<\/dt><\/dl><dl class='gallery-item'>\n\t\t\t<dt class='gallery-icon portrait'>\n\t\t\t\t<a class=\"grouped_elements\" rel=\"tc-fancybox-group\" href=\"https:\/\/ee.mlfmonde.org\/bata-sogea\/wp-content\/uploads\/sites\/16\/2022\/01\/Lucia-et-Asil-5\u00b0.jpg\" title=\"Lucia et Asil 5\u00b0\"><img loading=\"lazy\" decoding=\"async\" width=\"150\" height=\"150\" src=\"https:\/\/ee.mlfmonde.org\/bata-sogea\/wp-content\/uploads\/sites\/16\/2022\/01\/Lucia-et-Asil-5\u00b0-150x150.jpg\" class=\"attachment-thumbnail size-thumbnail\" alt=\"\" \/><\/a>\n\t\t\t<\/dt><\/dl><dl class='gallery-item'>\n\t\t\t<dt class='gallery-icon portrait'>\n\t\t\t\t<a class=\"grouped_elements\" rel=\"tc-fancybox-group\" href=\"https:\/\/ee.mlfmonde.org\/bata-sogea\/wp-content\/uploads\/sites\/16\/2022\/01\/Yashina-4\u00b0.jpg\" title=\"Yashina 4\u00b0\"><img loading=\"lazy\" decoding=\"async\" width=\"150\" height=\"150\" src=\"https:\/\/ee.mlfmonde.org\/bata-sogea\/wp-content\/uploads\/sites\/16\/2022\/01\/Yashina-4\u00b0-150x150.jpg\" class=\"attachment-thumbnail size-thumbnail\" alt=\"\" \/><\/a>\n\t\t\t<\/dt><\/dl><dl class='gallery-item'>\n\t\t\t<dt class='gallery-icon portrait'>\n\t\t\t\t<a class=\"grouped_elements\" rel=\"tc-fancybox-group\" href=\"https:\/\/ee.mlfmonde.org\/bata-sogea\/wp-content\/uploads\/sites\/16\/2022\/01\/Yohann-4\u00b0.jpg\" title=\"Yohann 4\u00b0\"><img loading=\"lazy\" decoding=\"async\" width=\"150\" height=\"150\" src=\"https:\/\/ee.mlfmonde.org\/bata-sogea\/wp-content\/uploads\/sites\/16\/2022\/01\/Yohann-4\u00b0-150x150.jpg\" class=\"attachment-thumbnail size-thumbnail\" alt=\"\" \/><\/a>\n\t\t\t<\/dt><\/dl><br style=\"clear: both\" \/>\n\t\t<\/div>\n\n<p>&nbsp;<\/p>\n","protected":false},"excerpt":{"rendered":"<p>Les coll\u00e9gien continuent leurs recherches et pratiques artistiques en vue de l\u2019organisation de l\u2019exposition \u00ab Ceci n\u2019est pas une chaise\u00a0\u00bb. Apr\u00e8s un travail en deux dimensions qui leur a permis de d\u00e9couvrir quelques grandes figures de l\u2019art contemporain, les \u00e9l\u00e8ves se sont lanc\u00e9s dans le d\u00e9tournement de cet objet du quotidien qu\u2019est la chaise. Chaque [&hellip;]<\/p>\n","protected":false},"author":115,"featured_media":0,"parent":0,"menu_order":0,"comment_status":"closed","ping_status":"closed","template":"","meta":{"_acf_changed":false,"footnotes":""},"class_list":["post-4480","page","type-page","status-publish","czr-hentry"],"acf":[],"_links":{"self":[{"href":"https:\/\/ee.mlfmonde.org\/bata-sogea\/wp-json\/wp\/v2\/pages\/4480","targetHints":{"allow":["GET"]}}],"collection":[{"href":"https:\/\/ee.mlfmonde.org\/bata-sogea\/wp-json\/wp\/v2\/pages"}],"about":[{"href":"https:\/\/ee.mlfmonde.org\/bata-sogea\/wp-json\/wp\/v2\/types\/page"}],"author":[{"embeddable":true,"href":"https:\/\/ee.mlfmonde.org\/bata-sogea\/wp-json\/wp\/v2\/users\/115"}],"replies":[{"embeddable":true,"href":"https:\/\/ee.mlfmonde.org\/bata-sogea\/wp-json\/wp\/v2\/comments?post=4480"}],"version-history":[{"count":5,"href":"https:\/\/ee.mlfmonde.org\/bata-sogea\/wp-json\/wp\/v2\/pages\/4480\/revisions"}],"predecessor-version":[{"id":4500,"href":"https:\/\/ee.mlfmonde.org\/bata-sogea\/wp-json\/wp\/v2\/pages\/4480\/revisions\/4500"}],"wp:attachment":[{"href":"https:\/\/ee.mlfmonde.org\/bata-sogea\/wp-json\/wp\/v2\/media?parent=4480"}],"curies":[{"name":"wp","href":"https:\/\/api.w.org\/{rel}","templated":true}]}}