{"id":4463,"date":"2022-01-20T11:32:27","date_gmt":"2022-01-20T11:32:27","guid":{"rendered":"http:\/\/ee.mlfmonde.org\/bata-sogea\/?page_id=4463"},"modified":"2022-01-20T11:35:10","modified_gmt":"2022-01-20T11:35:10","slug":"fond-marin","status":"publish","type":"page","link":"https:\/\/ee.mlfmonde.org\/bata-sogea\/fond-marin\/","title":{"rendered":"Fond marin"},"content":{"rendered":"<p><img fetchpriority=\"high\" decoding=\"async\" class=\"wp-image-4464 size-full alignright\" src=\"http:\/\/ee.mlfmonde.org\/bata-sogea\/wp-content\/uploads\/sites\/16\/2022\/01\/Fond-marin.jpg\" alt=\"\" width=\"709\" height=\"371\" srcset=\"https:\/\/ee.mlfmonde.org\/bata-sogea\/wp-content\/uploads\/sites\/16\/2022\/01\/Fond-marin.jpg 709w, https:\/\/ee.mlfmonde.org\/bata-sogea\/wp-content\/uploads\/sites\/16\/2022\/01\/Fond-marin-300x157.jpg 300w\" sizes=\"(max-width: 709px) 100vw, 709px\" \/><\/p>\n<p>&nbsp;<\/p>\n<p>&nbsp;<\/p>\n<p>Travail plastique autour de la cr\u00e9ation d&rsquo;un nuancier de bleu pour cr\u00e9er un effet de profondeur de l&rsquo;eau, puis collage de papier pour r\u00e9aliser des poissons en 3D et d\u00e9coupage de gobelets\u00a0pour r\u00e9aliser des pieuvres.<br \/>\nClasse de <strong>CE1-CM1-CM2,<\/strong> sous la houlette de <strong>Mme Badis<\/strong>.<\/p>\n<p>&nbsp;<\/p>\n<p><strong>Galerie :<\/strong><\/p>\n\n\t\t<style type=\"text\/css\">\n\t\t\t#gallery-1 {\n\t\t\t\tmargin: auto;\n\t\t\t}\n\t\t\t#gallery-1 .gallery-item {\n\t\t\t\tfloat: left;\n\t\t\t\tmargin-top: 10px;\n\t\t\t\ttext-align: center;\n\t\t\t\twidth: 25%;\n\t\t\t}\n\t\t\t#gallery-1 img {\n\t\t\t\tborder: 2px solid #cfcfcf;\n\t\t\t}\n\t\t\t#gallery-1 .gallery-caption {\n\t\t\t\tmargin-left: 0;\n\t\t\t}\n\t\t\t\/* see gallery_shortcode() in wp-includes\/media.php *\/\n\t\t<\/style>\n\t\t<div id='gallery-1' class='gallery galleryid-4463 gallery-columns-4 gallery-size-thumbnail'><dl class='gallery-item'>\n\t\t\t<dt class='gallery-icon landscape'>\n\t\t\t\t<a class=\"grouped_elements\" rel=\"tc-fancybox-group\" href=\"https:\/\/ee.mlfmonde.org\/bata-sogea\/wp-content\/uploads\/sites\/16\/2022\/01\/Fond-marin-1-CP-\u00e0-CM2.jpg\" title=\"Fond marin 1 CE1-CM1-CM2\"><img decoding=\"async\" width=\"150\" height=\"150\" src=\"https:\/\/ee.mlfmonde.org\/bata-sogea\/wp-content\/uploads\/sites\/16\/2022\/01\/Fond-marin-1-CP-\u00e0-CM2-150x150.jpg\" class=\"attachment-thumbnail size-thumbnail\" alt=\"\" \/><\/a>\n\t\t\t<\/dt><\/dl><dl class='gallery-item'>\n\t\t\t<dt class='gallery-icon landscape'>\n\t\t\t\t<a class=\"grouped_elements\" rel=\"tc-fancybox-group\" href=\"https:\/\/ee.mlfmonde.org\/bata-sogea\/wp-content\/uploads\/sites\/16\/2022\/01\/Fond-marin-2-CP-\u00e0-CM2.jpg\" title=\"Fond marin 2 CE1-CM1-CM2\"><img decoding=\"async\" width=\"150\" height=\"150\" src=\"https:\/\/ee.mlfmonde.org\/bata-sogea\/wp-content\/uploads\/sites\/16\/2022\/01\/Fond-marin-2-CP-\u00e0-CM2-150x150.jpg\" class=\"attachment-thumbnail size-thumbnail\" alt=\"\" \/><\/a>\n\t\t\t<\/dt><\/dl><dl class='gallery-item'>\n\t\t\t<dt class='gallery-icon portrait'>\n\t\t\t\t<a class=\"grouped_elements\" rel=\"tc-fancybox-group\" href=\"https:\/\/ee.mlfmonde.org\/bata-sogea\/wp-content\/uploads\/sites\/16\/2022\/01\/Fond-marin-3-CP-\u00e0-CM2.jpg\" title=\"Fond marin 3 CE1-CM1-CM2\"><img loading=\"lazy\" decoding=\"async\" width=\"150\" height=\"150\" src=\"https:\/\/ee.mlfmonde.org\/bata-sogea\/wp-content\/uploads\/sites\/16\/2022\/01\/Fond-marin-3-CP-\u00e0-CM2-150x150.jpg\" class=\"attachment-thumbnail size-thumbnail\" alt=\"\" \/><\/a>\n\t\t\t<\/dt><\/dl><dl class='gallery-item'>\n\t\t\t<dt class='gallery-icon portrait'>\n\t\t\t\t<a class=\"grouped_elements\" rel=\"tc-fancybox-group\" href=\"https:\/\/ee.mlfmonde.org\/bata-sogea\/wp-content\/uploads\/sites\/16\/2022\/01\/Fond-marin-4-CP-\u00e0-CM2.jpg\" title=\"Fond marin 4 CE1-CM1-CM2\"><img loading=\"lazy\" decoding=\"async\" width=\"150\" height=\"150\" src=\"https:\/\/ee.mlfmonde.org\/bata-sogea\/wp-content\/uploads\/sites\/16\/2022\/01\/Fond-marin-4-CP-\u00e0-CM2-150x150.jpg\" class=\"attachment-thumbnail size-thumbnail\" alt=\"\" \/><\/a>\n\t\t\t<\/dt><\/dl><br style=\"clear: both\" \/>\n\t\t<\/div>\n\n","protected":false},"excerpt":{"rendered":"<p>&nbsp; &nbsp; Travail plastique autour de la cr\u00e9ation d&rsquo;un nuancier de bleu pour cr\u00e9er un effet de profondeur de l&rsquo;eau, puis collage de papier pour r\u00e9aliser des poissons en 3D et d\u00e9coupage de gobelets\u00a0pour r\u00e9aliser des pieuvres. Classe de CE1-CM1-CM2, sous la houlette de Mme Badis. &nbsp; Galerie :<\/p>\n","protected":false},"author":115,"featured_media":0,"parent":0,"menu_order":0,"comment_status":"closed","ping_status":"closed","template":"","meta":{"_acf_changed":false,"footnotes":""},"class_list":["post-4463","page","type-page","status-publish","czr-hentry"],"acf":[],"_links":{"self":[{"href":"https:\/\/ee.mlfmonde.org\/bata-sogea\/wp-json\/wp\/v2\/pages\/4463","targetHints":{"allow":["GET"]}}],"collection":[{"href":"https:\/\/ee.mlfmonde.org\/bata-sogea\/wp-json\/wp\/v2\/pages"}],"about":[{"href":"https:\/\/ee.mlfmonde.org\/bata-sogea\/wp-json\/wp\/v2\/types\/page"}],"author":[{"embeddable":true,"href":"https:\/\/ee.mlfmonde.org\/bata-sogea\/wp-json\/wp\/v2\/users\/115"}],"replies":[{"embeddable":true,"href":"https:\/\/ee.mlfmonde.org\/bata-sogea\/wp-json\/wp\/v2\/comments?post=4463"}],"version-history":[{"count":3,"href":"https:\/\/ee.mlfmonde.org\/bata-sogea\/wp-json\/wp\/v2\/pages\/4463\/revisions"}],"predecessor-version":[{"id":4474,"href":"https:\/\/ee.mlfmonde.org\/bata-sogea\/wp-json\/wp\/v2\/pages\/4463\/revisions\/4474"}],"wp:attachment":[{"href":"https:\/\/ee.mlfmonde.org\/bata-sogea\/wp-json\/wp\/v2\/media?parent=4463"}],"curies":[{"name":"wp","href":"https:\/\/api.w.org\/{rel}","templated":true}]}}