{"id":441,"date":"2017-06-21T05:02:10","date_gmt":"2017-06-21T05:02:10","guid":{"rendered":"http:\/\/ee.mlfmonde.org\/qingdao-technip\/?page_id=441"},"modified":"2019-07-13T12:23:53","modified_gmt":"2019-07-13T12:23:53","slug":"actualite","status":"publish","type":"page","link":"https:\/\/ee.mlfmonde.org\/bata-sogea\/actualite\/","title":{"rendered":"Ann\u00e9e scolaire 2018-2019"},"content":{"rendered":"<p style=\"text-align: center\"><img fetchpriority=\"high\" decoding=\"async\" class=\"alignnone wp-image-1433 size-full\" src=\"http:\/\/ee.mlfmonde.org\/bata-sogea\/wp-content\/uploads\/sites\/16\/2018\/08\/ph5-1.jpg\" alt=\"\" width=\"700\" height=\"420\" srcset=\"https:\/\/ee.mlfmonde.org\/bata-sogea\/wp-content\/uploads\/sites\/16\/2018\/08\/ph5-1.jpg 700w, https:\/\/ee.mlfmonde.org\/bata-sogea\/wp-content\/uploads\/sites\/16\/2018\/08\/ph5-1-300x180.jpg 300w\" sizes=\"(max-width: 700px) 100vw, 700px\" \/><\/p>\n<p>&nbsp;<\/p>\n<p><a href=\"https:\/\/youtu.be\/RmQn-oIXEp8\"><img decoding=\"async\" class=\"alignnone wp-image-2820 size-full\" src=\"http:\/\/ee.mlfmonde.org\/bata-sogea\/wp-content\/uploads\/sites\/16\/2019\/07\/Tableau-kamishibai.jpg\" alt=\"\" width=\"380\" height=\"341\" srcset=\"https:\/\/ee.mlfmonde.org\/bata-sogea\/wp-content\/uploads\/sites\/16\/2019\/07\/Tableau-kamishibai.jpg 380w, https:\/\/ee.mlfmonde.org\/bata-sogea\/wp-content\/uploads\/sites\/16\/2019\/07\/Tableau-kamishibai-300x269.jpg 300w\" sizes=\"(max-width: 380px) 100vw, 380px\" \/><\/a><a href=\"http:\/\/ee.mlfmonde.org\/bata-sogea\/wp-content\/uploads\/sites\/16\/2019\/06\/webradio-juin-2019-MP3.mp3\">\u00a0<\/a><a href=\"http:\/\/ee.mlfmonde.org\/bata-sogea\/wp-content\/uploads\/sites\/16\/2019\/06\/webradio-juin-2019-MP3.mp3\"><img decoding=\"async\" class=\"alignnone wp-image-2843 size-full\" src=\"http:\/\/ee.mlfmonde.org\/bata-sogea\/wp-content\/uploads\/sites\/16\/2019\/07\/Tableau-cadre-webr@dio.jpg\" alt=\"\" width=\"380\" height=\"341\" srcset=\"https:\/\/ee.mlfmonde.org\/bata-sogea\/wp-content\/uploads\/sites\/16\/2019\/07\/Tableau-cadre-webr@dio.jpg 380w, https:\/\/ee.mlfmonde.org\/bata-sogea\/wp-content\/uploads\/sites\/16\/2019\/07\/Tableau-cadre-webr@dio-300x269.jpg 300w\" sizes=\"(max-width: 380px) 100vw, 380px\" \/><\/a><\/p>\n<p><a href=\"http:\/\/ee.mlfmonde.org\/bata-sogea\/wp-content\/uploads\/sites\/16\/2019\/06\/Visite-boulangerie.pdf\" target=\"_blank\" rel=\"noopener\"><img loading=\"lazy\" decoding=\"async\" class=\"alignnone wp-image-2805 size-full\" src=\"http:\/\/ee.mlfmonde.org\/bata-sogea\/wp-content\/uploads\/sites\/16\/2019\/06\/Tableau-cadre-boulangerie4.jpg\" alt=\"\" width=\"380\" height=\"341\" srcset=\"https:\/\/ee.mlfmonde.org\/bata-sogea\/wp-content\/uploads\/sites\/16\/2019\/06\/Tableau-cadre-boulangerie4.jpg 380w, https:\/\/ee.mlfmonde.org\/bata-sogea\/wp-content\/uploads\/sites\/16\/2019\/06\/Tableau-cadre-boulangerie4-300x269.jpg 300w\" sizes=\"(max-width: 380px) 100vw, 380px\" \/>\u00a0<\/a><a href=\"http:\/\/ee.mlfmonde.org\/bata-sogea\/festival-international-du-film-decole-festimaj-2019\/\" target=\"_blank\" rel=\"noopener\"><img loading=\"lazy\" decoding=\"async\" class=\"alignnone wp-image-2791 size-full\" src=\"http:\/\/ee.mlfmonde.org\/bata-sogea\/wp-content\/uploads\/sites\/16\/2019\/06\/Tableau-cadre.jpg-Festimaj-CCE-2019.jpg\" alt=\"\" width=\"380\" height=\"341\" srcset=\"https:\/\/ee.mlfmonde.org\/bata-sogea\/wp-content\/uploads\/sites\/16\/2019\/06\/Tableau-cadre.jpg-Festimaj-CCE-2019.jpg 380w, https:\/\/ee.mlfmonde.org\/bata-sogea\/wp-content\/uploads\/sites\/16\/2019\/06\/Tableau-cadre.jpg-Festimaj-CCE-2019-300x269.jpg 300w\" sizes=\"(max-width: 380px) 100vw, 380px\" \/>\u00a0<\/a><a href=\"http:\/\/ee.mlfmonde.org\/bata-sogea\/bonne-fete-maman\/\" target=\"_blank\" rel=\"noopener\"><img loading=\"lazy\" decoding=\"async\" class=\"alignnone wp-image-2769 size-full\" src=\"http:\/\/ee.mlfmonde.org\/bata-sogea\/wp-content\/uploads\/sites\/16\/2019\/05\/Tableau-cadre-f\u00eate-mere-2019.jpg\" alt=\"\" width=\"380\" height=\"341\" srcset=\"https:\/\/ee.mlfmonde.org\/bata-sogea\/wp-content\/uploads\/sites\/16\/2019\/05\/Tableau-cadre-f\u00eate-mere-2019.jpg 380w, https:\/\/ee.mlfmonde.org\/bata-sogea\/wp-content\/uploads\/sites\/16\/2019\/05\/Tableau-cadre-f\u00eate-mere-2019-300x269.jpg 300w\" sizes=\"(max-width: 380px) 100vw, 380px\" \/><\/a><\/p>\n<p><a href=\"http:\/\/ee.mlfmonde.org\/bata-sogea\/festimaj-2019\/\" target=\"_blank\" rel=\"noopener\"><img loading=\"lazy\" decoding=\"async\" class=\"alignnone wp-image-2757 size-full\" src=\"http:\/\/ee.mlfmonde.org\/bata-sogea\/wp-content\/uploads\/sites\/16\/2019\/05\/Tableau-festimaj.jpg\" alt=\"\" width=\"380\" height=\"341\" srcset=\"https:\/\/ee.mlfmonde.org\/bata-sogea\/wp-content\/uploads\/sites\/16\/2019\/05\/Tableau-festimaj.jpg 380w, https:\/\/ee.mlfmonde.org\/bata-sogea\/wp-content\/uploads\/sites\/16\/2019\/05\/Tableau-festimaj-300x269.jpg 300w\" sizes=\"(max-width: 380px) 100vw, 380px\" \/><\/a>\u00a0<a href=\"http:\/\/ee.mlfmonde.org\/bata-sogea\/activite-periscolaire-poterie\/\" target=\"_blank\" rel=\"noopener\"><img loading=\"lazy\" decoding=\"async\" class=\"alignnone wp-image-2716 size-full\" src=\"http:\/\/ee.mlfmonde.org\/bata-sogea\/wp-content\/uploads\/sites\/16\/2019\/04\/Tableau-cadre-poterie.jpg\" alt=\"\" width=\"380\" height=\"341\" srcset=\"https:\/\/ee.mlfmonde.org\/bata-sogea\/wp-content\/uploads\/sites\/16\/2019\/04\/Tableau-cadre-poterie.jpg 380w, https:\/\/ee.mlfmonde.org\/bata-sogea\/wp-content\/uploads\/sites\/16\/2019\/04\/Tableau-cadre-poterie-300x269.jpg 300w\" sizes=\"(max-width: 380px) 100vw, 380px\" \/>\u00a0<\/a><a href=\"http:\/\/ee.mlfmonde.org\/bata-sogea\/tournoi-inter-ecoles-de-basket\/\" target=\"_blank\" rel=\"noopener\"><img loading=\"lazy\" decoding=\"async\" class=\"alignnone wp-image-2648 size-full\" src=\"http:\/\/ee.mlfmonde.org\/bata-sogea\/wp-content\/uploads\/sites\/16\/2019\/04\/Tableau-cadre-basket.jpg\" alt=\"\" width=\"380\" height=\"341\" srcset=\"https:\/\/ee.mlfmonde.org\/bata-sogea\/wp-content\/uploads\/sites\/16\/2019\/04\/Tableau-cadre-basket.jpg 380w, https:\/\/ee.mlfmonde.org\/bata-sogea\/wp-content\/uploads\/sites\/16\/2019\/04\/Tableau-cadre-basket-300x269.jpg 300w\" sizes=\"(max-width: 380px) 100vw, 380px\" \/><\/a><\/p>\n<p><a href=\"https:\/\/www.youtube.com\/watch?v=K1WgLBUfyv4&amp;feature=youtu.be\" target=\"_blank\" rel=\"noopener\"><img loading=\"lazy\" decoding=\"async\" class=\"alignnone wp-image-2639 \" src=\"http:\/\/ee.mlfmonde.org\/bata-sogea\/wp-content\/uploads\/sites\/16\/2019\/04\/Tableau-cadre.jpg-V-\u00e0-C.jpg\" alt=\"\" width=\"380\" height=\"341\" srcset=\"https:\/\/ee.mlfmonde.org\/bata-sogea\/wp-content\/uploads\/sites\/16\/2019\/04\/Tableau-cadre.jpg-V-\u00e0-C.jpg 380w, https:\/\/ee.mlfmonde.org\/bata-sogea\/wp-content\/uploads\/sites\/16\/2019\/04\/Tableau-cadre.jpg-V-\u00e0-C-300x269.jpg 300w\" sizes=\"(max-width: 380px) 100vw, 380px\" \/><\/a><a href=\"http:\/\/ee.mlfmonde.org\/bata-sogea\/fete-de-la-francophonie-2019\/\" target=\"_blank\" rel=\"noopener\">\u00a0<img loading=\"lazy\" decoding=\"async\" class=\"alignnone wp-image-2598 size-full\" src=\"http:\/\/ee.mlfmonde.org\/bata-sogea\/wp-content\/uploads\/sites\/16\/2019\/03\/Tableau-cadre-f\u00eate-de-la-francophonie-2019.jpg\" alt=\"\" width=\"380\" height=\"341\" srcset=\"https:\/\/ee.mlfmonde.org\/bata-sogea\/wp-content\/uploads\/sites\/16\/2019\/03\/Tableau-cadre-f\u00eate-de-la-francophonie-2019.jpg 380w, https:\/\/ee.mlfmonde.org\/bata-sogea\/wp-content\/uploads\/sites\/16\/2019\/03\/Tableau-cadre-f\u00eate-de-la-francophonie-2019-300x269.jpg 300w\" sizes=\"(max-width: 380px) 100vw, 380px\" \/><\/a><a href=\"https:\/\/www.youtube.com\/watch?v=eYWXQ7W7jaA&amp;feature=youtu.be\" target=\"_blank\" rel=\"noopener\">\u00a0<img loading=\"lazy\" decoding=\"async\" class=\"alignnone wp-image-2595 size-full\" src=\"http:\/\/ee.mlfmonde.org\/bata-sogea\/wp-content\/uploads\/sites\/16\/2019\/03\/Tableau-cadre-francophonie-TV.jpg\" alt=\"\" width=\"380\" height=\"341\" srcset=\"https:\/\/ee.mlfmonde.org\/bata-sogea\/wp-content\/uploads\/sites\/16\/2019\/03\/Tableau-cadre-francophonie-TV.jpg 380w, https:\/\/ee.mlfmonde.org\/bata-sogea\/wp-content\/uploads\/sites\/16\/2019\/03\/Tableau-cadre-francophonie-TV-300x269.jpg 300w\" sizes=\"(max-width: 380px) 100vw, 380px\" \/>\u00a0<\/a><\/p>\n<p><a href=\"https:\/\/www.youtube.com\/watch?v=1_TwSe3pvIY&amp;t=51s\" target=\"_blank\" rel=\"noopener\"><img loading=\"lazy\" decoding=\"async\" class=\"alignnone wp-image-2540 size-full\" src=\"http:\/\/ee.mlfmonde.org\/bata-sogea\/wp-content\/uploads\/sites\/16\/2019\/03\/Tableau-LVM.jpg\" alt=\"\" width=\"380\" height=\"341\" srcset=\"https:\/\/ee.mlfmonde.org\/bata-sogea\/wp-content\/uploads\/sites\/16\/2019\/03\/Tableau-LVM.jpg 380w, https:\/\/ee.mlfmonde.org\/bata-sogea\/wp-content\/uploads\/sites\/16\/2019\/03\/Tableau-LVM-300x269.jpg 300w\" sizes=\"(max-width: 380px) 100vw, 380px\" \/><\/a><a href=\"http:\/\/ee.mlfmonde.org\/bata-sogea\/les-tps-ps-ms-preparent-des-mini-baguettes\/\" target=\"_blank\" rel=\"noopener\">\u00a0<img loading=\"lazy\" decoding=\"async\" class=\"alignnone wp-image-2507 size-full\" src=\"http:\/\/ee.mlfmonde.org\/bata-sogea\/wp-content\/uploads\/sites\/16\/2019\/03\/Tableau-pain.jpg\" alt=\"\" width=\"380\" height=\"341\" srcset=\"https:\/\/ee.mlfmonde.org\/bata-sogea\/wp-content\/uploads\/sites\/16\/2019\/03\/Tableau-pain.jpg 380w, https:\/\/ee.mlfmonde.org\/bata-sogea\/wp-content\/uploads\/sites\/16\/2019\/03\/Tableau-pain-300x269.jpg 300w\" sizes=\"(max-width: 380px) 100vw, 380px\" \/>\u00a0<\/a><a href=\"http:\/\/ee.mlfmonde.org\/bata-sogea\/carnaval-2019\/\" target=\"_blank\" rel=\"noopener\"><img loading=\"lazy\" decoding=\"async\" class=\"alignnone wp-image-2368 size-full\" src=\"http:\/\/ee.mlfmonde.org\/bata-sogea\/wp-content\/uploads\/sites\/16\/2019\/02\/Tableau-cadre-carnaval-2019.jpg\" alt=\"\" width=\"380\" height=\"341\" srcset=\"https:\/\/ee.mlfmonde.org\/bata-sogea\/wp-content\/uploads\/sites\/16\/2019\/02\/Tableau-cadre-carnaval-2019.jpg 380w, https:\/\/ee.mlfmonde.org\/bata-sogea\/wp-content\/uploads\/sites\/16\/2019\/02\/Tableau-cadre-carnaval-2019-300x269.jpg 300w\" sizes=\"(max-width: 380px) 100vw, 380px\" \/><\/a><\/p>\n<p><a href=\"http:\/\/ee.mlfmonde.org\/bata-sogea\/la-recette-des-gaufres-des-eleves-de-ce1\/\" target=\"_blank\" rel=\"noopener\"><img loading=\"lazy\" decoding=\"async\" class=\"alignnone wp-image-2570 size-full\" src=\"http:\/\/ee.mlfmonde.org\/bata-sogea\/wp-content\/uploads\/sites\/16\/2019\/03\/Tableau-cadre-gaufres.jpg\" alt=\"\" width=\"380\" height=\"341\" srcset=\"https:\/\/ee.mlfmonde.org\/bata-sogea\/wp-content\/uploads\/sites\/16\/2019\/03\/Tableau-cadre-gaufres.jpg 380w, https:\/\/ee.mlfmonde.org\/bata-sogea\/wp-content\/uploads\/sites\/16\/2019\/03\/Tableau-cadre-gaufres-300x269.jpg 300w\" sizes=\"(max-width: 380px) 100vw, 380px\" \/>\u00a0<\/a><a href=\"http:\/\/ee.mlfmonde.org\/bata-sogea\/les-eleves-de-ce1-ce2-poursuivent-leur-tour-du-monde-en-chanson\/\" target=\"_blank\" rel=\"noopener\"><img loading=\"lazy\" decoding=\"async\" class=\"alignnone wp-image-2590 size-full\" src=\"http:\/\/ee.mlfmonde.org\/bata-sogea\/wp-content\/uploads\/sites\/16\/2019\/03\/Tableau-cadre-tour-du-mondess.jpg\" alt=\"\" width=\"380\" height=\"341\" srcset=\"https:\/\/ee.mlfmonde.org\/bata-sogea\/wp-content\/uploads\/sites\/16\/2019\/03\/Tableau-cadre-tour-du-mondess.jpg 380w, https:\/\/ee.mlfmonde.org\/bata-sogea\/wp-content\/uploads\/sites\/16\/2019\/03\/Tableau-cadre-tour-du-mondess-300x269.jpg 300w\" sizes=\"(max-width: 380px) 100vw, 380px\" \/><\/a><a href=\"http:\/\/ee.mlfmonde.org\/bata-sogea\/les-eleves-de-ce1-ce2-poursuivent-leur-tour-du-monde-en-chanson\/\" target=\"_blank\" rel=\"noopener\">\u00a0<\/a><a href=\"http:\/\/ee.mlfmonde.org\/bata-sogea\/wp-content\/uploads\/sites\/16\/2019\/03\/Sortie-\u00e0-lusine-de-traitement-de-leau-de-Bata-CE1.pdf\" target=\"_blank\" rel=\"noopener\"><img loading=\"lazy\" decoding=\"async\" class=\"alignnone wp-image-2566 size-full\" src=\"http:\/\/ee.mlfmonde.org\/bata-sogea\/wp-content\/uploads\/sites\/16\/2019\/03\/Tableau-cadre.jpgCe1-usine-de-leau.jpg\" alt=\"\" width=\"380\" height=\"341\" srcset=\"https:\/\/ee.mlfmonde.org\/bata-sogea\/wp-content\/uploads\/sites\/16\/2019\/03\/Tableau-cadre.jpgCe1-usine-de-leau.jpg 380w, https:\/\/ee.mlfmonde.org\/bata-sogea\/wp-content\/uploads\/sites\/16\/2019\/03\/Tableau-cadre.jpgCe1-usine-de-leau-300x269.jpg 300w\" sizes=\"(max-width: 380px) 100vw, 380px\" \/><\/a><a href=\"http:\/\/ee.mlfmonde.org\/bata-sogea\/les-eleves-de-ce1-ce2-poursuivent-leur-tour-du-monde-en-chanson\/\" target=\"_blank\" rel=\"noopener\"><br \/>\n<\/a><\/p>\n<p><a href=\"http:\/\/ee.mlfmonde.org\/bata-sogea\/wp-content\/uploads\/sites\/16\/2019\/02\/Sortie-\u00e0-lusine-de-traitement-de-leau-de-Bata.pdf\" target=\"_blank\" rel=\"noopener\"><img loading=\"lazy\" decoding=\"async\" class=\"alignnone wp-image-2347 size-full\" src=\"http:\/\/ee.mlfmonde.org\/bata-sogea\/wp-content\/uploads\/sites\/16\/2019\/02\/Tableau-cadre-usine-deau-de-Bata.jpg\" alt=\"\" width=\"380\" height=\"341\" srcset=\"https:\/\/ee.mlfmonde.org\/bata-sogea\/wp-content\/uploads\/sites\/16\/2019\/02\/Tableau-cadre-usine-deau-de-Bata.jpg 380w, https:\/\/ee.mlfmonde.org\/bata-sogea\/wp-content\/uploads\/sites\/16\/2019\/02\/Tableau-cadre-usine-deau-de-Bata-300x269.jpg 300w\" sizes=\"(max-width: 380px) 100vw, 380px\" \/><\/a>\u00a0<a href=\"http:\/\/ee.mlfmonde.org\/bata-sogea\/debut-de-tournage-du-court-metrage-voyage-a-cannes\/\" target=\"_blank\" rel=\"noopener\"><img loading=\"lazy\" decoding=\"async\" class=\"alignnone wp-image-2303 size-full\" src=\"http:\/\/ee.mlfmonde.org\/bata-sogea\/wp-content\/uploads\/sites\/16\/2019\/02\/Voyage-\u00e0-Cannes.jpg\" alt=\"\" width=\"380\" height=\"341\" srcset=\"https:\/\/ee.mlfmonde.org\/bata-sogea\/wp-content\/uploads\/sites\/16\/2019\/02\/Voyage-\u00e0-Cannes.jpg 380w, https:\/\/ee.mlfmonde.org\/bata-sogea\/wp-content\/uploads\/sites\/16\/2019\/02\/Voyage-\u00e0-Cannes-300x269.jpg 300w\" sizes=\"(max-width: 380px) 100vw, 380px\" \/>\u00a0<\/a><a href=\"http:\/\/ee.mlfmonde.org\/bata-sogea\/notre-adaptation-du-conte-le-violon-magique-bientot-sur-vos-ecrans\/\" target=\"_blank\" rel=\"noopener\"><img loading=\"lazy\" decoding=\"async\" class=\"alignnone wp-image-2305 size-full\" src=\"http:\/\/ee.mlfmonde.org\/bata-sogea\/wp-content\/uploads\/sites\/16\/2019\/02\/Tableau-violon-magique.jpg\" alt=\"\" width=\"380\" height=\"341\" srcset=\"https:\/\/ee.mlfmonde.org\/bata-sogea\/wp-content\/uploads\/sites\/16\/2019\/02\/Tableau-violon-magique.jpg 380w, https:\/\/ee.mlfmonde.org\/bata-sogea\/wp-content\/uploads\/sites\/16\/2019\/02\/Tableau-violon-magique-300x269.jpg 300w\" sizes=\"(max-width: 380px) 100vw, 380px\" \/><\/a><\/p>\n<p><a href=\"http:\/\/ee.mlfmonde.org\/bata-sogea\/les-marmitons-de-gs-cp-satellent-a-la-galette-des-rois\/\" target=\"_blank\" rel=\"noopener\"><img loading=\"lazy\" decoding=\"async\" class=\"alignnone wp-image-2260 size-full\" src=\"http:\/\/ee.mlfmonde.org\/bata-sogea\/wp-content\/uploads\/sites\/16\/2019\/01\/Galette-des-rois-1.jpg\" alt=\"\" width=\"380\" height=\"341\" srcset=\"https:\/\/ee.mlfmonde.org\/bata-sogea\/wp-content\/uploads\/sites\/16\/2019\/01\/Galette-des-rois-1.jpg 380w, https:\/\/ee.mlfmonde.org\/bata-sogea\/wp-content\/uploads\/sites\/16\/2019\/01\/Galette-des-rois-1-300x269.jpg 300w\" sizes=\"(max-width: 380px) 100vw, 380px\" \/>\u00a0<\/a><a href=\"http:\/\/ee.mlfmonde.org\/bata-sogea\/les-ce1-ce2-nous-offrent-un-debut-de-tour-du-monde-en-chanson\/\" target=\"_blank\" rel=\"noopener\"><img loading=\"lazy\" decoding=\"async\" class=\"alignnone wp-image-2592 size-full\" src=\"http:\/\/ee.mlfmonde.org\/bata-sogea\/wp-content\/uploads\/sites\/16\/2019\/03\/Tour-du-monde-en-chansonss.jpg\" alt=\"\" width=\"380\" height=\"341\" srcset=\"https:\/\/ee.mlfmonde.org\/bata-sogea\/wp-content\/uploads\/sites\/16\/2019\/03\/Tour-du-monde-en-chansonss.jpg 380w, https:\/\/ee.mlfmonde.org\/bata-sogea\/wp-content\/uploads\/sites\/16\/2019\/03\/Tour-du-monde-en-chansonss-300x269.jpg 300w\" sizes=\"(max-width: 380px) 100vw, 380px\" \/><\/a><a href=\"http:\/\/ee.mlfmonde.org\/bata-sogea\/bonnes-fetes-de-fin-dannee\/\">\u00a0<\/a><a href=\"http:\/\/ee.mlfmonde.org\/bata-sogea\/bonnes-fetes-de-fin-dannee\/\"><img loading=\"lazy\" decoding=\"async\" class=\"alignnone wp-image-2198 size-full\" src=\"http:\/\/ee.mlfmonde.org\/bata-sogea\/wp-content\/uploads\/sites\/16\/2018\/12\/Sapin-2018.jpg\" alt=\"\" width=\"380\" height=\"341\" srcset=\"https:\/\/ee.mlfmonde.org\/bata-sogea\/wp-content\/uploads\/sites\/16\/2018\/12\/Sapin-2018.jpg 380w, https:\/\/ee.mlfmonde.org\/bata-sogea\/wp-content\/uploads\/sites\/16\/2018\/12\/Sapin-2018-300x269.jpg 300w\" sizes=\"(max-width: 380px) 100vw, 380px\" \/><\/a><\/p>\n<p><a href=\"https:\/\/youtu.be\/EOXFnd4MYok\" target=\"_blank\" rel=\"noopener\"><img loading=\"lazy\" decoding=\"async\" class=\"alignnone wp-image-2223 size-full\" src=\"http:\/\/ee.mlfmonde.org\/bata-sogea\/wp-content\/uploads\/sites\/16\/2018\/12\/Tableau-resto.jpg\" alt=\"\" width=\"380\" height=\"341\" srcset=\"https:\/\/ee.mlfmonde.org\/bata-sogea\/wp-content\/uploads\/sites\/16\/2018\/12\/Tableau-resto.jpg 380w, https:\/\/ee.mlfmonde.org\/bata-sogea\/wp-content\/uploads\/sites\/16\/2018\/12\/Tableau-resto-300x269.jpg 300w\" sizes=\"(max-width: 380px) 100vw, 380px\" \/><\/a><a href=\"http:\/\/ee.mlfmonde.org\/bata-sogea\/2173-2\/\" target=\"_blank\" rel=\"noopener\">\u00a0<img loading=\"lazy\" decoding=\"async\" class=\"alignnone wp-image-2170 size-full\" src=\"http:\/\/ee.mlfmonde.org\/bata-sogea\/wp-content\/uploads\/sites\/16\/2018\/12\/Tavble-sabl\u00e9s-de-noel.jpg\" alt=\"\" width=\"380\" height=\"341\" srcset=\"https:\/\/ee.mlfmonde.org\/bata-sogea\/wp-content\/uploads\/sites\/16\/2018\/12\/Tavble-sabl\u00e9s-de-noel.jpg 380w, https:\/\/ee.mlfmonde.org\/bata-sogea\/wp-content\/uploads\/sites\/16\/2018\/12\/Tavble-sabl\u00e9s-de-noel-300x269.jpg 300w\" sizes=\"(max-width: 380px) 100vw, 380px\" \/>\u00a0<\/a><a href=\"http:\/\/ee.mlfmonde.org\/bata-sogea\/wp-content\/uploads\/sites\/16\/2018\/12\/Emission-sp\u00e9ciale-T\u00e9l\u00e9thon-2018.mp3\" target=\"_blank\" rel=\"noopener\"><img loading=\"lazy\" decoding=\"async\" class=\"alignnone wp-image-2219 size-full\" src=\"http:\/\/ee.mlfmonde.org\/bata-sogea\/wp-content\/uploads\/sites\/16\/2018\/12\/Tableau-t\u00e9l\u00e9t-2018..jpg\" alt=\"\" width=\"380\" height=\"341\" srcset=\"https:\/\/ee.mlfmonde.org\/bata-sogea\/wp-content\/uploads\/sites\/16\/2018\/12\/Tableau-t\u00e9l\u00e9t-2018..jpg 380w, https:\/\/ee.mlfmonde.org\/bata-sogea\/wp-content\/uploads\/sites\/16\/2018\/12\/Tableau-t\u00e9l\u00e9t-2018.-300x269.jpg 300w\" sizes=\"(max-width: 380px) 100vw, 380px\" \/><\/a><a href=\"http:\/\/ee.mlfmonde.org\/bata-sogea\/wp-content\/uploads\/sites\/16\/2018\/12\/Emission-sp\u00e9ciale-T\u00e9l\u00e9thon-2018.mp3\">\u00a0<\/a><\/p>\n<p><a href=\"http:\/\/ee.mlfmonde.org\/bata-sogea\/les-activites-periscolaires-de-debut-dannee\/\" target=\"_blank\" rel=\"noopener\"><img loading=\"lazy\" decoding=\"async\" class=\"alignnone wp-image-2084 size-full\" src=\"http:\/\/ee.mlfmonde.org\/bata-sogea\/wp-content\/uploads\/sites\/16\/2018\/12\/APS-d\u00e9but-dann\u00e9e-2018.jpg\" alt=\"\" width=\"380\" height=\"341\" srcset=\"https:\/\/ee.mlfmonde.org\/bata-sogea\/wp-content\/uploads\/sites\/16\/2018\/12\/APS-d\u00e9but-dann\u00e9e-2018.jpg 380w, https:\/\/ee.mlfmonde.org\/bata-sogea\/wp-content\/uploads\/sites\/16\/2018\/12\/APS-d\u00e9but-dann\u00e9e-2018-300x269.jpg 300w\" sizes=\"(max-width: 380px) 100vw, 380px\" \/><\/a>\u00a0<a href=\"https:\/\/ee.mlfmonde.org\/bata-sogea\/?page_id=2025&amp;preview=true\"><img loading=\"lazy\" decoding=\"async\" class=\"alignnone wp-image-2019 size-full\" src=\"http:\/\/ee.mlfmonde.org\/bata-sogea\/wp-content\/uploads\/sites\/16\/2018\/11\/Tableau-11-nov-18.jpg\" alt=\"\" width=\"380\" height=\"341\" srcset=\"https:\/\/ee.mlfmonde.org\/bata-sogea\/wp-content\/uploads\/sites\/16\/2018\/11\/Tableau-11-nov-18.jpg 380w, https:\/\/ee.mlfmonde.org\/bata-sogea\/wp-content\/uploads\/sites\/16\/2018\/11\/Tableau-11-nov-18-300x269.jpg 300w\" sizes=\"(max-width: 380px) 100vw, 380px\" \/>\u00a0<\/a><a href=\"https:\/\/ee.mlfmonde.org\/bata-sogea\/?page_id=2106&amp;preview=true\" target=\"_blank\" rel=\"noopener\"><img loading=\"lazy\" decoding=\"async\" class=\"alignnone wp-image-2104 size-full\" src=\"http:\/\/ee.mlfmonde.org\/bata-sogea\/wp-content\/uploads\/sites\/16\/2018\/12\/Course_t\u00e9l\u00e9thon_2018.jpg\" alt=\"\" width=\"380\" height=\"341\" srcset=\"https:\/\/ee.mlfmonde.org\/bata-sogea\/wp-content\/uploads\/sites\/16\/2018\/12\/Course_t\u00e9l\u00e9thon_2018.jpg 380w, https:\/\/ee.mlfmonde.org\/bata-sogea\/wp-content\/uploads\/sites\/16\/2018\/12\/Course_t\u00e9l\u00e9thon_2018-300x269.jpg 300w\" sizes=\"(max-width: 380px) 100vw, 380px\" \/><\/a><\/p>\n<p><a href=\"https:\/\/ee.mlfmonde.org\/bata-sogea\/?page_id=1819&amp;preview=true\" target=\"_blank\" rel=\"noopener\"><img loading=\"lazy\" decoding=\"async\" class=\"alignnone wp-image-1817 size-full\" src=\"http:\/\/ee.mlfmonde.org\/bata-sogea\/wp-content\/uploads\/sites\/16\/2018\/10\/Webradio-p1.jpg\" alt=\"\" width=\"380\" height=\"341\" srcset=\"https:\/\/ee.mlfmonde.org\/bata-sogea\/wp-content\/uploads\/sites\/16\/2018\/10\/Webradio-p1.jpg 380w, https:\/\/ee.mlfmonde.org\/bata-sogea\/wp-content\/uploads\/sites\/16\/2018\/10\/Webradio-p1-300x269.jpg 300w\" sizes=\"(max-width: 380px) 100vw, 380px\" \/>\u00a0<\/a><a href=\"http:\/\/ee.mlfmonde.org\/bata-sogea\/comptines-poesies-des-gs-cp\/\" target=\"_blank\" rel=\"noopener\"><img loading=\"lazy\" decoding=\"async\" class=\"alignnone wp-image-1859 size-full\" src=\"http:\/\/ee.mlfmonde.org\/bata-sogea\/wp-content\/uploads\/sites\/16\/2018\/10\/Po\u00e9sies-et-comptines-GS-p1.jpg\" alt=\"\" width=\"380\" height=\"341\" srcset=\"https:\/\/ee.mlfmonde.org\/bata-sogea\/wp-content\/uploads\/sites\/16\/2018\/10\/Po\u00e9sies-et-comptines-GS-p1.jpg 380w, https:\/\/ee.mlfmonde.org\/bata-sogea\/wp-content\/uploads\/sites\/16\/2018\/10\/Po\u00e9sies-et-comptines-GS-p1-300x269.jpg 300w\" sizes=\"(max-width: 380px) 100vw, 380px\" \/>\u00a0<\/a><a href=\"http:\/\/ee.mlfmonde.org\/bata-sogea\/telethon-2018\/\" target=\"_blank\" rel=\"noopener\"><img loading=\"lazy\" decoding=\"async\" class=\"alignnone wp-image-1794 size-full\" src=\"http:\/\/ee.mlfmonde.org\/bata-sogea\/wp-content\/uploads\/sites\/16\/2018\/10\/Tableau-T\u00e9l\u00e9thon.jpg\" alt=\"\" width=\"380\" height=\"341\" srcset=\"https:\/\/ee.mlfmonde.org\/bata-sogea\/wp-content\/uploads\/sites\/16\/2018\/10\/Tableau-T\u00e9l\u00e9thon.jpg 380w, https:\/\/ee.mlfmonde.org\/bata-sogea\/wp-content\/uploads\/sites\/16\/2018\/10\/Tableau-T\u00e9l\u00e9thon-300x269.jpg 300w\" sizes=\"(max-width: 380px) 100vw, 380px\" \/><\/a><\/p>\n<p><span style=\"color: #000000\"><a href=\"https:\/\/youtu.be\/WWWmAiK8xUg\" target=\"_blank\" rel=\"noopener\"><img loading=\"lazy\" decoding=\"async\" class=\"alignnone wp-image-1709 size-full\" src=\"http:\/\/ee.mlfmonde.org\/bata-sogea\/wp-content\/uploads\/sites\/16\/2018\/10\/Visite-de-Londres.jpg\" alt=\"\" width=\"380\" height=\"341\" srcset=\"https:\/\/ee.mlfmonde.org\/bata-sogea\/wp-content\/uploads\/sites\/16\/2018\/10\/Visite-de-Londres.jpg 380w, https:\/\/ee.mlfmonde.org\/bata-sogea\/wp-content\/uploads\/sites\/16\/2018\/10\/Visite-de-Londres-300x269.jpg 300w\" sizes=\"(max-width: 380px) 100vw, 380px\" \/>\u00a0<\/a><a href=\"http:\/\/ee.mlfmonde.org\/bata-sogea\/lecole-francaise-de-bata-visite-le-mistral\/\" target=\"_blank\" rel=\"noopener\"><img loading=\"lazy\" decoding=\"async\" class=\"alignnone wp-image-1726 \" src=\"http:\/\/ee.mlfmonde.org\/bata-sogea\/wp-content\/uploads\/sites\/16\/2018\/10\/Mistral..jpg\" alt=\"\" width=\"380\" height=\"341\" srcset=\"https:\/\/ee.mlfmonde.org\/bata-sogea\/wp-content\/uploads\/sites\/16\/2018\/10\/Mistral..jpg 380w, https:\/\/ee.mlfmonde.org\/bata-sogea\/wp-content\/uploads\/sites\/16\/2018\/10\/Mistral.-300x269.jpg 300w\" sizes=\"(max-width: 380px) 100vw, 380px\" \/>\u00a0<\/a><a href=\"http:\/\/ee.mlfmonde.org\/bata-sogea\/photos-de-rentree-2\/\" target=\"_blank\" rel=\"noopener\"><img loading=\"lazy\" decoding=\"async\" class=\"alignnone wp-image-1671 size-full\" src=\"http:\/\/ee.mlfmonde.org\/bata-sogea\/wp-content\/uploads\/sites\/16\/2018\/09\/Rentr\u00e9e-2018.jpg\" alt=\"\" width=\"380\" height=\"341\" srcset=\"https:\/\/ee.mlfmonde.org\/bata-sogea\/wp-content\/uploads\/sites\/16\/2018\/09\/Rentr\u00e9e-2018.jpg 380w, https:\/\/ee.mlfmonde.org\/bata-sogea\/wp-content\/uploads\/sites\/16\/2018\/09\/Rentr\u00e9e-2018-300x269.jpg 300w\" sizes=\"(max-width: 380px) 100vw, 380px\" \/><\/a><\/span><\/p>\n<p><span style=\"color: #ffffff\">_________________________________________________________________________________________________________________________________<\/span><span style=\"color: #000000\"><br \/>\n<\/span><\/p>\n","protected":false},"excerpt":{"rendered":"<p>&nbsp; \u00a0 \u00a0\u00a0 \u00a0\u00a0 \u00a0\u00a0\u00a0 \u00a0\u00a0 \u00a0\u00a0 \u00a0\u00a0 \u00a0\u00a0 \u00a0\u00a0\u00a0 \u00a0\u00a0 \u00a0\u00a0 \u00a0\u00a0 _________________________________________________________________________________________________________________________________<\/p>\n","protected":false},"author":115,"featured_media":0,"parent":0,"menu_order":0,"comment_status":"closed","ping_status":"closed","template":"","meta":{"_acf_changed":false,"footnotes":""},"class_list":["post-441","page","type-page","status-publish","czr-hentry"],"acf":[],"_links":{"self":[{"href":"https:\/\/ee.mlfmonde.org\/bata-sogea\/wp-json\/wp\/v2\/pages\/441","targetHints":{"allow":["GET"]}}],"collection":[{"href":"https:\/\/ee.mlfmonde.org\/bata-sogea\/wp-json\/wp\/v2\/pages"}],"about":[{"href":"https:\/\/ee.mlfmonde.org\/bata-sogea\/wp-json\/wp\/v2\/types\/page"}],"author":[{"embeddable":true,"href":"https:\/\/ee.mlfmonde.org\/bata-sogea\/wp-json\/wp\/v2\/users\/115"}],"replies":[{"embeddable":true,"href":"https:\/\/ee.mlfmonde.org\/bata-sogea\/wp-json\/wp\/v2\/comments?post=441"}],"version-history":[{"count":233,"href":"https:\/\/ee.mlfmonde.org\/bata-sogea\/wp-json\/wp\/v2\/pages\/441\/revisions"}],"predecessor-version":[{"id":2845,"href":"https:\/\/ee.mlfmonde.org\/bata-sogea\/wp-json\/wp\/v2\/pages\/441\/revisions\/2845"}],"wp:attachment":[{"href":"https:\/\/ee.mlfmonde.org\/bata-sogea\/wp-json\/wp\/v2\/media?parent=441"}],"curies":[{"name":"wp","href":"https:\/\/api.w.org\/{rel}","templated":true}]}}