{"id":4378,"date":"2021-12-16T07:48:16","date_gmt":"2021-12-16T07:48:16","guid":{"rendered":"http:\/\/ee.mlfmonde.org\/bata-sogea\/?page_id=4378"},"modified":"2021-12-16T09:07:53","modified_gmt":"2021-12-16T09:07:53","slug":"les-tps-ps-nous-ont-prepare-des-truffes-au-chocolat","status":"publish","type":"page","link":"https:\/\/ee.mlfmonde.org\/bata-sogea\/les-tps-ps-nous-ont-prepare-des-truffes-au-chocolat\/","title":{"rendered":"Les TPS-PS nous ont pr\u00e9par\u00e9 des truffes au chocolat"},"content":{"rendered":"<table style=\"height: 322px\" width=\"1409\">\n<tbody>\n<tr>\n<td width=\"205\"><strong>\u00a0 \u00a0INGR\u00c9DIENTS<\/strong><\/p>\n<p>&nbsp;<\/p>\n<ul>\n<li>300 g de chocolat p\u00e2tissier<\/li>\n<li>100 g de cacao en poudre et \u00e9clats de fruits secs<\/li>\n<li>80 g de sucre glace<\/li>\n<li>100 g de beurre<\/li>\n<li>2 jaunes d&rsquo;oeuf<\/li>\n<li>1 sachet de sucre vanill\u00e9<\/li>\n<\/ul>\n<\/td>\n<td width=\"205\"><strong>\u00a0 \u00a0USTENSILES<\/strong><\/p>\n<p>&nbsp;<\/p>\n<ul>\n<li>Plat r\u00e9sistant \u00e0 la chaleur<\/li>\n<li>assiette<\/li>\n<li>Fouet<\/li>\n<li>Couteau<\/li>\n<li>Assiette<\/li>\n<li>Cuill\u00e8re<\/li>\n<\/ul>\n<\/td>\n<td width=\"205\"><strong><br \/>\nPR\u00c9PARATION\u00a0<\/strong><\/p>\n<ul>\n<li>Casser le chocolat en petit morceaux dans le plat r\u00e9sistant.<\/li>\n<li>Ajouter le beurre et faire fondre le tout au bain-marie.<\/li>\n<li>Incorpore les jaunes d&rsquo;oeuf, le sucre vanill\u00e9 et le sucre glace, \u00e0 l&rsquo;aide d&rsquo;un fouet.<\/li>\n<li>Refroidir la p\u00e2te obtenue, au r\u00e9frig\u00e9rateur, pendant 1h.<\/li>\n<li>Couper des petits morceaux de p\u00e2te \u00e9paissie et les rouler dans la poudre de cacao aux \u00e9clats de fruits secs.<\/li>\n<li>Disposer les truffes obtenues dans une assiette.<\/li>\n<\/ul>\n<\/td>\n<\/tr>\n<\/tbody>\n<\/table>\n<p style=\"text-align: center\"><strong>RECETTE ILLUSTR\u00c9E<\/strong> : cliquer pour voir les photos.<\/p>\n\n\t\t<style type=\"text\/css\">\n\t\t\t#gallery-1 {\n\t\t\t\tmargin: auto;\n\t\t\t}\n\t\t\t#gallery-1 .gallery-item {\n\t\t\t\tfloat: left;\n\t\t\t\tmargin-top: 10px;\n\t\t\t\ttext-align: center;\n\t\t\t\twidth: 16%;\n\t\t\t}\n\t\t\t#gallery-1 img {\n\t\t\t\tborder: 2px solid #cfcfcf;\n\t\t\t}\n\t\t\t#gallery-1 .gallery-caption {\n\t\t\t\tmargin-left: 0;\n\t\t\t}\n\t\t\t\/* see gallery_shortcode() in wp-includes\/media.php *\/\n\t\t<\/style>\n\t\t<div id='gallery-1' class='gallery galleryid-4378 gallery-columns-6 gallery-size-thumbnail'><dl class='gallery-item'>\n\t\t\t<dt class='gallery-icon landscape'>\n\t\t\t\t<a class=\"grouped_elements\" rel=\"tc-fancybox-group\" href=\"https:\/\/ee.mlfmonde.org\/bata-sogea\/wp-content\/uploads\/sites\/16\/2021\/12\/Malak-coupe-le-chocolat-en-morceaux.jpg\" title=\"Malak coupe le chocolat en morceaux\"><img decoding=\"async\" width=\"150\" height=\"150\" src=\"https:\/\/ee.mlfmonde.org\/bata-sogea\/wp-content\/uploads\/sites\/16\/2021\/12\/Malak-coupe-le-chocolat-en-morceaux-150x150.jpg\" class=\"attachment-thumbnail size-thumbnail\" alt=\"\" \/><\/a>\n\t\t\t<\/dt><\/dl><dl class='gallery-item'>\n\t\t\t<dt class='gallery-icon landscape'>\n\t\t\t\t<a class=\"grouped_elements\" rel=\"tc-fancybox-group\" href=\"https:\/\/ee.mlfmonde.org\/bata-sogea\/wp-content\/uploads\/sites\/16\/2021\/12\/Faire-fondre-le-chocolat-au-micro-onde-ou-au-bain-marie.jpg\" title=\"Faire fondre le chocolat au micro-onde ou au bain-marie\"><img decoding=\"async\" width=\"150\" height=\"150\" src=\"https:\/\/ee.mlfmonde.org\/bata-sogea\/wp-content\/uploads\/sites\/16\/2021\/12\/Faire-fondre-le-chocolat-au-micro-onde-ou-au-bain-marie-150x150.jpg\" class=\"attachment-thumbnail size-thumbnail\" alt=\"\" \/><\/a>\n\t\t\t<\/dt><\/dl><dl class='gallery-item'>\n\t\t\t<dt class='gallery-icon landscape'>\n\t\t\t\t<a class=\"grouped_elements\" rel=\"tc-fancybox-group\" href=\"https:\/\/ee.mlfmonde.org\/bata-sogea\/wp-content\/uploads\/sites\/16\/2021\/12\/Faire-fondre-le-beurre-avec-le-chocolat.jpg\" title=\"Faire fondre le beurre avec le chocolat\"><img decoding=\"async\" width=\"150\" height=\"150\" src=\"https:\/\/ee.mlfmonde.org\/bata-sogea\/wp-content\/uploads\/sites\/16\/2021\/12\/Faire-fondre-le-beurre-avec-le-chocolat-150x150.jpg\" class=\"attachment-thumbnail size-thumbnail\" alt=\"\" \/><\/a>\n\t\t\t<\/dt><\/dl><dl class='gallery-item'>\n\t\t\t<dt class='gallery-icon landscape'>\n\t\t\t\t<a class=\"grouped_elements\" rel=\"tc-fancybox-group\" href=\"https:\/\/ee.mlfmonde.org\/bata-sogea\/wp-content\/uploads\/sites\/16\/2021\/12\/Tracy-ajoute-les-jaunes-doeuf.jpg\" title=\"Tracy ajoute les jaunes d&#039;oeuf\"><img loading=\"lazy\" decoding=\"async\" width=\"150\" height=\"150\" src=\"https:\/\/ee.mlfmonde.org\/bata-sogea\/wp-content\/uploads\/sites\/16\/2021\/12\/Tracy-ajoute-les-jaunes-doeuf-150x150.jpg\" class=\"attachment-thumbnail size-thumbnail\" alt=\"\" \/><\/a>\n\t\t\t<\/dt><\/dl><dl class='gallery-item'>\n\t\t\t<dt class='gallery-icon portrait'>\n\t\t\t\t<a class=\"grouped_elements\" rel=\"tc-fancybox-group\" href=\"https:\/\/ee.mlfmonde.org\/bata-sogea\/wp-content\/uploads\/sites\/16\/2021\/12\/Manuel-ajoute-le-sucre-vanill\u00e9.jpg\" title=\"Manuel ajoute le sucre vanill\u00e9\"><img loading=\"lazy\" decoding=\"async\" width=\"150\" height=\"150\" src=\"https:\/\/ee.mlfmonde.org\/bata-sogea\/wp-content\/uploads\/sites\/16\/2021\/12\/Manuel-ajoute-le-sucre-vanill\u00e9-150x150.jpg\" class=\"attachment-thumbnail size-thumbnail\" alt=\"\" \/><\/a>\n\t\t\t<\/dt><\/dl><dl class='gallery-item'>\n\t\t\t<dt class='gallery-icon landscape'>\n\t\t\t\t<a class=\"grouped_elements\" rel=\"tc-fancybox-group\" href=\"https:\/\/ee.mlfmonde.org\/bata-sogea\/wp-content\/uploads\/sites\/16\/2021\/12\/Zoe-ajoute-le-sucre-glace.jpg\" title=\"Zoe ajoute le sucre glace\"><img loading=\"lazy\" decoding=\"async\" width=\"150\" height=\"150\" src=\"https:\/\/ee.mlfmonde.org\/bata-sogea\/wp-content\/uploads\/sites\/16\/2021\/12\/Zoe-ajoute-le-sucre-glace-150x150.jpg\" class=\"attachment-thumbnail size-thumbnail\" alt=\"\" \/><\/a>\n\t\t\t<\/dt><\/dl><br style=\"clear: both\" \/><dl class='gallery-item'>\n\t\t\t<dt class='gallery-icon landscape'>\n\t\t\t\t<a class=\"grouped_elements\" rel=\"tc-fancybox-group\" href=\"https:\/\/ee.mlfmonde.org\/bata-sogea\/wp-content\/uploads\/sites\/16\/2021\/12\/Apr\u00e8s-avoir-bien-m\u00e9lang\u00e9-le-tout-on-laisse-refroidir-la-p\u00e2te-au-r\u00e9frig\u00e9rateur.-1.jpg\" title=\"Apr\u00e8s avoir bien m\u00e9lang\u00e9 le tout, on laisse refroidir la p\u00e2te au r\u00e9frig\u00e9rateur.\"><img loading=\"lazy\" decoding=\"async\" width=\"150\" height=\"150\" src=\"https:\/\/ee.mlfmonde.org\/bata-sogea\/wp-content\/uploads\/sites\/16\/2021\/12\/Apr\u00e8s-avoir-bien-m\u00e9lang\u00e9-le-tout-on-laisse-refroidir-la-p\u00e2te-au-r\u00e9frig\u00e9rateur.-1-150x150.jpg\" class=\"attachment-thumbnail size-thumbnail\" alt=\"\" \/><\/a>\n\t\t\t<\/dt><\/dl><dl class='gallery-item'>\n\t\t\t<dt class='gallery-icon landscape'>\n\t\t\t\t<a class=\"grouped_elements\" rel=\"tc-fancybox-group\" href=\"https:\/\/ee.mlfmonde.org\/bata-sogea\/wp-content\/uploads\/sites\/16\/2021\/12\/Malak-pr\u00e9pare-une-assiette-avec-de-la-poudre-de-cacao-aux-\u00e9clats-de-fruits-secs.jpg\" title=\"Malak pr\u00e9pare une assiette avec de la poudre de cacao aux \u00e9clats de fruits secs\"><img loading=\"lazy\" decoding=\"async\" width=\"150\" height=\"150\" src=\"https:\/\/ee.mlfmonde.org\/bata-sogea\/wp-content\/uploads\/sites\/16\/2021\/12\/Malak-pr\u00e9pare-une-assiette-avec-de-la-poudre-de-cacao-aux-\u00e9clats-de-fruits-secs-150x150.jpg\" class=\"attachment-thumbnail size-thumbnail\" alt=\"\" \/><\/a>\n\t\t\t<\/dt><\/dl><dl class='gallery-item'>\n\t\t\t<dt class='gallery-icon landscape'>\n\t\t\t\t<a class=\"grouped_elements\" rel=\"tc-fancybox-group\" href=\"https:\/\/ee.mlfmonde.org\/bata-sogea\/wp-content\/uploads\/sites\/16\/2021\/12\/Lucas-roule-les-truffes-dans-la-poudre-de-cacao..jpg\" title=\"Lucas roule les truffes dans la poudre de cacao.\"><img loading=\"lazy\" decoding=\"async\" width=\"150\" height=\"150\" src=\"https:\/\/ee.mlfmonde.org\/bata-sogea\/wp-content\/uploads\/sites\/16\/2021\/12\/Lucas-roule-les-truffes-dans-la-poudre-de-cacao.-150x150.jpg\" class=\"attachment-thumbnail size-thumbnail\" alt=\"\" \/><\/a>\n\t\t\t<\/dt><\/dl><dl class='gallery-item'>\n\t\t\t<dt class='gallery-icon portrait'>\n\t\t\t\t<a class=\"grouped_elements\" rel=\"tc-fancybox-group\" href=\"https:\/\/ee.mlfmonde.org\/bata-sogea\/wp-content\/uploads\/sites\/16\/2021\/12\/Tracy-roule-une-truffe-dans-le-cacao-aux-\u00e9clats-de-fruits-secs..jpg\" title=\"Tracy roule une truffe dans le cacao aux \u00e9clats de fruits secs.\"><img loading=\"lazy\" decoding=\"async\" width=\"150\" height=\"150\" src=\"https:\/\/ee.mlfmonde.org\/bata-sogea\/wp-content\/uploads\/sites\/16\/2021\/12\/Tracy-roule-une-truffe-dans-le-cacao-aux-\u00e9clats-de-fruits-secs.-150x150.jpg\" class=\"attachment-thumbnail size-thumbnail\" alt=\"\" \/><\/a>\n\t\t\t<\/dt><\/dl><dl class='gallery-item'>\n\t\t\t<dt class='gallery-icon landscape'>\n\t\t\t\t<a class=\"grouped_elements\" rel=\"tc-fancybox-group\" href=\"https:\/\/ee.mlfmonde.org\/bata-sogea\/wp-content\/uploads\/sites\/16\/2021\/12\/Les-truffes-sont-pr\u00eates-\u00e0-\u00eatre-d\u00e9gust\u00e9es-.jpg\" title=\"Les truffes sont pr\u00eates \u00e0 \u00eatre d\u00e9gust\u00e9es !\"><img loading=\"lazy\" decoding=\"async\" width=\"150\" height=\"150\" src=\"https:\/\/ee.mlfmonde.org\/bata-sogea\/wp-content\/uploads\/sites\/16\/2021\/12\/Les-truffes-sont-pr\u00eates-\u00e0-\u00eatre-d\u00e9gust\u00e9es--150x150.jpg\" class=\"attachment-thumbnail size-thumbnail\" alt=\"\" \/><\/a>\n\t\t\t<\/dt><\/dl><dl class='gallery-item'>\n\t\t\t<dt class='gallery-icon landscape'>\n\t\t\t\t<a class=\"grouped_elements\" rel=\"tc-fancybox-group\" href=\"https:\/\/ee.mlfmonde.org\/bata-sogea\/wp-content\/uploads\/sites\/16\/2021\/12\/Lucas-Tracy-et-Malak-ont-lair-satisfaits-du-r\u00e9sultat-.jpg\" title=\"Lucas, Tracy et Malak ont l&#039;air satisfaits du r\u00e9sultat !\"><img loading=\"lazy\" decoding=\"async\" width=\"150\" height=\"150\" src=\"https:\/\/ee.mlfmonde.org\/bata-sogea\/wp-content\/uploads\/sites\/16\/2021\/12\/Lucas-Tracy-et-Malak-ont-lair-satisfaits-du-r\u00e9sultat--150x150.jpg\" class=\"attachment-thumbnail size-thumbnail\" alt=\"\" \/><\/a>\n\t\t\t<\/dt><\/dl><br style=\"clear: both\" \/>\n\t\t<\/div>\n\n","protected":false},"excerpt":{"rendered":"<p>\u00a0 \u00a0INGR\u00c9DIENTS &nbsp; 300 g de chocolat p\u00e2tissier 100 g de cacao en poudre et \u00e9clats de fruits secs 80 g de sucre glace 100 g de beurre 2 jaunes d&rsquo;oeuf 1 sachet de sucre vanill\u00e9 \u00a0 \u00a0USTENSILES &nbsp; Plat r\u00e9sistant \u00e0 la chaleur assiette Fouet Couteau Assiette Cuill\u00e8re PR\u00c9PARATION\u00a0 Casser le chocolat en petit [&hellip;]<\/p>\n","protected":false},"author":115,"featured_media":0,"parent":0,"menu_order":0,"comment_status":"closed","ping_status":"closed","template":"","meta":{"_acf_changed":false,"footnotes":""},"class_list":["post-4378","page","type-page","status-publish","czr-hentry"],"acf":[],"_links":{"self":[{"href":"https:\/\/ee.mlfmonde.org\/bata-sogea\/wp-json\/wp\/v2\/pages\/4378","targetHints":{"allow":["GET"]}}],"collection":[{"href":"https:\/\/ee.mlfmonde.org\/bata-sogea\/wp-json\/wp\/v2\/pages"}],"about":[{"href":"https:\/\/ee.mlfmonde.org\/bata-sogea\/wp-json\/wp\/v2\/types\/page"}],"author":[{"embeddable":true,"href":"https:\/\/ee.mlfmonde.org\/bata-sogea\/wp-json\/wp\/v2\/users\/115"}],"replies":[{"embeddable":true,"href":"https:\/\/ee.mlfmonde.org\/bata-sogea\/wp-json\/wp\/v2\/comments?post=4378"}],"version-history":[{"count":5,"href":"https:\/\/ee.mlfmonde.org\/bata-sogea\/wp-json\/wp\/v2\/pages\/4378\/revisions"}],"predecessor-version":[{"id":4397,"href":"https:\/\/ee.mlfmonde.org\/bata-sogea\/wp-json\/wp\/v2\/pages\/4378\/revisions\/4397"}],"wp:attachment":[{"href":"https:\/\/ee.mlfmonde.org\/bata-sogea\/wp-json\/wp\/v2\/media?parent=4378"}],"curies":[{"name":"wp","href":"https:\/\/api.w.org\/{rel}","templated":true}]}}