{"id":4351,"date":"2021-12-12T09:35:39","date_gmt":"2021-12-12T09:35:39","guid":{"rendered":"http:\/\/ee.mlfmonde.org\/bata-sogea\/?page_id=4351"},"modified":"2021-12-12T09:36:00","modified_gmt":"2021-12-12T09:36:00","slug":"visite-de-la-fondation-de-la-1ere-dame-en-dix-photos-commentees","status":"publish","type":"page","link":"https:\/\/ee.mlfmonde.org\/bata-sogea\/visite-de-la-fondation-de-la-1ere-dame-en-dix-photos-commentees\/","title":{"rendered":"Visite de la Fondation de la 1\u00e8re Dame en dix photos comment\u00e9es"},"content":{"rendered":"\n\t\t<style type=\"text\/css\">\n\t\t\t#gallery-1 {\n\t\t\t\tmargin: auto;\n\t\t\t}\n\t\t\t#gallery-1 .gallery-item {\n\t\t\t\tfloat: left;\n\t\t\t\tmargin-top: 10px;\n\t\t\t\ttext-align: center;\n\t\t\t\twidth: 20%;\n\t\t\t}\n\t\t\t#gallery-1 img {\n\t\t\t\tborder: 2px solid #cfcfcf;\n\t\t\t}\n\t\t\t#gallery-1 .gallery-caption {\n\t\t\t\tmargin-left: 0;\n\t\t\t}\n\t\t\t\/* see gallery_shortcode() in wp-includes\/media.php *\/\n\t\t<\/style>\n\t\t<div id='gallery-1' class='gallery galleryid-4351 gallery-columns-5 gallery-size-thumbnail'><dl class='gallery-item'>\n\t\t\t<dt class='gallery-icon landscape'>\n\t\t\t\t<a class=\"grouped_elements\" rel=\"tc-fancybox-group\" href=\"https:\/\/ee.mlfmonde.org\/bata-sogea\/wp-content\/uploads\/sites\/16\/2021\/12\/01-Nous-sommes-partis-en-bus-avec-les-\u00e9l\u00e8ves-de-M.-Guillaumond.jpg\" title=\"01 Nous sommes partis en bus avec les \u00e9l\u00e8ves de M. Guillaumond\"><img decoding=\"async\" width=\"150\" height=\"150\" src=\"https:\/\/ee.mlfmonde.org\/bata-sogea\/wp-content\/uploads\/sites\/16\/2021\/12\/01-Nous-sommes-partis-en-bus-avec-les-\u00e9l\u00e8ves-de-M.-Guillaumond-150x150.jpg\" class=\"attachment-thumbnail size-thumbnail\" alt=\"\" \/><\/a>\n\t\t\t<\/dt><\/dl><dl class='gallery-item'>\n\t\t\t<dt class='gallery-icon landscape'>\n\t\t\t\t<a class=\"grouped_elements\" rel=\"tc-fancybox-group\" href=\"https:\/\/ee.mlfmonde.org\/bata-sogea\/wp-content\/uploads\/sites\/16\/2021\/12\/02-La-visite-de-la-fondation-commence-nous-sommes-bien-accueillis.jpg\" title=\"02 La visite de la fondation commence, nous sommes bien accueillis\"><img decoding=\"async\" width=\"150\" height=\"150\" src=\"https:\/\/ee.mlfmonde.org\/bata-sogea\/wp-content\/uploads\/sites\/16\/2021\/12\/02-La-visite-de-la-fondation-commence-nous-sommes-bien-accueillis-150x150.jpg\" class=\"attachment-thumbnail size-thumbnail\" alt=\"\" \/><\/a>\n\t\t\t<\/dt><\/dl><dl class='gallery-item'>\n\t\t\t<dt class='gallery-icon landscape'>\n\t\t\t\t<a class=\"grouped_elements\" rel=\"tc-fancybox-group\" href=\"https:\/\/ee.mlfmonde.org\/bata-sogea\/wp-content\/uploads\/sites\/16\/2021\/12\/03-Un-responsable-de-la-Fondation-nous-a-accueilli-et-a-commenc\u00e9-\u00e0-expliquer-ce-que-nous-allions-visiter.jpg\" title=\"03 Un responsable de la Fondation nous a accueilli et a commenc\u00e9 \u00e0 expliquer ce que nous allions visiter\"><img decoding=\"async\" width=\"150\" height=\"150\" src=\"https:\/\/ee.mlfmonde.org\/bata-sogea\/wp-content\/uploads\/sites\/16\/2021\/12\/03-Un-responsable-de-la-Fondation-nous-a-accueilli-et-a-commenc\u00e9-\u00e0-expliquer-ce-que-nous-allions-visiter-150x150.jpg\" class=\"attachment-thumbnail size-thumbnail\" alt=\"\" \/><\/a>\n\t\t\t<\/dt><\/dl><dl class='gallery-item'>\n\t\t\t<dt class='gallery-icon landscape'>\n\t\t\t\t<a class=\"grouped_elements\" rel=\"tc-fancybox-group\" href=\"https:\/\/ee.mlfmonde.org\/bata-sogea\/wp-content\/uploads\/sites\/16\/2021\/12\/04-Les-couloirs-sont-d\u00e9cor\u00e9s-avec-des-photos-et-des-tableaux.jpg\" title=\"04 Les couloirs sont d\u00e9cor\u00e9s avec des photos et des tableaux\"><img loading=\"lazy\" decoding=\"async\" width=\"150\" height=\"150\" src=\"https:\/\/ee.mlfmonde.org\/bata-sogea\/wp-content\/uploads\/sites\/16\/2021\/12\/04-Les-couloirs-sont-d\u00e9cor\u00e9s-avec-des-photos-et-des-tableaux-150x150.jpg\" class=\"attachment-thumbnail size-thumbnail\" alt=\"\" \/><\/a>\n\t\t\t<\/dt><\/dl><dl class='gallery-item'>\n\t\t\t<dt class='gallery-icon landscape'>\n\t\t\t\t<a class=\"grouped_elements\" rel=\"tc-fancybox-group\" href=\"https:\/\/ee.mlfmonde.org\/bata-sogea\/wp-content\/uploads\/sites\/16\/2021\/12\/05-La-Fondation-poss\u00e8de-une-biblioth\u00e8que.jpg\" title=\"05 La Fondation poss\u00e8de une biblioth\u00e8que\"><img loading=\"lazy\" decoding=\"async\" width=\"150\" height=\"150\" src=\"https:\/\/ee.mlfmonde.org\/bata-sogea\/wp-content\/uploads\/sites\/16\/2021\/12\/05-La-Fondation-poss\u00e8de-une-biblioth\u00e8que-150x150.jpg\" class=\"attachment-thumbnail size-thumbnail\" alt=\"\" \/><\/a>\n\t\t\t<\/dt><\/dl><br style=\"clear: both\" \/><dl class='gallery-item'>\n\t\t\t<dt class='gallery-icon landscape'>\n\t\t\t\t<a class=\"grouped_elements\" rel=\"tc-fancybox-group\" href=\"https:\/\/ee.mlfmonde.org\/bata-sogea\/wp-content\/uploads\/sites\/16\/2021\/12\/06-Nous-avons-fait-beaucoup-de-photos-de-groupe.jpg\" title=\"06 Nous avons fait beaucoup de photos de groupe\"><img loading=\"lazy\" decoding=\"async\" width=\"150\" height=\"150\" src=\"https:\/\/ee.mlfmonde.org\/bata-sogea\/wp-content\/uploads\/sites\/16\/2021\/12\/06-Nous-avons-fait-beaucoup-de-photos-de-groupe-150x150.jpg\" class=\"attachment-thumbnail size-thumbnail\" alt=\"\" \/><\/a>\n\t\t\t<\/dt><\/dl><dl class='gallery-item'>\n\t\t\t<dt class='gallery-icon landscape'>\n\t\t\t\t<a class=\"grouped_elements\" rel=\"tc-fancybox-group\" href=\"https:\/\/ee.mlfmonde.org\/bata-sogea\/wp-content\/uploads\/sites\/16\/2021\/12\/07-Un-film-a-\u00e9t\u00e9-projet\u00e9-expliquant-ce-que-fait-cette-fondation.jpg\" title=\"07 Un film a \u00e9t\u00e9 projet\u00e9 expliquant ce que fait cette fondation\"><img loading=\"lazy\" decoding=\"async\" width=\"150\" height=\"150\" src=\"https:\/\/ee.mlfmonde.org\/bata-sogea\/wp-content\/uploads\/sites\/16\/2021\/12\/07-Un-film-a-\u00e9t\u00e9-projet\u00e9-expliquant-ce-que-fait-cette-fondation-150x150.jpg\" class=\"attachment-thumbnail size-thumbnail\" alt=\"\" \/><\/a>\n\t\t\t<\/dt><\/dl><dl class='gallery-item'>\n\t\t\t<dt class='gallery-icon landscape'>\n\t\t\t\t<a class=\"grouped_elements\" rel=\"tc-fancybox-group\" href=\"https:\/\/ee.mlfmonde.org\/bata-sogea\/wp-content\/uploads\/sites\/16\/2021\/12\/08-Quelques-questions-ont-\u00e9t\u00e9-pos\u00e9es-aux-responsables-de-la-Fondation.jpg\" title=\"08 Quelques questions ont \u00e9t\u00e9 pos\u00e9es aux responsables de la Fondation\"><img loading=\"lazy\" decoding=\"async\" width=\"150\" height=\"150\" src=\"https:\/\/ee.mlfmonde.org\/bata-sogea\/wp-content\/uploads\/sites\/16\/2021\/12\/08-Quelques-questions-ont-\u00e9t\u00e9-pos\u00e9es-aux-responsables-de-la-Fondation-150x150.jpg\" class=\"attachment-thumbnail size-thumbnail\" alt=\"\" \/><\/a>\n\t\t\t<\/dt><\/dl><dl class='gallery-item'>\n\t\t\t<dt class='gallery-icon portrait'>\n\t\t\t\t<a class=\"grouped_elements\" rel=\"tc-fancybox-group\" href=\"https:\/\/ee.mlfmonde.org\/bata-sogea\/wp-content\/uploads\/sites\/16\/2021\/12\/09-Un-repas-nous-a-\u00e9t\u00e9-offert-nous-nous-sommes-r\u00e9gal\u00e9s.jpg\" title=\"09 Un repas nous a \u00e9t\u00e9 offert, nous nous sommes r\u00e9gal\u00e9s\"><img loading=\"lazy\" decoding=\"async\" width=\"150\" height=\"150\" src=\"https:\/\/ee.mlfmonde.org\/bata-sogea\/wp-content\/uploads\/sites\/16\/2021\/12\/09-Un-repas-nous-a-\u00e9t\u00e9-offert-nous-nous-sommes-r\u00e9gal\u00e9s-150x150.jpg\" class=\"attachment-thumbnail size-thumbnail\" alt=\"\" \/><\/a>\n\t\t\t<\/dt><\/dl><dl class='gallery-item'>\n\t\t\t<dt class='gallery-icon landscape'>\n\t\t\t\t<a class=\"grouped_elements\" rel=\"tc-fancybox-group\" href=\"https:\/\/ee.mlfmonde.org\/bata-sogea\/wp-content\/uploads\/sites\/16\/2021\/12\/10-Puis-nous-repartons-\u00e0-l\u00e9cole-apr\u00e8s-avoir-remerci\u00e9-les-responsables-de-la-Fondation.jpg\" title=\"10 Puis nous repartons \u00e0 l&#039;\u00e9cole apr\u00e8s avoir remerci\u00e9 les responsables de la Fondation\"><img loading=\"lazy\" decoding=\"async\" width=\"150\" height=\"150\" src=\"https:\/\/ee.mlfmonde.org\/bata-sogea\/wp-content\/uploads\/sites\/16\/2021\/12\/10-Puis-nous-repartons-\u00e0-l\u00e9cole-apr\u00e8s-avoir-remerci\u00e9-les-responsables-de-la-Fondation-150x150.jpg\" class=\"attachment-thumbnail size-thumbnail\" alt=\"\" \/><\/a>\n\t\t\t<\/dt><\/dl><br style=\"clear: both\" \/>\n\t\t<\/div>\n\n","protected":false},"excerpt":{"rendered":"","protected":false},"author":115,"featured_media":0,"parent":0,"menu_order":0,"comment_status":"closed","ping_status":"closed","template":"","meta":{"_acf_changed":false,"footnotes":""},"class_list":["post-4351","page","type-page","status-publish","czr-hentry"],"acf":[],"_links":{"self":[{"href":"https:\/\/ee.mlfmonde.org\/bata-sogea\/wp-json\/wp\/v2\/pages\/4351","targetHints":{"allow":["GET"]}}],"collection":[{"href":"https:\/\/ee.mlfmonde.org\/bata-sogea\/wp-json\/wp\/v2\/pages"}],"about":[{"href":"https:\/\/ee.mlfmonde.org\/bata-sogea\/wp-json\/wp\/v2\/types\/page"}],"author":[{"embeddable":true,"href":"https:\/\/ee.mlfmonde.org\/bata-sogea\/wp-json\/wp\/v2\/users\/115"}],"replies":[{"embeddable":true,"href":"https:\/\/ee.mlfmonde.org\/bata-sogea\/wp-json\/wp\/v2\/comments?post=4351"}],"version-history":[{"count":1,"href":"https:\/\/ee.mlfmonde.org\/bata-sogea\/wp-json\/wp\/v2\/pages\/4351\/revisions"}],"predecessor-version":[{"id":4366,"href":"https:\/\/ee.mlfmonde.org\/bata-sogea\/wp-json\/wp\/v2\/pages\/4351\/revisions\/4366"}],"wp:attachment":[{"href":"https:\/\/ee.mlfmonde.org\/bata-sogea\/wp-json\/wp\/v2\/media?parent=4351"}],"curies":[{"name":"wp","href":"https:\/\/api.w.org\/{rel}","templated":true}]}}