{"id":4339,"date":"2021-12-12T09:07:35","date_gmt":"2021-12-12T09:07:35","guid":{"rendered":"http:\/\/ee.mlfmonde.org\/bata-sogea\/?page_id=4339"},"modified":"2021-12-13T07:44:52","modified_gmt":"2021-12-13T07:44:52","slug":"quest-ce-que-le-makaton","status":"publish","type":"page","link":"https:\/\/ee.mlfmonde.org\/bata-sogea\/quest-ce-que-le-makaton\/","title":{"rendered":"Qu&rsquo;est-ce que le MAKATON ?"},"content":{"rendered":"<p><img fetchpriority=\"high\" decoding=\"async\" class=\"alignright wp-image-4341 size-full\" src=\"http:\/\/ee.mlfmonde.org\/bata-sogea\/wp-content\/uploads\/sites\/16\/2021\/12\/Manuel-GS.jpg\" alt=\"\" width=\"401\" height=\"437\" srcset=\"https:\/\/ee.mlfmonde.org\/bata-sogea\/wp-content\/uploads\/sites\/16\/2021\/12\/Manuel-GS.jpg 401w, https:\/\/ee.mlfmonde.org\/bata-sogea\/wp-content\/uploads\/sites\/16\/2021\/12\/Manuel-GS-275x300.jpg 275w\" sizes=\"(max-width: 401px) 100vw, 401px\" \/><\/p>\n<p>&nbsp;<\/p>\n<p>Le <strong>Makaton<\/strong> est d\u00e9velopp\u00e9 en 1972 au Royaume-Uni et introduit en France en 1995. Le nom de la m\u00e9thode vient des noms des trois cr\u00e9ateurs, Margaret Walker, Kathy Johnston et Tony\u00a0Cornforth.<\/p>\n<p>C\u2019est un Programme d&rsquo;Aide \u00e0 la Communication et au Langage, constitu\u00e9 d&rsquo;un vocabulaire fonctionnel utilis\u00e9 avec la parole, les signes et\/ou les pictogrammes. Ils offrent une repr\u00e9sentation visuelle du langage, qui am\u00e9liore la compr\u00e9hension et facilite l&rsquo;expression.<\/p>\n<p>La communication avec le Makaton utilise le langage parl\u00e9 (lorsqu&rsquo;il est possible) tout en signant les mots les plus importants.<\/p>\n<p>Les signes utilis\u00e9s sont tir\u00e9s de la langue des signes\u00a0: seuls quelques signes ambigus sont modifi\u00e9s et la grammaire est celle du langage parl\u00e9 plut\u00f4t que celle propre \u00e0 la langue des signes.<\/p>\n<p>Les \u00e9l\u00e8ves de Moyenne et de Grande Section ont ainsi appris durant les deux premi\u00e8res p\u00e9riodes \u00e0 signer les jours de la semaine, ainsi que deux comptines populaires\u00a0: \u00ab\u00a0La famille tortue\u00a0\u00bb et \u00ab\u00a0Petit escargot\u00a0\u00bb.\u00a0<strong>Anne GIGOT<\/strong><\/p>\n<p>Voir la famille tortue sign\u00e9e par Manuel GS : <a href=\"http:\/\/ee.mlfmonde.org\/bata-sogea\/wp-content\/uploads\/sites\/16\/2021\/12\/La-famille-tortue.mp4\"><strong>ici<\/strong><\/a><\/p>\n","protected":false},"excerpt":{"rendered":"<p>&nbsp; Le Makaton est d\u00e9velopp\u00e9 en 1972 au Royaume-Uni et introduit en France en 1995. Le nom de la m\u00e9thode vient des noms des trois cr\u00e9ateurs, Margaret Walker, Kathy Johnston et Tony\u00a0Cornforth. C\u2019est un Programme d&rsquo;Aide \u00e0 la Communication et au Langage, constitu\u00e9 d&rsquo;un vocabulaire fonctionnel utilis\u00e9 avec la parole, les signes et\/ou les pictogrammes. [&hellip;]<\/p>\n","protected":false},"author":115,"featured_media":0,"parent":0,"menu_order":0,"comment_status":"closed","ping_status":"closed","template":"","meta":{"_acf_changed":false,"footnotes":""},"class_list":["post-4339","page","type-page","status-publish","czr-hentry"],"acf":[],"_links":{"self":[{"href":"https:\/\/ee.mlfmonde.org\/bata-sogea\/wp-json\/wp\/v2\/pages\/4339","targetHints":{"allow":["GET"]}}],"collection":[{"href":"https:\/\/ee.mlfmonde.org\/bata-sogea\/wp-json\/wp\/v2\/pages"}],"about":[{"href":"https:\/\/ee.mlfmonde.org\/bata-sogea\/wp-json\/wp\/v2\/types\/page"}],"author":[{"embeddable":true,"href":"https:\/\/ee.mlfmonde.org\/bata-sogea\/wp-json\/wp\/v2\/users\/115"}],"replies":[{"embeddable":true,"href":"https:\/\/ee.mlfmonde.org\/bata-sogea\/wp-json\/wp\/v2\/comments?post=4339"}],"version-history":[{"count":6,"href":"https:\/\/ee.mlfmonde.org\/bata-sogea\/wp-json\/wp\/v2\/pages\/4339\/revisions"}],"predecessor-version":[{"id":4375,"href":"https:\/\/ee.mlfmonde.org\/bata-sogea\/wp-json\/wp\/v2\/pages\/4339\/revisions\/4375"}],"wp:attachment":[{"href":"https:\/\/ee.mlfmonde.org\/bata-sogea\/wp-json\/wp\/v2\/media?parent=4339"}],"curies":[{"name":"wp","href":"https:\/\/api.w.org\/{rel}","templated":true}]}}