{"id":4324,"date":"2021-12-11T08:05:28","date_gmt":"2021-12-11T08:05:28","guid":{"rendered":"http:\/\/ee.mlfmonde.org\/bata-sogea\/?page_id=4324"},"modified":"2021-12-11T09:03:48","modified_gmt":"2021-12-11T09:03:48","slug":"classe-culturelle-numerique-education-aux-medias-et-a-linformation","status":"publish","type":"page","link":"https:\/\/ee.mlfmonde.org\/bata-sogea\/classe-culturelle-numerique-education-aux-medias-et-a-linformation\/","title":{"rendered":"Classe Culturelle Num\u00e9rique \u00c9ducation aux M\u00e9dias et \u00e0 l&rsquo;Information"},"content":{"rendered":"<div>\n<table>\n<tbody>\n<tr>\n<td width=\"151\"><img fetchpriority=\"high\" decoding=\"async\" class=\"wp-image-4327 size-medium aligncenter\" src=\"http:\/\/ee.mlfmonde.org\/bata-sogea\/wp-content\/uploads\/sites\/16\/2021\/12\/Affiche-CCN-EMI-208x300.jpg\" alt=\"\" width=\"208\" height=\"300\" srcset=\"https:\/\/ee.mlfmonde.org\/bata-sogea\/wp-content\/uploads\/sites\/16\/2021\/12\/Affiche-CCN-EMI-208x300.jpg 208w, https:\/\/ee.mlfmonde.org\/bata-sogea\/wp-content\/uploads\/sites\/16\/2021\/12\/Affiche-CCN-EMI.jpg 324w\" sizes=\"(max-width: 208px) 100vw, 208px\" \/><\/td>\n<td width=\"453\">\n<div>Dans le cadre des Classes Culturelles Num\u00e9riques organis\u00e9es par la MLF, les \u00e9l\u00e8ves des classes de 5e et 4e vont s\u2019int\u00e9resser aux m\u00e9dias.<\/div>\n<div><\/div>\n<div>Internet nous offre, comme jamais dans l\u2019histoire, une v\u00e9ritablement plateforme mondiale d\u2019\u00e9change, un acc\u00e8s \u00e0 tout ce qui se passe sur le globe et \u00e0 toutes sortes de divertissements. La toile constitue \u00e9galement une tribune pour tout un chacun.<\/div>\n<div><\/div>\n<div>Nous nous sommes, dans un premier temps, interrog\u00e9s sur ce qu\u2019est une information.<\/div>\n<div><\/div>\n<div>Le r\u00e9sultat de notre r\u00e9flexion a pris la forme d\u2019affiches que nous vous proposons de d\u00e9couvrir <strong><a href=\"http:\/\/ee.mlfmonde.org\/bata-sogea\/wp-content\/uploads\/sites\/16\/2021\/12\/AFFICHE-EMI-1.pdf\">ici<\/a><\/strong>.<\/div>\n<\/td>\n<\/tr>\n<\/tbody>\n<\/table>\n<\/div>\n<div><\/div>\n","protected":false},"excerpt":{"rendered":"<p>Dans le cadre des Classes Culturelles Num\u00e9riques organis\u00e9es par la MLF, les \u00e9l\u00e8ves des classes de 5e et 4e vont s\u2019int\u00e9resser aux m\u00e9dias. Internet nous offre, comme jamais dans l\u2019histoire, une v\u00e9ritablement plateforme mondiale d\u2019\u00e9change, un acc\u00e8s \u00e0 tout ce qui se passe sur le globe et \u00e0 toutes sortes de divertissements. La toile constitue [&hellip;]<\/p>\n","protected":false},"author":115,"featured_media":0,"parent":0,"menu_order":0,"comment_status":"closed","ping_status":"closed","template":"","meta":{"_acf_changed":false,"footnotes":""},"class_list":["post-4324","page","type-page","status-publish","czr-hentry"],"acf":[],"_links":{"self":[{"href":"https:\/\/ee.mlfmonde.org\/bata-sogea\/wp-json\/wp\/v2\/pages\/4324","targetHints":{"allow":["GET"]}}],"collection":[{"href":"https:\/\/ee.mlfmonde.org\/bata-sogea\/wp-json\/wp\/v2\/pages"}],"about":[{"href":"https:\/\/ee.mlfmonde.org\/bata-sogea\/wp-json\/wp\/v2\/types\/page"}],"author":[{"embeddable":true,"href":"https:\/\/ee.mlfmonde.org\/bata-sogea\/wp-json\/wp\/v2\/users\/115"}],"replies":[{"embeddable":true,"href":"https:\/\/ee.mlfmonde.org\/bata-sogea\/wp-json\/wp\/v2\/comments?post=4324"}],"version-history":[{"count":8,"href":"https:\/\/ee.mlfmonde.org\/bata-sogea\/wp-json\/wp\/v2\/pages\/4324\/revisions"}],"predecessor-version":[{"id":4336,"href":"https:\/\/ee.mlfmonde.org\/bata-sogea\/wp-json\/wp\/v2\/pages\/4324\/revisions\/4336"}],"wp:attachment":[{"href":"https:\/\/ee.mlfmonde.org\/bata-sogea\/wp-json\/wp\/v2\/media?parent=4324"}],"curies":[{"name":"wp","href":"https:\/\/api.w.org\/{rel}","templated":true}]}}