{"id":4268,"date":"2021-12-02T19:13:29","date_gmt":"2021-12-02T19:13:29","guid":{"rendered":"http:\/\/ee.mlfmonde.org\/bata-sogea\/?page_id=4268"},"modified":"2021-12-03T06:23:48","modified_gmt":"2021-12-03T06:23:48","slug":"lecole-francaise-de-bata-laureate-du-festival-mondial-du-film-decole-festimaj","status":"publish","type":"page","link":"https:\/\/ee.mlfmonde.org\/bata-sogea\/lecole-francaise-de-bata-laureate-du-festival-mondial-du-film-decole-festimaj\/","title":{"rendered":"L&rsquo;\u00e9cole fran\u00e7aise de Bata laur\u00e9ate du festival mondial du film d&rsquo;\u00e9cole FESTIMAJ"},"content":{"rendered":"<p><img decoding=\"async\" class=\"alignright\" src=\"http:\/\/ee.mlfmonde.org\/bata-sogea\/wp-content\/uploads\/sites\/16\/2020\/03\/Photo1.jpg\" \/><\/p>\n<p><em><strong>Le Bon et le M\u00e9chant<\/strong><\/em>, notre film en comp\u00e9tition en 2020, apr\u00e8s avoir \u00e9t\u00e9 visionn\u00e9 dans de nombreuses salles \u00e0 travers le monde, a \u00e9t\u00e9\u00a0<strong>nomin\u00e9 par le public international !<\/strong>\u00a0<strong><br \/>\n<\/strong><br \/>\nCe prix du public \u00e9tait d\u00e9j\u00e0 une magnifique (certains diront la plus belle) reconnaissance du travail accompli par nos \u00e9l\u00e8ves.<\/p>\n<p>Puis, un jury de professionnels s&rsquo;est r\u00e9uni le\u00a0<strong>19 novembre 2021<\/strong>, sous la pr\u00e9sidence de\u00a0<strong>Christophe Switzer<\/strong>, pour d\u00e9signer les films laur\u00e9ats 2020.<\/p>\n<p>Nous \u00e9tions d\u00e9j\u00e0 tr\u00e8s heureux de notre succ\u00e8s aupr\u00e8s du public, nous sommes d\u00e9sormais tr\u00e8s fiers de vous faire part de notre<span style=\"color: #000000\"><strong>\u00a0prix du jury <\/strong>pour notre r\u00e9alisation.<\/span><\/p>\n<p><strong>Voir les films laur\u00e9ats<\/strong> :<\/p>\n<p>Lien :\u00a0<a href=\"https:\/\/vimeopro.com\/festimaj\/laureats-festimaj-2020\" target=\"_blank\" rel=\"noopener\">https:\/\/vimeopro.com\/festimaj\/laureats-festimaj-2020<\/a><br \/>\n<strong>Mot de passe<\/strong> : LaureatsFest2020<\/p>\n","protected":false},"excerpt":{"rendered":"<p>Le Bon et le M\u00e9chant, notre film en comp\u00e9tition en 2020, apr\u00e8s avoir \u00e9t\u00e9 visionn\u00e9 dans de nombreuses salles \u00e0 travers le monde, a \u00e9t\u00e9\u00a0nomin\u00e9 par le public international !\u00a0 Ce prix du public \u00e9tait d\u00e9j\u00e0 une magnifique (certains diront la plus belle) reconnaissance du travail accompli par nos \u00e9l\u00e8ves. Puis, un jury de professionnels [&hellip;]<\/p>\n","protected":false},"author":115,"featured_media":0,"parent":0,"menu_order":0,"comment_status":"closed","ping_status":"closed","template":"","meta":{"_acf_changed":false,"footnotes":""},"class_list":["post-4268","page","type-page","status-publish","czr-hentry"],"acf":[],"_links":{"self":[{"href":"https:\/\/ee.mlfmonde.org\/bata-sogea\/wp-json\/wp\/v2\/pages\/4268","targetHints":{"allow":["GET"]}}],"collection":[{"href":"https:\/\/ee.mlfmonde.org\/bata-sogea\/wp-json\/wp\/v2\/pages"}],"about":[{"href":"https:\/\/ee.mlfmonde.org\/bata-sogea\/wp-json\/wp\/v2\/types\/page"}],"author":[{"embeddable":true,"href":"https:\/\/ee.mlfmonde.org\/bata-sogea\/wp-json\/wp\/v2\/users\/115"}],"replies":[{"embeddable":true,"href":"https:\/\/ee.mlfmonde.org\/bata-sogea\/wp-json\/wp\/v2\/comments?post=4268"}],"version-history":[{"count":6,"href":"https:\/\/ee.mlfmonde.org\/bata-sogea\/wp-json\/wp\/v2\/pages\/4268\/revisions"}],"predecessor-version":[{"id":4276,"href":"https:\/\/ee.mlfmonde.org\/bata-sogea\/wp-json\/wp\/v2\/pages\/4268\/revisions\/4276"}],"wp:attachment":[{"href":"https:\/\/ee.mlfmonde.org\/bata-sogea\/wp-json\/wp\/v2\/media?parent=4268"}],"curies":[{"name":"wp","href":"https:\/\/api.w.org\/{rel}","templated":true}]}}