{"id":4189,"date":"2021-11-21T08:44:59","date_gmt":"2021-11-21T08:44:59","guid":{"rendered":"http:\/\/ee.mlfmonde.org\/bata-sogea\/?page_id=4189"},"modified":"2021-12-09T04:16:39","modified_gmt":"2021-12-09T04:16:39","slug":"protegeons-les-tortues-de-nos-dechets","status":"publish","type":"page","link":"https:\/\/ee.mlfmonde.org\/bata-sogea\/protegeons-les-tortues-de-nos-dechets\/","title":{"rendered":"Prot\u00e9geons les tortues de nos d\u00e9chets plastiques"},"content":{"rendered":"<p><img fetchpriority=\"high\" decoding=\"async\" class=\"wp-image-4237 size-full alignleft\" src=\"http:\/\/ee.mlfmonde.org\/bata-sogea\/wp-content\/uploads\/sites\/16\/2021\/12\/D\u00e9cor-film-animation.jpg\" alt=\"\" width=\"510\" height=\"399\" srcset=\"https:\/\/ee.mlfmonde.org\/bata-sogea\/wp-content\/uploads\/sites\/16\/2021\/12\/D\u00e9cor-film-animation.jpg 510w, https:\/\/ee.mlfmonde.org\/bata-sogea\/wp-content\/uploads\/sites\/16\/2021\/12\/D\u00e9cor-film-animation-300x235.jpg 300w\" sizes=\"(max-width: 510px) 100vw, 510px\" \/><\/p>\n<p>Nous, les \u00e9l\u00e8ves de 5\u00b0- 4\u00b0, de l\u2019\u00e9cole fran\u00e7aise de Bata, ainsi que M. Facorat et M. Guillaumond, avons \u00e9t\u00e9 convi\u00e9s \u00e0 participer au stage \u00ab\u00a0Anima tu vida\u00a0\u00bb, organis\u00e9 et sponsoris\u00e9 par\u00a0la\u00a0Fondation Martinez.<\/p>\n<p>Nos 15 jours de stage \u00e9taient d\u00e9di\u00e9s aux diff\u00e9rentes \u00e9tapes de cr\u00e9ation d\u2019un film d\u2019animation, ou \u00ab\u00a0stop-motion\u00a0\u00bb en anglais.<\/p>\n<p>Le stop motion est une technique consistant \u00e0 assembler plusieurs photos pour en faire un film. Pour que l&rsquo;animation soit fluide il faut 24 images par seconde. C\u2019est la raison pour laquelle nous avons d\u00fb prendre \u00e9norm\u00e9ment de photos.<\/p>\n<p>D\u2019abord, il nous a fallu trouver un sc\u00e9nario sur le th\u00e8me de la protection de l\u2019environnement. Nous avons d\u00e9cid\u00e9 de raconter l\u2019histoire d\u2019un sachet plastique, emport\u00e9 par le vent et rejet\u00e9 dans la mer.<\/p>\n<p>Ce sachet plastique se d\u00e9compose en petits morceaux, comme des milliers d\u2019autres, \u00e9chou\u00e9s en mer, pour le malheur des tortues marines, qui les mangent et en meurent. C\u2019est ce que nous avons montr\u00e9 \u00e0 travers l\u2019histoire de notre tortue en p\u00e2te \u00e0 modeler. <strong>Maxence<\/strong><\/p>\n<p>Mais l\u2019histoire ne s\u2019arr\u00eate pas l\u00e0. Nous avons trouv\u00e9, gr\u00e2ce \u00e0 des recherches, une solution qui permet de r\u00e9duire les nombreuses iles de d\u00e9chets qui se forment \u00e0 la surface des mers\u00a0: un bateau \u00e9boueur, \u00e9quip\u00e9 d\u2019un filet, parcourt les mers pour collecter et recycler tous ce que nous rejetons. <strong>Monica<\/strong><\/p>\n<p>Nous avons fabriqu\u00e9 les personnages et les d\u00e9cors de notre sc\u00e9nario, puis nous avons r\u00e9alis\u00e9 nos images avec des t\u00e9l\u00e9phones portables fournis par les organisateurs.<img decoding=\"async\" class=\"alignright wp-image-4238\" src=\"http:\/\/ee.mlfmonde.org\/bata-sogea\/wp-content\/uploads\/sites\/16\/2021\/12\/Diplomes-film-animation-300x213.jpg\" alt=\"\" width=\"350\" height=\"249\" srcset=\"https:\/\/ee.mlfmonde.org\/bata-sogea\/wp-content\/uploads\/sites\/16\/2021\/12\/Diplomes-film-animation-300x213.jpg 300w, https:\/\/ee.mlfmonde.org\/bata-sogea\/wp-content\/uploads\/sites\/16\/2021\/12\/Diplomes-film-animation.jpg 567w\" sizes=\"(max-width: 350px) 100vw, 350px\" \/><br \/>\nA la fin, il a fallu passer au montage de nos images, \u00e0 l\u2019aide du logiciel Adobe Premiere Pro. <strong>Yashina<\/strong><\/p>\n<p>La journ\u00e9e de cl\u00f4ture du stage s\u2019est d\u00e9roul\u00e9e le samedi 20 novembre, en pr\u00e9sence des parents, des enseignants et du directeur g\u00e9n\u00e9ral du groupe Martinez. Durant la c\u00e9r\u00e9monie de cl\u00f4ture, nous avons visionn\u00e9 les films des cinq \u00e9coles qui ont particip\u00e9 au projet et nous avons re\u00e7u une attestation de stage.<\/p>\n<p>C\u2019\u00e9tait vraiment une belle initiative de la part de la fondation Martinez. Par la suite, une classe virtuelle en ligne devrait voir le jour, pour poursuivre et approfondir la technique du stop-motion. <strong>Yohann<\/strong><\/p>\n<p><span style=\"color: #0000ff\"><strong>Voir notre film d&rsquo;animation<\/strong><\/span> : cliquer <a href=\"https:\/\/youtu.be\/g7xkM29zgDM\">ici<\/a><\/p>\n<p><strong>Quelques images de l&rsquo;atelier de cr\u00e9ation de notre film d&rsquo;animation : <\/strong>cliquer sur les photos.<\/p>\n\n\t\t<style type=\"text\/css\">\n\t\t\t#gallery-1 {\n\t\t\t\tmargin: auto;\n\t\t\t}\n\t\t\t#gallery-1 .gallery-item {\n\t\t\t\tfloat: left;\n\t\t\t\tmargin-top: 10px;\n\t\t\t\ttext-align: center;\n\t\t\t\twidth: 16%;\n\t\t\t}\n\t\t\t#gallery-1 img {\n\t\t\t\tborder: 2px solid #cfcfcf;\n\t\t\t}\n\t\t\t#gallery-1 .gallery-caption {\n\t\t\t\tmargin-left: 0;\n\t\t\t}\n\t\t\t\/* see gallery_shortcode() in wp-includes\/media.php *\/\n\t\t<\/style>\n\t\t<div id='gallery-1' class='gallery galleryid-4189 gallery-columns-6 gallery-size-thumbnail'><dl class='gallery-item'>\n\t\t\t<dt class='gallery-icon landscape'>\n\t\t\t\t<a class=\"grouped_elements\" rel=\"tc-fancybox-group\" href=\"https:\/\/ee.mlfmonde.org\/bata-sogea\/wp-content\/uploads\/sites\/16\/2021\/12\/Fabrication-des-personnages..jpg\" title=\"Fabrication des personnages.\"><img decoding=\"async\" width=\"150\" height=\"150\" src=\"https:\/\/ee.mlfmonde.org\/bata-sogea\/wp-content\/uploads\/sites\/16\/2021\/12\/Fabrication-des-personnages.-150x150.jpg\" class=\"attachment-thumbnail size-thumbnail\" alt=\"\" \/><\/a>\n\t\t\t<\/dt><\/dl><dl class='gallery-item'>\n\t\t\t<dt class='gallery-icon portrait'>\n\t\t\t\t<a class=\"grouped_elements\" rel=\"tc-fancybox-group\" href=\"https:\/\/ee.mlfmonde.org\/bata-sogea\/wp-content\/uploads\/sites\/16\/2021\/12\/Yashina-cr\u00e9e-la-tortue-victime-de-la-pollution..jpg\" title=\"Yashina cr\u00e9e la tortue victime de la pollution.\"><img loading=\"lazy\" decoding=\"async\" width=\"150\" height=\"150\" src=\"https:\/\/ee.mlfmonde.org\/bata-sogea\/wp-content\/uploads\/sites\/16\/2021\/12\/Yashina-cr\u00e9e-la-tortue-victime-de-la-pollution.-150x150.jpg\" class=\"attachment-thumbnail size-thumbnail\" alt=\"\" \/><\/a>\n\t\t\t<\/dt><\/dl><dl class='gallery-item'>\n\t\t\t<dt class='gallery-icon portrait'>\n\t\t\t\t<a class=\"grouped_elements\" rel=\"tc-fancybox-group\" href=\"https:\/\/ee.mlfmonde.org\/bata-sogea\/wp-content\/uploads\/sites\/16\/2021\/12\/Lucia-fabrique-un-bateau-\u00e9boueur-des-mers..jpg\" title=\"Lucia fabrique un bateau \u00e9boueur des mers.\"><img loading=\"lazy\" decoding=\"async\" width=\"150\" height=\"150\" src=\"https:\/\/ee.mlfmonde.org\/bata-sogea\/wp-content\/uploads\/sites\/16\/2021\/12\/Lucia-fabrique-un-bateau-\u00e9boueur-des-mers.-150x150.jpg\" class=\"attachment-thumbnail size-thumbnail\" alt=\"\" \/><\/a>\n\t\t\t<\/dt><\/dl><dl class='gallery-item'>\n\t\t\t<dt class='gallery-icon landscape'>\n\t\t\t\t<a class=\"grouped_elements\" rel=\"tc-fancybox-group\" href=\"https:\/\/ee.mlfmonde.org\/bata-sogea\/wp-content\/uploads\/sites\/16\/2021\/12\/Lucia-pr\u00e9sente-le-bateau-\u00e9boueur..jpg\" title=\"Lucia pr\u00e9sente le bateau \u00e9boueur.\"><img loading=\"lazy\" decoding=\"async\" width=\"150\" height=\"150\" src=\"https:\/\/ee.mlfmonde.org\/bata-sogea\/wp-content\/uploads\/sites\/16\/2021\/12\/Lucia-pr\u00e9sente-le-bateau-\u00e9boueur.-150x150.jpg\" class=\"attachment-thumbnail size-thumbnail\" alt=\"\" \/><\/a>\n\t\t\t<\/dt><\/dl><dl class='gallery-item'>\n\t\t\t<dt class='gallery-icon portrait'>\n\t\t\t\t<a class=\"grouped_elements\" rel=\"tc-fancybox-group\" href=\"https:\/\/ee.mlfmonde.org\/bata-sogea\/wp-content\/uploads\/sites\/16\/2021\/12\/Monica-fabrique-le-d\u00e9cor-marin..jpg\" title=\"Monica fabrique le d\u00e9cor marin.\"><img loading=\"lazy\" decoding=\"async\" width=\"150\" height=\"150\" src=\"https:\/\/ee.mlfmonde.org\/bata-sogea\/wp-content\/uploads\/sites\/16\/2021\/12\/Monica-fabrique-le-d\u00e9cor-marin.-150x150.jpg\" class=\"attachment-thumbnail size-thumbnail\" alt=\"\" \/><\/a>\n\t\t\t<\/dt><\/dl><dl class='gallery-item'>\n\t\t\t<dt class='gallery-icon landscape'>\n\t\t\t\t<a class=\"grouped_elements\" rel=\"tc-fancybox-group\" href=\"https:\/\/ee.mlfmonde.org\/bata-sogea\/wp-content\/uploads\/sites\/16\/2021\/12\/D\u00e9cor-et-accessoires-ayant-servi-\u00e0-la-r\u00e9alisation-du-film..jpg\" title=\"D\u00e9cor et accessoires ayant servi \u00e0 la r\u00e9alisation du film.\"><img loading=\"lazy\" decoding=\"async\" width=\"150\" height=\"150\" src=\"https:\/\/ee.mlfmonde.org\/bata-sogea\/wp-content\/uploads\/sites\/16\/2021\/12\/D\u00e9cor-et-accessoires-ayant-servi-\u00e0-la-r\u00e9alisation-du-film.-150x150.jpg\" class=\"attachment-thumbnail size-thumbnail\" alt=\"\" srcset=\"https:\/\/ee.mlfmonde.org\/bata-sogea\/wp-content\/uploads\/sites\/16\/2021\/12\/D\u00e9cor-et-accessoires-ayant-servi-\u00e0-la-r\u00e9alisation-du-film.-150x150.jpg 150w, https:\/\/ee.mlfmonde.org\/bata-sogea\/wp-content\/uploads\/sites\/16\/2021\/12\/D\u00e9cor-et-accessoires-ayant-servi-\u00e0-la-r\u00e9alisation-du-film.-300x300.jpg 300w, https:\/\/ee.mlfmonde.org\/bata-sogea\/wp-content\/uploads\/sites\/16\/2021\/12\/D\u00e9cor-et-accessoires-ayant-servi-\u00e0-la-r\u00e9alisation-du-film..jpg 510w\" sizes=\"(max-width: 150px) 100vw, 150px\" \/><\/a>\n\t\t\t<\/dt><\/dl><br style=\"clear: both\" \/>\n\t\t<\/div>\n\n","protected":false},"excerpt":{"rendered":"<p>Nous, les \u00e9l\u00e8ves de 5\u00b0- 4\u00b0, de l\u2019\u00e9cole fran\u00e7aise de Bata, ainsi que M. Facorat et M. Guillaumond, avons \u00e9t\u00e9 convi\u00e9s \u00e0 participer au stage \u00ab\u00a0Anima tu vida\u00a0\u00bb, organis\u00e9 et sponsoris\u00e9 par\u00a0la\u00a0Fondation Martinez. Nos 15 jours de stage \u00e9taient d\u00e9di\u00e9s aux diff\u00e9rentes \u00e9tapes de cr\u00e9ation d\u2019un film d\u2019animation, ou \u00ab\u00a0stop-motion\u00a0\u00bb en anglais. Le stop motion [&hellip;]<\/p>\n","protected":false},"author":115,"featured_media":0,"parent":0,"menu_order":0,"comment_status":"closed","ping_status":"closed","template":"","meta":{"_acf_changed":false,"footnotes":""},"class_list":["post-4189","page","type-page","status-publish","czr-hentry"],"acf":[],"_links":{"self":[{"href":"https:\/\/ee.mlfmonde.org\/bata-sogea\/wp-json\/wp\/v2\/pages\/4189","targetHints":{"allow":["GET"]}}],"collection":[{"href":"https:\/\/ee.mlfmonde.org\/bata-sogea\/wp-json\/wp\/v2\/pages"}],"about":[{"href":"https:\/\/ee.mlfmonde.org\/bata-sogea\/wp-json\/wp\/v2\/types\/page"}],"author":[{"embeddable":true,"href":"https:\/\/ee.mlfmonde.org\/bata-sogea\/wp-json\/wp\/v2\/users\/115"}],"replies":[{"embeddable":true,"href":"https:\/\/ee.mlfmonde.org\/bata-sogea\/wp-json\/wp\/v2\/comments?post=4189"}],"version-history":[{"count":17,"href":"https:\/\/ee.mlfmonde.org\/bata-sogea\/wp-json\/wp\/v2\/pages\/4189\/revisions"}],"predecessor-version":[{"id":4320,"href":"https:\/\/ee.mlfmonde.org\/bata-sogea\/wp-json\/wp\/v2\/pages\/4189\/revisions\/4320"}],"wp:attachment":[{"href":"https:\/\/ee.mlfmonde.org\/bata-sogea\/wp-json\/wp\/v2\/media?parent=4189"}],"curies":[{"name":"wp","href":"https:\/\/api.w.org\/{rel}","templated":true}]}}