{"id":4162,"date":"2021-11-16T04:18:28","date_gmt":"2021-11-16T04:18:28","guid":{"rendered":"http:\/\/ee.mlfmonde.org\/bata-sogea\/?page_id=4162"},"modified":"2021-11-16T06:07:55","modified_gmt":"2021-11-16T06:07:55","slug":"larbre-de-la-gratitude","status":"publish","type":"page","link":"https:\/\/ee.mlfmonde.org\/bata-sogea\/larbre-de-la-gratitude\/","title":{"rendered":"L&rsquo;arbre de la gratitude"},"content":{"rendered":"<p><img fetchpriority=\"high\" decoding=\"async\" class=\"wp-image-4163 size-full alignright\" src=\"http:\/\/ee.mlfmonde.org\/bata-sogea\/wp-content\/uploads\/sites\/16\/2021\/11\/PH1.jpg\" alt=\"\" width=\"510\" height=\"476\" srcset=\"https:\/\/ee.mlfmonde.org\/bata-sogea\/wp-content\/uploads\/sites\/16\/2021\/11\/PH1.jpg 510w, https:\/\/ee.mlfmonde.org\/bata-sogea\/wp-content\/uploads\/sites\/16\/2021\/11\/PH1-300x280.jpg 300w\" sizes=\"(max-width: 510px) 100vw, 510px\" \/><\/p>\n<p>&nbsp;<\/p>\n<p style=\"font-weight: 400\">Les \u00e9l\u00e8ves de CE1, CM1 et CM2 ont r\u00e9alis\u00e9, \u00e0 la gouache, un fond doux et color\u00e9, sur lequel ils ont peint un arbre de la gratitude, \u00e0 destination des \u00e9l\u00e8ves, des parents et des professeurs de l\u2019\u00e9cole.<\/p>\n<p style=\"font-weight: 400\">Cet arbre est compos\u00e9 d\u2019une multitude de feuilles en papier de soie. Elles renferment des messages \u00e9crits par les \u00e9l\u00e8ves.<\/p>\n<p style=\"font-weight: 400\">En soulevant ces feuilles, vous d\u00e9couvrirez,\u00a0selon la couleur du papier cartonn\u00e9, quelques mots de soutien, d\u2019encouragement ou de bienveillance.<\/p>\n<p style=\"font-weight: 400\">Trois couleurs (rose, bleu et violet) pour partager, avec vous, des proverbes et des citations, des conseils ou encore des messages destin\u00e9s \u00e0 booster l\u2019estime de soi, \u00e0 travers des compliments que les \u00e9l\u00e8ves nous offrent.<\/p>\n<p style=\"font-weight: 400\">Profitez donc de vos d\u00e9placements \u00e0 l\u2019\u00e9cole pour soulever chaque jour une feuille et d\u00e9couvrir un message tendre afin de bien commencer votre journ\u00e9e\u00a0!<\/p>\n<p style=\"font-weight: 400\">Merci aux \u00e9l\u00e8ves pour l\u2019investissement et la motivation dont ils ont fait preuve dans ce beau projet collaboratif et pluridisciplinaire, men\u00e9 par Mme Badis.<\/p>\n<p><strong>D\u00e9couvrez quelques mots que vous r\u00e9serve l&rsquo;arbre de la gratitude en cliquant sur les photos<\/strong> :<\/p>\n\n\t\t<style type=\"text\/css\">\n\t\t\t#gallery-1 {\n\t\t\t\tmargin: auto;\n\t\t\t}\n\t\t\t#gallery-1 .gallery-item {\n\t\t\t\tfloat: left;\n\t\t\t\tmargin-top: 10px;\n\t\t\t\ttext-align: center;\n\t\t\t\twidth: 25%;\n\t\t\t}\n\t\t\t#gallery-1 img {\n\t\t\t\tborder: 2px solid #cfcfcf;\n\t\t\t}\n\t\t\t#gallery-1 .gallery-caption {\n\t\t\t\tmargin-left: 0;\n\t\t\t}\n\t\t\t\/* see gallery_shortcode() in wp-includes\/media.php *\/\n\t\t<\/style>\n\t\t<div id='gallery-1' class='gallery galleryid-4162 gallery-columns-4 gallery-size-thumbnail'><dl class='gallery-item'>\n\t\t\t<dt class='gallery-icon portrait'>\n\t\t\t\t<a class=\"grouped_elements\" rel=\"tc-fancybox-group\" href=\"https:\/\/ee.mlfmonde.org\/bata-sogea\/wp-content\/uploads\/sites\/16\/2021\/11\/Lexp\u00e9rience-est-la-lumi\u00e8re-qui-\u00e9claire-notre-futur.-Ali.jpg\" title=\"L&#039;exp\u00e9rience est la lumi\u00e8re qui \u00e9claire notre futur. Ali\"><img decoding=\"async\" width=\"150\" height=\"150\" src=\"https:\/\/ee.mlfmonde.org\/bata-sogea\/wp-content\/uploads\/sites\/16\/2021\/11\/Lexp\u00e9rience-est-la-lumi\u00e8re-qui-\u00e9claire-notre-futur.-Ali-150x150.jpg\" class=\"attachment-thumbnail size-thumbnail\" alt=\"\" \/><\/a>\n\t\t\t<\/dt><\/dl><dl class='gallery-item'>\n\t\t\t<dt class='gallery-icon portrait'>\n\t\t\t\t<a class=\"grouped_elements\" rel=\"tc-fancybox-group\" href=\"https:\/\/ee.mlfmonde.org\/bata-sogea\/wp-content\/uploads\/sites\/16\/2021\/11\/Qui-aime-bien-ch\u00e2tie-bien.-Martin.jpg\" title=\"Qui aime bien ch\u00e2tie bien. Martin\"><img decoding=\"async\" width=\"150\" height=\"150\" src=\"https:\/\/ee.mlfmonde.org\/bata-sogea\/wp-content\/uploads\/sites\/16\/2021\/11\/Qui-aime-bien-ch\u00e2tie-bien.-Martin-150x150.jpg\" class=\"attachment-thumbnail size-thumbnail\" alt=\"\" \/><\/a>\n\t\t\t<\/dt><\/dl><dl class='gallery-item'>\n\t\t\t<dt class='gallery-icon portrait'>\n\t\t\t\t<a class=\"grouped_elements\" rel=\"tc-fancybox-group\" href=\"https:\/\/ee.mlfmonde.org\/bata-sogea\/wp-content\/uploads\/sites\/16\/2021\/11\/Suis-ton-coeur.-Maria.jpg\" title=\"Suis ton coeur. Maria\"><img loading=\"lazy\" decoding=\"async\" width=\"150\" height=\"150\" src=\"https:\/\/ee.mlfmonde.org\/bata-sogea\/wp-content\/uploads\/sites\/16\/2021\/11\/Suis-ton-coeur.-Maria-150x150.jpg\" class=\"attachment-thumbnail size-thumbnail\" alt=\"\" \/><\/a>\n\t\t\t<\/dt><\/dl><dl class='gallery-item'>\n\t\t\t<dt class='gallery-icon portrait'>\n\t\t\t\t<a class=\"grouped_elements\" rel=\"tc-fancybox-group\" href=\"https:\/\/ee.mlfmonde.org\/bata-sogea\/wp-content\/uploads\/sites\/16\/2021\/11\/Tu-mas-beaucoup-aid\u00e9e.-Amira.jpg\" title=\"Tu m&#039;as beaucoup aid\u00e9(e). Amira\"><img loading=\"lazy\" decoding=\"async\" width=\"150\" height=\"150\" src=\"https:\/\/ee.mlfmonde.org\/bata-sogea\/wp-content\/uploads\/sites\/16\/2021\/11\/Tu-mas-beaucoup-aid\u00e9e.-Amira-150x150.jpg\" class=\"attachment-thumbnail size-thumbnail\" alt=\"\" \/><\/a>\n\t\t\t<\/dt><\/dl><br style=\"clear: both\" \/>\n\t\t<\/div>\n\n","protected":false},"excerpt":{"rendered":"<p>&nbsp; Les \u00e9l\u00e8ves de CE1, CM1 et CM2 ont r\u00e9alis\u00e9, \u00e0 la gouache, un fond doux et color\u00e9, sur lequel ils ont peint un arbre de la gratitude, \u00e0 destination des \u00e9l\u00e8ves, des parents et des professeurs de l\u2019\u00e9cole. Cet arbre est compos\u00e9 d\u2019une multitude de feuilles en papier de soie. Elles renferment des messages [&hellip;]<\/p>\n","protected":false},"author":115,"featured_media":0,"parent":0,"menu_order":0,"comment_status":"closed","ping_status":"closed","template":"","meta":{"_acf_changed":false,"footnotes":""},"class_list":["post-4162","page","type-page","status-publish","czr-hentry"],"acf":[],"_links":{"self":[{"href":"https:\/\/ee.mlfmonde.org\/bata-sogea\/wp-json\/wp\/v2\/pages\/4162","targetHints":{"allow":["GET"]}}],"collection":[{"href":"https:\/\/ee.mlfmonde.org\/bata-sogea\/wp-json\/wp\/v2\/pages"}],"about":[{"href":"https:\/\/ee.mlfmonde.org\/bata-sogea\/wp-json\/wp\/v2\/types\/page"}],"author":[{"embeddable":true,"href":"https:\/\/ee.mlfmonde.org\/bata-sogea\/wp-json\/wp\/v2\/users\/115"}],"replies":[{"embeddable":true,"href":"https:\/\/ee.mlfmonde.org\/bata-sogea\/wp-json\/wp\/v2\/comments?post=4162"}],"version-history":[{"count":6,"href":"https:\/\/ee.mlfmonde.org\/bata-sogea\/wp-json\/wp\/v2\/pages\/4162\/revisions"}],"predecessor-version":[{"id":4181,"href":"https:\/\/ee.mlfmonde.org\/bata-sogea\/wp-json\/wp\/v2\/pages\/4162\/revisions\/4181"}],"wp:attachment":[{"href":"https:\/\/ee.mlfmonde.org\/bata-sogea\/wp-json\/wp\/v2\/media?parent=4162"}],"curies":[{"name":"wp","href":"https:\/\/api.w.org\/{rel}","templated":true}]}}