{"id":4140,"date":"2021-11-09T18:22:34","date_gmt":"2021-11-09T18:22:34","guid":{"rendered":"http:\/\/ee.mlfmonde.org\/bata-sogea\/?page_id=4140"},"modified":"2021-11-10T05:51:37","modified_gmt":"2021-11-10T05:51:37","slug":"ceci-nest-pas-une-chaise","status":"publish","type":"page","link":"https:\/\/ee.mlfmonde.org\/bata-sogea\/ceci-nest-pas-une-chaise\/","title":{"rendered":"Les coll\u00e9giens pr\u00e9parent une exposition d&rsquo;art contemporain"},"content":{"rendered":"<p>Cette ann\u00e9e, pendant les activit\u00e9s p\u00e9riscolaires, les lundis apr\u00e8s-midi, les coll\u00e9giens d\u00e9couvrent et s\u2019approprient l\u2019art contemporain\u00a0!<img fetchpriority=\"high\" decoding=\"async\" class=\" wp-image-4147 alignright\" src=\"http:\/\/ee.mlfmonde.org\/bata-sogea\/wp-content\/uploads\/sites\/16\/2021\/11\/a-300x225.jpg\" alt=\"\" width=\"385\" height=\"289\" srcset=\"https:\/\/ee.mlfmonde.org\/bata-sogea\/wp-content\/uploads\/sites\/16\/2021\/11\/a-300x225.jpg 300w, https:\/\/ee.mlfmonde.org\/bata-sogea\/wp-content\/uploads\/sites\/16\/2021\/11\/a.jpg 510w\" sizes=\"(max-width: 385px) 100vw, 385px\" \/><\/p>\n<p>Le but de ces s\u00e9ances, m\u00ealant histoire de l\u2019art et arts visuels, est la r\u00e9alisation d\u2019une exposition autour de la chaise.<\/p>\n<p>Cette exposition, baptis\u00e9e\u00a0<strong><em>Ceci n\u2019est pas une chaise<\/em><\/strong> est\u00a0inspir\u00e9e de la r\u00e9flexion de Ren\u00e9 Magritte\u00a0: \u00ab\u00a0<em>Ceci n\u2019est pas une pipe<\/em>\u00a0\u00bb, o\u00f9 il \u00e9tait question de la repr\u00e9sentation d\u2019une pipe de mani\u00e8re r\u00e9aliste o\u00f9 l\u2019objet peint avait, par cons\u00e9quent, perdu sa fonction premi\u00e8re.<\/p>\n<p>Pour lancer et impliquer les coll\u00e9giens, trois temps de travail ont \u00e9t\u00e9 mis en place par Mme Badis, menant le projet.<\/p>\n<p>D\u2019abord, une premi\u00e8re s\u00e9ance de pr\u00e9sentation de l\u2019art contemporain et de quelques artistes phares de ce mouvement. Les coll\u00e9giens ont, par la suite, fait des recherches autour d\u2019un artiste puis d\u2019une \u0153uvre de leur choix.<\/p>\n<p>Un travail a \u00e9t\u00e9 propos\u00e9 autour du croquis, fondement de toute production artistique visuelle. Ils ont ainsi pens\u00e9 \u00e0 la mani\u00e8re dont ils allaient int\u00e9grer une chaise \u00e0 l\u2019univers de l\u2019artiste choisi.<\/p>\n<p><img decoding=\"async\" class=\" wp-image-4148 alignleft\" src=\"http:\/\/ee.mlfmonde.org\/bata-sogea\/wp-content\/uploads\/sites\/16\/2021\/11\/c-245x300.jpg\" alt=\"\" width=\"296\" height=\"362\" srcset=\"https:\/\/ee.mlfmonde.org\/bata-sogea\/wp-content\/uploads\/sites\/16\/2021\/11\/c-245x300.jpg 245w, https:\/\/ee.mlfmonde.org\/bata-sogea\/wp-content\/uploads\/sites\/16\/2021\/11\/c.jpg 425w\" sizes=\"(max-width: 296px) 100vw, 296px\" \/>Pour cela, ils se sont inspir\u00e9 d\u2019\u00e9l\u00e9ments biographiques, de couleurs dominantes, d\u2019impressions ou d\u2019\u00e9motions ressenties et \u00e9manant de l\u2019oeuvre choisie.<\/p>\n<p>Trois \u0153uvres seront ainsi cr\u00e9\u00e9s par \u00e9l\u00e8ve. Une premi\u00e8re en deux dimensions, s\u2019inspirant d\u2019une toile de l\u2019artiste choisi. Une seconde, en trois dimensions et de volume moyen, qui sera une r\u00e9alisation autour d\u2019une chaise ayant une fonction particuli\u00e8re que chaque \u00e9l\u00e8ve choisira de repr\u00e9senter (une chaise pour voler, pour r\u00eaver, pour nager, pour mourir\u2026) et qui ne sera inspir\u00e9e que de l\u2019imagination des coll\u00e9giens, sans lien avec un artiste en particulier.<img decoding=\"async\" class=\" wp-image-4146 alignright\" src=\"http:\/\/ee.mlfmonde.org\/bata-sogea\/wp-content\/uploads\/sites\/16\/2021\/11\/b-300x225.jpg\" alt=\"\" width=\"365\" height=\"274\" srcset=\"https:\/\/ee.mlfmonde.org\/bata-sogea\/wp-content\/uploads\/sites\/16\/2021\/11\/b-300x225.jpg 300w, https:\/\/ee.mlfmonde.org\/bata-sogea\/wp-content\/uploads\/sites\/16\/2021\/11\/b.jpg 510w\" sizes=\"(max-width: 365px) 100vw, 365px\" \/><\/p>\n<p>Enfin, les \u00e9l\u00e8ves travailleront sur de vraies chaises qui seront transform\u00e9es en v\u00e9ritables objets d\u2019art (customis\u00e9es, retravaill\u00e9es, cass\u00e9es,\u00a0peintes\u2026) pour rendre hommage \u00e0 l\u2019univers g\u00e9n\u00e9ral de l\u2019artiste dont les oeuvres en deux dimensions seront inspir\u00e9es.<\/p>\n<p>Quelques images de ce travail en cours, en attendant un nouvel article avant l\u2019exposition finale\u00a0!<\/p>\n","protected":false},"excerpt":{"rendered":"<p>Cette ann\u00e9e, pendant les activit\u00e9s p\u00e9riscolaires, les lundis apr\u00e8s-midi, les coll\u00e9giens d\u00e9couvrent et s\u2019approprient l\u2019art contemporain\u00a0! Le but de ces s\u00e9ances, m\u00ealant histoire de l\u2019art et arts visuels, est la r\u00e9alisation d\u2019une exposition autour de la chaise. Cette exposition, baptis\u00e9e\u00a0Ceci n\u2019est pas une chaise est\u00a0inspir\u00e9e de la r\u00e9flexion de Ren\u00e9 Magritte\u00a0: \u00ab\u00a0Ceci n\u2019est pas une [&hellip;]<\/p>\n","protected":false},"author":115,"featured_media":0,"parent":0,"menu_order":0,"comment_status":"closed","ping_status":"closed","template":"","meta":{"_acf_changed":false,"footnotes":""},"class_list":["post-4140","page","type-page","status-publish","czr-hentry"],"acf":[],"_links":{"self":[{"href":"https:\/\/ee.mlfmonde.org\/bata-sogea\/wp-json\/wp\/v2\/pages\/4140","targetHints":{"allow":["GET"]}}],"collection":[{"href":"https:\/\/ee.mlfmonde.org\/bata-sogea\/wp-json\/wp\/v2\/pages"}],"about":[{"href":"https:\/\/ee.mlfmonde.org\/bata-sogea\/wp-json\/wp\/v2\/types\/page"}],"author":[{"embeddable":true,"href":"https:\/\/ee.mlfmonde.org\/bata-sogea\/wp-json\/wp\/v2\/users\/115"}],"replies":[{"embeddable":true,"href":"https:\/\/ee.mlfmonde.org\/bata-sogea\/wp-json\/wp\/v2\/comments?post=4140"}],"version-history":[{"count":4,"href":"https:\/\/ee.mlfmonde.org\/bata-sogea\/wp-json\/wp\/v2\/pages\/4140\/revisions"}],"predecessor-version":[{"id":4151,"href":"https:\/\/ee.mlfmonde.org\/bata-sogea\/wp-json\/wp\/v2\/pages\/4140\/revisions\/4151"}],"wp:attachment":[{"href":"https:\/\/ee.mlfmonde.org\/bata-sogea\/wp-json\/wp\/v2\/media?parent=4140"}],"curies":[{"name":"wp","href":"https:\/\/api.w.org\/{rel}","templated":true}]}}