{"id":4094,"date":"2021-11-07T07:06:26","date_gmt":"2021-11-07T07:06:26","guid":{"rendered":"http:\/\/ee.mlfmonde.org\/bata-sogea\/?page_id=4094"},"modified":"2021-11-08T05:03:41","modified_gmt":"2021-11-08T05:03:41","slug":"salade-de-fruits-des-ms-gs-cp","status":"publish","type":"page","link":"https:\/\/ee.mlfmonde.org\/bata-sogea\/salade-de-fruits-des-ms-gs-cp\/","title":{"rendered":"Salade de fruits des MS-GS-CP"},"content":{"rendered":"<table style=\"height: 284px\" width=\"1420\">\n<tbody>\n<tr>\n<td width=\"205\"><strong>\u00a0 \u00a0INGR\u00c9DIENTS<\/strong><\/p>\n<ul>\n<li>2 bananes<\/li>\n<li>1 ananas<\/li>\n<li>4 kiwis<\/li>\n<li>4 mandarines<\/li>\n<li>2 oranges<\/li>\n<li>2 poires<\/li>\n<li>1 pamplemousse<\/li>\n<li>f\u00e8ves de cacao<\/li>\n<\/ul>\n<\/td>\n<td width=\"205\"><strong>\u00a0 \u00a0 \u00a0 USTENSILES<\/strong><\/p>\n<ul>\n<li>Saladier<\/li>\n<li>Couteau<\/li>\n<li>\u00e9conome<\/li>\n<\/ul>\n<p>&nbsp;<\/p>\n<p>&nbsp;<\/p>\n<p>&nbsp;<\/td>\n<td width=\"205\"><strong>\u00a0 \u00a0 \u00a0 \u00a0 PR\u00c9PARATION\u00a0<\/strong><\/p>\n<ul>\n<li>Laver les fruits<\/li>\n<li>Eplucher et couper les fruits en petits morceaux<\/li>\n<li>Verser au fur et \u00e0 mesure dans le saladier<\/li>\n<li>Ajouter les f\u00e8ves de cacao<\/li>\n<li>M\u00e9langer le tout<\/li>\n<li>D\u00e9guster<\/li>\n<\/ul>\n<p>&nbsp;<\/p>\n<p>&nbsp;<\/td>\n<\/tr>\n<\/tbody>\n<\/table>\n<p style=\"text-align: center\"><strong>LA RECETTE ILLUSTR\u00c9E<\/strong> : cliquer pour voir les photos.<\/p>\n\n\t\t<style type=\"text\/css\">\n\t\t\t#gallery-1 {\n\t\t\t\tmargin: auto;\n\t\t\t}\n\t\t\t#gallery-1 .gallery-item {\n\t\t\t\tfloat: left;\n\t\t\t\tmargin-top: 10px;\n\t\t\t\ttext-align: center;\n\t\t\t\twidth: 14%;\n\t\t\t}\n\t\t\t#gallery-1 img {\n\t\t\t\tborder: 2px solid #cfcfcf;\n\t\t\t}\n\t\t\t#gallery-1 .gallery-caption {\n\t\t\t\tmargin-left: 0;\n\t\t\t}\n\t\t\t\/* see gallery_shortcode() in wp-includes\/media.php *\/\n\t\t<\/style>\n\t\t<div id='gallery-1' class='gallery galleryid-4094 gallery-columns-7 gallery-size-thumbnail'><dl class='gallery-item'>\n\t\t\t<dt class='gallery-icon portrait'>\n\t\t\t\t<a class=\"grouped_elements\" rel=\"tc-fancybox-group\" href=\"https:\/\/ee.mlfmonde.org\/bata-sogea\/wp-content\/uploads\/sites\/16\/2021\/11\/Zo\u00e9-\u00e9pluche-une-pomme.jpg\" title=\"Zo\u00e9 \u00e9pluche une pomme\"><img decoding=\"async\" width=\"150\" height=\"150\" src=\"https:\/\/ee.mlfmonde.org\/bata-sogea\/wp-content\/uploads\/sites\/16\/2021\/11\/Zo\u00e9-\u00e9pluche-une-pomme-150x150.jpg\" class=\"attachment-thumbnail size-thumbnail\" alt=\"\" \/><\/a>\n\t\t\t<\/dt><\/dl><dl class='gallery-item'>\n\t\t\t<dt class='gallery-icon portrait'>\n\t\t\t\t<a class=\"grouped_elements\" rel=\"tc-fancybox-group\" href=\"https:\/\/ee.mlfmonde.org\/bata-sogea\/wp-content\/uploads\/sites\/16\/2021\/11\/Manuel-coupe-des-rondelles-de-bananes.jpg\" title=\"Manuel coupe des rondelles de bananes\"><img decoding=\"async\" width=\"150\" height=\"150\" src=\"https:\/\/ee.mlfmonde.org\/bata-sogea\/wp-content\/uploads\/sites\/16\/2021\/11\/Manuel-coupe-des-rondelles-de-bananes-150x150.jpg\" class=\"attachment-thumbnail size-thumbnail\" alt=\"\" \/><\/a>\n\t\t\t<\/dt><\/dl><dl class='gallery-item'>\n\t\t\t<dt class='gallery-icon portrait'>\n\t\t\t\t<a class=\"grouped_elements\" rel=\"tc-fancybox-group\" href=\"https:\/\/ee.mlfmonde.org\/bata-sogea\/wp-content\/uploads\/sites\/16\/2021\/11\/Adrian-\u00e9pluche-les-mandarines-1.jpg\" title=\"Adrian \u00e9pluche les mandarines\"><img decoding=\"async\" width=\"150\" height=\"150\" src=\"https:\/\/ee.mlfmonde.org\/bata-sogea\/wp-content\/uploads\/sites\/16\/2021\/11\/Adrian-\u00e9pluche-les-mandarines-1-150x150.jpg\" class=\"attachment-thumbnail size-thumbnail\" alt=\"\" \/><\/a>\n\t\t\t<\/dt><\/dl><dl class='gallery-item'>\n\t\t\t<dt class='gallery-icon portrait'>\n\t\t\t\t<a class=\"grouped_elements\" rel=\"tc-fancybox-group\" href=\"https:\/\/ee.mlfmonde.org\/bata-sogea\/wp-content\/uploads\/sites\/16\/2021\/11\/A-lint\u00e9rieur-la-mandarine-est-divis\u00e9e-en-quartiers-1.jpg\" title=\"A l&#039;int\u00e9rieur, la mandarine est divis\u00e9e en quartiers\"><img loading=\"lazy\" decoding=\"async\" width=\"150\" height=\"150\" src=\"https:\/\/ee.mlfmonde.org\/bata-sogea\/wp-content\/uploads\/sites\/16\/2021\/11\/A-lint\u00e9rieur-la-mandarine-est-divis\u00e9e-en-quartiers-1-150x150.jpg\" class=\"attachment-thumbnail size-thumbnail\" alt=\"\" \/><\/a>\n\t\t\t<\/dt><\/dl><dl class='gallery-item'>\n\t\t\t<dt class='gallery-icon landscape'>\n\t\t\t\t<a class=\"grouped_elements\" rel=\"tc-fancybox-group\" href=\"https:\/\/ee.mlfmonde.org\/bata-sogea\/wp-content\/uploads\/sites\/16\/2021\/11\/Des-f\u00e8ves-de-cacao-1.jpg\" title=\"Des f\u00e8ves de cacao\"><img loading=\"lazy\" decoding=\"async\" width=\"150\" height=\"150\" src=\"https:\/\/ee.mlfmonde.org\/bata-sogea\/wp-content\/uploads\/sites\/16\/2021\/11\/Des-f\u00e8ves-de-cacao-1-150x150.jpg\" class=\"attachment-thumbnail size-thumbnail\" alt=\"\" \/><\/a>\n\t\t\t<\/dt><\/dl><dl class='gallery-item'>\n\t\t\t<dt class='gallery-icon landscape'>\n\t\t\t\t<a class=\"grouped_elements\" rel=\"tc-fancybox-group\" href=\"https:\/\/ee.mlfmonde.org\/bata-sogea\/wp-content\/uploads\/sites\/16\/2021\/11\/Les-adultes-font-la-partie-la-plus-difficile-1.jpg\" title=\"Les adultes font la partie la plus difficile\"><img loading=\"lazy\" decoding=\"async\" width=\"150\" height=\"150\" src=\"https:\/\/ee.mlfmonde.org\/bata-sogea\/wp-content\/uploads\/sites\/16\/2021\/11\/Les-adultes-font-la-partie-la-plus-difficile-1-150x150.jpg\" class=\"attachment-thumbnail size-thumbnail\" alt=\"\" \/><\/a>\n\t\t\t<\/dt><\/dl><dl class='gallery-item'>\n\t\t\t<dt class='gallery-icon landscape'>\n\t\t\t\t<a class=\"grouped_elements\" rel=\"tc-fancybox-group\" href=\"https:\/\/ee.mlfmonde.org\/bata-sogea\/wp-content\/uploads\/sites\/16\/2021\/11\/A-table-1.jpg\" title=\"A table\"><img loading=\"lazy\" decoding=\"async\" width=\"150\" height=\"150\" src=\"https:\/\/ee.mlfmonde.org\/bata-sogea\/wp-content\/uploads\/sites\/16\/2021\/11\/A-table-1-150x150.jpg\" class=\"attachment-thumbnail size-thumbnail\" alt=\"\" \/><\/a>\n\t\t\t<\/dt><\/dl><br style=\"clear: both\" \/><dl class='gallery-item'>\n\t\t\t<dt class='gallery-icon portrait'>\n\t\t\t\t<a class=\"grouped_elements\" rel=\"tc-fancybox-group\" href=\"https:\/\/ee.mlfmonde.org\/bata-sogea\/wp-content\/uploads\/sites\/16\/2021\/11\/Deux-invit\u00e9s-surprise-sont-arriv\u00e9s-Monsieur-lAmbassadeur-et-Monsieur-le-Directeur.jpg\" title=\"Deux invit\u00e9s surprise sont arriv\u00e9s Monsieur l&#039;Ambassadeur et Monsieur le Directeur\"><img loading=\"lazy\" decoding=\"async\" width=\"150\" height=\"150\" src=\"https:\/\/ee.mlfmonde.org\/bata-sogea\/wp-content\/uploads\/sites\/16\/2021\/11\/Deux-invit\u00e9s-surprise-sont-arriv\u00e9s-Monsieur-lAmbassadeur-et-Monsieur-le-Directeur-150x150.jpg\" class=\"attachment-thumbnail size-thumbnail\" alt=\"\" \/><\/a>\n\t\t\t<\/dt><\/dl><dl class='gallery-item'>\n\t\t\t<dt class='gallery-icon landscape'>\n\t\t\t\t<a class=\"grouped_elements\" rel=\"tc-fancybox-group\" href=\"https:\/\/ee.mlfmonde.org\/bata-sogea\/wp-content\/uploads\/sites\/16\/2021\/11\/Des-enseignants-ont-m\u00eame-essay\u00e9-de-sinviter-1.jpg\" title=\"Des enseignants ont m\u00eame essay\u00e9 de s&#039;inviter\"><img loading=\"lazy\" decoding=\"async\" width=\"150\" height=\"150\" src=\"https:\/\/ee.mlfmonde.org\/bata-sogea\/wp-content\/uploads\/sites\/16\/2021\/11\/Des-enseignants-ont-m\u00eame-essay\u00e9-de-sinviter-1-150x150.jpg\" class=\"attachment-thumbnail size-thumbnail\" alt=\"\" \/><\/a>\n\t\t\t<\/dt><\/dl><dl class='gallery-item'>\n\t\t\t<dt class='gallery-icon portrait'>\n\t\t\t\t<a class=\"grouped_elements\" rel=\"tc-fancybox-group\" href=\"https:\/\/ee.mlfmonde.org\/bata-sogea\/wp-content\/uploads\/sites\/16\/2021\/11\/Virgina-trouve-cela-d\u00e9licieux.jpg\" title=\"Virgina trouve cela d\u00e9licieux\"><img loading=\"lazy\" decoding=\"async\" width=\"150\" height=\"150\" src=\"https:\/\/ee.mlfmonde.org\/bata-sogea\/wp-content\/uploads\/sites\/16\/2021\/11\/Virgina-trouve-cela-d\u00e9licieux-150x150.jpg\" class=\"attachment-thumbnail size-thumbnail\" alt=\"\" \/><\/a>\n\t\t\t<\/dt><\/dl><dl class='gallery-item'>\n\t\t\t<dt class='gallery-icon portrait'>\n\t\t\t\t<a class=\"grouped_elements\" rel=\"tc-fancybox-group\" href=\"https:\/\/ee.mlfmonde.org\/bata-sogea\/wp-content\/uploads\/sites\/16\/2021\/11\/Ahmad-en-a-repris-deux-fois-1.jpg\" title=\"Ahmad en a repris deux fois\"><img loading=\"lazy\" decoding=\"async\" width=\"150\" height=\"150\" src=\"https:\/\/ee.mlfmonde.org\/bata-sogea\/wp-content\/uploads\/sites\/16\/2021\/11\/Ahmad-en-a-repris-deux-fois-1-150x150.jpg\" class=\"attachment-thumbnail size-thumbnail\" alt=\"\" \/><\/a>\n\t\t\t<\/dt><\/dl><dl class='gallery-item'>\n\t\t\t<dt class='gallery-icon portrait'>\n\t\t\t\t<a class=\"grouped_elements\" rel=\"tc-fancybox-group\" href=\"https:\/\/ee.mlfmonde.org\/bata-sogea\/wp-content\/uploads\/sites\/16\/2021\/11\/Julia-nen-laissera-aucun-morceau.jpg\" title=\"Julia n&#039;en laissera aucun morceau\"><img loading=\"lazy\" decoding=\"async\" width=\"150\" height=\"150\" src=\"https:\/\/ee.mlfmonde.org\/bata-sogea\/wp-content\/uploads\/sites\/16\/2021\/11\/Julia-nen-laissera-aucun-morceau-150x150.jpg\" class=\"attachment-thumbnail size-thumbnail\" alt=\"\" \/><\/a>\n\t\t\t<\/dt><\/dl><dl class='gallery-item'>\n\t\t\t<dt class='gallery-icon landscape'>\n\t\t\t\t<a class=\"grouped_elements\" rel=\"tc-fancybox-group\" href=\"https:\/\/ee.mlfmonde.org\/bata-sogea\/wp-content\/uploads\/sites\/16\/2021\/11\/On-se-r\u00e9gale.jpg\" title=\"On se r\u00e9gale\"><img loading=\"lazy\" decoding=\"async\" width=\"150\" height=\"150\" src=\"https:\/\/ee.mlfmonde.org\/bata-sogea\/wp-content\/uploads\/sites\/16\/2021\/11\/On-se-r\u00e9gale-150x150.jpg\" class=\"attachment-thumbnail size-thumbnail\" alt=\"\" \/><\/a>\n\t\t\t<\/dt><\/dl><dl class='gallery-item'>\n\t\t\t<dt class='gallery-icon portrait'>\n\t\t\t\t<a class=\"grouped_elements\" rel=\"tc-fancybox-group\" href=\"https:\/\/ee.mlfmonde.org\/bata-sogea\/wp-content\/uploads\/sites\/16\/2021\/11\/Nos-invit\u00e9s-se-sont-r\u00e9gal\u00e9s-aussi.jpg\" title=\"Nos invit\u00e9s se sont r\u00e9gal\u00e9s aussi\"><img loading=\"lazy\" decoding=\"async\" width=\"150\" height=\"150\" src=\"https:\/\/ee.mlfmonde.org\/bata-sogea\/wp-content\/uploads\/sites\/16\/2021\/11\/Nos-invit\u00e9s-se-sont-r\u00e9gal\u00e9s-aussi-150x150.jpg\" class=\"attachment-thumbnail size-thumbnail\" alt=\"\" \/><\/a>\n\t\t\t<\/dt><\/dl><br style=\"clear: both\" \/>\n\t\t<\/div>\n\n<p>&nbsp;<\/p>\n","protected":false},"excerpt":{"rendered":"<p>\u00a0 \u00a0INGR\u00c9DIENTS 2 bananes 1 ananas 4 kiwis 4 mandarines 2 oranges 2 poires 1 pamplemousse f\u00e8ves de cacao \u00a0 \u00a0 \u00a0 USTENSILES Saladier Couteau \u00e9conome &nbsp; &nbsp; &nbsp; \u00a0 \u00a0 \u00a0 \u00a0 PR\u00c9PARATION\u00a0 Laver les fruits Eplucher et couper les fruits en petits morceaux Verser au fur et \u00e0 mesure dans le saladier Ajouter [&hellip;]<\/p>\n","protected":false},"author":115,"featured_media":0,"parent":0,"menu_order":0,"comment_status":"closed","ping_status":"closed","template":"","meta":{"_acf_changed":false,"footnotes":""},"class_list":["post-4094","page","type-page","status-publish","czr-hentry"],"acf":[],"_links":{"self":[{"href":"https:\/\/ee.mlfmonde.org\/bata-sogea\/wp-json\/wp\/v2\/pages\/4094","targetHints":{"allow":["GET"]}}],"collection":[{"href":"https:\/\/ee.mlfmonde.org\/bata-sogea\/wp-json\/wp\/v2\/pages"}],"about":[{"href":"https:\/\/ee.mlfmonde.org\/bata-sogea\/wp-json\/wp\/v2\/types\/page"}],"author":[{"embeddable":true,"href":"https:\/\/ee.mlfmonde.org\/bata-sogea\/wp-json\/wp\/v2\/users\/115"}],"replies":[{"embeddable":true,"href":"https:\/\/ee.mlfmonde.org\/bata-sogea\/wp-json\/wp\/v2\/comments?post=4094"}],"version-history":[{"count":7,"href":"https:\/\/ee.mlfmonde.org\/bata-sogea\/wp-json\/wp\/v2\/pages\/4094\/revisions"}],"predecessor-version":[{"id":4136,"href":"https:\/\/ee.mlfmonde.org\/bata-sogea\/wp-json\/wp\/v2\/pages\/4094\/revisions\/4136"}],"wp:attachment":[{"href":"https:\/\/ee.mlfmonde.org\/bata-sogea\/wp-json\/wp\/v2\/media?parent=4094"}],"curies":[{"name":"wp","href":"https:\/\/api.w.org\/{rel}","templated":true}]}}