{"id":4043,"date":"2021-10-18T14:38:15","date_gmt":"2021-10-18T14:38:15","guid":{"rendered":"http:\/\/ee.mlfmonde.org\/bata-sogea\/?page_id=4043"},"modified":"2021-10-23T06:23:58","modified_gmt":"2021-10-23T06:23:58","slug":"qui-a-peur-de-quoi-dans-la-classe","status":"publish","type":"page","link":"https:\/\/ee.mlfmonde.org\/bata-sogea\/qui-a-peur-de-quoi-dans-la-classe\/","title":{"rendered":"Qui a peur de quoi dans la classe ?"},"content":{"rendered":"<p><a href=\"https:\/\/read.bookcreator.com\/4CBsosh9f1bbgJIJ5jg3NgWLJvF2\/_QELzgRkQuCdfXmf5UPImw\" target=\"_blank\" rel=\"noopener\"><img fetchpriority=\"high\" decoding=\"async\" class=\"wp-image-4045 size-full alignright\" src=\"http:\/\/ee.mlfmonde.org\/bata-sogea\/wp-content\/uploads\/sites\/16\/2021\/10\/Livre-num-CP.jpg\" alt=\"\" width=\"491\" height=\"369\" srcset=\"https:\/\/ee.mlfmonde.org\/bata-sogea\/wp-content\/uploads\/sites\/16\/2021\/10\/Livre-num-CP.jpg 491w, https:\/\/ee.mlfmonde.org\/bata-sogea\/wp-content\/uploads\/sites\/16\/2021\/10\/Livre-num-CP-300x225.jpg 300w\" sizes=\"(max-width: 491px) 100vw, 491px\" \/><\/a><\/p>\n<div>Les \u00e9l\u00e8ves de CP ont r\u00e9alis\u00e9 un livre intitul\u00e9\u00a0<strong><em>Qui a peur de quoi dans notre classe,<\/em> <\/strong>inspir\u00e9 de l&rsquo;album :\u00a0<strong><em>Qui a peur de quoi,<\/em><\/strong>\u00a0de <strong>Coralie Saudo<\/strong>.<\/div>\n<div>C&rsquo;est le premier album (correspondant \u00e0 la premi\u00e8re p\u00e9riode de l&rsquo;ann\u00e9e) qui a \u00e9t\u00e9 \u00e9tudi\u00e9 dans le fichier de lecture compr\u00e9hension, de la collection Pilotis, que suivent les CP.<\/div>\n<div>Chaque enfant en a con\u00e7u une page en cherchant une peur qui rime avec son pr\u00e9nom (pas toujours facile \u00e0 trouver, mais ils ont pens\u00e9 \u00e0 des alternatives tr\u00e8s dr\u00f4les parfois), en r\u00e9fl\u00e9chissant au fond et aux couleurs, au traitement de texte et \u00e0 l&rsquo;enregistrement de sa voix, sur fond sonore original.<\/div>\n<div>\n<p>Enfin, nous avons cherch\u00e9 une disposition de l&rsquo;ensemble des pages sur des feuilles A4 pour cr\u00e9er un livre harmonieux.<\/p>\n<p>Les \u00e9l\u00e8ves et la ma\u00eetresse vous souhaitent une bonne \u00e9coute !<\/p>\n<\/div>\n<div>Lorsque vous aurez cliqu\u00e9 sur le lien, n&rsquo;oubliez pas de cliquer \u00e0 nouveau sur\u00a0\u00ab Me raconter !\u00a0\u00bb (en haut \u00e0 droite de votre \u00e9cran) pour activer la lecture automatique de chacune des pages.<\/div>\n<div><strong>Pour d\u00e9couvrir le livre num\u00e9rique des CP, cliquer<\/strong> <a href=\"https:\/\/read.bookcreator.com\/4CBsosh9f1bbgJIJ5jg3NgWLJvF2\/_QELzgRkQuCdfXmf5UPImw\" target=\"_blank\" rel=\"noopener\"><strong>ici<\/strong><\/a><\/div>\n","protected":false},"excerpt":{"rendered":"<p>Les \u00e9l\u00e8ves de CP ont r\u00e9alis\u00e9 un livre intitul\u00e9\u00a0Qui a peur de quoi dans notre classe, inspir\u00e9 de l&rsquo;album :\u00a0Qui a peur de quoi,\u00a0de Coralie Saudo. C&rsquo;est le premier album (correspondant \u00e0 la premi\u00e8re p\u00e9riode de l&rsquo;ann\u00e9e) qui a \u00e9t\u00e9 \u00e9tudi\u00e9 dans le fichier de lecture compr\u00e9hension, de la collection Pilotis, que suivent les CP. [&hellip;]<\/p>\n","protected":false},"author":115,"featured_media":0,"parent":0,"menu_order":0,"comment_status":"closed","ping_status":"closed","template":"","meta":{"_acf_changed":false,"footnotes":""},"class_list":["post-4043","page","type-page","status-publish","czr-hentry"],"acf":[],"_links":{"self":[{"href":"https:\/\/ee.mlfmonde.org\/bata-sogea\/wp-json\/wp\/v2\/pages\/4043","targetHints":{"allow":["GET"]}}],"collection":[{"href":"https:\/\/ee.mlfmonde.org\/bata-sogea\/wp-json\/wp\/v2\/pages"}],"about":[{"href":"https:\/\/ee.mlfmonde.org\/bata-sogea\/wp-json\/wp\/v2\/types\/page"}],"author":[{"embeddable":true,"href":"https:\/\/ee.mlfmonde.org\/bata-sogea\/wp-json\/wp\/v2\/users\/115"}],"replies":[{"embeddable":true,"href":"https:\/\/ee.mlfmonde.org\/bata-sogea\/wp-json\/wp\/v2\/comments?post=4043"}],"version-history":[{"count":7,"href":"https:\/\/ee.mlfmonde.org\/bata-sogea\/wp-json\/wp\/v2\/pages\/4043\/revisions"}],"predecessor-version":[{"id":4089,"href":"https:\/\/ee.mlfmonde.org\/bata-sogea\/wp-json\/wp\/v2\/pages\/4043\/revisions\/4089"}],"wp:attachment":[{"href":"https:\/\/ee.mlfmonde.org\/bata-sogea\/wp-json\/wp\/v2\/media?parent=4043"}],"curies":[{"name":"wp","href":"https:\/\/api.w.org\/{rel}","templated":true}]}}